{"id":484,"date":"2016-05-09T09:34:27","date_gmt":"2016-05-09T12:34:27","guid":{"rendered":"http:\/\/sites.usp.br\/pgperioforp\/?page_id=484"},"modified":"2020-03-22T13:39:15","modified_gmt":"2020-03-22T16:39:15","slug":"contato-3","status":"publish","type":"page","link":"https:\/\/sites.usp.br\/pgperioforp\/es\/contato-3\/","title":{"rendered":"Contacto"},"content":{"rendered":"<p>\u00a0<\/p>\n<p><span id=\"result_box\" lang=\"es\"><span class=\"hps\">Programa de Posgrado en<\/span> <span class=\"hps\">Odontolog\u00eda<\/span> <span class=\"hps atn\">(<\/span>Periodoncia)<\/p>\n<p><span class=\"hps\">Ribeir\u00e3o Preto<\/span> <span class=\"hps\">Facultad de Odontolog\u00eda<\/span> <span class=\"hps\">de la Universidad de<\/span> <span class=\"hps\">S\u00e3o<\/span> <span class=\"hps\">Paulo<\/span> <span class=\"hps atn\">(<\/span>la FORP <span class=\"hps\">\/<\/span> <span class=\"hps\">USP)<\/span><\/p>\n<p><span class=\"hps\">Departamento<\/span> <span class=\"hps\">de Cirug\u00eda y<\/span> <span class=\"hps\">Periodoncia<\/span> <span class=\"hps\">y<\/span> <span class=\"hps\">TBMF<\/span><br \/>\n<span class=\"hps\">Caf\u00e9<\/span> <span class=\"hps\">Avenida<\/span>, <span class=\"hps\">s<\/span> <span class=\"hps\">\/ n<\/span> <span class=\"hps\">&#8211;<\/span> <span class=\"hps\">Ribeir\u00e3o Preto<\/span> <span class=\"hps\">\/<\/span> <span class=\"hps\">SP<\/span> <span class=\"hps\">&#8211; Brasil<\/span> <span class=\"hps\">&#8211;<\/span> <span class=\"hps\">CEP<\/span>. <span class=\"hps\">14040-904<\/span><br \/>\n<span class=\"hps\">Tel\u00e9fono:<\/span> <span class=\"hps\">(16) 3315-4788<\/span> <span class=\"hps atn\">&#8211; E-<\/span>mail: <span class=\"hps\">ppg.perio@usp.br<\/span><\/span><\/p>","protected":false},"excerpt":{"rendered":"<p>\u00a0 Programa de Posgrado en Odontolog\u00eda (Periodoncia) Ribeir\u00e3o Preto Facultad de Odontolog\u00eda de la Universidad [&hellip;]<\/p>\n","protected":false},"author":207,"featured_media":0,"parent":0,"menu_order":0,"comment_status":"closed","ping_status":"closed","template":"","meta":{"footnotes":"","_links_to":"","_links_to_target":""},"class_list":["post-484","page","type-page","status-publish","hentry"],"_links":{"self":[{"href":"https:\/\/sites.usp.br\/pgperioforp\/es\/wp-json\/wp\/v2\/pages\/484","targetHints":{"allow":["GET"]}}],"collection":[{"href":"https:\/\/sites.usp.br\/pgperioforp\/es\/wp-json\/wp\/v2\/pages"}],"about":[{"href":"https:\/\/sites.usp.br\/pgperioforp\/es\/wp-json\/wp\/v2\/types\/page"}],"author":[{"embeddable":true,"href":"https:\/\/sites.usp.br\/pgperioforp\/es\/wp-json\/wp\/v2\/users\/207"}],"replies":[{"embeddable":true,"href":"https:\/\/sites.usp.br\/pgperioforp\/es\/wp-json\/wp\/v2\/comments?post=484"}],"version-history":[{"count":4,"href":"https:\/\/sites.usp.br\/pgperioforp\/es\/wp-json\/wp\/v2\/pages\/484\/revisions"}],"predecessor-version":[{"id":815,"href":"https:\/\/sites.usp.br\/pgperioforp\/es\/wp-json\/wp\/v2\/pages\/484\/revisions\/815"}],"wp:attachment":[{"href":"https:\/\/sites.usp.br\/pgperioforp\/es\/wp-json\/wp\/v2\/media?parent=484"}],"curies":[{"name":"wp","href":"https:\/\/api.w.org\/{rel}","templated":true}]}}