{"id":522,"date":"2016-05-09T14:58:56","date_gmt":"2016-05-09T17:58:56","guid":{"rendered":"http:\/\/sites.usp.br\/pgperioforp\/?page_id=522"},"modified":"2020-03-21T17:13:43","modified_gmt":"2020-03-21T20:13:43","slug":"canal-da-comunidade","status":"publish","type":"page","link":"https:\/\/sites.usp.br\/pgperioforp\/es\/canal-da-comunidade\/","title":{"rendered":"Canal Comunidad"},"content":{"rendered":"<p>PerioMed<\/p>\n<p><span id=\"result_box\" lang=\"es\"><span class=\"hps\">El servicio empez\u00f3<\/span> <span class=\"hps\">desde el<\/span> <span class=\"hps\">a\u00f1o<\/span> <span class=\"hps\">2014<\/span>, <span class=\"hps\">que consiste en<\/span> <span class=\"hps\">la atenci\u00f3n cl\u00ednica<\/span> <span class=\"hps\">que surge<\/span> <span class=\"hps\">pacientes<\/span> <span class=\"hps\">en el Hospital das<\/span> <span class=\"hps\">Cl\u00ednicas de la<\/span> <span class=\"hps\">Facultad de<\/span> <span class=\"hps\">Medicina de Ribeir\u00e3o<\/span> <span class=\"hps\">Preto<\/span> <span class=\"hps\">de la USP<\/span> <span class=\"hps atn\">(<\/span><span class=\"atn\">HC-<\/span>FMRP <span class=\"hps\">\/<\/span> <span class=\"hps\">USP)<\/span>, <span class=\"hps\">por el SUS<\/span>, con varias <span class=\"hps\">enfermedades sist\u00e9micas<\/span>, <span class=\"hps\">aquejado de<\/span> <span class=\"hps\">problemas<\/span> <span class=\"hps\">periodontales<\/span> <span class=\"hps\">.<\/span> <span class=\"hps\">Tal<\/span> <span class=\"hps\">desarrollo objetivo<\/span> <span class=\"hps\">de investigaci\u00f3n cl\u00ednica<\/span> <span class=\"hps\">que se interrelacionan<\/span> <span class=\"hps\">la influencia<\/span> <span class=\"hps\">de las enfermedades periodontales<\/span> <span class=\"hps\">en las diversas condiciones<\/span> <span class=\"hps\">sist\u00e9micas.<\/span><\/p>\n<p><span class=\"hps\">El servicio<\/span> <span class=\"hps\">est\u00e1 a cargo de<\/span> <span class=\"hps\">un equipo<\/span> <span class=\"hps\">en relaci\u00f3n con<\/span> <span class=\"hps\">la NACE<\/span> <span class=\"hps atn\">(<\/span>Nucleo <span class=\"hps\">Apoyo<\/span> <span class=\"hps\">Cultura<\/span> <span class=\"hps\">y Extensi\u00f3n Universitaria<\/span>), integrado por <span class=\"hps\">profesores<\/span>, funcionarios <span class=\"hps\">y estudiantes de posgrado<\/span>, <span class=\"hps\">y tambi\u00e9n est\u00e1<\/span> <span class=\"hps\">interrelacionado con<\/span> <span class=\"hps\">las disciplinas de<\/span> <span class=\"hps\">Medicina<\/span> <span class=\"hps\">Periodontal<\/span> <span class=\"hps\">de<\/span> <span class=\"hps\">Maestr\u00eda<\/span> <span class=\"hps\">y Doctorado<\/span> <span class=\"hps\">en<\/span> <span class=\"hps\">\u00e1rea<\/span> <span class=\"hps\">de Periodoncia<\/span>.<\/p>\n<p><span class=\"hps\">M\u00e1s acerca del<\/span> <span class=\"hps\">PERIOMED<\/span><\/span><\/p>","protected":false},"excerpt":{"rendered":"<p>PerioMed El servicio empez\u00f3 desde el a\u00f1o 2014, que consiste en la atenci\u00f3n cl\u00ednica que [&hellip;]<\/p>\n","protected":false},"author":207,"featured_media":0,"parent":0,"menu_order":0,"comment_status":"closed","ping_status":"closed","template":"","meta":{"footnotes":"","_links_to":"","_links_to_target":""},"class_list":["post-522","page","type-page","status-publish","hentry"],"_links":{"self":[{"href":"https:\/\/sites.usp.br\/pgperioforp\/es\/wp-json\/wp\/v2\/pages\/522","targetHints":{"allow":["GET"]}}],"collection":[{"href":"https:\/\/sites.usp.br\/pgperioforp\/es\/wp-json\/wp\/v2\/pages"}],"about":[{"href":"https:\/\/sites.usp.br\/pgperioforp\/es\/wp-json\/wp\/v2\/types\/page"}],"author":[{"embeddable":true,"href":"https:\/\/sites.usp.br\/pgperioforp\/es\/wp-json\/wp\/v2\/users\/207"}],"replies":[{"embeddable":true,"href":"https:\/\/sites.usp.br\/pgperioforp\/es\/wp-json\/wp\/v2\/comments?post=522"}],"version-history":[{"count":4,"href":"https:\/\/sites.usp.br\/pgperioforp\/es\/wp-json\/wp\/v2\/pages\/522\/revisions"}],"predecessor-version":[{"id":777,"href":"https:\/\/sites.usp.br\/pgperioforp\/es\/wp-json\/wp\/v2\/pages\/522\/revisions\/777"}],"wp:attachment":[{"href":"https:\/\/sites.usp.br\/pgperioforp\/es\/wp-json\/wp\/v2\/media?parent=522"}],"curies":[{"name":"wp","href":"https:\/\/api.w.org\/{rel}","templated":true}]}}