{"id":286,"date":"2016-05-02T15:29:12","date_gmt":"2016-05-02T18:29:12","guid":{"rendered":"http:\/\/sites.usp.br\/pgperioforp\/?page_id=286"},"modified":"2020-03-21T15:59:15","modified_gmt":"2020-03-21T18:59:15","slug":"historico","status":"publish","type":"page","link":"https:\/\/sites.usp.br\/pgperioforp\/pb\/o-programa\/historico\/","title":{"rendered":"Hist\u00f3rico e Perfil do Aluno"},"content":{"rendered":"<p>O Programa de P\u00f3s-Gradua\u00e7\u00e3o em Odontologia &#8211; Periodontia foi criado em 1998, inicialmente com o Curso de Mestrado em Periodontia, como uma necessidade do departamento de Cirurgia e Traumatologia Buco-Maxilo-Facial da FORP-USP em formar profissionais para doc\u00eancia e pesquisa na \u00e1rea de Periodontia. O programa evoluiu e foi criada a \u00e1rea de Cirurgia.<\/p>\n<p>Na busca por aprimoramento, os docentes realizaram est\u00e1gios de p\u00f3s-doutoramento no exterior, estabelecendo importantes contatos e trazendo novas tecnologias. A maior capacita\u00e7\u00e3o docente alavancou \u00e0 obten\u00e7\u00e3o de financiamentos FAPESP e CNPq, os quais possibilitaram a estrutura\u00e7\u00e3o de laborat\u00f3rios de pesquisa, inicialmente o de cultura de c\u00e9lulas e o de cortes de tecidos mineralizados.<\/p>\n<p>Nesse processo, a consolida\u00e7\u00e3o do programa foi resultado de um projeto coletivo do Departamento de quase uma d\u00e9cada, envolvendo agrega\u00e7\u00e3o e qualifica\u00e7\u00e3o de docentes, bem como capta\u00e7\u00e3o de recursos para a cria\u00e7\u00e3o da infraestrutura de pesquisa. Ainda, essa trajet\u00f3ria foi enriquecida pelas parcerias internacionais, colabora\u00e7\u00f5es em projetos de pesquisa com centros de excel\u00eancia nas Universidades da Basil\u00e9ia (Su\u00ed\u00e7a), de Giessen (Alemanha), de Gotemburgo (Su\u00e9cia), de Michigan e de Washington (EUA), de Chieti, em Pescara (It\u00e1lia), e com o Conv\u00eanio Acad\u00eamico Internacional entre a USP e a Universidade de Sheffield, Reino Unido.<\/p>\n<p><span style=\"font-weight: 400;\">O programa busca formar o profissional de excel\u00eancia em doc\u00eancia e pesquisa nas \u00e1reas de Periodontia ou Cirurgia Buco-Maxilo-Facial, com as seguintes compet\u00eancias:\u00a0<\/span><\/p>\n<ul>\n<li><span style=\"font-weight: 400;\">Exercer a doc\u00eancia em cursos de Gradua\u00e7\u00e3o e P\u00f3s-Gradua\u00e7\u00e3o em Odontologia em entidades de ensino p\u00fablicas ou privadas, com consci\u00eancia \u00e9tica, forma\u00e7\u00e3o humanista e habilidade did\u00e1tica;<\/span><\/li>\n<li><span style=\"font-weight: 400;\">Elaborar projetos e obter fomento para o desenvolvimento de pesquisas cient\u00edficas;\u00a0<\/span><\/li>\n<li><span style=\"font-weight: 400;\">Orientar alunos em n\u00edvel de inicia\u00e7\u00e3o cient\u00edfica e p\u00f3s-gradua\u00e7\u00e3o latu e stricto sensu (mestrado e doutorado);\u00a0<\/span><\/li>\n<li><span style=\"font-weight: 400;\">Assessorar e atuar em pesquisa e desenvolvimento de produtos na \u00e1rea da sa\u00fade;<\/span><\/li>\n<li><span style=\"font-weight: 400;\">Atuar em cursos de extens\u00e3o universit\u00e1ria e oferecer servi\u00e7os \u00e0 comunidade.<\/span><\/li>\n<\/ul>\n<p><\/p>","protected":false},"excerpt":{"rendered":"<p>O Programa de P\u00f3s-Gradua\u00e7\u00e3o em Odontologia &#8211; Periodontia foi criado em 1998, inicialmente com o [&hellip;]<\/p>\n","protected":false},"author":207,"featured_media":0,"parent":283,"menu_order":0,"comment_status":"closed","ping_status":"closed","template":"","meta":{"footnotes":"","_links_to":"","_links_to_target":""},"class_list":["post-286","page","type-page","status-publish","hentry"],"_links":{"self":[{"href":"https:\/\/sites.usp.br\/pgperioforp\/pb\/wp-json\/wp\/v2\/pages\/286","targetHints":{"allow":["GET"]}}],"collection":[{"href":"https:\/\/sites.usp.br\/pgperioforp\/pb\/wp-json\/wp\/v2\/pages"}],"about":[{"href":"https:\/\/sites.usp.br\/pgperioforp\/pb\/wp-json\/wp\/v2\/types\/page"}],"author":[{"embeddable":true,"href":"https:\/\/sites.usp.br\/pgperioforp\/pb\/wp-json\/wp\/v2\/users\/207"}],"replies":[{"embeddable":true,"href":"https:\/\/sites.usp.br\/pgperioforp\/pb\/wp-json\/wp\/v2\/comments?post=286"}],"version-history":[{"count":4,"href":"https:\/\/sites.usp.br\/pgperioforp\/pb\/wp-json\/wp\/v2\/pages\/286\/revisions"}],"predecessor-version":[{"id":772,"href":"https:\/\/sites.usp.br\/pgperioforp\/pb\/wp-json\/wp\/v2\/pages\/286\/revisions\/772"}],"up":[{"embeddable":true,"href":"https:\/\/sites.usp.br\/pgperioforp\/pb\/wp-json\/wp\/v2\/pages\/283"}],"wp:attachment":[{"href":"https:\/\/sites.usp.br\/pgperioforp\/pb\/wp-json\/wp\/v2\/media?parent=286"}],"curies":[{"name":"wp","href":"https:\/\/api.w.org\/{rel}","templated":true}]}}