{"id":317,"date":"2016-05-05T08:23:16","date_gmt":"2016-05-05T11:23:16","guid":{"rendered":"http:\/\/sites.usp.br\/pgperioforp\/?page_id=317"},"modified":"2016-05-05T08:23:16","modified_gmt":"2016-05-05T11:23:16","slug":"areas-de-concentracao","status":"publish","type":"page","link":"https:\/\/sites.usp.br\/pgperioforp\/pb\/areas-de-concentracao\/","title":{"rendered":"\u00c1reas de Concentra\u00e7\u00e3o"},"content":{"rendered":"<p> O Programa de P\u00f3s-Gradua\u00e7\u00e3o em Odontologia (Periodontia) oferece Cursos de Mestrado e Doutorado em 2 \u00e1reas de concentra\u00e7\u00e3o:<\/p>\n<p>CIRURGIA BUCO-MAXILO-FACIAL<\/p>\n<p>PERIODONTIA<\/p>","protected":false},"excerpt":{"rendered":"<p>O Programa de P\u00f3s-Gradua\u00e7\u00e3o em Odontologia (Periodontia) oferece Cursos de Mestrado e Doutorado em 2 [&hellip;]<\/p>\n","protected":false},"author":207,"featured_media":0,"parent":0,"menu_order":0,"comment_status":"closed","ping_status":"closed","template":"","meta":{"footnotes":"","_links_to":"","_links_to_target":""},"class_list":["post-317","page","type-page","status-publish","hentry"],"_links":{"self":[{"href":"https:\/\/sites.usp.br\/pgperioforp\/pb\/wp-json\/wp\/v2\/pages\/317","targetHints":{"allow":["GET"]}}],"collection":[{"href":"https:\/\/sites.usp.br\/pgperioforp\/pb\/wp-json\/wp\/v2\/pages"}],"about":[{"href":"https:\/\/sites.usp.br\/pgperioforp\/pb\/wp-json\/wp\/v2\/types\/page"}],"author":[{"embeddable":true,"href":"https:\/\/sites.usp.br\/pgperioforp\/pb\/wp-json\/wp\/v2\/users\/207"}],"replies":[{"embeddable":true,"href":"https:\/\/sites.usp.br\/pgperioforp\/pb\/wp-json\/wp\/v2\/comments?post=317"}],"version-history":[{"count":1,"href":"https:\/\/sites.usp.br\/pgperioforp\/pb\/wp-json\/wp\/v2\/pages\/317\/revisions"}],"predecessor-version":[{"id":319,"href":"https:\/\/sites.usp.br\/pgperioforp\/pb\/wp-json\/wp\/v2\/pages\/317\/revisions\/319"}],"wp:attachment":[{"href":"https:\/\/sites.usp.br\/pgperioforp\/pb\/wp-json\/wp\/v2\/media?parent=317"}],"curies":[{"name":"wp","href":"https:\/\/api.w.org\/{rel}","templated":true}]}}