{"id":323,"date":"2016-05-05T11:10:03","date_gmt":"2016-05-05T14:10:03","guid":{"rendered":"http:\/\/sites.usp.br\/pgperioforp\/?page_id=323"},"modified":"2016-05-05T11:10:03","modified_gmt":"2016-05-05T14:10:03","slug":"admissao","status":"publish","type":"page","link":"https:\/\/sites.usp.br\/pgperioforp\/pb\/admissao\/","title":{"rendered":"Admiss\u00e3o"},"content":{"rendered":"<p>Crit\u00e9rios e Procedimentos<\/p>\n<p>Requisitos para o Mestrado<\/p>\n<p>Os candidatos ao Curso de Mestrado dever\u00e3o demonstrar conhecimentos te\u00f3ricos \/ cl\u00ednicos pr\u00e9vios na \u00e1rea de conhecimento desejada: Periodontia ou Cirurgia Buco-Maxilo-Facial. Ser\u00e3o avaliados, em car\u00e1ter eliminat\u00f3rio e classificat\u00f3rio, atrav\u00e9s de uma Prova Escrita (peso 5, eliminat\u00f3ria e classificat\u00f3ria), da An\u00e1lise do seu Curriculum Vitae (peso 4, classificat\u00f3ria), e de uma Argui\u00e7\u00e3o Oral do Curriculum Vitae (peso 1, classificat\u00f3ria). Ser\u00e1 considerado aprovado o candidato que obtiver nota m\u00ednima 5,0 ao final do processo seletivo.<\/p>\n<p>Requisitos para o Doutorado<\/p>\n<p>Os candidatos ao Curso de Doutorado dever\u00e3o ter capacita\u00e7\u00e3o cient\u00edfica e acad\u00eamica na \u00e1rea de conhecimento desejada. Ser\u00e3o avaliados, em car\u00e1ter eliminat\u00f3rio e classificat\u00f3rio, por meio de Prova Escrita (peso 3 eliminat\u00f3ria e classificat\u00f3ria), An\u00e1lise de Projeto de Pesquisa (peso 3, eliminat\u00f3ria e classificat\u00f3ria), An\u00e1lise Curricular (peso 3, classificat\u00f3ria) e Argui\u00e7\u00e3o Oral do Curriculum Vitae (peso 1, classificat\u00f3ria). O candidato que obtiver m\u00e9dia final igual a 5,0 ou superior ser\u00e1 considerado aprovado no Processo Seletivo.<\/p>\n<p>Requisitos para o Doutorado Direto<\/p>\n<p>Os candidatos ao Curso de Doutorado Direto dever\u00e3o demonstrar conhecimentos te\u00f3ricos \/ cl\u00ednicos pr\u00e9vios, bem como capacita\u00e7\u00f5es cient\u00edfica e acad\u00eamica na \u00e1rea de conhecimento desejada. Ser\u00e3o avaliados, em car\u00e1ter eliminat\u00f3rio e classificat\u00f3rio, por meio de Prova Escrita (peso 3 eliminat\u00f3ria e classificat\u00f3ria), An\u00e1lise de Projeto de Pesquisa (peso 3, eliminat\u00f3ria e classificat\u00f3ria), An\u00e1lise Curricular (peso 3, classificat\u00f3ria) e Argui\u00e7\u00e3o Oral do Projeto de Pesquisa (peso 1, classificat\u00f3ria). Al\u00e9m disso, ao candidato do Curso de Doutorado Direto ser\u00e1 exigida a comprova\u00e7\u00e3o de publica\u00e7\u00e3o ou aceite de artigos, conforme descritos no item IX.3, letra d., a saber: comprova\u00e7\u00e3o de publica\u00e7\u00e3o, ou aceite, nos \u00faltimos 3 anos, de pelo menos 5 (cinco) artigos em peri\u00f3dicos internacionais indexados no PubMed pelo p\u00f3s-graduando, sendo pelo menos um dos artigos com fator de impacto igual ou superior a 1, acompanhada de c\u00f3pia dos artigos;<\/p>\n<p>O candidato que obtiver m\u00e9dia final igual a 5,0 ou superior ser\u00e1 considerado aprovado no Processo Seletivo.<\/p>\n<p>Os documentos para inscri\u00e7\u00e3o, o n\u00famero de vagas dispon\u00edveis, a rela\u00e7\u00e3o de orientadores, os temas e a bibliografia indicados para o processo seletivo, o conte\u00fado e o tempo para realiza\u00e7\u00e3o da prova escrita, constar\u00e3o em Edital espec\u00edfico, publicado no Di\u00e1rio Oficial do Estado de S\u00e3o Paulo e na p\u00e1gina do programa na Internet.<\/p>\n<p> As inscri\u00e7\u00f5es para os Processos Seletivos dever\u00e3o ser realizadas junto ao<\/p>\n<p>SERVI\u00c7O DE P\u00d3S-GRADUA\u00c7\u00c3O DA FORP\/USP<\/p>\n<p>16.3315-3955 \/ 3315-3971<\/p>\n<p>spg@forp.usp.br<\/p>","protected":false},"excerpt":{"rendered":"<p>Crit\u00e9rios e Procedimentos Requisitos para o Mestrado Os candidatos ao Curso de Mestrado dever\u00e3o demonstrar [&hellip;]<\/p>\n","protected":false},"author":207,"featured_media":0,"parent":0,"menu_order":0,"comment_status":"closed","ping_status":"closed","template":"","meta":{"footnotes":"","_links_to":"","_links_to_target":""},"class_list":["post-323","page","type-page","status-publish","hentry"],"_links":{"self":[{"href":"https:\/\/sites.usp.br\/pgperioforp\/pb\/wp-json\/wp\/v2\/pages\/323","targetHints":{"allow":["GET"]}}],"collection":[{"href":"https:\/\/sites.usp.br\/pgperioforp\/pb\/wp-json\/wp\/v2\/pages"}],"about":[{"href":"https:\/\/sites.usp.br\/pgperioforp\/pb\/wp-json\/wp\/v2\/types\/page"}],"author":[{"embeddable":true,"href":"https:\/\/sites.usp.br\/pgperioforp\/pb\/wp-json\/wp\/v2\/users\/207"}],"replies":[{"embeddable":true,"href":"https:\/\/sites.usp.br\/pgperioforp\/pb\/wp-json\/wp\/v2\/comments?post=323"}],"version-history":[{"count":2,"href":"https:\/\/sites.usp.br\/pgperioforp\/pb\/wp-json\/wp\/v2\/pages\/323\/revisions"}],"predecessor-version":[{"id":678,"href":"https:\/\/sites.usp.br\/pgperioforp\/pb\/wp-json\/wp\/v2\/pages\/323\/revisions\/678"}],"wp:attachment":[{"href":"https:\/\/sites.usp.br\/pgperioforp\/pb\/wp-json\/wp\/v2\/media?parent=323"}],"curies":[{"name":"wp","href":"https:\/\/api.w.org\/{rel}","templated":true}]}}