{"id":339,"date":"2016-05-05T13:10:15","date_gmt":"2016-05-05T16:10:15","guid":{"rendered":"http:\/\/sites.usp.br\/pgperioforp\/?page_id=339"},"modified":"2020-03-20T23:49:37","modified_gmt":"2020-03-21T02:49:37","slug":"proximas-turmas","status":"publish","type":"page","link":"https:\/\/sites.usp.br\/pgperioforp\/pb\/proximas-turmas\/","title":{"rendered":"Pr\u00f3ximas Turmas"},"content":{"rendered":"<p>Informa\u00e7\u00f5es:<\/p>\n<p><a href=\"https:\/\/www.forp.usp.br\/?page_id=71\">Processo Seletivo \/ Editais<\/a><\/p>","protected":false},"excerpt":{"rendered":"<p>Informa\u00e7\u00f5es: Processo Seletivo \/ Editais<\/p>\n","protected":false},"author":207,"featured_media":0,"parent":0,"menu_order":0,"comment_status":"closed","ping_status":"closed","template":"","meta":{"footnotes":"","_links_to":"","_links_to_target":""},"class_list":["post-339","page","type-page","status-publish","hentry"],"_links":{"self":[{"href":"https:\/\/sites.usp.br\/pgperioforp\/pb\/wp-json\/wp\/v2\/pages\/339","targetHints":{"allow":["GET"]}}],"collection":[{"href":"https:\/\/sites.usp.br\/pgperioforp\/pb\/wp-json\/wp\/v2\/pages"}],"about":[{"href":"https:\/\/sites.usp.br\/pgperioforp\/pb\/wp-json\/wp\/v2\/types\/page"}],"author":[{"embeddable":true,"href":"https:\/\/sites.usp.br\/pgperioforp\/pb\/wp-json\/wp\/v2\/users\/207"}],"replies":[{"embeddable":true,"href":"https:\/\/sites.usp.br\/pgperioforp\/pb\/wp-json\/wp\/v2\/comments?post=339"}],"version-history":[{"count":4,"href":"https:\/\/sites.usp.br\/pgperioforp\/pb\/wp-json\/wp\/v2\/pages\/339\/revisions"}],"predecessor-version":[{"id":726,"href":"https:\/\/sites.usp.br\/pgperioforp\/pb\/wp-json\/wp\/v2\/pages\/339\/revisions\/726"}],"wp:attachment":[{"href":"https:\/\/sites.usp.br\/pgperioforp\/pb\/wp-json\/wp\/v2\/media?parent=339"}],"curies":[{"name":"wp","href":"https:\/\/api.w.org\/{rel}","templated":true}]}}