{"id":352,"date":"2016-05-05T14:41:51","date_gmt":"2016-05-05T17:41:51","guid":{"rendered":"http:\/\/sites.usp.br\/pgperioforp\/?page_id=352"},"modified":"2025-12-08T17:27:44","modified_gmt":"2025-12-08T20:27:44","slug":"orientadores","status":"publish","type":"page","link":"https:\/\/sites.usp.br\/pgperioforp\/pb\/orientadores\/","title":{"rendered":"Orientadores (ORCid)"},"content":{"rendered":"<p><\/p>\n<pre style=\"text-align: left;\"><a href=\"https:\/\/orcid.org\/0000-0002-7856-2228\" target=\"_blank\" rel=\"noopener\">Alexandre Elias Trivellato<\/a>\u00a0 \u00a0 \u00a0 \u00a0 \u00a0 \u00a0 \u00a0 \u00a0 \u00a0 <a href=\"http:\/\/lattes.cnpq.br\/1190063255927415\" target=\"_blank\" rel=\"noopener noreferrer\">\u00bb Curr\u00edculo Lattes<\/a>  \u00a0 \u00a0 \u00a0<a href=\"mailto:eliastrivellato@forp.usp.br\" target=\"_blank\" rel=\"noopener noreferrer\">\u00bb eliastrivellato@forp.usp.br<\/a>\r\n\r\n<a href=\"https:\/\/orcid.org\/0000-0002-1982-6756\" target=\"_blank\" rel=\"noopener\">Arthur Bel\u00e9m Novaes Junior<\/a>\u00a0 \u00a0 \u00a0 \u00a0 \u00a0 \u00a0 \u00a0 \u00a0 \u00a0 <a href=\"http:\/\/lattes.cnpq.br\/8548248785268227\" target=\"_blank\" rel=\"noopener noreferrer\">\u00bb Curr\u00edculo Lattes<\/a>\u00a0 \u00a0 \u00a0 \u00a0<a href=\"mailto:novaesjr@forp.usp.br\" target=\"_blank\" rel=\"noopener noreferrer\">\u00bb novaesjr@forp.usp.br<\/a>\r\n\r\n<a href=\"https:\/\/orcid.org\/0000-0002-3887-9239\" target=\"_blank\" rel=\"noopener\">Ana Carolina Fragoso Motta<\/a>\u00a0 \u00a0 \u00a0 \u00a0 \u00a0 \u00a0 \u00a0 \u00a0 \u00a0 <a href=\"http:\/\/lattes.cnpq.br\/8548248785268227\" target=\"_blank\" rel=\"noopener noreferrer\">\u00bb<\/a><a href=\"http:\/\/buscatextual.cnpq.br\/buscatextual\/visualizacv.do?id=K4794390T6\"> Curr\u00edculo Lattes<\/a>  \u00a0 \u00a0 \u00a0<a href=\"maito: anacfm@usp.br\">\u00bb anacfm@usp.br<\/a>\r\n\r\n<span style=\"text-decoration: underline;\"><a href=\"https:\/\/orcid.org\/0000-0003-1629-3197\">Cassio Edvard Sverzut\u00a0<\/a><\/span> \u00a0 \u00a0 \u00a0 \u00a0 \u00a0 \u00a0 \u00a0 \u00a0 \u00a0 \u00a0  <a href=\"http:\/\/lattes.cnpq.br\/1129856333468281\">\u00bb Curr\u00edculo Lattes<\/a> \u00a0 \u00a0   <a href=\"mailto:cesve@forp.usp.br\">\u00bb cesve@forp.usp.br<\/a>\r\n\r\n<a href=\"https:\/\/orcid.org\/0000-0003-1913-0895\" target=\"_blank\" rel=\"noopener\">Daniela Bazan Palioto<\/a>\u00a0 \u00a0 \u00a0 \u00a0 \u00a0 \u00a0 \u00a0 \u00a0 \u00a0 \u00a0 \u00a0  <a href=\"http:\/\/lattes.cnpq.br\/3263835431496782\" target=\"_blank\" rel=\"noopener noreferrer\">\u00bb Curr\u00edculo Lattes<\/a>\u00a0 \u00a0 \u00a0  <a href=\"mailto:dpalioto@forp.usp.br\" target=\"_blank\" rel=\"noopener noreferrer\">\u00bb dpalioto@forp.usp.br<\/a>\r\n\r\n<a href=\"https:\/\/orcid.org\/0000-0003-1913-0895\">Erick Ricardo Silva <\/a>                        <a href=\"https:\/\/orcid.org\/0000-0003-1913-0895\">\u00bb <\/a><a href=\"http:\/\/lattes.cnpq.br\/6667070715630091\" target=\"_blank\" rel=\"noopener noreferrer\">Curr\u00edculo Lattes<\/a> \u00a0    <a href=\"erick.silva@usp.br\"> \u00bb erick.silva@usp.br\u00bb<\/a>\r\n\r\n<a href=\"https:\/\/orcid.org\/0000-0002-8072-3983\" target=\"_blank\" rel=\"noopener\">Fl\u00e1via Aparecida Chaves Furlaneto<\/a>\u00a0 \u00a0 \u00a0 \u00a0 \u00a0 \u00a0\u00bb <span style=\"text-decoration: underline;\"><a href=\"http:\/\/buscatextual.cnpq.br\/buscatextual\/visualizacv.do?id=K4755203A0\" target=\"_blank\" rel=\"noopener noreferrer\">Curr\u00edculo Lattes<\/a><\/span> \u00a0 \u00a0   <a href=\"http:\/\/sites.usp.br\/pgperioforp\/orientadores\/\">\u00bb flafurlaneto@hotmail.com\u00bb<\/a>\r\n\r\n<a href=\"https:\/\/orcid.org\/0000-0001-6858-7029\" target=\"_blank\" rel=\"noopener\">Maria da Concei\u00e7\u00e3o Pereira Saraiva<\/a>\u00a0 \u00a0 \u00a0 \u00a0 \u00a0 <a href=\"http:\/\/lattes.cnpq.br\/4093830754288991\" target=\"_blank\" rel=\"noopener noreferrer\">\u00bb Curr\u00edculo Lattes<\/a> \u00a0 \u00a0 \u00a0 <a href=\"mailto:mdsaraiv@umich.edu\" target=\"_blank\" rel=\"noopener noreferrer\">\u00bb mdsaraiv@umich.edu<\/a>\r\n\r\n<a href=\"https:\/\/orcid.org\/0000-0002-7098-5090\" target=\"_blank\" rel=\"noopener\">Mario Taba Junior<\/a>\u00a0 \u00a0 \u00a0 \u00a0 \u00a0 \u00a0 \u00a0 \u00a0 \u00a0 \u00a0 \u00a0 \u00a0 \u00a0  <a href=\"http:\/\/lattes.cnpq.br\/5194561758118711\" target=\"_blank\" rel=\"noopener noreferrer\">\u00bb Curr\u00edculo Lattes<\/a>  \u00a0 \u00a0  \u00bb<a href=\"mailto:mtaba@forp.usp.br\"> mtaba@forp.usp.br<\/a>\r\n\r\n<a href=\"https:\/\/orcid.org\/0000-0001-8485-9645\" target=\"_blank\" rel=\"noopener\">Michel Reis Messora<\/a>\u00a0 \u00a0 \u00a0 \u00a0 \u00a0 \u00a0 \u00a0 \u00a0 \u00a0 \u00a0 \u00a0 \u00a0  <a href=\"http:\/\/lattes.cnpq.br\/8233055882071695\" target=\"_blank\" rel=\"noopener noreferrer\">\u00bb Curr\u00edculo Lattes<\/a> \u00a0 \u00a0 \u00a0 <a href=\"mailto:m.messora@forp.usp.br\" target=\"_blank\" rel=\"noopener noreferrer\">\u00bb m.messora@forp.usp.br<\/a>\r\n\r\n<a href=\"https:\/\/orcid.org\/0000-0002-6662-0486\" target=\"_blank\" rel=\"noopener\">Paulo Tambasco de Oliveira<\/a>\u00a0 \u00a0 \u00a0 \u00a0 \u00a0 \u00a0 \u00a0 \u00a0 \u00a0 <a href=\"http:\/\/lattes.cnpq.br\/3385398186406655\" target=\"_blank\" rel=\"noopener noreferrer\">\u00bb Curr\u00edculo Lattes<\/a>  \u00a0 \u00a0  <a href=\"mailto:tambasco@usp.br\" target=\"_blank\" rel=\"noopener noreferrer\">\u00bb tambasco@usp.br<\/a>\r\n\r\n<a href=\"https:\/\/orcid.org\/0000-0001-7389-5886\" target=\"_blank\" rel=\"noopener\">Samuel Porfirio Xavier<\/a>\u00a0 \u00a0 \u00a0 \u00a0 \u00a0 \u00a0 \u00a0 \u00a0 \u00a0 \u00a0 \u00a0 <a href=\"http:\/\/lattes.cnpq.br\/3429251042188146\" target=\"_blank\" rel=\"noopener noreferrer\">\u00bb Curr\u00edculo Lattes<\/a> \u00a0 \u00a0 \u00a0 <a href=\"mailto:spx@forp.usp.br\" target=\"_blank\" rel=\"noopener noreferrer\">\u00bb spx@forp.usp.br<\/a>\r\n\r\n<a href=\"https:\/\/orcid.org\/0000-0002-6199-7348\" target=\"_blank\" rel=\"noopener\">Sergio Luis Scombatti de Souza<\/a>\u00a0 \u00a0 \u00a0 \u00a0 \u00a0 \u00a0 \u00a0 <a href=\"http:\/\/lattes.cnpq.br\/0004510508828540\" target=\"_blank\" rel=\"noopener noreferrer\">\u00bb Curr\u00edculo Lattes<\/a>  \u00a0 \u00a0  <a href=\"mailto:scombatti@forp.usp.br\" target=\"_blank\" rel=\"noopener noreferrer\">\u00bb scombatti@forp.usp.br<\/a><\/pre>\n<pre><span style=\"text-decoration: underline;\">Sergio Luiz de Souza Salvadore\u00a0<\/span>   \u00a0 \u00a0 \u00a0 \u00a0 \u00a0  \u00bb <a href=\"http:\/\/lattes.cnpq.br\/8518353564162920\">Curr\u00edculo Lattes<\/a> \u00a0 \u00a0   <a href=\"mailto:scombatti@forp.usp.br\" target=\"_blank\" rel=\"noopener noreferrer\">\u00bb <\/a><a class=\"Yh1nIb asUmFb AL18ce\" href=\"mailto:sldssalv@usp.br\" target=\"_blank\" rel=\"noopener noreferrer\" data-tooltip=\"Do perfil da organiza\u00e7\u00e3o do usu\u00e1rio\" data-tooltip-position=\"top\">sldssalv@usp.br<\/a><\/pre>\n<p><\/p>","protected":false},"excerpt":{"rendered":"<p>Alexandre Elias Trivellato\u00a0 \u00a0 \u00a0 \u00a0 \u00a0 \u00a0 \u00a0 \u00a0 \u00a0 \u00bb Curr\u00edculo Lattes \u00a0 [&hellip;]<\/p>\n","protected":false},"author":207,"featured_media":0,"parent":0,"menu_order":0,"comment_status":"closed","ping_status":"closed","template":"","meta":{"footnotes":"","_links_to":"","_links_to_target":""},"class_list":["post-352","page","type-page","status-publish","hentry"],"_links":{"self":[{"href":"https:\/\/sites.usp.br\/pgperioforp\/pb\/wp-json\/wp\/v2\/pages\/352","targetHints":{"allow":["GET"]}}],"collection":[{"href":"https:\/\/sites.usp.br\/pgperioforp\/pb\/wp-json\/wp\/v2\/pages"}],"about":[{"href":"https:\/\/sites.usp.br\/pgperioforp\/pb\/wp-json\/wp\/v2\/types\/page"}],"author":[{"embeddable":true,"href":"https:\/\/sites.usp.br\/pgperioforp\/pb\/wp-json\/wp\/v2\/users\/207"}],"replies":[{"embeddable":true,"href":"https:\/\/sites.usp.br\/pgperioforp\/pb\/wp-json\/wp\/v2\/comments?post=352"}],"version-history":[{"count":4,"href":"https:\/\/sites.usp.br\/pgperioforp\/pb\/wp-json\/wp\/v2\/pages\/352\/revisions"}],"predecessor-version":[{"id":1355,"href":"https:\/\/sites.usp.br\/pgperioforp\/pb\/wp-json\/wp\/v2\/pages\/352\/revisions\/1355"}],"wp:attachment":[{"href":"https:\/\/sites.usp.br\/pgperioforp\/pb\/wp-json\/wp\/v2\/media?parent=352"}],"curies":[{"name":"wp","href":"https:\/\/api.w.org\/{rel}","templated":true}]}}