{"id":358,"date":"2016-05-05T14:48:32","date_gmt":"2016-05-05T17:48:32","guid":{"rendered":"http:\/\/sites.usp.br\/pgperioforp\/?page_id=358"},"modified":"2021-02-08T10:13:11","modified_gmt":"2021-02-08T13:13:11","slug":"linhas-de-pesquisa","status":"publish","type":"page","link":"https:\/\/sites.usp.br\/pgperioforp\/pb\/linhas-de-pesquisa\/","title":{"rendered":"Linhas de Pesquisa"},"content":{"rendered":"<p><strong><u>CIRURGIA BUCO-MAXILO-FACIAL:<\/u><\/strong><\/p>\n<p><strong>1. An\u00e1lise cr\u00edtica dos fatores relacionados \u00e0 repara\u00e7\u00e3o \u00f3ssea<\/strong><\/p>\n<p>Avalia\u00e7\u00e3o histomorfom\u00e9trica e qualitativa de interface osso-implante. Avalia\u00e7\u00e3o &#8220;in vivo&#8221; e &#8220;in vitro&#8221; do reparo \u00f3sseo em osteotomias e fraturas faciais, assim como de testes laboratoriais de fixa\u00e7\u00e3o de fraturas \u00f3sseas e levantamentos epidemiol\u00f3gicos.<br \/>\n&nbsp;<\/p>\n<p><strong>2. Biocompatibilidade de materiais empregados como substitutos \u00f3sseos<\/strong><\/p>\n<p>Avalia\u00e7\u00e3o de novos materiais destinados \u00e0 aplica\u00e7\u00e3o cl\u00ednica como subst. \u00f3sseos, utilizando cultura de c\u00e9lulas ou de tecidos. Estudo in vitro do meio biol\u00f3gico frente a materiais apresentando diferentes caracter\u00edsticas de composi\u00e7\u00e3o, estrura e superf\u00edcie.<\/p>\n<p>&nbsp;<br \/>\n&nbsp;<br \/>\n<u><strong>PERIODONTIA:<\/strong><\/u><\/p>\n<p><strong>1. Diagn\u00f3stico e Tratamento Periodontal e Periimplantar<\/strong><\/p>\n<p>Busca analisar os recursos para diagn\u00f3stico e avalia\u00e7\u00e3o do paciente periodontal e avaliar as terapias associadas ou n\u00e3o a adjuvantes, nas diferentes abordagens terap\u00eauticas periodontais e periimplantares. Nome completo &#8220;DIAGN\u00d3STICO E TRATAMENTO N\u00c3O CIR\u00daRGICO DAS DOEN\u00c7AS PERIODONTAIS E PERIIMPLANTARES RELACIONADAS OU N\u00c3O A ENVOLVIMENTOS SIST\u00caMICOS&#8221;.<\/p>\n<p>&nbsp;<\/p>\n<p><strong>2. T\u00e9cnicas Cir\u00fargicas, Biomateriais e Reparo Tecidual<\/strong><\/p>\n<p>O objetivo da presente linha de pesquisa \u00e9 o de avaliar as diferentes t\u00e9cnicas cir\u00fargicas, os biomateriais, e rea\u00e7\u00e3o celular e tecidual \u00e0s superf\u00edcies de implantes, atrav\u00e9s de estudos &#8220;in vitro&#8221; e &#8220;in vivo&#8221;. Nome completo &#8220;ESTUDO CL\u00cdNICO E EXPERIMENTAL DE T\u00c9CNICAS CIR\u00daRGICAS, BIOMATERIAIS E REPARO TECIDUAL NAS \u00c1REAS DE PERIODONTIA E IMPLANTODONTIA&#8221;.<\/p>\n<p>&nbsp;<\/p>\n<p><strong>3. Doen\u00e7as Inflamat\u00f3rias, Infecciosas e Neopl\u00e1sicas<\/strong><\/p>\n<p>O foco est\u00e1 no estudo dos processos biol\u00f3gicos e manifesta\u00e7\u00f5es cl\u00ednicas das condi\u00e7\u00f5es sist\u00eamicas associadas aos tecidos periodontais. Nome completo &#8220;PESQUISA B\u00c1SICA, TRANSLACIONAL E CL\u00cdNICA DOS PROCESSOS FISIOL\u00d3GICOS E PATOL\u00d3GICOS DAS DOEN\u00c7AS INFLAMAT\u00d3RIAS, INFECCIOSAS E NEOPL\u00c1SICAS E DAS CONDI\u00c7\u00d5ES DO COMPLEXO MAXILOMANDIBULAR&#8221;.<\/p>\n<p>&nbsp;<\/p>","protected":false},"excerpt":{"rendered":"<p>CIRURGIA BUCO-MAXILO-FACIAL: 1. An\u00e1lise cr\u00edtica dos fatores relacionados \u00e0 repara\u00e7\u00e3o \u00f3ssea Avalia\u00e7\u00e3o histomorfom\u00e9trica e qualitativa [&hellip;]<\/p>\n","protected":false},"author":207,"featured_media":0,"parent":0,"menu_order":0,"comment_status":"closed","ping_status":"closed","template":"","meta":{"footnotes":"","_links_to":"","_links_to_target":""},"class_list":["post-358","page","type-page","status-publish","hentry"],"_links":{"self":[{"href":"https:\/\/sites.usp.br\/pgperioforp\/pb\/wp-json\/wp\/v2\/pages\/358","targetHints":{"allow":["GET"]}}],"collection":[{"href":"https:\/\/sites.usp.br\/pgperioforp\/pb\/wp-json\/wp\/v2\/pages"}],"about":[{"href":"https:\/\/sites.usp.br\/pgperioforp\/pb\/wp-json\/wp\/v2\/types\/page"}],"author":[{"embeddable":true,"href":"https:\/\/sites.usp.br\/pgperioforp\/pb\/wp-json\/wp\/v2\/users\/207"}],"replies":[{"embeddable":true,"href":"https:\/\/sites.usp.br\/pgperioforp\/pb\/wp-json\/wp\/v2\/comments?post=358"}],"version-history":[{"count":4,"href":"https:\/\/sites.usp.br\/pgperioforp\/pb\/wp-json\/wp\/v2\/pages\/358\/revisions"}],"predecessor-version":[{"id":1003,"href":"https:\/\/sites.usp.br\/pgperioforp\/pb\/wp-json\/wp\/v2\/pages\/358\/revisions\/1003"}],"wp:attachment":[{"href":"https:\/\/sites.usp.br\/pgperioforp\/pb\/wp-json\/wp\/v2\/media?parent=358"}],"curies":[{"name":"wp","href":"https:\/\/api.w.org\/{rel}","templated":true}]}}