{"id":400,"date":"2016-05-06T14:31:56","date_gmt":"2016-05-06T17:31:56","guid":{"rendered":"http:\/\/sites.usp.br\/pgperioforp\/?page_id=400"},"modified":"2020-03-22T13:02:10","modified_gmt":"2020-03-22T16:02:10","slug":"bioterios","status":"publish","type":"page","link":"https:\/\/sites.usp.br\/pgperioforp\/pb\/bioterios\/","title":{"rendered":"Biot\u00e9rios"},"content":{"rendered":"<p>O Programa conta com a infraestrutura de dois Biot\u00e9rios certificados.<\/p>\n<p><a href=\"https:\/\/www.forp.usp.br\/?page_id=232\">Comiss\u00e3o de \u00c9tica no Uso de Animais<\/a><\/p>","protected":false},"excerpt":{"rendered":"<p>O Programa conta com a infraestrutura de dois Biot\u00e9rios certificados. Comiss\u00e3o de \u00c9tica no Uso [&hellip;]<\/p>\n","protected":false},"author":207,"featured_media":0,"parent":0,"menu_order":0,"comment_status":"closed","ping_status":"closed","template":"","meta":{"footnotes":"","_links_to":"","_links_to_target":""},"class_list":["post-400","page","type-page","status-publish","hentry"],"_links":{"self":[{"href":"https:\/\/sites.usp.br\/pgperioforp\/pb\/wp-json\/wp\/v2\/pages\/400","targetHints":{"allow":["GET"]}}],"collection":[{"href":"https:\/\/sites.usp.br\/pgperioforp\/pb\/wp-json\/wp\/v2\/pages"}],"about":[{"href":"https:\/\/sites.usp.br\/pgperioforp\/pb\/wp-json\/wp\/v2\/types\/page"}],"author":[{"embeddable":true,"href":"https:\/\/sites.usp.br\/pgperioforp\/pb\/wp-json\/wp\/v2\/users\/207"}],"replies":[{"embeddable":true,"href":"https:\/\/sites.usp.br\/pgperioforp\/pb\/wp-json\/wp\/v2\/comments?post=400"}],"version-history":[{"count":4,"href":"https:\/\/sites.usp.br\/pgperioforp\/pb\/wp-json\/wp\/v2\/pages\/400\/revisions"}],"predecessor-version":[{"id":797,"href":"https:\/\/sites.usp.br\/pgperioforp\/pb\/wp-json\/wp\/v2\/pages\/400\/revisions\/797"}],"wp:attachment":[{"href":"https:\/\/sites.usp.br\/pgperioforp\/pb\/wp-json\/wp\/v2\/media?parent=400"}],"curies":[{"name":"wp","href":"https:\/\/api.w.org\/{rel}","templated":true}]}}