{"id":414,"date":"2016-05-06T14:45:07","date_gmt":"2016-05-06T17:45:07","guid":{"rendered":"http:\/\/sites.usp.br\/pgperioforp\/?page_id=414"},"modified":"2016-05-09T14:12:30","modified_gmt":"2016-05-09T17:12:30","slug":"relatorios-semestrais","status":"publish","type":"page","link":"https:\/\/sites.usp.br\/pgperioforp\/pb\/relatorios-semestrais\/","title":{"rendered":"Relat\u00f3rios Semestrais"},"content":{"rendered":"<p>Todos os alunos do Programa, desde a data da matr\u00edcula at\u00e9 a data da defesa devem apresentar semestralmente um <em><strong>Relat\u00f3rio de Desempenho Acad\u00eamico e Cient\u00edfico<\/strong><\/em> conforme o modelo abaixo, de acordo com o calend\u00e1rio estipulado pelo Regulamento do Programa, nas seguintes datas:<\/p>\n<p>1\u00ba dia \u00fatil dos meses MAR\u00c7O e AGOSTO<\/p>\n<p>Os alunos que n\u00e3o entregarem o relat\u00f3rio na data estipulada ou obtiverem dois relat\u00f3rios reprovados poder\u00e3o ser desligados do Programa de P\u00f3s-gradua\u00e7\u00e3o.<\/p>\n<p><a href=\"http:\/\/prpg.usp.br\/dcms\/uploads\/arquivos\/perioforp\/FORMULARIO%20PARA%20RELATORIO%20SEMESTRAL%20Desempenho%20Academico%20e%20Cientifico%20PPG%20Periodontia-1.doc\" target=\"_blank\">Formul\u00e1rio para Apresenta\u00e7\u00e3o do Relat\u00f3rio<\/a><\/p>","protected":false},"excerpt":{"rendered":"<p>Todos os alunos do Programa, desde a data da matr\u00edcula at\u00e9 a data da defesa [&hellip;]<\/p>\n","protected":false},"author":207,"featured_media":0,"parent":0,"menu_order":0,"comment_status":"closed","ping_status":"closed","template":"","meta":{"footnotes":"","_links_to":"","_links_to_target":""},"class_list":["post-414","page","type-page","status-publish","hentry"],"_links":{"self":[{"href":"https:\/\/sites.usp.br\/pgperioforp\/pb\/wp-json\/wp\/v2\/pages\/414","targetHints":{"allow":["GET"]}}],"collection":[{"href":"https:\/\/sites.usp.br\/pgperioforp\/pb\/wp-json\/wp\/v2\/pages"}],"about":[{"href":"https:\/\/sites.usp.br\/pgperioforp\/pb\/wp-json\/wp\/v2\/types\/page"}],"author":[{"embeddable":true,"href":"https:\/\/sites.usp.br\/pgperioforp\/pb\/wp-json\/wp\/v2\/users\/207"}],"replies":[{"embeddable":true,"href":"https:\/\/sites.usp.br\/pgperioforp\/pb\/wp-json\/wp\/v2\/comments?post=414"}],"version-history":[{"count":2,"href":"https:\/\/sites.usp.br\/pgperioforp\/pb\/wp-json\/wp\/v2\/pages\/414\/revisions"}],"predecessor-version":[{"id":515,"href":"https:\/\/sites.usp.br\/pgperioforp\/pb\/wp-json\/wp\/v2\/pages\/414\/revisions\/515"}],"wp:attachment":[{"href":"https:\/\/sites.usp.br\/pgperioforp\/pb\/wp-json\/wp\/v2\/media?parent=414"}],"curies":[{"name":"wp","href":"https:\/\/api.w.org\/{rel}","templated":true}]}}