{"id":417,"date":"2016-05-06T14:48:12","date_gmt":"2016-05-06T17:48:12","guid":{"rendered":"http:\/\/sites.usp.br\/pgperioforp\/?page_id=417"},"modified":"2021-01-08T20:00:09","modified_gmt":"2021-01-08T23:00:09","slug":"proficiencia-de-lingua-estrangeira","status":"publish","type":"page","link":"https:\/\/sites.usp.br\/pgperioforp\/pb\/proficiencia-de-lingua-estrangeira\/","title":{"rendered":"Profici\u00eancia de L\u00edngua Estrangeira"},"content":{"rendered":"<p>Todos os estudantes dever\u00e3o demonstrar <u><strong>profici\u00eancia em ingl\u00eas<\/strong><\/u>, tanto para o Mestrado quanto para o Doutorado.<\/p>\n<p>&nbsp;<\/p>\n<p>Para verificar a profici\u00eancia em l\u00edngua estrangeira, o aluno dever\u00e1 apresentar certificado de uma das institui\u00e7\u00f5es reconhecidas pela CPG, com a pontua\u00e7\u00e3o m\u00ednima exigida para cada curso e realizado dentro do prazo de validade estipulado.<\/p>\n<p>&nbsp;<\/p>\n<p><u><strong><em>No Mestrado<\/em>:<\/strong><\/u><\/p>\n<p>a) TOEFL (Test of English as a Foreign Language):<\/p>\n<p>a.1) Tradicional &#8211; Paper-based \u2013 m\u00ednimo de 450 pontos \u2013 validade 2 anos<\/p>\n<p>a.2) Tradicional &#8211; Computer-based (CBT) &#8211; m\u00ednimo de 135 pontos \u2013 validade 2 anos<\/p>\n<p>a.3) Tradicional \u2013 Internet-based Teste (IBT) &#8211; m\u00ednimo de 45 pontos \u2013 validade 2 anos<\/p>\n<p>a.4) Institucional &#8211; Institutional Testing Program (ITP) &#8211; m\u00ednimo de 350 pontos \u2013 validade 2 anos<\/p>\n<p>b) Cambridge FCE (First Certificate in English) \u2013 validade 5 anos<\/p>\n<p>c) IELTS (International English Language Testing System) \u2013 m\u00ednimo de 4,5 pontos \u2013 validade 2 anos<\/p>\n<p>d) TEAP (Test of English for Academic Purposes) &#8211; m\u00ednimo de 50 pontos \u2013 validade 2 anos<\/p>\n<p>&nbsp;<\/p>\n<p><u><strong><em>No Doutorado<\/em>:<\/strong><\/u><\/p>\n<p>a) TOEFL (Test of English as a Foreign Language):<\/p>\n<p>a.1) Tradicional &#8211; Paper-based \u2013 m\u00ednimo de 550 pontos \u2013 validade 2 anos<\/p>\n<p>a.2) Tradicional &#8211; Computer-based (CBT) &#8211; m\u00ednimo de 213 pontos \u2013 validade 2 anos<\/p>\n<p>a.3) Tradicional \u2013 Internet-based Teste (IBT) &#8211; m\u00ednimo de 80 pontos \u2013 validade 2 anos<\/p>\n<p>b) Cambridge CAE (Certificate in Advanced English) \u2013 validade 5 anos<\/p>\n<p>c) IELTS (International English Language Testing System) \u2013 m\u00ednimo de 6,0 pontos \u2013 validade 2 anos<\/p>\n<p>d) TEAP (Test of English for Academic Purposes) \u2013 m\u00ednimo de 70 pontos \u2013 validade 2 anos<\/p>\n<p>&nbsp;<\/p>\n<p> Profici\u00eancia em L\u00edngua Portuguesa para Estrangeiros<br \/>\n N\u00e3o ser\u00e1 exigido demonstra\u00e7\u00e3o de profici\u00eancia em l\u00edngua portuguesa para alunos estrangeiros.<\/p>\n<p>&nbsp;<\/p>\n<p><strong>PRAZO<\/strong> PARA APRESENTA\u00c7\u00c3O DO CERTIFICADO: <u><strong>12 (doze) meses<\/strong><\/u> ap\u00f3s a data da primeira matr\u00edcula no Curso.<\/p>\n<p>&nbsp;<\/p>\n<p><u><strong>ATEN\u00c7\u00c3O<\/strong><\/u><strong>: <\/strong><em>A n\u00e3o apresenta\u00e7\u00e3o da comprova\u00e7\u00e3o da profici\u00eancia, com a pontua\u00e7\u00e3o m\u00ednima exigida e dentro do prazo estabelecido acarretar\u00e1 no desligamento do aluno no curso.<\/em><\/p>\n<p>&nbsp;<\/p>","protected":false},"excerpt":{"rendered":"<p>Todos os estudantes dever\u00e3o demonstrar profici\u00eancia em ingl\u00eas, tanto para o Mestrado quanto para o [&hellip;]<\/p>\n","protected":false},"author":207,"featured_media":0,"parent":0,"menu_order":0,"comment_status":"closed","ping_status":"closed","template":"","meta":{"footnotes":"","_links_to":"","_links_to_target":""},"class_list":["post-417","page","type-page","status-publish","hentry"],"_links":{"self":[{"href":"https:\/\/sites.usp.br\/pgperioforp\/pb\/wp-json\/wp\/v2\/pages\/417","targetHints":{"allow":["GET"]}}],"collection":[{"href":"https:\/\/sites.usp.br\/pgperioforp\/pb\/wp-json\/wp\/v2\/pages"}],"about":[{"href":"https:\/\/sites.usp.br\/pgperioforp\/pb\/wp-json\/wp\/v2\/types\/page"}],"author":[{"embeddable":true,"href":"https:\/\/sites.usp.br\/pgperioforp\/pb\/wp-json\/wp\/v2\/users\/207"}],"replies":[{"embeddable":true,"href":"https:\/\/sites.usp.br\/pgperioforp\/pb\/wp-json\/wp\/v2\/comments?post=417"}],"version-history":[{"count":3,"href":"https:\/\/sites.usp.br\/pgperioforp\/pb\/wp-json\/wp\/v2\/pages\/417\/revisions"}],"predecessor-version":[{"id":979,"href":"https:\/\/sites.usp.br\/pgperioforp\/pb\/wp-json\/wp\/v2\/pages\/417\/revisions\/979"}],"wp:attachment":[{"href":"https:\/\/sites.usp.br\/pgperioforp\/pb\/wp-json\/wp\/v2\/media?parent=417"}],"curies":[{"name":"wp","href":"https:\/\/api.w.org\/{rel}","templated":true}]}}