{"id":420,"date":"2016-05-06T14:50:25","date_gmt":"2016-05-06T17:50:25","guid":{"rendered":"http:\/\/sites.usp.br\/pgperioforp\/?page_id=420"},"modified":"2021-01-08T20:23:28","modified_gmt":"2021-01-08T23:23:28","slug":"exame-de-qualificacao","status":"publish","type":"page","link":"https:\/\/sites.usp.br\/pgperioforp\/pb\/exame-de-qualificacao\/","title":{"rendered":"Exame de Qualifica\u00e7\u00e3o"},"content":{"rendered":"<p>O Exame de Qualifica\u00e7\u00e3o \u00e9 exigido tanto no curso de Mestrado quanto no curso<br \/>\nde Doutorado e Doutorado Direto.<\/p>\n<p>A inscri\u00e7\u00e3o no exame de qualifica\u00e7\u00e3o \u00e9 de responsabilidade do estudante e<br \/>\ndever\u00e1 ser feita dentro do prazo m\u00e1ximo estabelecido pelo programa.<\/p>\n<p>O exame dever\u00e1 ser realizado no m\u00e1ximo 90 (noventa) dias ap\u00f3s a inscri\u00e7\u00e3o.<\/p>\n<p>A comiss\u00e3o examinadora de exame de qualifica\u00e7\u00e3o, tanto para Mestrado quando<br \/>\npara Doutorado e Doutorado Direto, ser\u00e1 constitu\u00edda por tr\u00eas examinadores, com<br \/>\ntitula\u00e7\u00e3o m\u00ednima de doutor, sendo que um deles poder\u00e1 ser o orientador. A<br \/>\ncomiss\u00e3o examinadora de Doutorado e Doutorado Direto dever\u00e1 ter pelo menos<br \/>\num examinador externo ao programa.<\/p>","protected":false},"excerpt":{"rendered":"<p>O Exame de Qualifica\u00e7\u00e3o \u00e9 exigido tanto no curso de Mestrado quanto no curso de [&hellip;]<\/p>\n","protected":false},"author":207,"featured_media":0,"parent":0,"menu_order":0,"comment_status":"closed","ping_status":"closed","template":"","meta":{"footnotes":"","_links_to":"","_links_to_target":""},"class_list":["post-420","page","type-page","status-publish","hentry"],"_links":{"self":[{"href":"https:\/\/sites.usp.br\/pgperioforp\/pb\/wp-json\/wp\/v2\/pages\/420","targetHints":{"allow":["GET"]}}],"collection":[{"href":"https:\/\/sites.usp.br\/pgperioforp\/pb\/wp-json\/wp\/v2\/pages"}],"about":[{"href":"https:\/\/sites.usp.br\/pgperioforp\/pb\/wp-json\/wp\/v2\/types\/page"}],"author":[{"embeddable":true,"href":"https:\/\/sites.usp.br\/pgperioforp\/pb\/wp-json\/wp\/v2\/users\/207"}],"replies":[{"embeddable":true,"href":"https:\/\/sites.usp.br\/pgperioforp\/pb\/wp-json\/wp\/v2\/comments?post=420"}],"version-history":[{"count":4,"href":"https:\/\/sites.usp.br\/pgperioforp\/pb\/wp-json\/wp\/v2\/pages\/420\/revisions"}],"predecessor-version":[{"id":984,"href":"https:\/\/sites.usp.br\/pgperioforp\/pb\/wp-json\/wp\/v2\/pages\/420\/revisions\/984"}],"wp:attachment":[{"href":"https:\/\/sites.usp.br\/pgperioforp\/pb\/wp-json\/wp\/v2\/media?parent=420"}],"curies":[{"name":"wp","href":"https:\/\/api.w.org\/{rel}","templated":true}]}}