{"id":423,"date":"2016-05-06T14:59:48","date_gmt":"2016-05-06T17:59:48","guid":{"rendered":"http:\/\/sites.usp.br\/pgperioforp\/?page_id=423"},"modified":"2025-09-24T14:34:15","modified_gmt":"2025-09-24T17:34:15","slug":"defesas-teses-dissertacoes","status":"publish","type":"page","link":"https:\/\/sites.usp.br\/pgperioforp\/pb\/defesas-teses-dissertacoes\/","title":{"rendered":"Defesas Teses \/ Disserta\u00e7\u00f5es"},"content":{"rendered":"<p><strong>Dep\u00f3sito das Disserta\u00e7\u00f5es \/ Teses<\/strong><\/p>\n<p>Regulamento do Programa de P\u00f3s-Gradua\u00e7\u00e3o em Odontologia (Periodontia) da Faculdade de Odontologia de Ribeir\u00e3o Preto \u2013 FORP.<\/p>\n<p><strong>XI \u2013 PROCEDIMENTOS PARA DEP\u00d3SITO DA DISSERTA\u00c7\u00c3O\/TESE<\/strong><\/p>\n<p>XI.1 Formato das Disserta\u00e7\u00f5es de Mestrado<br \/>\nO trabalho final no curso de mestrado ser\u00e1 na forma de disserta\u00e7\u00e3o. A estrutura da disserta\u00e7\u00e3o de mestrado \u00e9 definida pela publica\u00e7\u00e3o \u201cDiretrizes para apresenta\u00e7\u00e3o de disserta\u00e7\u00f5es e teses da USP: documento eletr\u00f4nico e impresso. Parte I (ABNT)\u201d publicado pelo Sistema Integrado de Bibliotecas (SIBi) USP, disponibilizado na p\u00e1gina do programa na Internet, e dever\u00e1 conter os seguintes itens:<br \/>\n\u2013 Capa com nome do autor, t\u00edtulo do trabalho, local e data;<br \/>\n\u2013 Contra Capa com nome da unidade, nome do autor, t\u00edtulo do trabalho, nome do orientador, local e data;<br \/>\n\u2013 Resumo em Portugu\u00eas;<br \/>\n\u2013 Abstract em Ingl\u00eas;<br \/>\n\u2013 Introdu\u00e7\u00e3o;<br \/>\n\u2013 Material e M\u00e9todos;<br \/>\n\u2013 Resultados;<br \/>\n\u2013 Discuss\u00e3o;<br \/>\n\u2013 Conclus\u00f5es;<br \/>\n\u2013 Bibliografia;<br \/>\n\u2013 Anexos;<br \/>\n\u2013 Ap\u00eandices.<br \/>\nXI.2 Formato das Teses de Doutorado<br \/>\nO trabalho final no curso de doutorado ser\u00e1 na forma de uma tese na forma tradicional ou na forma de colet\u00e2nea de artigos.<br \/>\nA estrutura da tese de doutorado \u00e9 definida pela publica\u00e7\u00e3o \u201cDiretrizes para apresenta\u00e7\u00e3o de disserta\u00e7\u00f5es e teses da USP: documento eletr\u00f4nico e impresso. Parte I (ABNT)\u201d publicado pelo Sistema Integrado de Bibliotecas (SIBi) USP, disponibilizado na p\u00e1gina do programa na Internet.<br \/>\nA tese no formato tradicional dever\u00e1 conter os seguintes itens:<br \/>\n\u2013 Capa com nome do autor, t\u00edtulo do trabalho, local e data;<br \/>\n\u2013 Contra Capa com nome da unidade, nome do autor, t\u00edtulo do trabalho, nome do orientador, local e data;<br \/>\n\u2013 Resumo em Portugu\u00eas;<br \/>\n\u2013 Abstract em Ingl\u00eas;<br \/>\n\u2013 Introdu\u00e7\u00e3o;<br \/>\n\u2013 Material e M\u00e9todos;<br \/>\n\u2013 Resultados;<br \/>\n\u2013 Discuss\u00e3o;<br \/>\n\u2013 Conclus\u00f5es;<br \/>\n\u2013 Bibliografia;<br \/>\n\u2013 Anexos;<br \/>\n\u2013 Ap\u00eandices.<br \/>\nA tese de doutorado na forma de colet\u00e2nea de artigos dever\u00e1 ter ao menos dois artigos publicados. Neste caso, o autor dever\u00e1 apresentar anu\u00eancia das editoras para a publica\u00e7\u00e3o de cada um destes artigos na tese. Ap\u00f3s o cap\u00edtulo de introdu\u00e7\u00e3o, o autor dever\u00e1 incluir um cap\u00edtulo descrevendo a rela\u00e7\u00e3o entre os artigos presentes no corpo da tese.<br \/>\nXI.3 Dep\u00f3sito de Disserta\u00e7\u00f5es ou Teses<br \/>\nO dep\u00f3sito da disserta\u00e7\u00e3o ou tese dever\u00e1 ser realizado pelo aluno, com anu\u00eancia do orientador, no formato digital, via Sistema Janus, at\u00e9 o \u00faltimo dia do seu prazo regimental. Documenta\u00e7\u00f5es adicionais poder\u00e3o ser solicitadas pela CCP ou CPG.<br \/>\nPara o Mestrado, o dep\u00f3sito dever\u00e1 apresentar comprovante de submiss\u00e3o de pelo menos 1 manuscrito submetido a peri\u00f3dicos classificados como Qualis CAPES (\u00c1rea de Odontologia) igual ou superior a B1.<br \/>\nPara o Doutorado, na \u00e1rea de Periodontia, o dep\u00f3sito dever\u00e1 ser acompanhado de comprovante de submiss\u00e3o de pelo menos 2 manuscritos a peri\u00f3dicos classificados como Qualis CAPES (\u00c1rea de Odontologia) igual ou superior a A2. Al\u00e9m disso, o aluno dever\u00e1 apresentar comprovante da revis\u00e3o dos artigos por 2 (dois) orientadores do programa que n\u00e3o sejam o orientador principal do aluno, com data anterior \u00e0 submiss\u00e3o dos mesmos.<br \/>\nPara o Doutorado, na \u00e1rea de Cirurgia, o dep\u00f3sito dever\u00e1 ser acompanhado de comprovante de submiss\u00e3o de pelo menos 2 manuscritos a peri\u00f3dicos classificados como Qualis CAPES (\u00c1rea de Odontologia) igual ou superior a A2.<\/p>\n<p>&nbsp;<\/p>\n<p>\ud83d\udccc Procedimentos para Dep\u00f3sito da Disserta\u00e7\u00e3o\/Tese<\/p>\n<p>O dep\u00f3sito da disserta\u00e7\u00e3o ou tese deve seguir os procedimentos estabelecidos pelo Programa de P\u00f3s-Gradua\u00e7\u00e3o em Odontologia (Periodontia).<\/p>\n<p>\ud83d\udc49 Para orienta\u00e7\u00f5es detalhadas e acesso aos formul\u00e1rios necess\u00e1rios, o aluno deve entrar em contato com a **Secretaria do Programa**:<\/p>\n<p>* \ud83d\udce7 E-mail: ppg.perio@usp.br<br \/>\n* \ud83d\udcde Telefone: (16) 3315-4788<\/p>\n<p>A Secretaria fornecer\u00e1 as instru\u00e7\u00f5es atualizadas, os formul\u00e1rios corretos e esclarecer\u00e1 eventuais d\u00favidas sobre prazos e documenta\u00e7\u00e3o exigida.<\/p>\n<p>&nbsp;<\/p>\n<p>&nbsp;<\/p>\n<p>&nbsp;<\/p>\n<p>&nbsp;<\/p>\n<p>&nbsp;<\/p>\n<p>&nbsp;<\/p>","protected":false},"excerpt":{"rendered":"<p>Dep\u00f3sito das Disserta\u00e7\u00f5es \/ Teses Regulamento do Programa de P\u00f3s-Gradua\u00e7\u00e3o em Odontologia (Periodontia) da Faculdade [&hellip;]<\/p>\n","protected":false},"author":207,"featured_media":0,"parent":0,"menu_order":0,"comment_status":"closed","ping_status":"closed","template":"","meta":{"footnotes":"","_links_to":"","_links_to_target":""},"class_list":["post-423","page","type-page","status-publish","hentry"],"_links":{"self":[{"href":"https:\/\/sites.usp.br\/pgperioforp\/pb\/wp-json\/wp\/v2\/pages\/423","targetHints":{"allow":["GET"]}}],"collection":[{"href":"https:\/\/sites.usp.br\/pgperioforp\/pb\/wp-json\/wp\/v2\/pages"}],"about":[{"href":"https:\/\/sites.usp.br\/pgperioforp\/pb\/wp-json\/wp\/v2\/types\/page"}],"author":[{"embeddable":true,"href":"https:\/\/sites.usp.br\/pgperioforp\/pb\/wp-json\/wp\/v2\/users\/207"}],"replies":[{"embeddable":true,"href":"https:\/\/sites.usp.br\/pgperioforp\/pb\/wp-json\/wp\/v2\/comments?post=423"}],"version-history":[{"count":3,"href":"https:\/\/sites.usp.br\/pgperioforp\/pb\/wp-json\/wp\/v2\/pages\/423\/revisions"}],"predecessor-version":[{"id":1334,"href":"https:\/\/sites.usp.br\/pgperioforp\/pb\/wp-json\/wp\/v2\/pages\/423\/revisions\/1334"}],"wp:attachment":[{"href":"https:\/\/sites.usp.br\/pgperioforp\/pb\/wp-json\/wp\/v2\/media?parent=423"}],"curies":[{"name":"wp","href":"https:\/\/api.w.org\/{rel}","templated":true}]}}