{"id":484,"date":"2016-05-09T09:34:27","date_gmt":"2016-05-09T12:34:27","guid":{"rendered":"http:\/\/sites.usp.br\/pgperioforp\/?page_id=484"},"modified":"2020-03-22T13:39:15","modified_gmt":"2020-03-22T16:39:15","slug":"contato-3","status":"publish","type":"page","link":"https:\/\/sites.usp.br\/pgperioforp\/pb\/contato-3\/","title":{"rendered":"Contato"},"content":{"rendered":"<p>Programa de P\u00f3s-Gradua\u00e7\u00e3o em Odontologia (Periodontia)<a href=\"https:\/\/sites.usp.br\/pgperioforp\/wp-content\/uploads\/sites\/118\/2020\/03\/sec2020.jpg\"><img loading=\"lazy\" decoding=\"async\" class=\"size-medium wp-image-808 alignright\" src=\"https:\/\/sites.usp.br\/pgperioforp\/wp-content\/uploads\/sites\/118\/2020\/03\/sec2020-300x225.jpg\" alt=\"\" width=\"300\" height=\"225\" srcset=\"https:\/\/sites.usp.br\/pgperioforp\/wp-content\/uploads\/sites\/118\/2020\/03\/sec2020-300x225.jpg 300w, https:\/\/sites.usp.br\/pgperioforp\/wp-content\/uploads\/sites\/118\/2020\/03\/sec2020-768x576.jpg 768w, https:\/\/sites.usp.br\/pgperioforp\/wp-content\/uploads\/sites\/118\/2020\/03\/sec2020-80x60.jpg 80w, https:\/\/sites.usp.br\/pgperioforp\/wp-content\/uploads\/sites\/118\/2020\/03\/sec2020-400x300.jpg 400w, https:\/\/sites.usp.br\/pgperioforp\/wp-content\/uploads\/sites\/118\/2020\/03\/sec2020.jpg 960w\" sizes=\"auto, (max-width: 300px) 100vw, 300px\" \/><\/a><\/p>\n<p>Faculdade de Odontologia de Ribeir\u00e3o Preto da Universidade de S\u00e3o Paulo (FORP\/USP)<\/p>\n<p>Departamento de Cirurgia e TBMF e Periodontia<br \/>\nAvenida do Caf\u00e9, s\/n &#8211; Ribeir\u00e3o Preto \/ SP &#8211; Brasil &#8211; CEP. 14040-904<br \/>\nFone: (16) 3315-4788<\/p>\n<p>&nbsp;<\/p>\n<h4><strong>Solicitamos que todos os contatos sejam feitos via e-mail<\/strong><\/h4>\n<p><em>E-mail: <\/em><strong>ppg.perio@usp.br<br \/>\n<\/strong><\/p>\n<pre>Maria Isabel Gobbo Simonetti\r\nSecret\u00e1ria do Programa de P\u00f3s-Gradua\u00e7\u00e3o em Odontologia (Periodontia)<\/pre>\n<p><strong>\u00a0<\/strong><\/p>","protected":false},"excerpt":{"rendered":"<p>Programa de P\u00f3s-Gradua\u00e7\u00e3o em Odontologia (Periodontia) Faculdade de Odontologia de Ribeir\u00e3o Preto da Universidade de [&hellip;]<\/p>\n","protected":false},"author":207,"featured_media":0,"parent":0,"menu_order":0,"comment_status":"closed","ping_status":"closed","template":"","meta":{"footnotes":"","_links_to":"","_links_to_target":""},"class_list":["post-484","page","type-page","status-publish","hentry"],"_links":{"self":[{"href":"https:\/\/sites.usp.br\/pgperioforp\/pb\/wp-json\/wp\/v2\/pages\/484","targetHints":{"allow":["GET"]}}],"collection":[{"href":"https:\/\/sites.usp.br\/pgperioforp\/pb\/wp-json\/wp\/v2\/pages"}],"about":[{"href":"https:\/\/sites.usp.br\/pgperioforp\/pb\/wp-json\/wp\/v2\/types\/page"}],"author":[{"embeddable":true,"href":"https:\/\/sites.usp.br\/pgperioforp\/pb\/wp-json\/wp\/v2\/users\/207"}],"replies":[{"embeddable":true,"href":"https:\/\/sites.usp.br\/pgperioforp\/pb\/wp-json\/wp\/v2\/comments?post=484"}],"version-history":[{"count":4,"href":"https:\/\/sites.usp.br\/pgperioforp\/pb\/wp-json\/wp\/v2\/pages\/484\/revisions"}],"predecessor-version":[{"id":815,"href":"https:\/\/sites.usp.br\/pgperioforp\/pb\/wp-json\/wp\/v2\/pages\/484\/revisions\/815"}],"wp:attachment":[{"href":"https:\/\/sites.usp.br\/pgperioforp\/pb\/wp-json\/wp\/v2\/media?parent=484"}],"curies":[{"name":"wp","href":"https:\/\/api.w.org\/{rel}","templated":true}]}}