{"id":519,"date":"2016-05-09T14:46:54","date_gmt":"2016-05-09T17:46:54","guid":{"rendered":"http:\/\/sites.usp.br\/pgperioforp\/?page_id=519"},"modified":"2020-03-22T16:44:13","modified_gmt":"2020-03-22T19:44:13","slug":"canal-da-educacao","status":"publish","type":"page","link":"https:\/\/sites.usp.br\/pgperioforp\/pb\/canal-da-educacao\/","title":{"rendered":"Canal da Educa\u00e7\u00e3o"},"content":{"rendered":"<p>V\u00eddeos de <a href=\"https:\/\/www.youtube.com\/results?search_query=departamento+cirurgia+usp+forp\">Cirurgia<\/a>\u00a0 \u00a0 \u00a0 \u00a0 \u00a0 \u00a0 \u00a0\u00a0V\u00eddeos de <a href=\"https:\/\/www.youtube.com\/results?search_query=departamento+periodontia+usp+forp\">Periodontia<\/a>\u00a0 \u00a0 \u00a0 \u00a0 \u00a0 \u00a0 \u00a0 \u00a0\u00a0<a href=\"https:\/\/www.facebook.com\/groups\/periodontia\">Grupo de Periodontia<\/a><\/p>","protected":false},"excerpt":{"rendered":"<p>V\u00eddeos de Cirurgia\u00a0 \u00a0 \u00a0 \u00a0 \u00a0 \u00a0 \u00a0\u00a0V\u00eddeos de Periodontia\u00a0 \u00a0 \u00a0 \u00a0 \u00a0 [&hellip;]<\/p>\n","protected":false},"author":207,"featured_media":0,"parent":0,"menu_order":0,"comment_status":"closed","ping_status":"closed","template":"","meta":{"footnotes":"","_links_to":"","_links_to_target":""},"class_list":["post-519","page","type-page","status-publish","hentry"],"_links":{"self":[{"href":"https:\/\/sites.usp.br\/pgperioforp\/pb\/wp-json\/wp\/v2\/pages\/519","targetHints":{"allow":["GET"]}}],"collection":[{"href":"https:\/\/sites.usp.br\/pgperioforp\/pb\/wp-json\/wp\/v2\/pages"}],"about":[{"href":"https:\/\/sites.usp.br\/pgperioforp\/pb\/wp-json\/wp\/v2\/types\/page"}],"author":[{"embeddable":true,"href":"https:\/\/sites.usp.br\/pgperioforp\/pb\/wp-json\/wp\/v2\/users\/207"}],"replies":[{"embeddable":true,"href":"https:\/\/sites.usp.br\/pgperioforp\/pb\/wp-json\/wp\/v2\/comments?post=519"}],"version-history":[{"count":4,"href":"https:\/\/sites.usp.br\/pgperioforp\/pb\/wp-json\/wp\/v2\/pages\/519\/revisions"}],"predecessor-version":[{"id":817,"href":"https:\/\/sites.usp.br\/pgperioforp\/pb\/wp-json\/wp\/v2\/pages\/519\/revisions\/817"}],"wp:attachment":[{"href":"https:\/\/sites.usp.br\/pgperioforp\/pb\/wp-json\/wp\/v2\/media?parent=519"}],"curies":[{"name":"wp","href":"https:\/\/api.w.org\/{rel}","templated":true}]}}