{"id":522,"date":"2016-05-09T14:58:56","date_gmt":"2016-05-09T17:58:56","guid":{"rendered":"http:\/\/sites.usp.br\/pgperioforp\/?page_id=522"},"modified":"2020-03-21T17:13:43","modified_gmt":"2020-03-21T20:13:43","slug":"canal-da-comunidade","status":"publish","type":"page","link":"https:\/\/sites.usp.br\/pgperioforp\/pb\/canal-da-comunidade\/","title":{"rendered":"Canal da Comunidade"},"content":{"rendered":"<p>Servi\u00e7o iniciado a partir do ano de 2014, que consiste no atendimento cl\u00ednico de pacientes oriundos do Hospital das Cl\u00ednicas da Faculdade de Medicina de Ribeir\u00e3o Preto da USP (HC-FMRP\/USP), pelo SUS, com diversas doen\u00e7as sist\u00eamicas, acometidos de problemas periodontais. Tal cl\u00ednica objetiva o desenvolvimento de pesquisas que inter-relacionam a influ\u00eancia das doen\u00e7as periodontais nas diversas condi\u00e7\u00f5es sist\u00eamicas.<\/p>\n<p>O servi\u00e7o \u00e9 executado por uma equipe relacionada ao NACE (Nucleo de Apoio \u00e0 Cultura e Extens\u00e3o Universit\u00e1ria), composta por docentes, servidores e p\u00f3s-graduandos, e tamb\u00e9m est\u00e1 inter-relacionado com as disciplinas de Medicina Periodontal dos Cursos de Mestrado e Doutorado na \u00e1rea de Periodontia.<\/p>\n<p>Mais sobre o <a href=\"http:\/\/prpg.usp.br\/dcms\/uploads\/arquivos\/perioforp\/Apresenta%C3%A7%C3%A3o%20PerioMed.jpg\" target=\"_blank\" rel=\"noopener noreferrer\">PERIOMED<\/a><\/p>","protected":false},"excerpt":{"rendered":"<p>Servi\u00e7o iniciado a partir do ano de 2014, que consiste no atendimento cl\u00ednico de pacientes [&hellip;]<\/p>\n","protected":false},"author":207,"featured_media":0,"parent":0,"menu_order":0,"comment_status":"closed","ping_status":"closed","template":"","meta":{"footnotes":"","_links_to":"","_links_to_target":""},"class_list":["post-522","page","type-page","status-publish","hentry"],"_links":{"self":[{"href":"https:\/\/sites.usp.br\/pgperioforp\/pb\/wp-json\/wp\/v2\/pages\/522","targetHints":{"allow":["GET"]}}],"collection":[{"href":"https:\/\/sites.usp.br\/pgperioforp\/pb\/wp-json\/wp\/v2\/pages"}],"about":[{"href":"https:\/\/sites.usp.br\/pgperioforp\/pb\/wp-json\/wp\/v2\/types\/page"}],"author":[{"embeddable":true,"href":"https:\/\/sites.usp.br\/pgperioforp\/pb\/wp-json\/wp\/v2\/users\/207"}],"replies":[{"embeddable":true,"href":"https:\/\/sites.usp.br\/pgperioforp\/pb\/wp-json\/wp\/v2\/comments?post=522"}],"version-history":[{"count":4,"href":"https:\/\/sites.usp.br\/pgperioforp\/pb\/wp-json\/wp\/v2\/pages\/522\/revisions"}],"predecessor-version":[{"id":777,"href":"https:\/\/sites.usp.br\/pgperioforp\/pb\/wp-json\/wp\/v2\/pages\/522\/revisions\/777"}],"wp:attachment":[{"href":"https:\/\/sites.usp.br\/pgperioforp\/pb\/wp-json\/wp\/v2\/media?parent=522"}],"curies":[{"name":"wp","href":"https:\/\/api.w.org\/{rel}","templated":true}]}}