{"id":774,"date":"2020-03-21T16:55:54","date_gmt":"2020-03-21T19:55:54","guid":{"rendered":"http:\/\/sites.usp.br\/pgperioforp\/?page_id=774"},"modified":"2025-06-02T14:44:18","modified_gmt":"2025-06-02T17:44:18","slug":"regulamento","status":"publish","type":"page","link":"https:\/\/sites.usp.br\/pgperioforp\/pb\/regulamento\/","title":{"rendered":"Regulamento"},"content":{"rendered":"<p>Regulamento do Programa de P\u00f3s-Gradua\u00e7\u00e3o em Odontologia (Periodontia)<\/p>\n<p>D.O.E.: 21\/03\/2019<\/p>\n<p><a href=\"http:\/\/www.leginf.usp.br\/?resolucao=resolucao-copgr-no-7633-de-20-de-marco-de-2019\">RESOLU\u00c7\u00c3O CoPGr N\u00ba 7633<\/a>, DE 20 DE MAR\u00c7O DE 2019 (Revogada)<\/p>\n<p>Regulamento do Programa de P\u00f3s-Gradua\u00e7\u00e3o em Odontologia (Periodontia)<\/p>\n<p>D.O.E.: 08\/04\/2024<\/p>\n<p><a href=\"https:\/\/leginf.usp.br\/?resolucao=resolucao-copgr-no-8623-de-05-de-abril-de-2024\">RESOLU\u00c7\u00c3O CoPGr N\u00ba <\/a>8623-de-05-de-abril-de-2024<\/p>","protected":false},"excerpt":{"rendered":"<p>Regulamento do Programa de P\u00f3s-Gradua\u00e7\u00e3o em Odontologia (Periodontia) D.O.E.: 21\/03\/2019 RESOLU\u00c7\u00c3O CoPGr N\u00ba 7633, DE [&hellip;]<\/p>\n","protected":false},"author":21792,"featured_media":0,"parent":0,"menu_order":0,"comment_status":"closed","ping_status":"closed","template":"","meta":{"footnotes":"","_links_to":"","_links_to_target":""},"class_list":["post-774","page","type-page","status-publish","hentry"],"_links":{"self":[{"href":"https:\/\/sites.usp.br\/pgperioforp\/pb\/wp-json\/wp\/v2\/pages\/774","targetHints":{"allow":["GET"]}}],"collection":[{"href":"https:\/\/sites.usp.br\/pgperioforp\/pb\/wp-json\/wp\/v2\/pages"}],"about":[{"href":"https:\/\/sites.usp.br\/pgperioforp\/pb\/wp-json\/wp\/v2\/types\/page"}],"author":[{"embeddable":true,"href":"https:\/\/sites.usp.br\/pgperioforp\/pb\/wp-json\/wp\/v2\/users\/21792"}],"replies":[{"embeddable":true,"href":"https:\/\/sites.usp.br\/pgperioforp\/pb\/wp-json\/wp\/v2\/comments?post=774"}],"version-history":[{"count":2,"href":"https:\/\/sites.usp.br\/pgperioforp\/pb\/wp-json\/wp\/v2\/pages\/774\/revisions"}],"predecessor-version":[{"id":1314,"href":"https:\/\/sites.usp.br\/pgperioforp\/pb\/wp-json\/wp\/v2\/pages\/774\/revisions\/1314"}],"wp:attachment":[{"href":"https:\/\/sites.usp.br\/pgperioforp\/pb\/wp-json\/wp\/v2\/media?parent=774"}],"curies":[{"name":"wp","href":"https:\/\/api.w.org\/{rel}","templated":true}]}}