{"id":326,"date":"2016-01-11T16:32:12","date_gmt":"2016-01-11T18:32:12","guid":{"rendered":"http:\/\/sites.usp.br\/phdbioenergy\/?page_id=326"},"modified":"2016-01-11T16:32:12","modified_gmt":"2016-01-11T18:32:12","slug":"transformation-processes-biomass-biofuel","status":"publish","type":"page","link":"https:\/\/sites.usp.br\/phdbioenergy\/courses\/transformation-processes-biomass-biofuel\/","title":{"rendered":"Transformation Processes of Biomass into Biofuel"},"content":{"rendered":"<p><strong>Transformation Processes of Biomass into Biofuels <\/strong><\/p>\n<p>Level: Doctor&#8217;s degree<\/p>\n<p>Basic Subject<\/p>\n<p>Field(s) of Study: Biofuel Manufacturing Processes<\/p>\n<p>Class Load: 60<\/p>\n<p>Credits: 4<\/p>\n<p>Summary:<\/p>\n<p>Technologies of biomass treatment, lignocellulosic residues pre-treatment and hydrolysis by physical, chemical or enzymatic means; technologies for obtaining hydrolysate and extracting sugarcane juice, extracting vegetable oils and microalgae oils; development of new biofuel catalysis and biocatalysis systems (fermentation of pentoses, immobilized enzyme, catalysis under supercritical conditions, etc.); design and optimization of reactors and bioreactors for the production of bioethanol, biodiesel and other biofuels (biobutanol, etc.); development of processes and equipment for biofuel purification; development of systems and processes control loops for the production of biofuels; heat integration and energy recovery in the production of biofuels; formulation and development of integrated systems for production of first, second and third generation biofuel; development of technologies to save water and non-renewable inputs used in the production of biofuels.<\/p>\n<p>Bibliography:<\/p>\n<p>Biomassa para Energia, Coordenadores: Lu\u00eds Augusto Barbosa Cortez, Electo Silva Lora e Edgardo Olivares G\u00f3mez, Editora da UNICAMP,<\/p>\n<p>2008, 732p.<\/p>\n<p>BIOMASSA PARA ENERGIA Lu\u00eds Augusto Barbosa Cortez; Electo Eduardo Silva Lora; Edgardo Olivares G\u00f3mez &#8211; Editora Unicamp. 2008<\/p>\n<p>Nogueira, L.A.H., Lora, E.E.S., Dendroenergia: Fundamentos e aplica\u00e7\u00f5es, 2da Edi\u00e7\u00e3o, Editora Interci\u00eancia, 2003.<\/p>\n<p>LEITE, R. C. C. ; SOBRAL Jr, M. ; LEAL, M. R. L. V. ; CORTEZ, L. A. B. . Bioetanol Combust\u00edvel: uma oportunidade para o Brasil. 1. ed. Brasilia,<\/p>\n<p>DF: Centro de Gest\u00e3o de Estudos Estrat\u00e9gicos (CGEE), 2009. 536 p.<\/p>\n<p>Routes to Cellulosic Ethanol. 1 ed. New York: Springer Science-Business, Buckeridge, M.S. e Goldman G.H.. (Org.). 2011, v. 1.<\/p>\n<p>Principles of protein structure: G.Schultz &amp; R.Schirmer. &#8211; Proteins: Structures and molecular properties.<\/p>\n<p>Creighton, T. &#8211; Introduction to protein structure: C.Brandesn and J.Tooze.<\/p>\n","protected":false},"excerpt":{"rendered":"<p>Transformation Processes of Biomass into Biofuels Level: Doctor&#8217;s degree Basic Subject Field(s) of Study: Biofuel [&hellip;]<\/p>\n","protected":false},"author":163,"featured_media":0,"parent":321,"menu_order":0,"comment_status":"closed","ping_status":"closed","template":"","meta":{"footnotes":"","_links_to":"","_links_to_target":""},"class_list":["post-326","page","type-page","status-publish","hentry"],"_links":{"self":[{"href":"https:\/\/sites.usp.br\/phdbioenergy\/wp-json\/wp\/v2\/pages\/326","targetHints":{"allow":["GET"]}}],"collection":[{"href":"https:\/\/sites.usp.br\/phdbioenergy\/wp-json\/wp\/v2\/pages"}],"about":[{"href":"https:\/\/sites.usp.br\/phdbioenergy\/wp-json\/wp\/v2\/types\/page"}],"author":[{"embeddable":true,"href":"https:\/\/sites.usp.br\/phdbioenergy\/wp-json\/wp\/v2\/users\/163"}],"replies":[{"embeddable":true,"href":"https:\/\/sites.usp.br\/phdbioenergy\/wp-json\/wp\/v2\/comments?post=326"}],"version-history":[{"count":1,"href":"https:\/\/sites.usp.br\/phdbioenergy\/wp-json\/wp\/v2\/pages\/326\/revisions"}],"predecessor-version":[{"id":327,"href":"https:\/\/sites.usp.br\/phdbioenergy\/wp-json\/wp\/v2\/pages\/326\/revisions\/327"}],"up":[{"embeddable":true,"href":"https:\/\/sites.usp.br\/phdbioenergy\/wp-json\/wp\/v2\/pages\/321"}],"wp:attachment":[{"href":"https:\/\/sites.usp.br\/phdbioenergy\/wp-json\/wp\/v2\/media?parent=326"}],"curies":[{"name":"wp","href":"https:\/\/api.w.org\/{rel}","templated":true}]}}