{"id":193,"date":"2024-12-09T08:22:21","date_gmt":"2024-12-09T11:22:21","guid":{"rendered":"https:\/\/sites.usp.br\/photosynlab\/?page_id=193"},"modified":"2025-01-12T14:30:51","modified_gmt":"2025-01-12T17:30:51","slug":"publications","status":"publish","type":"page","link":"https:\/\/sites.usp.br\/photosynlab\/publications\/","title":{"rendered":"PUBLICATIONS"},"content":{"rendered":"\t\t<div data-elementor-type=\"wp-page\" data-elementor-id=\"193\" class=\"elementor elementor-193\" data-elementor-post-type=\"page\">\n\t\t\t\t\t\t<section class=\"elementor-section elementor-top-section elementor-element elementor-element-606c021 elementor-section-boxed elementor-section-height-default elementor-section-height-default\" data-id=\"606c021\" data-element_type=\"section\">\n\t\t\t\t\t\t<div class=\"elementor-container elementor-column-gap-default\">\n\t\t\t\t\t<div class=\"elementor-column elementor-col-100 elementor-top-column elementor-element elementor-element-a02aebc\" data-id=\"a02aebc\" data-element_type=\"column\">\n\t\t\t<div class=\"elementor-widget-wrap elementor-element-populated\">\n\t\t\t\t\t\t<div class=\"elementor-element elementor-element-8a404e6 elementor-widget elementor-widget-image\" data-id=\"8a404e6\" data-element_type=\"widget\" data-widget_type=\"image.default\">\n\t\t\t\t<div class=\"elementor-widget-container\">\n\t\t\t\t\t\t\t\t\t\t<figure class=\"wp-caption\">\n\t\t\t\t\t\t\t\t\t\t<img fetchpriority=\"high\" decoding=\"async\" width=\"250\" height=\"250\" src=\"https:\/\/sites.usp.br\/photosynlab\/wp-content\/uploads\/sites\/1590\/2024\/12\/under-cooking-250x250.png\" class=\"attachment-post-thumbnail size-post-thumbnail wp-image-377\" alt=\"\" srcset=\"https:\/\/sites.usp.br\/photosynlab\/wp-content\/uploads\/sites\/1590\/2024\/12\/under-cooking-250x250.png 250w, https:\/\/sites.usp.br\/photosynlab\/wp-content\/uploads\/sites\/1590\/2024\/12\/under-cooking-150x150.png 150w, https:\/\/sites.usp.br\/photosynlab\/wp-content\/uploads\/sites\/1590\/2024\/12\/under-cooking-174x174.png 174w, https:\/\/sites.usp.br\/photosynlab\/wp-content\/uploads\/sites\/1590\/2024\/12\/under-cooking-45x45.png 45w\" sizes=\"(max-width: 250px) 100vw, 250px\" \/>\t\t\t\t\t\t\t\t\t\t\t<figcaption class=\"widget-image-caption wp-caption-text\">STILL COOKING....<\/figcaption>\n\t\t\t\t\t\t\t\t\t\t<\/figure>\n\t\t\t\t\t\t\t<\/div>\n\t\t\t\t<\/div>\n\t\t\t\t\t<\/div>\n\t\t<\/div>\n\t\t\t\t\t<\/div>\n\t\t<\/section>\n\t\t\t\t<section class=\"elementor-section elementor-top-section elementor-element elementor-element-1408a2ee elementor-section-boxed elementor-section-height-default elementor-section-height-default\" data-id=\"1408a2ee\" data-element_type=\"section\">\n\t\t\t\t\t\t<div class=\"elementor-container elementor-column-gap-default\">\n\t\t\t\t\t<div class=\"elementor-column elementor-col-100 elementor-top-column elementor-element elementor-element-cc37d8b\" data-id=\"cc37d8b\" data-element_type=\"column\">\n\t\t\t<div class=\"elementor-widget-wrap elementor-element-populated\">\n\t\t\t\t\t\t<div class=\"elementor-element elementor-element-1b76b49d elementor-widget-mobile__width-initial elementor-widget elementor-widget-text-editor\" data-id=\"1b76b49d\" data-element_type=\"widget\" data-widget_type=\"text-editor.default\">\n\t\t\t\t<div class=\"elementor-widget-container\">\n\t\t\t\t\t\t\t<p style=\"text-align: justify;\"><span style=\"font-size: 14pt;\"><strong>Before independent career at University of S\u00e3o Paulo &#8211; Research experience.<\/strong><\/span><\/p><p><strong>To know more details about Tiago\u00b4s research experience<\/strong> <strong><a href=\"https:\/\/sites.usp.br\/photosynlab\/j-t-m-correia\/\">click here<\/a><\/strong><\/p><p style=\"text-align: justify;\"><em><strong>Postdoctoral studies:<\/strong><\/em><span style=\"caret-color: #000000; color: #000000; font-style: normal; text-align: left; text-indent: -32pt; font-size: 1.6rem;\">\u00a0<\/span><\/p><ol style=\"text-align: justify;\"><li>J. R. Lyonnet, \u00c1. Velasco-Rubio, R. Abrams, H. Phan, K. M\u00fchlfenzl, X. Chen, A. Cerveri, <strong>J. T. M. Correia<\/strong>, M. W. Paix\u00e3o, C. S. Elmore, R. Martin, <i>ACS Catal.<\/i> <b>2024<\/b>, <em>14<\/em>, 18633\u201318638.<\/li><li>L. Marchini, J. A. C. V\u00e9lez, E. Andre, <strong>J. T. M. Correia<\/strong>, S. Moura, M. Paix\u00e3o,<sup>. <\/sup><em>Organophotocatalytic Carbamoylation of Morita-Baylis-Hillman Carbonates. <\/em><em>Adv. Synth. Cat.<\/em> <strong>2024<\/strong>, DOI: 10.1002\/adsc.202301419.<\/li><li>I. S. De Jesus, J. A. C. V\u00e9lez, E. F. Pissinati, <strong>J. T. M. Correia<\/strong>, D. G. Rivera, M. Paix\u00e3o <em>Recent Advances in Photoinduced Modification of Amino Acids, Peptides, and Proteins.<\/em> <em>Chem. Rec.<\/em> <strong>2024<\/strong>, <em>202300322<\/em>. DOI: 10.1002\/tcr.202300322.<\/li><li>K. B. Vega, J. A. C. Delgado, L. V. B. L. Pugnal, B. K\u00f6nig, <strong>J. T. M. Correia<\/strong>, M. Paix\u00e3o <em>Divergent Functionalization of Styrenes via Radical\/Polar Crossover with CO<sub>2<\/sub> and Sodium Sulfinates.<\/em> <em>Chem. &#8211; A Eur. J.<\/em> <strong>2023<\/strong>, <em>29<\/em> DOI: 10.1002\/chem.202203625.<\/li><li>L. V. B. L. Pugnal, K. B. Vega, E. F. Pissinati, <strong>J. T. M. Correia<\/strong>, J. Zukerman-Schpector, R. Martin, M. W. Paix\u00e3o, 1,2-Arylsulfonylation of Vinyl Ethers and Esters Enabled by Dual Ni Catalysis. <em>ChemCatChem<\/em> <strong>2023<\/strong>, <em>15<\/em>, DOI: 10.1002\/cctc.202201434<\/li><li>E. F. Pissinati, J. A. C. Delgado, P. A. M. Moro, <strong>J. T. M. Correia<\/strong>; R. G. S. Berlinck, M. W. Paix\u00e3o, <em>Expanding the Chemical Space of Non-Proteinogenic N4-Substituted Asparagine: Racemic, Enantioenriched, and Deuterated Derivatives.<\/em> <em>Eur<\/em><em>.<\/em><em> J. Org. Chem.<\/em> <strong>2023<\/strong>, <em>26<\/em>, DOI: 10.1002\/ejoc.202300274.<\/li><li>W. C. De Souza, R. N. Lima, I. S. De Jesus, <strong>J. T. M. Correia<\/strong>; M. W. Paix\u00e3o, <em>Synthesis of Benzoazepinone Derivatives via Photoredox Deaminative Radical Cascade Alkylation of 1,7-Dienes and 1,7-Enynes. Synthesis.<\/em><strong>2023<\/strong>, <em>55<\/em>, 967.<\/li><li>B. T. Matsuo, P. H. R. Oliveira, E. F. Pissinati, K. B. Vega, I. S. de Jesus, <strong>J. T. M. Correia<\/strong>, M. Paix\u00e3o, Photoinduced carbamoylation reactions: unlocking new reactivities towards amide synthesis. <em>Chem. Commun.<\/em><strong>2022<\/strong>, <em>58<\/em>, 8322.<\/li><li>W. C. de Souza, <strong>J. T. M. Correia<\/strong>, P. M. Matos, C. M. Kisukuri, P. S. Carneiro, M. W. Paix\u00e3o, Organophotocatalytic intramolecular formal enyne-metathesis \u2013 An alternative to transition-metal catalysis. <em>Eur. J. Org. Chem.<\/em> <strong>2022<\/strong> \u2013 DOI: 10.1002\/ejoc.202101376.<\/li><li>B. T. Matsuo, P. H. R. Oliveira, <strong>J. T. M. Correia<\/strong>, M. W. Paix\u00e3o, Carbamoylation of Azomethine Imines via Visible-Light Photoredox Catalysis. <em>Org. Lett.<\/em> <strong>2021<\/strong>, <em>23<\/em>, 6775.<\/li><li><strong>J. T. M. Correia<\/strong>, M. S. Santos, E. F. Pissinati, G. P. da Silva, M. W. Paix\u00e3o, Recent Advances on Photoinduced Cascade Strategies for the Synthesis of Heterocycles. <em>Chem. Rec.<\/em> <strong>2021<\/strong>, 21, 2666.<\/li><li>J. A. C. Delgado, <strong>J. T. M. Correia<\/strong>, E. F. Pissinati, M. W. Paix\u00e3o, Biocompatible Photoinduced Alkylation of Dehydroalanine for the Synthesis of Unnatural \u03b1-Amino Acids. <em>Org. Lett.<\/em> <strong>2021<\/strong>, <em>23<\/em>, 5251.<\/li><li>A. Tortajada, <strong>J. T. M. Correia<\/strong>, E. Serrano, A. Monle\u00f3n, A. Tampieri, C. S. Day, F. Juli\u00e1-Hern\u00e1ndez, R. Martin, Ligand-Controlled Regiodivergent Catalytic Amidation of Unactivated Secondary Alkyl Bromides. <em>ACS Catal. <\/em><strong>2021<\/strong>, <em>11<\/em>, 10223.<\/li><li>W. C. de Souza, B. T. Matsuo, P. M. Matos, <strong>J. T. M. Correia<\/strong>, M. S. Santos, B. K\u00f6nig, Photocatalyzed Intramolecular [2+2] Cycloaddition of <em>N<\/em>-Alkyl-<em>N<\/em>-(2-(1-arylvinyl)aryl)cinnamamides. <em>Chem.-Eur. J<\/em>.<strong> 2021,<\/strong> <em>27<\/em>, 3722.<\/li><li>B. T. Matsuo, <strong>J. T. M. Correia<\/strong>, M. W. Paix\u00e3o, Visible-Light-Mediated alpha-Amino Alkylation of Azomethine Imines: An Approach to <em>N<\/em>-(beta-Aminoalkyl)pyrazolidinones. <em>Org. Lett.<\/em> <strong>2020<\/strong>, <em>22<\/em>, 7891.<\/li><li><strong>J. T. M. Correia<\/strong>, G. Piva Da Silva, C. M. Kisukuri, E. Andr\u00e9, B. Pires, P. S. Carneiro, M. W. Paix\u00e3o, Metal-Free Photoinduced Hydroalkylation Cascade Enabled by an Electron-Donor-Acceptor Complex. <em>J. Org. Chem.<\/em> <strong>2020<\/strong>,<em>85<\/em>, 9820.<\/li><li><strong>J. T. M. Correia<\/strong>, V. A. Fernandes, B. T. Matsuo, J. A. C. Delgado, W. C. De Souza, M. W. Paix\u00e3o, Photoinduced deaminative strategies: Katritzky salts as alkyl radical precursors. <em>Chem. Commun.<\/em> <strong>2020<\/strong>, <em>56<\/em>, 503.<\/li><li><strong>J. T. M. Correia<\/strong>, G. Piva da Silva, E. Andr\u00e9, M. W. Paix\u00e3o, Photoredox Decarboxylative Alkylation\/(2+2+1) Cycloaddition of 1,7-Enynes: A Cascade Approach Towards Polycyclic Heterocycles Using <em>N<\/em>-(Acyloxy)phthalimides as Radical Source. <em>Adv. Synth. <\/em><em>Cat.<\/em> <strong>2019<\/strong>, 361, 5558.<\/li><li>J. A. Dantas, <strong>J. T. M. Correia<\/strong>, M. W. Paix\u00e3o, A. G. Corr\u00eaa, Photochemistry of Carbonyl Compounds: Application in Metal-Free Reactions. <em>ChemPhotoChem<\/em>, <strong>2019<\/strong>, 3, 506.<\/li><\/ol><p style=\"text-align: justify;\"><em><strong>PhD studies<\/strong><\/em><\/p><ol><li style=\"text-align: justify;\">B. B. Guidotti, T. S. Da Silva, <strong>J. T. M. Correia<\/strong>, F. Coelho,Br\u00f8nsted-Acid catalyzed Selective Friedel-Crafts Monoalkylation of Isatins with Indolizines in Water. <em>Org. Biom. <\/em><em>Chem.<\/em> <strong>2020<\/strong>, <em>18<\/em>, 7330.<\/li><li style=\"text-align: justify;\"><strong>J.T. M. Correia<\/strong>, B. List, F. Coelho, Catalytic Asymmetric Conjugate Addition of Indolizines to \u03b1,\u03b2-Unsaturated Ketones. <em>Angew. <\/em><em>Chem. Int. Ed. <\/em><strong>2017<\/strong>, <em>56<\/em>, 7967.<\/li><li style=\"text-align: justify;\"><strong>J.T. M. Correia<\/strong>, L. V. Acconcia, F. Coelho, Studies on Pumiliotoxin A Alkaloids: An Approach to Preparing the Indolizidinic Core by Intramolecular Diastereoselective <em>N<\/em>-Heterocyclic Carbene Catalyzed Benzoin Reaction. <em>Eur. J. Org. Chem.<\/em> <strong>2016<\/strong>, <em>11<\/em>, 1972.<\/li><li style=\"text-align: justify;\">B.V. M. Teodoro, <strong>J. T. M. Correia<\/strong>, F. Coelho, Selective hydrogenation of indolizines: an expeditious approach to derive tetrahydroindolizines and indolizidines from Morita-Baylis-Hillman adducts. <em>J. Org. Chem.<\/em> <strong>2015<\/strong>, <em>80<\/em>, 2529.<\/li><li style=\"text-align: justify;\"><strong>J.T. M. Correia<\/strong>, (<em>R<\/em>)-TRIP and (<em>S<\/em>)-TRIP &#8211; Very Recent Applications. <em>Synlett<\/em> <strong>2015<\/strong>, <em>26<\/em>, 416.<\/li><\/ol>\t\t\t\t\t\t<\/div>\n\t\t\t\t<\/div>\n\t\t\t\t\t<\/div>\n\t\t<\/div>\n\t\t\t\t\t<\/div>\n\t\t<\/section>\n\t\t\t\t<\/div>\n\t\t","protected":false},"excerpt":{"rendered":"<p>STILL COOKING&#8230;. Before independent career at University of S\u00e3o Paulo &#8211; Research experience. To know more details about Tiago\u00b4s research experience click here Postdoctoral studies:\u00a0 J. R. Lyonnet, \u00c1. Velasco-Rubio, R. Abrams, H. Phan, K. M\u00fchlfenzl, X. Chen, A. Cerveri, J. T. M. Correia, M. W. Paix\u00e3o, C. S. Elmore, R. Martin, ACS Catal. 2024,<a href=\"https:\/\/sites.usp.br\/photosynlab\/publications\/\">[&#8230;]<\/a><\/p>\n","protected":false},"author":24423,"featured_media":0,"parent":0,"menu_order":0,"comment_status":"closed","ping_status":"closed","template":"template-fullwidth.php","meta":{"footnotes":"","_links_to":"","_links_to_target":""},"class_list":["post-193","page","type-page","status-publish","hentry"],"yoast_head":"<!-- This site is optimized with the Yoast SEO plugin v27.5 - https:\/\/yoast.com\/product\/yoast-seo-wordpress\/ -->\n<title>PUBLICATIONS - PHOTOSYN - Photocatalysis and Organic Synthesis Laboratory<\/title>\n<meta name=\"robots\" content=\"index, follow, max-snippet:-1, max-image-preview:large, max-video-preview:-1\" \/>\n<link rel=\"canonical\" href=\"https:\/\/sites.usp.br\/photosynlab\/publications\/\" \/>\n<meta property=\"og:locale\" content=\"en_US\" \/>\n<meta property=\"og:type\" content=\"article\" \/>\n<meta property=\"og:title\" content=\"PUBLICATIONS - PHOTOSYN - Photocatalysis and Organic Synthesis Laboratory\" \/>\n<meta property=\"og:description\" content=\"STILL COOKING&#8230;. Before independent career at University of S\u00e3o Paulo &#8211; Research experience. To know more details about Tiago\u00b4s research experience click here Postdoctoral studies:\u00a0 J. R. Lyonnet, \u00c1. Velasco-Rubio, R. Abrams, H. Phan, K. M\u00fchlfenzl, X. Chen, A. Cerveri, J. T. M. Correia, M. W. Paix\u00e3o, C. S. Elmore, R. Martin, ACS Catal. 2024,[...]\" \/>\n<meta property=\"og:url\" content=\"https:\/\/sites.usp.br\/photosynlab\/publications\/\" \/>\n<meta property=\"og:site_name\" content=\"PHOTOSYN - Photocatalysis and Organic Synthesis Laboratory\" \/>\n<meta property=\"article:modified_time\" content=\"2025-01-12T17:30:51+00:00\" \/>\n<meta property=\"og:image\" content=\"https:\/\/sites.usp.br\/photosynlab\/wp-content\/uploads\/sites\/1590\/2024\/12\/under-cooking.png\" \/>\n\t<meta property=\"og:image:width\" content=\"1440\" \/>\n\t<meta property=\"og:image:height\" content=\"1058\" \/>\n\t<meta property=\"og:image:type\" content=\"image\/png\" \/>\n<meta name=\"twitter:card\" content=\"summary_large_image\" \/>\n<meta name=\"twitter:label1\" content=\"Est. reading time\" \/>\n\t<meta name=\"twitter:data1\" content=\"4 minutes\" \/>\n<script type=\"application\/ld+json\" class=\"yoast-schema-graph\">{\"@context\":\"https:\\\/\\\/schema.org\",\"@graph\":[{\"@type\":\"WebPage\",\"@id\":\"https:\\\/\\\/sites.usp.br\\\/photosynlab\\\/publications\\\/\",\"url\":\"https:\\\/\\\/sites.usp.br\\\/photosynlab\\\/publications\\\/\",\"name\":\"PUBLICATIONS - PHOTOSYN - Photocatalysis and Organic Synthesis Laboratory\",\"isPartOf\":{\"@id\":\"https:\\\/\\\/sites.usp.br\\\/photosynlab\\\/#website\"},\"primaryImageOfPage\":{\"@id\":\"https:\\\/\\\/sites.usp.br\\\/photosynlab\\\/publications\\\/#primaryimage\"},\"image\":{\"@id\":\"https:\\\/\\\/sites.usp.br\\\/photosynlab\\\/publications\\\/#primaryimage\"},\"thumbnailUrl\":\"https:\\\/\\\/sites.usp.br\\\/photosynlab\\\/wp-content\\\/uploads\\\/sites\\\/1590\\\/2024\\\/12\\\/under-cooking-250x250.png\",\"datePublished\":\"2024-12-09T11:22:21+00:00\",\"dateModified\":\"2025-01-12T17:30:51+00:00\",\"breadcrumb\":{\"@id\":\"https:\\\/\\\/sites.usp.br\\\/photosynlab\\\/publications\\\/#breadcrumb\"},\"inLanguage\":\"en-US\",\"potentialAction\":[{\"@type\":\"ReadAction\",\"target\":[\"https:\\\/\\\/sites.usp.br\\\/photosynlab\\\/publications\\\/\"]}]},{\"@type\":\"ImageObject\",\"inLanguage\":\"en-US\",\"@id\":\"https:\\\/\\\/sites.usp.br\\\/photosynlab\\\/publications\\\/#primaryimage\",\"url\":\"https:\\\/\\\/sites.usp.br\\\/photosynlab\\\/wp-content\\\/uploads\\\/sites\\\/1590\\\/2024\\\/12\\\/under-cooking.png\",\"contentUrl\":\"https:\\\/\\\/sites.usp.br\\\/photosynlab\\\/wp-content\\\/uploads\\\/sites\\\/1590\\\/2024\\\/12\\\/under-cooking.png\",\"width\":1440,\"height\":1058},{\"@type\":\"BreadcrumbList\",\"@id\":\"https:\\\/\\\/sites.usp.br\\\/photosynlab\\\/publications\\\/#breadcrumb\",\"itemListElement\":[{\"@type\":\"ListItem\",\"position\":1,\"name\":\"In\u00edcio\",\"item\":\"https:\\\/\\\/sites.usp.br\\\/photosynlab\\\/\"},{\"@type\":\"ListItem\",\"position\":2,\"name\":\"PUBLICATIONS\"}]},{\"@type\":\"WebSite\",\"@id\":\"https:\\\/\\\/sites.usp.br\\\/photosynlab\\\/#website\",\"url\":\"https:\\\/\\\/sites.usp.br\\\/photosynlab\\\/\",\"name\":\"PHOTOSYN - Photocatalysis and Organic Synthesis Laboratory\",\"description\":\"Light, Chemistry, Action !!\",\"potentialAction\":[{\"@type\":\"SearchAction\",\"target\":{\"@type\":\"EntryPoint\",\"urlTemplate\":\"https:\\\/\\\/sites.usp.br\\\/photosynlab\\\/?s={search_term_string}\"},\"query-input\":{\"@type\":\"PropertyValueSpecification\",\"valueRequired\":true,\"valueName\":\"search_term_string\"}}],\"inLanguage\":\"en-US\"}]}<\/script>\n<!-- \/ Yoast SEO plugin. -->","yoast_head_json":{"title":"PUBLICATIONS - PHOTOSYN - Photocatalysis and Organic Synthesis Laboratory","robots":{"index":"index","follow":"follow","max-snippet":"max-snippet:-1","max-image-preview":"max-image-preview:large","max-video-preview":"max-video-preview:-1"},"canonical":"https:\/\/sites.usp.br\/photosynlab\/publications\/","og_locale":"en_US","og_type":"article","og_title":"PUBLICATIONS - PHOTOSYN - Photocatalysis and Organic Synthesis Laboratory","og_description":"STILL COOKING&#8230;. Before independent career at University of S\u00e3o Paulo &#8211; Research experience. To know more details about Tiago\u00b4s research experience click here Postdoctoral studies:\u00a0 J. R. Lyonnet, \u00c1. Velasco-Rubio, R. Abrams, H. Phan, K. M\u00fchlfenzl, X. Chen, A. Cerveri, J. T. M. Correia, M. W. Paix\u00e3o, C. S. Elmore, R. Martin, ACS Catal. 2024,[...]","og_url":"https:\/\/sites.usp.br\/photosynlab\/publications\/","og_site_name":"PHOTOSYN - Photocatalysis and Organic Synthesis Laboratory","article_modified_time":"2025-01-12T17:30:51+00:00","og_image":[{"width":1440,"height":1058,"url":"https:\/\/sites.usp.br\/photosynlab\/wp-content\/uploads\/sites\/1590\/2024\/12\/under-cooking.png","type":"image\/png"}],"twitter_card":"summary_large_image","twitter_misc":{"Est. reading time":"4 minutes"},"schema":{"@context":"https:\/\/schema.org","@graph":[{"@type":"WebPage","@id":"https:\/\/sites.usp.br\/photosynlab\/publications\/","url":"https:\/\/sites.usp.br\/photosynlab\/publications\/","name":"PUBLICATIONS - PHOTOSYN - Photocatalysis and Organic Synthesis Laboratory","isPartOf":{"@id":"https:\/\/sites.usp.br\/photosynlab\/#website"},"primaryImageOfPage":{"@id":"https:\/\/sites.usp.br\/photosynlab\/publications\/#primaryimage"},"image":{"@id":"https:\/\/sites.usp.br\/photosynlab\/publications\/#primaryimage"},"thumbnailUrl":"https:\/\/sites.usp.br\/photosynlab\/wp-content\/uploads\/sites\/1590\/2024\/12\/under-cooking-250x250.png","datePublished":"2024-12-09T11:22:21+00:00","dateModified":"2025-01-12T17:30:51+00:00","breadcrumb":{"@id":"https:\/\/sites.usp.br\/photosynlab\/publications\/#breadcrumb"},"inLanguage":"en-US","potentialAction":[{"@type":"ReadAction","target":["https:\/\/sites.usp.br\/photosynlab\/publications\/"]}]},{"@type":"ImageObject","inLanguage":"en-US","@id":"https:\/\/sites.usp.br\/photosynlab\/publications\/#primaryimage","url":"https:\/\/sites.usp.br\/photosynlab\/wp-content\/uploads\/sites\/1590\/2024\/12\/under-cooking.png","contentUrl":"https:\/\/sites.usp.br\/photosynlab\/wp-content\/uploads\/sites\/1590\/2024\/12\/under-cooking.png","width":1440,"height":1058},{"@type":"BreadcrumbList","@id":"https:\/\/sites.usp.br\/photosynlab\/publications\/#breadcrumb","itemListElement":[{"@type":"ListItem","position":1,"name":"In\u00edcio","item":"https:\/\/sites.usp.br\/photosynlab\/"},{"@type":"ListItem","position":2,"name":"PUBLICATIONS"}]},{"@type":"WebSite","@id":"https:\/\/sites.usp.br\/photosynlab\/#website","url":"https:\/\/sites.usp.br\/photosynlab\/","name":"PHOTOSYN - Photocatalysis and Organic Synthesis Laboratory","description":"Light, Chemistry, Action !!","potentialAction":[{"@type":"SearchAction","target":{"@type":"EntryPoint","urlTemplate":"https:\/\/sites.usp.br\/photosynlab\/?s={search_term_string}"},"query-input":{"@type":"PropertyValueSpecification","valueRequired":true,"valueName":"search_term_string"}}],"inLanguage":"en-US"}]}},"_links":{"self":[{"href":"https:\/\/sites.usp.br\/photosynlab\/wp-json\/wp\/v2\/pages\/193","targetHints":{"allow":["GET"]}}],"collection":[{"href":"https:\/\/sites.usp.br\/photosynlab\/wp-json\/wp\/v2\/pages"}],"about":[{"href":"https:\/\/sites.usp.br\/photosynlab\/wp-json\/wp\/v2\/types\/page"}],"author":[{"embeddable":true,"href":"https:\/\/sites.usp.br\/photosynlab\/wp-json\/wp\/v2\/users\/24423"}],"replies":[{"embeddable":true,"href":"https:\/\/sites.usp.br\/photosynlab\/wp-json\/wp\/v2\/comments?post=193"}],"version-history":[{"count":4,"href":"https:\/\/sites.usp.br\/photosynlab\/wp-json\/wp\/v2\/pages\/193\/revisions"}],"predecessor-version":[{"id":668,"href":"https:\/\/sites.usp.br\/photosynlab\/wp-json\/wp\/v2\/pages\/193\/revisions\/668"}],"wp:attachment":[{"href":"https:\/\/sites.usp.br\/photosynlab\/wp-json\/wp\/v2\/media?parent=193"}],"curies":[{"name":"wp","href":"https:\/\/api.w.org\/{rel}","templated":true}]}}