{"id":875,"date":"2022-08-02T12:39:19","date_gmt":"2022-08-02T14:39:19","guid":{"rendered":"https:\/\/sites.usp.br\/pjf\/?page_id=875"},"modified":"2022-08-02T12:49:45","modified_gmt":"2022-08-02T14:49:45","slug":"planos-de-ensino","status":"publish","type":"page","link":"https:\/\/sites.usp.br\/pjf\/planos-de-ensino\/","title":{"rendered":"Planos de ensino"},"content":{"rendered":"<h3><b>A reescrita feminista como estrat\u00e9gia de ensino jur\u00eddico: a experi\u00eancia da Faculdade de Direito de Ribeir\u00e3o Preto (FDRP &#8211; USP)<\/b><\/h3>\n<p><span style=\"font-weight: 400;\">No primeiro semestre de 2022, a Faculdade de Direito de Ribeir\u00e3o Preto (FDRP &#8211; USP) empregou a reescrita feminista de decis\u00f5es judiciais como metodologia de ensino na disciplina de Laborat\u00f3rio, no eixo intitulado &#8220;An\u00e1lise e Reescrita de Decis\u00f5es Judicias em Perspectiva Feminista&#8221;. A equipe, formada por docentes da FDRP, discentes de gradua\u00e7\u00e3o e de p\u00f3s-gradua\u00e7\u00e3o e pesquisadoras de p\u00f3s-doutorado, buscou capacitar a turma, formada por 11 alunas e 4 alunos do primeiro e segundo anos do Curso de Direito, para a an\u00e1lise de decis\u00f5es judiciais, visando a detec\u00e7\u00e3o e corre\u00e7\u00e3o de vieses de g\u00eanero que prejudiquem a pressuposta imparcialidade do direito, em especial quanto \u00e0\u00a0 efetiva prote\u00e7\u00e3o dos direitos humanos das mulheres, adaptando para o contexto brasileiro a metodologia desenvolvida por pesquisadoras e ativistas estrangeiras nos v\u00e1rios projetos de reescrita feminista (<\/span><i><span style=\"font-weight: 400;\">feminist judgments projects<\/span><\/i><span style=\"font-weight: 400;\">) j\u00e1 realizados no mundo.<\/span><\/p>\n<p><strong><a href=\"https:\/\/sites.usp.br\/pjf\/wp-content\/uploads\/sites\/1062\/2022\/08\/Plano-de-ensino-Laboratorio-FDRP-USP-2022-2.pdf\">Clique aqui e confira nosso Plano de ensino &#8211; Laborat\u00f3rio FDRP-USP 2022<\/a><\/strong><\/p>\n","protected":false},"excerpt":{"rendered":"<p>A reescrita feminista como estrat\u00e9gia de ensino jur\u00eddico: a experi\u00eancia da Faculdade de Direito de Ribeir\u00e3o Preto (FDRP &#8211; USP) No primeiro semestre de 2022, a Faculdade de Direito de Ribeir\u00e3o Preto (FDRP &#8211; USP) empregou a reescrita feminista de decis\u00f5es judiciais como metodologia de ensino na disciplina de Laborat\u00f3rio, no eixo intitulado &#8220;An\u00e1lise e [&hellip;]<\/p>\n","protected":false},"author":22748,"featured_media":0,"parent":0,"menu_order":0,"comment_status":"closed","ping_status":"closed","template":"","meta":{"footnotes":"","_links_to":"","_links_to_target":""},"class_list":["post-875","page","type-page","status-publish","hentry","entry"],"_links":{"self":[{"href":"https:\/\/sites.usp.br\/pjf\/wp-json\/wp\/v2\/pages\/875","targetHints":{"allow":["GET"]}}],"collection":[{"href":"https:\/\/sites.usp.br\/pjf\/wp-json\/wp\/v2\/pages"}],"about":[{"href":"https:\/\/sites.usp.br\/pjf\/wp-json\/wp\/v2\/types\/page"}],"author":[{"embeddable":true,"href":"https:\/\/sites.usp.br\/pjf\/wp-json\/wp\/v2\/users\/22748"}],"replies":[{"embeddable":true,"href":"https:\/\/sites.usp.br\/pjf\/wp-json\/wp\/v2\/comments?post=875"}],"version-history":[{"count":2,"href":"https:\/\/sites.usp.br\/pjf\/wp-json\/wp\/v2\/pages\/875\/revisions"}],"predecessor-version":[{"id":880,"href":"https:\/\/sites.usp.br\/pjf\/wp-json\/wp\/v2\/pages\/875\/revisions\/880"}],"wp:attachment":[{"href":"https:\/\/sites.usp.br\/pjf\/wp-json\/wp\/v2\/media?parent=875"}],"curies":[{"name":"wp","href":"https:\/\/api.w.org\/{rel}","templated":true}]}}