{"id":220,"date":"2025-04-11T17:53:21","date_gmt":"2025-04-11T19:53:21","guid":{"rendered":"https:\/\/sites.usp.br\/planbairros\/?page_id=220"},"modified":"2026-04-02T15:49:38","modified_gmt":"2026-04-02T17:49:38","slug":"o-que-produzimos","status":"publish","type":"page","link":"https:\/\/sites.usp.br\/planbairros\/o-que-produzimos\/","title":{"rendered":"PRODU\u00c7\u00d5ES"},"content":{"rendered":"\t\t<div data-elementor-type=\"wp-page\" data-elementor-id=\"220\" class=\"elementor elementor-220\" data-elementor-post-type=\"page\">\n\t\t\t\t\t\t<section class=\"elementor-section elementor-top-section elementor-element elementor-element-06ea01b elementor-section-boxed elementor-section-height-default elementor-section-height-default\" data-id=\"06ea01b\" data-element_type=\"section\">\n\t\t\t\t\t\t<div class=\"elementor-container elementor-column-gap-default\">\n\t\t\t\t\t<div class=\"elementor-column elementor-col-100 elementor-top-column elementor-element elementor-element-c9bc347\" data-id=\"c9bc347\" data-element_type=\"column\">\n\t\t\t<div class=\"elementor-widget-wrap elementor-element-populated\">\n\t\t\t\t\t\t<div class=\"elementor-element elementor-element-564b78a elementor-widget elementor-widget-text-editor\" data-id=\"564b78a\" data-element_type=\"widget\" data-widget_type=\"text-editor.default\">\n\t\t\t\t<div class=\"elementor-widget-container\">\n\t\t\t\t\t\t\t<p><span style=\"font-weight: 400; color: #000000;\">Esta p\u00e1gina se dedica \u00e0 dissemina\u00e7\u00e3o dos conte\u00fados t\u00e9cnicos e cient\u00edficos produzidos pela pesquisa. Dentro do cronograma, est\u00e1 prevista a produ\u00e7\u00e3o de 2 Notas T\u00e9cnicas, a disponibiliza\u00e7\u00e3o de conte\u00fado atrav\u00e9s do Reposit\u00f3rio da USP e a produ\u00e7\u00e3o de artigos cient\u00edficos.<\/span><\/p><p><span style=\"font-weight: 400; color: #000000;\">Tamb\u00e9m compartilhamos aqui as participa\u00e7\u00f5es da equipe de pesquisa em eventos relacionados ao tema desta pesquisa onde abordamos ou citamos esta pesquisa em andamento.<\/span><\/p>\t\t\t\t\t\t<\/div>\n\t\t\t\t<\/div>\n\t\t\t\t\t<\/div>\n\t\t<\/div>\n\t\t\t\t\t<\/div>\n\t\t<\/section>\n\t\t\t\t<section class=\"elementor-section elementor-top-section elementor-element elementor-element-d1d91fd elementor-section-full_width elementor-section-height-default elementor-section-height-default\" data-id=\"d1d91fd\" data-element_type=\"section\">\n\t\t\t\t\t\t<div class=\"elementor-container elementor-column-gap-default\">\n\t\t\t\t\t<div class=\"elementor-column elementor-col-50 elementor-top-column elementor-element elementor-element-17a86c6\" data-id=\"17a86c6\" data-element_type=\"column\">\n\t\t\t<div class=\"elementor-widget-wrap elementor-element-populated\">\n\t\t\t\t\t\t<div class=\"elementor-element elementor-element-a17935c elementor-align-center elementor-widget elementor-widget-button\" data-id=\"a17935c\" data-element_type=\"widget\" data-widget_type=\"button.default\">\n\t\t\t\t<div class=\"elementor-widget-container\">\n\t\t\t\t\t\t\t<div class=\"elementor-button-wrapper\">\n\t\t\t\t\t<a class=\"elementor-button elementor-button-link elementor-size-sm\" href=\"https:\/\/sites.usp.br\/planbairros\/o-que-produzimos\/elementor-pagina-560\/\">\n\t\t\t\t\t\t<span class=\"elementor-button-content-wrapper\">\n\t\t\t\t\t\t\t\t\t<span class=\"elementor-button-text\">PUBLICA\u00c7\u00d5ES<\/span>\n\t\t\t\t\t<\/span>\n\t\t\t\t\t<\/a>\n\t\t\t\t<\/div>\n\t\t\t\t\t\t<\/div>\n\t\t\t\t<\/div>\n\t\t\t\t\t<\/div>\n\t\t<\/div>\n\t\t\t\t<div class=\"elementor-column elementor-col-50 elementor-top-column elementor-element elementor-element-8eda0ef\" data-id=\"8eda0ef\" data-element_type=\"column\">\n\t\t\t<div class=\"elementor-widget-wrap elementor-element-populated\">\n\t\t\t\t\t\t<div class=\"elementor-element elementor-element-79b2f8b elementor-align-center elementor-widget elementor-widget-button\" data-id=\"79b2f8b\" data-element_type=\"widget\" data-widget_type=\"button.default\">\n\t\t\t\t<div class=\"elementor-widget-container\">\n\t\t\t\t\t\t\t<div class=\"elementor-button-wrapper\">\n\t\t\t\t\t<a class=\"elementor-button elementor-button-link elementor-size-sm\" href=\"https:\/\/sites.usp.br\/planbairros\/o-que-produzimos\/participacao-em-eventos-2\/\">\n\t\t\t\t\t\t<span class=\"elementor-button-content-wrapper\">\n\t\t\t\t\t\t\t\t\t<span class=\"elementor-button-text\">PARTICIPA\u00c7\u00c3O EM EVENTOS<\/span>\n\t\t\t\t\t<\/span>\n\t\t\t\t\t<\/a>\n\t\t\t\t<\/div>\n\t\t\t\t\t\t<\/div>\n\t\t\t\t<\/div>\n\t\t\t\t\t<\/div>\n\t\t<\/div>\n\t\t\t\t\t<\/div>\n\t\t<\/section>\n\t\t\t\t<\/div>\n\t\t","protected":false},"excerpt":{"rendered":"<p>Esta p\u00e1gina se dedica \u00e0 dissemina\u00e7\u00e3o dos conte\u00fados t\u00e9cnicos e cient\u00edficos produzidos pela pesquisa. Dentro do cronograma, est\u00e1 prevista a produ\u00e7\u00e3o de 2 Notas T\u00e9cnicas, a disponibiliza\u00e7\u00e3o de conte\u00fado atrav\u00e9s do Reposit\u00f3rio da USP e a produ\u00e7\u00e3o de artigos cient\u00edficos. Tamb\u00e9m compartilhamos aqui as participa\u00e7\u00f5es da equipe de pesquisa em eventos relacionados ao tema desta [&hellip;]<\/p>\n","protected":false},"author":24685,"featured_media":0,"parent":0,"menu_order":0,"comment_status":"closed","ping_status":"closed","template":"","meta":{"footnotes":"","_links_to":"","_links_to_target":""},"class_list":["post-220","page","type-page","status-publish","hentry"],"_links":{"self":[{"href":"https:\/\/sites.usp.br\/planbairros\/wp-json\/wp\/v2\/pages\/220","targetHints":{"allow":["GET"]}}],"collection":[{"href":"https:\/\/sites.usp.br\/planbairros\/wp-json\/wp\/v2\/pages"}],"about":[{"href":"https:\/\/sites.usp.br\/planbairros\/wp-json\/wp\/v2\/types\/page"}],"author":[{"embeddable":true,"href":"https:\/\/sites.usp.br\/planbairros\/wp-json\/wp\/v2\/users\/24685"}],"replies":[{"embeddable":true,"href":"https:\/\/sites.usp.br\/planbairros\/wp-json\/wp\/v2\/comments?post=220"}],"version-history":[{"count":4,"href":"https:\/\/sites.usp.br\/planbairros\/wp-json\/wp\/v2\/pages\/220\/revisions"}],"predecessor-version":[{"id":666,"href":"https:\/\/sites.usp.br\/planbairros\/wp-json\/wp\/v2\/pages\/220\/revisions\/666"}],"wp:attachment":[{"href":"https:\/\/sites.usp.br\/planbairros\/wp-json\/wp\/v2\/media?parent=220"}],"curies":[{"name":"wp","href":"https:\/\/api.w.org\/{rel}","templated":true}]}}