{"id":512,"date":"2025-11-26T12:10:10","date_gmt":"2025-11-26T14:10:10","guid":{"rendered":"https:\/\/sites.usp.br\/planbairros\/?page_id=512"},"modified":"2025-11-26T12:23:35","modified_gmt":"2025-11-26T14:23:35","slug":"o-projeto","status":"publish","type":"page","link":"https:\/\/sites.usp.br\/planbairros\/o-projeto\/","title":{"rendered":"O PROJETO"},"content":{"rendered":"\t\t<div data-elementor-type=\"wp-page\" data-elementor-id=\"512\" class=\"elementor elementor-512\" data-elementor-post-type=\"page\">\n\t\t\t\t\t\t<section class=\"elementor-section elementor-top-section elementor-element elementor-element-3ecc334 elementor-section-boxed elementor-section-height-default elementor-section-height-default\" data-id=\"3ecc334\" data-element_type=\"section\">\n\t\t\t\t\t\t<div class=\"elementor-container elementor-column-gap-default\">\n\t\t\t\t\t<div class=\"elementor-column elementor-col-100 elementor-top-column elementor-element elementor-element-7d4da93\" data-id=\"7d4da93\" data-element_type=\"column\">\n\t\t\t<div class=\"elementor-widget-wrap elementor-element-populated\">\n\t\t\t\t\t\t<div class=\"elementor-element elementor-element-18a026a elementor-widget elementor-widget-heading\" data-id=\"18a026a\" data-element_type=\"widget\" data-widget_type=\"heading.default\">\n\t\t\t\t<div class=\"elementor-widget-container\">\n\t\t\t<h2 class=\"elementor-heading-title elementor-size-default\">SOBRE O PROJETO<\/h2>\t\t<\/div>\n\t\t\t\t<\/div>\n\t\t\t\t<section class=\"elementor-section elementor-inner-section elementor-element elementor-element-677b45f elementor-section-boxed elementor-section-height-default elementor-section-height-default\" data-id=\"677b45f\" data-element_type=\"section\">\n\t\t\t\t\t\t<div class=\"elementor-container elementor-column-gap-default\">\n\t\t\t\t\t<div class=\"elementor-column elementor-col-50 elementor-inner-column elementor-element elementor-element-a3fd4e4\" data-id=\"a3fd4e4\" data-element_type=\"column\">\n\t\t\t<div class=\"elementor-widget-wrap elementor-element-populated\">\n\t\t\t\t\t\t<div class=\"elementor-element elementor-element-67fc5c0 elementor-widget elementor-widget-image\" data-id=\"67fc5c0\" data-element_type=\"widget\" data-widget_type=\"image.default\">\n\t\t\t\t<div class=\"elementor-widget-container\">\n\t\t\t\t\t\t\t\t\t\t\t\t\t<img fetchpriority=\"high\" decoding=\"async\" width=\"604\" height=\"340\" src=\"https:\/\/sites.usp.br\/planbairros\/wp-content\/uploads\/sites\/1656\/2025\/11\/WhatsApp-Image-2025-10-17-at-15.17.44.jpeg\" class=\"attachment-large size-large wp-image-518\" alt=\"\" srcset=\"https:\/\/sites.usp.br\/planbairros\/wp-content\/uploads\/sites\/1656\/2025\/11\/WhatsApp-Image-2025-10-17-at-15.17.44.jpeg 1000w, https:\/\/sites.usp.br\/planbairros\/wp-content\/uploads\/sites\/1656\/2025\/11\/WhatsApp-Image-2025-10-17-at-15.17.44-300x169.jpeg 300w, https:\/\/sites.usp.br\/planbairros\/wp-content\/uploads\/sites\/1656\/2025\/11\/WhatsApp-Image-2025-10-17-at-15.17.44-768x432.jpeg 768w, https:\/\/sites.usp.br\/planbairros\/wp-content\/uploads\/sites\/1656\/2025\/11\/WhatsApp-Image-2025-10-17-at-15.17.44-310x174.jpeg 310w, https:\/\/sites.usp.br\/planbairros\/wp-content\/uploads\/sites\/1656\/2025\/11\/WhatsApp-Image-2025-10-17-at-15.17.44-400x225.jpeg 400w\" sizes=\"(max-width: 604px) 100vw, 604px\" \/>\t\t\t\t\t\t\t\t\t\t\t\t\t<\/div>\n\t\t\t\t<\/div>\n\t\t\t\t<div class=\"elementor-element elementor-element-44ee040 elementor-widget elementor-widget-image\" data-id=\"44ee040\" data-element_type=\"widget\" data-widget_type=\"image.default\">\n\t\t\t\t<div class=\"elementor-widget-container\">\n\t\t\t\t\t\t\t\t\t\t\t\t\t<img decoding=\"async\" width=\"604\" height=\"453\" src=\"https:\/\/sites.usp.br\/planbairros\/wp-content\/uploads\/sites\/1656\/2025\/11\/WhatsApp-Image-2025-04-25-at-16.24.17-1024x768.jpeg\" class=\"attachment-large size-large wp-image-516\" alt=\"\" srcset=\"https:\/\/sites.usp.br\/planbairros\/wp-content\/uploads\/sites\/1656\/2025\/11\/WhatsApp-Image-2025-04-25-at-16.24.17-1024x768.jpeg 1024w, https:\/\/sites.usp.br\/planbairros\/wp-content\/uploads\/sites\/1656\/2025\/11\/WhatsApp-Image-2025-04-25-at-16.24.17-300x225.jpeg 300w, https:\/\/sites.usp.br\/planbairros\/wp-content\/uploads\/sites\/1656\/2025\/11\/WhatsApp-Image-2025-04-25-at-16.24.17-768x576.jpeg 768w, https:\/\/sites.usp.br\/planbairros\/wp-content\/uploads\/sites\/1656\/2025\/11\/WhatsApp-Image-2025-04-25-at-16.24.17-80x60.jpeg 80w, https:\/\/sites.usp.br\/planbairros\/wp-content\/uploads\/sites\/1656\/2025\/11\/WhatsApp-Image-2025-04-25-at-16.24.17-400x300.jpeg 400w, https:\/\/sites.usp.br\/planbairros\/wp-content\/uploads\/sites\/1656\/2025\/11\/WhatsApp-Image-2025-04-25-at-16.24.17.jpeg 1280w\" sizes=\"(max-width: 604px) 100vw, 604px\" \/>\t\t\t\t\t\t\t\t\t\t\t\t\t<\/div>\n\t\t\t\t<\/div>\n\t\t\t\t<div class=\"elementor-element elementor-element-a6ed329 elementor-widget elementor-widget-image\" data-id=\"a6ed329\" data-element_type=\"widget\" data-widget_type=\"image.default\">\n\t\t\t\t<div class=\"elementor-widget-container\">\n\t\t\t\t\t\t\t\t\t\t\t\t\t<img decoding=\"async\" width=\"604\" height=\"453\" src=\"https:\/\/sites.usp.br\/planbairros\/wp-content\/uploads\/sites\/1656\/2025\/11\/Fotos-GD-04-1024x768.jpg\" class=\"attachment-large size-large wp-image-520\" alt=\"\" srcset=\"https:\/\/sites.usp.br\/planbairros\/wp-content\/uploads\/sites\/1656\/2025\/11\/Fotos-GD-04-1024x768.jpg 1024w, https:\/\/sites.usp.br\/planbairros\/wp-content\/uploads\/sites\/1656\/2025\/11\/Fotos-GD-04-300x225.jpg 300w, https:\/\/sites.usp.br\/planbairros\/wp-content\/uploads\/sites\/1656\/2025\/11\/Fotos-GD-04-768x576.jpg 768w, https:\/\/sites.usp.br\/planbairros\/wp-content\/uploads\/sites\/1656\/2025\/11\/Fotos-GD-04-1536x1152.jpg 1536w, https:\/\/sites.usp.br\/planbairros\/wp-content\/uploads\/sites\/1656\/2025\/11\/Fotos-GD-04-80x60.jpg 80w, https:\/\/sites.usp.br\/planbairros\/wp-content\/uploads\/sites\/1656\/2025\/11\/Fotos-GD-04-400x300.jpg 400w, https:\/\/sites.usp.br\/planbairros\/wp-content\/uploads\/sites\/1656\/2025\/11\/Fotos-GD-04.jpg 2048w\" sizes=\"(max-width: 604px) 100vw, 604px\" \/>\t\t\t\t\t\t\t\t\t\t\t\t\t<\/div>\n\t\t\t\t<\/div>\n\t\t\t\t\t<\/div>\n\t\t<\/div>\n\t\t\t\t<div class=\"elementor-column elementor-col-50 elementor-inner-column elementor-element elementor-element-e65c90f\" data-id=\"e65c90f\" data-element_type=\"column\">\n\t\t\t<div class=\"elementor-widget-wrap elementor-element-populated\">\n\t\t\t\t\t\t<div class=\"elementor-element elementor-element-849e8f2 elementor-widget elementor-widget-text-editor\" data-id=\"849e8f2\" data-element_type=\"widget\" data-widget_type=\"text-editor.default\">\n\t\t\t\t<div class=\"elementor-widget-container\">\n\t\t\t\t\t\t\t<p><span style=\"font-weight: 400;\"><span style=\"color: #000000;\">A necessidade da elabora\u00e7\u00e3o de planos de bairro no munic\u00edpio de S\u00e3o Paulo (MSP) j\u00e1 \u00e9 apontada desde a d\u00e9cada de 1960. O Plano Diretor Estrat\u00e9gico (PDE) do munic\u00edpio de S\u00e3o Paulo de 2014, revisado em 2023, \u00e9 a principal pol\u00edtica p\u00fablica urbana respons\u00e1vel por nortear o desenvolvimento urbano e prev\u00ea, dentre outros, que a Prefeitura Municipal de S\u00e3o Paulo (PMSP) deve coordenar e fomentar a elabora\u00e7\u00e3o de planos de bairro no munic\u00edpio. Entretanto, falta um referencial que oriente a concep\u00e7\u00e3o e a regula\u00e7\u00e3o dos planos de bairro, com conte\u00fado pertinente, apresentando m\u00e9todos apropriados para fomento ao desenvolvimento local e instruindo sobre como elaborar um plano de bairro. \u00c9 nesse processo de &#8220;Pol\u00edticas P\u00fablicas em Constru\u00e7\u00e3o&#8221; que este projeto de pesquisa se insere, com o objetivo de investigar e estabelecer procedimentos de suporte \u00e0 elabora\u00e7\u00e3o e gest\u00e3o de planos de bairro no munic\u00edpio de S\u00e3o Paulo. O projeto de pesquisa, intitulado \u201cElabora\u00e7\u00e3o de instrumento para apoio e fomento ao desenvolvimento de planos de bairro no munic\u00edpio de S\u00e3o Paulo\u201d, integra o Programa de Pesquisa em Pol\u00edticas P\u00fablicas da Funda\u00e7\u00e3o de Amparo \u00e0 Pesquisa do Estado de S\u00e3o Paulo (PPPP FAPESP) e financiado pela FAPESP (Processo n.\u00ba 2023\/10015-7). \u00c9 sediado na Escola Polit\u00e9cnica da Universidade de S\u00e3o Paulo (EPUSP) e est\u00e1 em desenvolvimento em parceria com a Faculdade de Arquitetura e Urbanismo da Universidade de S\u00e3o Paulo (FAUUSP), apoio do Centro de Estudos da Metr\u00f3pole (CEM) e coopera\u00e7\u00e3o t\u00e9cnica com a Secretaria Municipal de Urbanismo e Licenciamento (SMUL).\u00a0<\/span><\/span><\/p><p><span style=\"font-weight: 400; color: #000000;\">\u00a0 \u00a0 \u00a0 \u00a0Pretende-se gerar um instrumento orientativo para a execu\u00e7\u00e3o desse componente do Plano Diretor de S\u00e3o Paulo, que beneficie a popula\u00e7\u00e3o do munic\u00edpio como um todo, a partir do endere\u00e7amento apropriado de quest\u00f5es locais. O trabalho inclui estudo bibliogr\u00e1fico, hist\u00f3rico, institucional, regulat\u00f3rio e normativo, assim como levantamento e sistematiza\u00e7\u00e3o de dados abertos e dos disponibilizados pela PMSP. Al\u00e9m disso, para coletar percep\u00e7\u00f5es e informa\u00e7\u00f5es adicionais, est\u00e3o previstos levantamentos de dados prim\u00e1rios em \u00e1reas de estudo com pedestres e comunidade local, al\u00e9m de atividades participativas com gestores p\u00fablicos e outros agentes convidados. Os resultados cient\u00edficos incluem relat\u00f3rios e artigos cient\u00edficos divulgados em peri\u00f3dicos, eventos e reposit\u00f3rio USP. Para a gest\u00e3o p\u00fablica, haver\u00e1 notas t\u00e9cnicas, apresenta\u00e7\u00f5es, participa\u00e7\u00f5es em reuni\u00f5es e din\u00e2micas, assim como a elabora\u00e7\u00e3o do documento orientativo para desenvolvimento de planos de bairros, pass\u00edvel de publica\u00e7\u00e3o pela Prefeitura.<\/span><\/p>\t\t\t\t\t\t<\/div>\n\t\t\t\t<\/div>\n\t\t\t\t\t<\/div>\n\t\t<\/div>\n\t\t\t\t\t<\/div>\n\t\t<\/section>\n\t\t\t\t\t<\/div>\n\t\t<\/div>\n\t\t\t\t\t<\/div>\n\t\t<\/section>\n\t\t\t\t<\/div>\n\t\t","protected":false},"excerpt":{"rendered":"<p>SOBRE O PROJETO A necessidade da elabora\u00e7\u00e3o de planos de bairro no munic\u00edpio de S\u00e3o Paulo (MSP) j\u00e1 \u00e9 apontada desde a d\u00e9cada de 1960. O Plano Diretor Estrat\u00e9gico (PDE) do munic\u00edpio de S\u00e3o Paulo de 2014, revisado em 2023, \u00e9 a principal pol\u00edtica p\u00fablica urbana respons\u00e1vel por nortear o desenvolvimento urbano e prev\u00ea, dentre [&hellip;]<\/p>\n","protected":false},"author":24685,"featured_media":0,"parent":0,"menu_order":0,"comment_status":"closed","ping_status":"closed","template":"","meta":{"footnotes":"","_links_to":"","_links_to_target":""},"class_list":["post-512","page","type-page","status-publish","hentry"],"_links":{"self":[{"href":"https:\/\/sites.usp.br\/planbairros\/wp-json\/wp\/v2\/pages\/512","targetHints":{"allow":["GET"]}}],"collection":[{"href":"https:\/\/sites.usp.br\/planbairros\/wp-json\/wp\/v2\/pages"}],"about":[{"href":"https:\/\/sites.usp.br\/planbairros\/wp-json\/wp\/v2\/types\/page"}],"author":[{"embeddable":true,"href":"https:\/\/sites.usp.br\/planbairros\/wp-json\/wp\/v2\/users\/24685"}],"replies":[{"embeddable":true,"href":"https:\/\/sites.usp.br\/planbairros\/wp-json\/wp\/v2\/comments?post=512"}],"version-history":[{"count":4,"href":"https:\/\/sites.usp.br\/planbairros\/wp-json\/wp\/v2\/pages\/512\/revisions"}],"predecessor-version":[{"id":523,"href":"https:\/\/sites.usp.br\/planbairros\/wp-json\/wp\/v2\/pages\/512\/revisions\/523"}],"wp:attachment":[{"href":"https:\/\/sites.usp.br\/planbairros\/wp-json\/wp\/v2\/media?parent=512"}],"curies":[{"name":"wp","href":"https:\/\/api.w.org\/{rel}","templated":true}]}}