{"id":79,"date":"2014-02-24T16:51:20","date_gmt":"2014-02-24T18:51:20","guid":{"rendered":"http:\/\/sites.usp.br\/planbairros\/?page_id=79"},"modified":"2026-02-19T14:11:05","modified_gmt":"2026-02-19T16:11:05","slug":"pagina-inicial","status":"publish","type":"page","link":"https:\/\/sites.usp.br\/planbairros\/","title":{"rendered":"O PROJETO"},"content":{"rendered":"\t\t<div data-elementor-type=\"wp-page\" data-elementor-id=\"79\" class=\"elementor elementor-79\" data-elementor-post-type=\"page\">\n\t\t\t\t\t\t<section class=\"elementor-section elementor-top-section elementor-element elementor-element-9dff785 elementor-section-boxed elementor-section-height-default elementor-section-height-default\" data-id=\"9dff785\" data-element_type=\"section\">\n\t\t\t\t\t\t<div class=\"elementor-container elementor-column-gap-default\">\n\t\t\t\t\t<div class=\"elementor-column elementor-col-100 elementor-top-column elementor-element elementor-element-3ca257f\" data-id=\"3ca257f\" data-element_type=\"column\">\n\t\t\t<div class=\"elementor-widget-wrap elementor-element-populated\">\n\t\t\t\t\t\t<div class=\"elementor-element elementor-element-714cbc6 elementor-widget elementor-widget-text-editor\" data-id=\"714cbc6\" data-element_type=\"widget\" data-widget_type=\"text-editor.default\">\n\t\t\t\t<div class=\"elementor-widget-container\">\n\t\t\t\t\t\t\t<p><span style=\"color: #000000;\">O projeto PlanBairros tem por objetivo investigar e estabelecer procedimentos de suporte \u00e0 elabora\u00e7\u00e3o e gest\u00e3o de planos de bairro no munic\u00edpio de S\u00e3o Paulo. Assim, est\u00e1 sendo elaborado e ser\u00e1 disponibilizado um documento orientativo para desenvolvimento de planos de bairro no munic\u00edpio de S\u00e3o Paulo. Dessa forma, pretende-se instrumentalizar as pol\u00edticas p\u00fablicas e o processo de gest\u00e3o urbana no munic\u00edpio de S\u00e3o Paulo, com foco na promo\u00e7\u00e3o da elabora\u00e7\u00e3o e implementa\u00e7\u00e3o dos planos de bairro.\u00a0<\/span><\/p><p><span style=\"color: #000000;\">O projeto PlanBairros \u00e9 integrante do Programa de Pesquisa em Pol\u00edticas P\u00fablicas da Funda\u00e7\u00e3o de Amparo \u00e0 Pesquisa do Estado de S\u00e3o Paulo (PPPP FAPESP) e financiado pela FAPESP, por meio dos processos n.\u00ba 2023\/10015-7, 2024\/07947-8, 2024\/08609-9, 2024\/16700-6, 2024\/19977-9 e 2025\/11843-6. O projeto \u00e9 sediado na Escola Polit\u00e9cnica da Universidade de S\u00e3o Paulo (EP-USP) e est\u00e1 sendo desenvolvido em parceria com a Prefeitura de S\u00e3o Paulo, por meio de termo de coopera\u00e7\u00e3o t\u00e9cnica assinado entre a EP-USP e a Secretaria Municipal de Urbanismo e Licenciamento (SMUL).\u00a0O projeto ainda \u00e9 apoiado por meio de bolsas de inicia\u00e7\u00e3o cient\u00edficas concedidas pelo PIBIC, do CNPq, pelo PUB, da Reitoria da USP, e de bolsas de p\u00f3s-gradua\u00e7\u00e3o da CAPES e FAPESP.<\/span><\/p><p><span style=\"color: #000000;\">O projeto \u00e9 coordenado pela Profa. Dra. Karin Regina de Castro Marins, da EP-USP, e da equipe do projeto participam as professoras Mariana Giannotti (EO-USP) e Denise Duarte e Paula Santoro (FAU-USP), al\u00e9m da p\u00f3s-doutoranda A\u00edda Pontes Aquino, bolsistas de treinamento t\u00e9cnico, p\u00f3s-graduandos, alunos de inicia\u00e7\u00e3o cient\u00edfica e alunos de gradua\u00e7\u00e3o com trabalhos no tema, em um total de 25 participantes atualmente (fev\/2026).<\/span><\/p>\t\t\t\t\t\t<\/div>\n\t\t\t\t<\/div>\n\t\t\t\t\t<\/div>\n\t\t<\/div>\n\t\t\t\t\t<\/div>\n\t\t<\/section>\n\t\t\t\t<section class=\"elementor-section elementor-top-section elementor-element elementor-element-f9b3b3f elementor-section-boxed elementor-section-height-default elementor-section-height-default\" data-id=\"f9b3b3f\" data-element_type=\"section\">\n\t\t\t\t\t\t<div class=\"elementor-container elementor-column-gap-default\">\n\t\t\t\t\t<div class=\"elementor-column elementor-col-100 elementor-top-column elementor-element elementor-element-4acc8bf\" data-id=\"4acc8bf\" data-element_type=\"column\">\n\t\t\t<div class=\"elementor-widget-wrap elementor-element-populated\">\n\t\t\t\t\t\t<div class=\"elementor-element elementor-element-67142b9 elementor-widget elementor-widget-heading\" data-id=\"67142b9\" data-element_type=\"widget\" data-widget_type=\"heading.default\">\n\t\t\t\t<div class=\"elementor-widget-container\">\n\t\t\t<h3 class=\"elementor-heading-title elementor-size-default\">Linha do tempo das atividades realizadas no projeto PlanBairros<\/h3>\t\t<\/div>\n\t\t\t\t<\/div>\n\t\t\t\t<div class=\"elementor-element elementor-element-739afa3 elementor-widget elementor-widget-image\" data-id=\"739afa3\" data-element_type=\"widget\" data-widget_type=\"image.default\">\n\t\t\t\t<div class=\"elementor-widget-container\">\n\t\t\t\t\t\t\t\t\t\t\t\t\t<img fetchpriority=\"high\" decoding=\"async\" width=\"1184\" height=\"1290\" src=\"https:\/\/sites.usp.br\/planbairros\/wp-content\/uploads\/sites\/1656\/2026\/02\/WhatsApp-Image-2026-02-19-at-11.56.44.jpeg\" class=\"attachment-full size-full wp-image-631\" alt=\"\" srcset=\"https:\/\/sites.usp.br\/planbairros\/wp-content\/uploads\/sites\/1656\/2026\/02\/WhatsApp-Image-2026-02-19-at-11.56.44.jpeg 1184w, https:\/\/sites.usp.br\/planbairros\/wp-content\/uploads\/sites\/1656\/2026\/02\/WhatsApp-Image-2026-02-19-at-11.56.44-275x300.jpeg 275w, https:\/\/sites.usp.br\/planbairros\/wp-content\/uploads\/sites\/1656\/2026\/02\/WhatsApp-Image-2026-02-19-at-11.56.44-940x1024.jpeg 940w, https:\/\/sites.usp.br\/planbairros\/wp-content\/uploads\/sites\/1656\/2026\/02\/WhatsApp-Image-2026-02-19-at-11.56.44-768x837.jpeg 768w, https:\/\/sites.usp.br\/planbairros\/wp-content\/uploads\/sites\/1656\/2026\/02\/WhatsApp-Image-2026-02-19-at-11.56.44-400x436.jpeg 400w\" sizes=\"(max-width: 1184px) 100vw, 1184px\" \/>\t\t\t\t\t\t\t\t\t\t\t\t\t<\/div>\n\t\t\t\t<\/div>\n\t\t\t\t\t<\/div>\n\t\t<\/div>\n\t\t\t\t\t<\/div>\n\t\t<\/section>\n\t\t\t\t<\/div>\n\t\t","protected":false},"excerpt":{"rendered":"<p>O projeto PlanBairros tem por objetivo investigar e estabelecer procedimentos de suporte \u00e0 elabora\u00e7\u00e3o e gest\u00e3o de planos de bairro no munic\u00edpio de S\u00e3o Paulo. Assim, est\u00e1 sendo elaborado e ser\u00e1 disponibilizado um documento orientativo para desenvolvimento de planos de bairro no munic\u00edpio de S\u00e3o Paulo. Dessa forma, pretende-se instrumentalizar as pol\u00edticas p\u00fablicas e o [&hellip;]<\/p>\n","protected":false},"author":1,"featured_media":0,"parent":0,"menu_order":0,"comment_status":"closed","ping_status":"closed","template":"","meta":{"footnotes":"","_links_to":"","_links_to_target":""},"class_list":["post-79","page","type-page","status-publish","hentry"],"_links":{"self":[{"href":"https:\/\/sites.usp.br\/planbairros\/wp-json\/wp\/v2\/pages\/79","targetHints":{"allow":["GET"]}}],"collection":[{"href":"https:\/\/sites.usp.br\/planbairros\/wp-json\/wp\/v2\/pages"}],"about":[{"href":"https:\/\/sites.usp.br\/planbairros\/wp-json\/wp\/v2\/types\/page"}],"author":[{"embeddable":true,"href":"https:\/\/sites.usp.br\/planbairros\/wp-json\/wp\/v2\/users\/1"}],"replies":[{"embeddable":true,"href":"https:\/\/sites.usp.br\/planbairros\/wp-json\/wp\/v2\/comments?post=79"}],"version-history":[{"count":4,"href":"https:\/\/sites.usp.br\/planbairros\/wp-json\/wp\/v2\/pages\/79\/revisions"}],"predecessor-version":[{"id":634,"href":"https:\/\/sites.usp.br\/planbairros\/wp-json\/wp\/v2\/pages\/79\/revisions\/634"}],"wp:attachment":[{"href":"https:\/\/sites.usp.br\/planbairros\/wp-json\/wp\/v2\/media?parent=79"}],"curies":[{"name":"wp","href":"https:\/\/api.w.org\/{rel}","templated":true}]}}