{"id":461,"date":"2015-06-29T12:38:44","date_gmt":"2015-06-29T15:38:44","guid":{"rendered":"http:\/\/sites.usp.br\/pme\/?page_id=461"},"modified":"2015-07-08T12:30:53","modified_gmt":"2015-07-08T15:30:53","slug":"centro-de-estudos-da-metropole-cem","status":"publish","type":"page","link":"https:\/\/sites.usp.br\/pme\/?page_id=461","title":{"rendered":"Centro de Estudos da Metr\u00f3pole (CEM)"},"content":{"rendered":"<p><a href=\"http:\/\/www.fflch.usp.br\/centrodametropole\" target=\"_blank\"><img loading=\"lazy\" decoding=\"async\" src=\"http:\/\/sites.usp.br\/pme\/wp-content\/uploads\/sites\/67\/2015\/06\/Logo_CEM_300.jpg\" alt=\"Logo_CEM_300\" width=\"300\" height=\"168\" class=\"aligncenter size-full wp-image-466\" \/><\/a>Sediado na USP e no CEBRAP, o Centro de Estudos da Metr\u00f3pole (CEM) \u00e9 um instituto de pesquisa em pol\u00edticas p\u00fablicas com os seguintes focos principais: an\u00e1lise das desigualdades no Brasil nos \u00faltimos 50 anos e a rela\u00e7\u00e3o com a democracia; os impactos das pol\u00edticas p\u00fablicas na redu\u00e7\u00e3o da pobreza; o papel das institui\u00e7\u00f5es pol\u00edticas; e as metr\u00f3poles contempor\u00e2neas e as diferentes formas de governan\u00e7a em \u00e1reas urbanas. Dem\u00f3grafos, cientistas pol\u00edticos, soci\u00f3logos, ge\u00f3grafos, economistas e antrop\u00f3logos formam o grupo multidisciplinar de pesquisadores que investigam o acesso dos cidad\u00e3os ao bem-estar e os mecanismos para redu\u00e7\u00e3o da pobreza. \u00c9 um Centro de Pesquisa, Inova\u00e7\u00e3o e Difus\u00e3o (<a href=\"http:\/\/sites.usp.br\/pme\/cepid-centro-de-pesquisa-inovacao-e-difusao\/\" target=\"_blank\">Cepid<\/a>) financiado pela Fapesp.<\/p>\n<p><strong>Pesquisador respons\u00e1vel:<\/strong> Marta Arretche<br \/>\n<strong>Coordenador de Educa\u00e7\u00e3o e Difus\u00e3o do Conhecimento:<\/strong> M\u00f4nica Teixeira<br \/>\n<strong>Coordenador de Transfer\u00eancia de Tecnologia:<\/strong> Daniel Waldvogel Thom\u00e9 da Silva<\/p>\n<p><strong>Telefone:<\/strong> +55 (11) 3091-2097<br \/>\n<strong>Local:<\/strong> Pr\u00e9dio de Ci\u00eancias Sociais da Faculdade de Filosofia, Letras e Ci\u00eancias Humanas (FFLCH)<br \/>\nCidade Universit\u00e1ria &#8211; USP<br \/>\nAv. Prof. Luciano Gualberto, 315 \u2013 sala 116B<br \/>\n<strong>e-mail:<\/strong> contato@centrodametropole.org.br<br \/>\n<strong>Assessoria de imprensa:<\/strong> Ximena Le\u00f3n Contrera<br \/>\n+55 (11) 3091-2097 (USP) \/ +55 (11) 5574-0399, ramal 128 (Cebrap) \/ ximena@cmetropole.org.br<\/p>\n<p><strong>Site:<\/strong> <a href=\"http:\/\/www.fflch.usp.br\/centrodametropole\" target=\"_blank\">http:\/\/www.fflch.usp.br\/centrodametropole<\/a><br \/>\n<strong>P\u00e1gina na Fapesp:<\/strong> <a href=\"http:\/\/cepid.fapesp.br\/centro\/14\/\" target=\"_blank\">http:\/\/cepid.fapesp.br\/centro\/14\/<\/a><br \/>\n<strong>P\u00e1gina no Facebook:<\/strong> <a href=\"https:\/\/www.facebook.com\/pages\/CEM-Centro-de-Estudos-da-Metr%C3%B3pole\/237971339568276?fref=ts\" target=\"_blank\">https:\/\/www.facebook.com\/pages\/CEM-Centro-de-Estudos-da-Metr%C3%B3pole\/237971339568276?fref=ts<\/a><br \/>\n<strong>Folheto <\/strong>(em ingl\u00eas): <a href=\"http:\/\/sites.usp.br\/pme\/wp-content\/uploads\/sites\/67\/2015\/06\/CEM_14.pdf\" target=\"blank\">CEM<\/a><\/p>\n","protected":false},"excerpt":{"rendered":"<p>Sediado na USP e no CEBRAP, o Centro de Estudos da Metr\u00f3pole (CEM) \u00e9 um instituto de pesquisa em pol\u00edticas p\u00fablicas com os seguintes focos principais: an\u00e1lise das desigualdades no Brasil nos \u00faltimos 50 anos e a rela\u00e7\u00e3o com a democracia; os impactos das pol\u00edticas p\u00fablicas na redu\u00e7\u00e3o da pobreza; o papel das institui\u00e7\u00f5es pol\u00edticas; &hellip; <\/p>\n<p class=\"link-more\"><a href=\"https:\/\/sites.usp.br\/pme\/?page_id=461\" class=\"more-link\">Continue lendo<span class=\"screen-reader-text\"> &#8220;Centro de Estudos da Metr\u00f3pole (CEM)&#8221;<\/span><\/a><\/p>\n","protected":false},"author":118,"featured_media":0,"parent":450,"menu_order":0,"comment_status":"closed","ping_status":"closed","template":"","meta":{"footnotes":"","_links_to":"","_links_to_target":""},"class_list":["post-461","page","type-page","status-publish","hentry"],"_links":{"self":[{"href":"https:\/\/sites.usp.br\/pme\/index.php?rest_route=\/wp\/v2\/pages\/461","targetHints":{"allow":["GET"]}}],"collection":[{"href":"https:\/\/sites.usp.br\/pme\/index.php?rest_route=\/wp\/v2\/pages"}],"about":[{"href":"https:\/\/sites.usp.br\/pme\/index.php?rest_route=\/wp\/v2\/types\/page"}],"author":[{"embeddable":true,"href":"https:\/\/sites.usp.br\/pme\/index.php?rest_route=\/wp\/v2\/users\/118"}],"replies":[{"embeddable":true,"href":"https:\/\/sites.usp.br\/pme\/index.php?rest_route=%2Fwp%2Fv2%2Fcomments&post=461"}],"version-history":[{"count":6,"href":"https:\/\/sites.usp.br\/pme\/index.php?rest_route=\/wp\/v2\/pages\/461\/revisions"}],"predecessor-version":[{"id":588,"href":"https:\/\/sites.usp.br\/pme\/index.php?rest_route=\/wp\/v2\/pages\/461\/revisions\/588"}],"up":[{"embeddable":true,"href":"https:\/\/sites.usp.br\/pme\/index.php?rest_route=\/wp\/v2\/pages\/450"}],"wp:attachment":[{"href":"https:\/\/sites.usp.br\/pme\/index.php?rest_route=%2Fwp%2Fv2%2Fmedia&parent=461"}],"curies":[{"name":"wp","href":"https:\/\/api.w.org\/{rel}","templated":true}]}}