{"id":5876,"date":"2023-08-28T07:58:13","date_gmt":"2023-08-28T10:58:13","guid":{"rendered":"https:\/\/sites.usp.br\/pme\/?page_id=5876"},"modified":"2023-08-28T08:00:29","modified_gmt":"2023-08-28T11:00:29","slug":"oport-pos-graduacao","status":"publish","type":"page","link":"https:\/\/sites.usp.br\/pme\/?page_id=5876","title":{"rendered":"Oport. P\u00f3s-Gradua\u00e7\u00e3o"},"content":{"rendered":"<div class=\"twelve columns mb45\">\n<div class=\"gdl-page-content\">\n<p>Aqui s\u00e3o anunciadas vagas para pesquisa e bolsas de estudo em n\u00edvel de p\u00f3s-gradua\u00e7\u00e3o no PME. Vale lembrar que para se candidatar a bolsas de estudo, \u00e9 preciso ser aluno regular do <a href=\"http:\/\/ppgem.poli.usp.br\">Programa de P\u00f3s-Gradua\u00e7\u00e3o em Engenharia Mec\u00e2nica<\/a> \u2014 o per\u00edodo de inscri\u00e7\u00e3o para o processo seletivo de alunos regulares e alunos especiais de mestrado e doutorado com in\u00edcio no segundo per\u00edodo letivo de 2014 acontece no primeiro semestre deste mesmo ano (maiores informa\u00e7\u00f5es ser\u00e3o divulgadas em breve). Em \u201cOutras oportunidades\u201d s\u00e3o divulgadas oportunidades de trabalho para alunos de p\u00f3s-gradua\u00e7\u00e3o j\u00e1 matriculados na USP em atividades extra-curriculares.<\/p>\n<h3>1. Mestrado<\/h3>\n<h4>\u2022 Pesquisa em Estabilidade de Escoamentos Multif\u00e1sicos<\/h4>\n<p><strong>Atividades:<\/strong> Estudo de estabilidade em sistemas pipeline-riser com aplica\u00e7\u00e3o ao fen\u00f4meno de intermit\u00eancia severa (severe slugging). Desenvolvimento de rotinas computacionais para a determina\u00e7\u00e3o da estabilidade e constru\u00e7\u00e3o dos mapas de estabilidade para diferentes casos. Compara\u00e7\u00e3o dos resultados com simula\u00e7\u00f5es no campo temporal utilizando programas computacionais desenvolvidos, assim como com experimentos a serem realizados na bancada multiprop\u00f3sito de escoamentos multif\u00e1sicos.<br \/>\n<strong>Requisitos:<\/strong> ser engenheiro, f\u00edsico ou matem\u00e1tico rec\u00e9m-formado, com excelente desempenho acad\u00eamico e desej\u00e1vel compet\u00eancia na \u00e1rea de Mec\u00e2nica dos Fluidos e Matem\u00e1tica.<br \/>\n<strong>Remunera\u00e7\u00e3o:<\/strong> Bolsa FUSP<br \/>\n<strong>Contato:<\/strong> Prof. Dr. Jorge Luis Bali\u00f1o, e-mail: jlbalino@usp.br, telefone: (11) 3091 5646 \/ 5640<br \/>\n<strong>Prazo para contato:<\/strong> 15\/06\/2012<br \/>\n<strong>Observa\u00e7\u00e3o:<\/strong> alternativamente, este projeto pode ser desenvolvido em n\u00edvel de doutorado direto.<\/p>\n<h4>\u2022 Pesquisa em Escoamentos Multif\u00e1sicos<\/h4>\n<p><strong>Atividades:<\/strong> Montagem de bancada multiprop\u00f3sito de escoamento bif\u00e1sico \u00e1gua-ar na Escola Polit\u00e9cnica da USP. Planejamento e realiza\u00e7\u00e3o de experimentos relacionados com intermit\u00eancia severa (severe slugging). Modelagem e simula\u00e7\u00e3o do fen\u00f4meno utilizando programas computacionais.<br \/>\n<strong>Requisitos:<\/strong> ser engenheiro ou f\u00edsico rec\u00e9m-formado, com excelente desempenho acad\u00eamico e desej\u00e1vel compet\u00eancia na \u00e1rea de Mec\u00e2nica dos Fluidos, experimental, instrumenta\u00e7\u00e3o e aquisi\u00e7\u00e3o de dados.<br \/>\n<strong>Remunera\u00e7\u00e3o:<\/strong> Bolsa FUSP<br \/>\n<strong>Contato:<\/strong> Prof. Dr. Jorge Luis Bali\u00f1o, e-mail: jlbalino@usp.br, telefone: (11) 3091 5646 \/ 5640<br \/>\n<strong>Prazo para contato:<\/strong> 15\/06\/2012<br \/>\n<strong>Observa\u00e7\u00e3o:<\/strong> alternativamente, este projeto pode ser desenvolvido em n\u00edvel de doutorado direto.<\/p>\n<h4>\u2022 Pesquisa no Laborat\u00f3rio de Din\u00e2mica e Simula\u00e7\u00e3o Veicular \u2013 LDSV<\/h4>\n<p><strong>Atividades:<\/strong> pesquisa nas \u00e1reas de din\u00e2mica e vibra\u00e7\u00f5es, modelagem de sistema veicular, simula\u00e7\u00e3o num\u00e9rica, utiliza\u00e7\u00e3o do software de sistemas multicorpos, medidas experimentais, pesquisa e modelagem de contato de rolamento, modelagem, simula\u00e7\u00e3o e desenvolvimento de sistemas metro-ferrovi\u00e1rios etc. Para mais informa\u00e7\u00f5es veja o site do laborat\u00f3rio: <a href=\"http:\/\/www.ldsv.poli.usp.br\" target=\"_blank\" rel=\"noopener\">www.ldsv.poli.usp.br<\/a>.<br \/>\n<strong>Remunera\u00e7\u00e3o:<\/strong> Bolsa FAPESP<br \/>\n<strong>Contato:<\/strong> Prof. Dr. Roberto Spinola Barbosa, e-mail: roberto.barbosa@poli.usp.br, sala ES-11<\/p>\n<h3>2. Doutorado<\/h3>\n<p>Nenhuma oportunidade anunciada no momento.<\/p>\n<h3>3. Doutorado Direto<\/h3>\n<h4>\u2022 Projeto de pesquisa em Estabilidade de Escoamentos Multif\u00e1sicos<\/h4>\n<p><strong>Atividades:<\/strong> Estudo de estabilidade em sistemas pipeline-riser com aplica\u00e7\u00e3o ao fen\u00f4meno de intermit\u00eancia severa (severe slugging). Desenvolvimento de rotinas computacionais para a determina\u00e7\u00e3o da estabilidade e constru\u00e7\u00e3o dos mapas de estabilidade para diferentes casos. Compara\u00e7\u00e3o dos resultados com simula\u00e7\u00f5es no campo temporal utilizando programas computacionais desenvolvidos, assim como com experimentos a serem realizados na bancada multiprop\u00f3sito de escoamentos multif\u00e1sicos.<br \/>\n<strong>Requisitos:<\/strong> ser engenheiro, f\u00edsico ou matem\u00e1tico rec\u00e9m-formado, com excelente desempenho acad\u00eamico e desej\u00e1vel compet\u00eancia na \u00e1rea de Mec\u00e2nica dos Fluidos e Matem\u00e1tica.<br \/>\n<strong>Remunera\u00e7\u00e3o:<\/strong> Bolsa FUSP<br \/>\n<strong>Contato:<\/strong> Prof. Dr. Jorge Luis Bali\u00f1o, e-mail: jlbalino@usp.br, telefone: (11) 3091 5646 \/ 5640<br \/>\n<strong>Prazo para contato:<\/strong> 15\/06\/2012<br \/>\n<strong>Observa\u00e7\u00e3o:<\/strong> alternativamente, este projeto pode ser desenvolvido em n\u00edvel de mestrado.<\/p>\n<h4>\u2022 Projeto de pesquisa em Escoamentos Multif\u00e1sicos<\/h4>\n<p><strong>Atividades:<\/strong> Montagem de bancada multiprop\u00f3sito de escoamento bif\u00e1sico \u00e1gua-ar na Escola Polit\u00e9cnica da USP. Planejamento e realiza\u00e7\u00e3o de experimentos relacionados com intermit\u00eancia severa (severe slugging). Modelagem e simula\u00e7\u00e3o do fen\u00f4meno utilizando programas computacionais.<br \/>\n<strong>Requisitos:<\/strong> ser engenheiro ou f\u00edsico rec\u00e9m-formado, com excelente desempenho acad\u00eamico e desej\u00e1vel compet\u00eancia na \u00e1rea de Mec\u00e2nica dos Fluidos, experimental, instrumenta\u00e7\u00e3o e aquisi\u00e7\u00e3o de dados.<br \/>\n<strong>Remunera\u00e7\u00e3o:<\/strong> Bolsa FUSP<br \/>\n<strong>Contato:<\/strong> Prof. Dr. Jorge Luis Bali\u00f1o, e-mail: jlbalino@usp.br, telefone: (11) 3091 5646 \/ 5640<br \/>\n<strong>Prazo para contato:<\/strong> 15\/06\/2012<br \/>\n<strong>Observa\u00e7\u00e3o:<\/strong> alternativamente, este projeto pode ser desenvolvido em n\u00edvel de mestrado.<\/p>\n<h3>4. Outras oportunidades<\/h3>\n<p>Nenhuma oportunidade anunciada no momento.<\/p>\n<\/div>\n<\/div>\n","protected":false},"excerpt":{"rendered":"<p>Aqui s\u00e3o anunciadas vagas para pesquisa e bolsas de estudo em n\u00edvel de p\u00f3s-gradua\u00e7\u00e3o no PME. Vale lembrar que para se candidatar a bolsas de estudo, \u00e9 preciso ser aluno regular do Programa de P\u00f3s-Gradua\u00e7\u00e3o em Engenharia Mec\u00e2nica \u2014 o per\u00edodo de inscri\u00e7\u00e3o para o processo seletivo de alunos regulares e alunos especiais de mestrado &hellip; <\/p>\n<p class=\"link-more\"><a href=\"https:\/\/sites.usp.br\/pme\/?page_id=5876\" class=\"more-link\">Continue lendo<span class=\"screen-reader-text\"> &#8220;Oport. P\u00f3s-Gradua\u00e7\u00e3o&#8221;<\/span><\/a><\/p>\n","protected":false},"author":22751,"featured_media":0,"parent":0,"menu_order":0,"comment_status":"closed","ping_status":"closed","template":"","meta":{"footnotes":"","_links_to":"","_links_to_target":""},"class_list":["post-5876","page","type-page","status-publish","hentry"],"_links":{"self":[{"href":"https:\/\/sites.usp.br\/pme\/index.php?rest_route=\/wp\/v2\/pages\/5876","targetHints":{"allow":["GET"]}}],"collection":[{"href":"https:\/\/sites.usp.br\/pme\/index.php?rest_route=\/wp\/v2\/pages"}],"about":[{"href":"https:\/\/sites.usp.br\/pme\/index.php?rest_route=\/wp\/v2\/types\/page"}],"author":[{"embeddable":true,"href":"https:\/\/sites.usp.br\/pme\/index.php?rest_route=\/wp\/v2\/users\/22751"}],"replies":[{"embeddable":true,"href":"https:\/\/sites.usp.br\/pme\/index.php?rest_route=%2Fwp%2Fv2%2Fcomments&post=5876"}],"version-history":[{"count":2,"href":"https:\/\/sites.usp.br\/pme\/index.php?rest_route=\/wp\/v2\/pages\/5876\/revisions"}],"predecessor-version":[{"id":5878,"href":"https:\/\/sites.usp.br\/pme\/index.php?rest_route=\/wp\/v2\/pages\/5876\/revisions\/5878"}],"wp:attachment":[{"href":"https:\/\/sites.usp.br\/pme\/index.php?rest_route=%2Fwp%2Fv2%2Fmedia&parent=5876"}],"curies":[{"name":"wp","href":"https:\/\/api.w.org\/{rel}","templated":true}]}}