{"id":2911,"date":"2026-03-31T10:13:09","date_gmt":"2026-03-31T13:13:09","guid":{"rendered":"https:\/\/sites.usp.br\/pme-prototipo\/?page_id=2911"},"modified":"2026-04-06T14:10:02","modified_gmt":"2026-04-06T17:10:02","slug":"ensino","status":"publish","type":"page","link":"https:\/\/sites.usp.br\/pme\/ensino\/","title":{"rendered":"Ensino"},"content":{"rendered":"\t\t<div data-elementor-type=\"wp-page\" data-elementor-id=\"2911\" class=\"elementor elementor-2911\" data-elementor-post-type=\"page\">\n\t\t\t\t\t\t<section class=\"elementor-section elementor-top-section elementor-element elementor-element-575a9dcb elementor-section-boxed elementor-section-height-default elementor-section-height-default\" data-id=\"575a9dcb\" data-element_type=\"section\">\n\t\t\t\t\t\t<div class=\"elementor-container elementor-column-gap-default\">\n\t\t\t\t\t<div class=\"elementor-column elementor-col-100 elementor-top-column elementor-element elementor-element-f962486\" data-id=\"f962486\" data-element_type=\"column\">\n\t\t\t<div class=\"elementor-widget-wrap elementor-element-populated\">\n\t\t\t\t\t\t<div class=\"elementor-element elementor-element-b32f1fd elementor-widget elementor-widget-text-editor\" data-id=\"b32f1fd\" data-element_type=\"widget\" data-widget_type=\"text-editor.default\">\n\t\t\t\t<div class=\"elementor-widget-container\">\n\t\t\t\t\t\t\t<p class=\"ds-markdown-paragraph\"><strong>Forma\u00e7\u00e3o de Excel\u00eancia em Engenharia Mec\u00e2nica<\/strong><br \/>O Departamento de Engenharia Mec\u00e2nica (PME) da Poli-USP oferece programas de ensino que combinam base cient\u00edfica s\u00f3lida, desenvolvimento tecnol\u00f3gico e inova\u00e7\u00e3o. Preparamos engenheiros e pesquisadores para liderar nas ind\u00fastrias, centros de pesquisa e no meio acad\u00eamico.<\/p><p class=\"ds-markdown-paragraph\"><strong>Nossos n\u00edveis de ensino:<\/strong><\/p><ul><li><p class=\"ds-markdown-paragraph\"><a href=\"https:\/\/sites.usp.br\/pme-prototipo\/graduacao-2\/\"><strong>Gradua\u00e7\u00e3o em Engenharia Mec\u00e2nica<\/strong><\/a>\u00a0\u2013 Forma\u00e7\u00e3o generalista com \u00eanfase em projeto, materiais, termoci\u00eancias e sistemas.<\/p><\/li><li><p class=\"ds-markdown-paragraph\"><a href=\"https:\/\/sites.usp.br\/pme-prototipo\/pos-graduacao\/\"><strong>P\u00f3s-Gradua\u00e7\u00e3o (Mestrado e Doutorado)<\/strong><\/a>\u00a0\u2013 \u00c1reas de pesquisa em materiais, manufatura, automa\u00e7\u00e3o, din\u00e2mica, fluidos e energia.<\/p><\/li><\/ul>\t\t\t\t\t\t<\/div>\n\t\t\t\t<\/div>\n\t\t\t\t\t<\/div>\n\t\t<\/div>\n\t\t\t\t\t<\/div>\n\t\t<\/section>\n\t\t\t\t<\/div>\n\t\t","protected":false},"excerpt":{"rendered":"<p>Forma\u00e7\u00e3o de Excel\u00eancia em Engenharia Mec\u00e2nicaO Departamento de Engenharia Mec\u00e2nica (PME) da Poli-USP oferece programas de ensino que combinam base cient\u00edfica s\u00f3lida, desenvolvimento tecnol\u00f3gico e inova\u00e7\u00e3o. Preparamos engenheiros e pesquisadores para liderar nas ind\u00fastrias, centros de pesquisa e no meio acad\u00eamico. Nossos n\u00edveis de ensino: Gradua\u00e7\u00e3o em Engenharia Mec\u00e2nica\u00a0\u2013 Forma\u00e7\u00e3o generalista com \u00eanfase em projeto, [&hellip;]<\/p>\n","protected":false},"author":25194,"featured_media":3323,"parent":0,"menu_order":0,"comment_status":"closed","ping_status":"closed","template":"","meta":{"_monsterinsights_skip_tracking":false,"_monsterinsights_sitenote_active":false,"_monsterinsights_sitenote_note":"","_monsterinsights_sitenote_category":0,"footnotes":"","_links_to":"","_links_to_target":""},"class_list":["post-2911","page","type-page","status-publish","has-post-thumbnail","hentry","entry","has-media"],"_links":{"self":[{"href":"https:\/\/sites.usp.br\/pme\/wp-json\/wp\/v2\/pages\/2911","targetHints":{"allow":["GET"]}}],"collection":[{"href":"https:\/\/sites.usp.br\/pme\/wp-json\/wp\/v2\/pages"}],"about":[{"href":"https:\/\/sites.usp.br\/pme\/wp-json\/wp\/v2\/types\/page"}],"author":[{"embeddable":true,"href":"https:\/\/sites.usp.br\/pme\/wp-json\/wp\/v2\/users\/25194"}],"replies":[{"embeddable":true,"href":"https:\/\/sites.usp.br\/pme\/wp-json\/wp\/v2\/comments?post=2911"}],"version-history":[{"count":4,"href":"https:\/\/sites.usp.br\/pme\/wp-json\/wp\/v2\/pages\/2911\/revisions"}],"predecessor-version":[{"id":3342,"href":"https:\/\/sites.usp.br\/pme\/wp-json\/wp\/v2\/pages\/2911\/revisions\/3342"}],"wp:featuredmedia":[{"embeddable":true,"href":"https:\/\/sites.usp.br\/pme\/wp-json\/wp\/v2\/media\/3323"}],"wp:attachment":[{"href":"https:\/\/sites.usp.br\/pme\/wp-json\/wp\/v2\/media?parent=2911"}],"curies":[{"name":"wp","href":"https:\/\/api.w.org\/{rel}","templated":true}]}}