{"id":2913,"date":"2026-03-31T10:13:45","date_gmt":"2026-03-31T13:13:45","guid":{"rendered":"https:\/\/sites.usp.br\/pme-prototipo\/?page_id=2913"},"modified":"2026-04-06T14:22:22","modified_gmt":"2026-04-06T17:22:22","slug":"pos-graduacao","status":"publish","type":"page","link":"https:\/\/sites.usp.br\/pme\/pos-graduacao\/","title":{"rendered":"P\u00f3s-gradua\u00e7\u00e3o"},"content":{"rendered":"<h3>Programa de P\u00f3s-Gradua\u00e7\u00e3o em Engenharia Mec\u00e2nica (PPGEM)<\/h3>\n<p class=\"ds-markdown-paragraph\"><strong>Modalidades:<\/strong>\u00a0Mestrado Acad\u00eamico e Doutorado<br \/>\n<strong>Site oficial:<\/strong>\u00a0<a href=\"http:\/\/ppgem.poli.usp.br\/\" target=\"_blank\" rel=\"noopener noreferrer\">ppgem.poli.usp.br<\/a><\/p>\n<p class=\"ds-markdown-paragraph\">Criado em 1980, o PPGEM tem como objetivos b\u00e1sicos a forma\u00e7\u00e3o de docentes para cursos superiores, pesquisadores para a \u00e1rea t\u00e9cnico-cient\u00edfica e profissionais especializados para o meio produtivo. O programa envolve docentes do Departamento de Engenharia Mec\u00e2nica (PME) e do Departamento de Engenharia Mecatr\u00f4nica (PMR)\u00a0.<\/p>\n<p class=\"ds-markdown-paragraph\"><strong>\u00c1reas de Concentra\u00e7\u00e3o:<\/strong><\/p>\n<ul>\n<li>\n<p class=\"ds-markdown-paragraph\"><strong>Engenharia Mec\u00e2nica de Energia e Fluidos:<\/strong>\u00a0Termoci\u00eancias, mec\u00e2nica dos fluidos e efici\u00eancia energ\u00e9tica\u00a0.<\/p>\n<\/li>\n<li>\n<p class=\"ds-markdown-paragraph\"><strong>Engenharia Mec\u00e2nica de Projeto e Fabrica\u00e7\u00e3o:<\/strong>\u00a0Projeto de m\u00e1quinas, estruturas mec\u00e2nicas, comportamento dos materiais e processos de fabrica\u00e7\u00e3o\u00a0.<\/p>\n<\/li>\n<li>\n<p class=\"ds-markdown-paragraph\"><strong>Engenharia de Controle e Automa\u00e7\u00e3o Mec\u00e2nica:<\/strong>\u00a0Mecatr\u00f4nica, rob\u00f3tica, din\u00e2mica de sistemas e controle\u00a0.<\/p>\n<\/li>\n<\/ul>\n<p class=\"ds-markdown-paragraph\"><strong>Corpo Docente e Infraestrutura:<\/strong><br \/>\nO programa conta com\u00a0<strong>58 professores doutores<\/strong>\u00a0(mais de 60, segundo dados atualizados) e j\u00e1 formou centenas de mestres e doutores. As pesquisas s\u00e3o desenvolvidas em 23 laborat\u00f3rios, com forte intera\u00e7\u00e3o com o setor produtivo por meio de conv\u00eanios com empresas como\u00a0<strong>Petrobras, Embraer e A\u00e7os Villares<\/strong>\u00a0.<\/p>\n<p class=\"ds-markdown-paragraph\"><strong>Processo Seletivo:<\/strong><br \/>\nAs sele\u00e7\u00f5es ocorrem geralmente duas vezes por ano. O processo envolve an\u00e1lise de curr\u00edculo, projeto de pesquisa e comprova\u00e7\u00e3o de profici\u00eancia em ingl\u00eas. H\u00e1 oferta de bolsas de estudo (CNPq, CAPES)<\/p>\n","protected":false},"excerpt":{"rendered":"<p>Programa de P\u00f3s-Gradua\u00e7\u00e3o em Engenharia Mec\u00e2nica (PPGEM) Modalidades:\u00a0Mestrado Acad\u00eamico e Doutorado Site oficial:\u00a0ppgem.poli.usp.br Criado em 1980, o PPGEM tem como objetivos b\u00e1sicos a forma\u00e7\u00e3o de docentes para cursos superiores, pesquisadores para a \u00e1rea t\u00e9cnico-cient\u00edfica e profissionais especializados para o meio produtivo. O programa envolve docentes do Departamento de Engenharia Mec\u00e2nica (PME) e do Departamento de [&hellip;]<\/p>\n","protected":false},"author":25194,"featured_media":0,"parent":0,"menu_order":0,"comment_status":"closed","ping_status":"closed","template":"","meta":{"_monsterinsights_skip_tracking":false,"_monsterinsights_sitenote_active":false,"_monsterinsights_sitenote_note":"","_monsterinsights_sitenote_category":0,"footnotes":"","_links_to":"","_links_to_target":""},"class_list":["post-2913","page","type-page","status-publish","hentry","entry"],"_links":{"self":[{"href":"https:\/\/sites.usp.br\/pme\/wp-json\/wp\/v2\/pages\/2913","targetHints":{"allow":["GET"]}}],"collection":[{"href":"https:\/\/sites.usp.br\/pme\/wp-json\/wp\/v2\/pages"}],"about":[{"href":"https:\/\/sites.usp.br\/pme\/wp-json\/wp\/v2\/types\/page"}],"author":[{"embeddable":true,"href":"https:\/\/sites.usp.br\/pme\/wp-json\/wp\/v2\/users\/25194"}],"replies":[{"embeddable":true,"href":"https:\/\/sites.usp.br\/pme\/wp-json\/wp\/v2\/comments?post=2913"}],"version-history":[{"count":3,"href":"https:\/\/sites.usp.br\/pme\/wp-json\/wp\/v2\/pages\/2913\/revisions"}],"predecessor-version":[{"id":3355,"href":"https:\/\/sites.usp.br\/pme\/wp-json\/wp\/v2\/pages\/2913\/revisions\/3355"}],"wp:attachment":[{"href":"https:\/\/sites.usp.br\/pme\/wp-json\/wp\/v2\/media?parent=2913"}],"curies":[{"name":"wp","href":"https:\/\/api.w.org\/{rel}","templated":true}]}}