{"id":2917,"date":"2026-03-31T10:14:32","date_gmt":"2026-03-31T13:14:32","guid":{"rendered":"https:\/\/sites.usp.br\/pme-prototipo\/?page_id=2917"},"modified":"2026-04-12T15:43:16","modified_gmt":"2026-04-12T18:43:16","slug":"inscricoes-e-calendario","status":"publish","type":"page","link":"https:\/\/sites.usp.br\/pme\/inscricoes-e-calendario\/","title":{"rendered":"Inscri\u00e7\u00f5es e calend\u00e1rio"},"content":{"rendered":"\t\t<div data-elementor-type=\"wp-page\" data-elementor-id=\"2917\" class=\"elementor elementor-2917\" data-elementor-post-type=\"page\">\n\t\t\t\t\t\t<section class=\"elementor-section elementor-top-section elementor-element elementor-element-9fe342c elementor-section-boxed elementor-section-height-default elementor-section-height-default\" data-id=\"9fe342c\" data-element_type=\"section\">\n\t\t\t\t\t\t<div class=\"elementor-container elementor-column-gap-default\">\n\t\t\t\t\t<div class=\"elementor-column elementor-col-100 elementor-top-column elementor-element elementor-element-db34582\" data-id=\"db34582\" data-element_type=\"column\">\n\t\t\t<div class=\"elementor-widget-wrap elementor-element-populated\">\n\t\t\t\t\t\t<div class=\"elementor-element elementor-element-4144c53 elementor-widget elementor-widget-heading\" data-id=\"4144c53\" data-element_type=\"widget\" data-widget_type=\"heading.default\">\n\t\t\t\t<div class=\"elementor-widget-container\">\n\t\t\t<h2 class=\"elementor-heading-title elementor-size-default\">Processo Seletivo<\/h2>\t\t<\/div>\n\t\t\t\t<\/div>\n\t\t\t\t\t<\/div>\n\t\t<\/div>\n\t\t\t\t\t<\/div>\n\t\t<\/section>\n\t\t\t\t<section class=\"elementor-section elementor-top-section elementor-element elementor-element-85ffe3d elementor-section-boxed elementor-section-height-default elementor-section-height-default\" data-id=\"85ffe3d\" data-element_type=\"section\">\n\t\t\t\t\t\t<div class=\"elementor-container elementor-column-gap-default\">\n\t\t\t\t\t<div class=\"elementor-column elementor-col-33 elementor-top-column elementor-element elementor-element-381d98e\" data-id=\"381d98e\" data-element_type=\"column\">\n\t\t\t<div class=\"elementor-widget-wrap elementor-element-populated\">\n\t\t\t\t\t\t<div class=\"elementor-element elementor-element-9bce404 elementor-widget elementor-widget-text-editor\" data-id=\"9bce404\" data-element_type=\"widget\" data-widget_type=\"text-editor.default\">\n\t\t\t\t<div class=\"elementor-widget-container\">\n\t\t\t\t\t\t\t<p>O ingresso no curso de gradua\u00e7\u00e3o em Engenharia Mec\u00e2nica da Poli-USP se d\u00e1 por meio de dois processos seletivos:<\/p><ul><li><strong>Fuvest:\u00a0<\/strong>principal vestibular da USP, com provas em duas fases.<\/li><li><strong>ENEM-USP:\u00a0<\/strong>utiliza\u00e7\u00e3o da nota do ENEM para ingresso.<\/li><\/ul>\t\t\t\t\t\t<\/div>\n\t\t\t\t<\/div>\n\t\t\t\t\t<\/div>\n\t\t<\/div>\n\t\t\t\t<div class=\"elementor-column elementor-col-33 elementor-top-column elementor-element elementor-element-55efd13\" data-id=\"55efd13\" data-element_type=\"column\">\n\t\t\t<div class=\"elementor-widget-wrap elementor-element-populated\">\n\t\t\t\t\t\t<div class=\"elementor-element elementor-element-3bde52e elementor-widget elementor-widget-button\" data-id=\"3bde52e\" data-element_type=\"widget\" data-widget_type=\"button.default\">\n\t\t\t\t<div class=\"elementor-widget-container\">\n\t\t\t\t\t\t\t<div class=\"elementor-button-wrapper\">\n\t\t\t\t\t<a class=\"elementor-button elementor-button-link elementor-size-sm\" href=\"https:\/\/www.fuvest.br\/vestibular-da-usp\/\" target=\"_blank\">\n\t\t\t\t\t\t<span class=\"elementor-button-content-wrapper\">\n\t\t\t\t\t\t\t\t\t<span class=\"elementor-button-text\">Site oficial FUVEST<\/span>\n\t\t\t\t\t<\/span>\n\t\t\t\t\t<\/a>\n\t\t\t\t<\/div>\n\t\t\t\t\t\t<\/div>\n\t\t\t\t<\/div>\n\t\t\t\t\t<\/div>\n\t\t<\/div>\n\t\t\t\t<div class=\"elementor-column elementor-col-33 elementor-top-column elementor-element elementor-element-633961e\" data-id=\"633961e\" data-element_type=\"column\">\n\t\t\t<div class=\"elementor-widget-wrap elementor-element-populated\">\n\t\t\t\t\t\t<div class=\"elementor-element elementor-element-a40022a elementor-widget elementor-widget-button\" data-id=\"a40022a\" data-element_type=\"widget\" data-widget_type=\"button.default\">\n\t\t\t\t<div class=\"elementor-widget-container\">\n\t\t\t\t\t\t\t<div class=\"elementor-button-wrapper\">\n\t\t\t\t\t<a class=\"elementor-button elementor-button-link elementor-size-sm\" href=\"https:\/\/enem.inep.gov.br\/participante\/#!\/\" target=\"_blank\">\n\t\t\t\t\t\t<span class=\"elementor-button-content-wrapper\">\n\t\t\t\t\t\t\t\t\t<span class=\"elementor-button-text\">Site oficial ENEM<\/span>\n\t\t\t\t\t<\/span>\n\t\t\t\t\t<\/a>\n\t\t\t\t<\/div>\n\t\t\t\t\t\t<\/div>\n\t\t\t\t<\/div>\n\t\t\t\t\t<\/div>\n\t\t<\/div>\n\t\t\t\t\t<\/div>\n\t\t<\/section>\n\t\t\t\t<section class=\"elementor-section elementor-top-section elementor-element elementor-element-493a6c4f elementor-section-boxed elementor-section-height-default elementor-section-height-default\" data-id=\"493a6c4f\" data-element_type=\"section\">\n\t\t\t\t\t\t<div class=\"elementor-container elementor-column-gap-default\">\n\t\t\t\t\t<div class=\"elementor-column elementor-col-100 elementor-top-column elementor-element elementor-element-51b16226\" data-id=\"51b16226\" data-element_type=\"column\">\n\t\t\t<div class=\"elementor-widget-wrap elementor-element-populated\">\n\t\t\t\t\t\t<div class=\"elementor-element elementor-element-114e096c elementor-widget elementor-widget-text-editor\" data-id=\"114e096c\" data-element_type=\"widget\" data-widget_type=\"text-editor.default\">\n\t\t\t\t<div class=\"elementor-widget-container\">\n\t\t\t\t\t\t\t<h3>Ingresso pela FUVEST<\/h3><p>A principal forma de ingresso na Escola Polit\u00e9cnica da USP \u00e9 por meio do vestibular da FUVEST, realizado anualmente. O processo seletivo \u00e9 dividido em duas fases.<\/p><p>A primeira fase consiste em uma prova objetiva com quest\u00f5es de m\u00faltipla escolha sobre conte\u00fados do ensino m\u00e9dio. Os candidatos aprovados nessa etapa seguem para a segunda fase, composta por provas dissertativas e reda\u00e7\u00e3o, com maior peso para disciplinas de Ci\u00eancias Exatas, especialmente Matem\u00e1tica, F\u00edsica e Qu\u00edmica, no caso das Engenharias.<\/p><p>Ap\u00f3s a aprova\u00e7\u00e3o, o aluno ingressa na Escola Polit\u00e9cnica e cursa o ciclo b\u00e1sico das Engenharias. Ao longo do curso, segue a forma\u00e7\u00e3o espec\u00edfica em Engenharia Mec\u00e2nica vinculada ao Departamento de Engenharia Mec\u00e2nica (PME).<\/p><p>De modo geral, o calend\u00e1rio da FUVEST segue o seguinte cronograma anual:<\/p><ul><li>Inscri\u00e7\u00f5es: agosto a outubro<\/li><li>Primeira fase: novembro<\/li><li>Segunda fase: dezembro e janeiro<\/li><li>Resultados e matr\u00edculas: janeiro e fevereiro<\/li><li>In\u00edcio das aulas: fevereiro<\/li><\/ul><p>As datas exatas variam a cada ano e devem ser consultadas no edital da FUVEST.<\/p><h3>Ingresso pelo ENEM-USP<\/h3><p>A USP tamb\u00e9m oferece vagas por meio do processo ENEM-USP, que utiliza as notas do Exame Nacional do Ensino M\u00e9dio para sele\u00e7\u00e3o de candidatos aos cursos de gradua\u00e7\u00e3o da universidade. Nesse processo, o candidato realiza o ENEM e posteriormente se inscreve no processo seletivo ENEM-USP, escolhendo a \u00e1rea de Ci\u00eancias Exatas e Tecnol\u00f3gicas e os cursos desejados.<\/p><p>No processo ENEM-USP 2026, por exemplo, as inscri\u00e7\u00f5es ocorreram entre o final de novembro e dezembro, com chamadas e matr\u00edculas realizadas entre janeiro e fevereiro.<\/p><p>Assim como no vestibular da FUVEST, os estudantes aprovados ingressam na Escola Polit\u00e9cnica e posteriormente seguem a forma\u00e7\u00e3o espec\u00edfica em Engenharia Mec\u00e2nica ao longo da gradua\u00e7\u00e3o.<\/p><h3>Observa\u00e7\u00f5es Importantes<\/h3><p>Recomenda-se que os candidatos acompanhem anualmente os editais e calend\u00e1rios oficiais da FUVEST e do ENEM-USP, pois as datas podem sofrer altera\u00e7\u00f5es a cada processo seletivo.<\/p><p>Para informa\u00e7\u00f5es atualizadas sobre inscri\u00e7\u00f5es, calend\u00e1rio e formas de ingresso, os candidatos devem consultar os sites oficiais da FUVEST e do INEP.<\/p>\t\t\t\t\t\t<\/div>\n\t\t\t\t<\/div>\n\t\t\t\t\t<\/div>\n\t\t<\/div>\n\t\t\t\t\t<\/div>\n\t\t<\/section>\n\t\t\t\t<\/div>\n\t\t","protected":false},"excerpt":{"rendered":"<p>Processo Seletivo O ingresso no curso de gradua\u00e7\u00e3o em Engenharia Mec\u00e2nica da Poli-USP se d\u00e1 por meio de dois processos seletivos: Fuvest:\u00a0principal vestibular da USP, com provas em duas fases. ENEM-USP:\u00a0utiliza\u00e7\u00e3o da nota do ENEM para ingresso. Site oficial FUVEST Site oficial ENEM Ingresso pela FUVEST A principal forma de ingresso na Escola Polit\u00e9cnica da [&hellip;]<\/p>\n","protected":false},"author":25194,"featured_media":0,"parent":0,"menu_order":0,"comment_status":"closed","ping_status":"closed","template":"","meta":{"_monsterinsights_skip_tracking":false,"_monsterinsights_sitenote_active":false,"_monsterinsights_sitenote_note":"","_monsterinsights_sitenote_category":0,"footnotes":"","_links_to":"","_links_to_target":""},"class_list":["post-2917","page","type-page","status-publish","hentry","entry"],"_links":{"self":[{"href":"https:\/\/sites.usp.br\/pme\/wp-json\/wp\/v2\/pages\/2917","targetHints":{"allow":["GET"]}}],"collection":[{"href":"https:\/\/sites.usp.br\/pme\/wp-json\/wp\/v2\/pages"}],"about":[{"href":"https:\/\/sites.usp.br\/pme\/wp-json\/wp\/v2\/types\/page"}],"author":[{"embeddable":true,"href":"https:\/\/sites.usp.br\/pme\/wp-json\/wp\/v2\/users\/25194"}],"replies":[{"embeddable":true,"href":"https:\/\/sites.usp.br\/pme\/wp-json\/wp\/v2\/comments?post=2917"}],"version-history":[{"count":4,"href":"https:\/\/sites.usp.br\/pme\/wp-json\/wp\/v2\/pages\/2917\/revisions"}],"predecessor-version":[{"id":3431,"href":"https:\/\/sites.usp.br\/pme\/wp-json\/wp\/v2\/pages\/2917\/revisions\/3431"}],"wp:attachment":[{"href":"https:\/\/sites.usp.br\/pme\/wp-json\/wp\/v2\/media?parent=2917"}],"curies":[{"name":"wp","href":"https:\/\/api.w.org\/{rel}","templated":true}]}}