{"id":2921,"date":"2026-03-31T10:15:33","date_gmt":"2026-03-31T13:15:33","guid":{"rendered":"https:\/\/sites.usp.br\/pme-prototipo\/?page_id=2921"},"modified":"2026-04-12T19:21:37","modified_gmt":"2026-04-12T22:21:37","slug":"oportunidades","status":"publish","type":"page","link":"https:\/\/sites.usp.br\/pme\/oportunidades\/","title":{"rendered":"Oportunidades"},"content":{"rendered":"\t\t<div data-elementor-type=\"wp-page\" data-elementor-id=\"2921\" class=\"elementor elementor-2921\" data-elementor-post-type=\"page\">\n\t\t\t\t\t\t<section class=\"elementor-section elementor-top-section elementor-element elementor-element-2d53ac0b elementor-section-boxed elementor-section-height-default elementor-section-height-default\" data-id=\"2d53ac0b\" data-element_type=\"section\">\n\t\t\t\t\t\t<div class=\"elementor-container elementor-column-gap-default\">\n\t\t\t\t\t<div class=\"elementor-column elementor-col-100 elementor-top-column elementor-element elementor-element-ebb37d7\" data-id=\"ebb37d7\" data-element_type=\"column\">\n\t\t\t<div class=\"elementor-widget-wrap elementor-element-populated\">\n\t\t\t\t\t\t<div class=\"elementor-element elementor-element-9570469 elementor-widget elementor-widget-text-editor\" data-id=\"9570469\" data-element_type=\"widget\" data-widget_type=\"text-editor.default\">\n\t\t\t\t<div class=\"elementor-widget-container\">\n\t\t\t\t\t\t\t<p><strong><a href=\"https:\/\/sites.usp.br\/pme-prototipo\/iniciacao-cientifica\/\">Inicia\u00e7\u00e3o Cient\u00edfica \ud83e\uddea<\/a><\/strong><\/p><p><strong><a href=\"https:\/\/sites.usp.br\/pme-prototipo\/estagios\/\">Est\u00e1gios&#8230;&#8230;&#8230;&#8230;&#8230;&#8230;&#8230;&#8230;\ud83d\udcbc<\/a><\/strong><\/p><p><strong><a href=\"https:\/\/sites.usp.br\/pme-prototipo\/monitoria\/\">Monitoria\u00a0 &#8230;&#8230;&#8230;&#8230;&#8230;&#8230;.\u270f\ufe0f<\/a><\/strong><\/p><p><strong><a href=\"https:\/\/sites.usp.br\/pme-prototipo\/intercambio\/\">Interc\u00e2mbio &#8230;&#8230;&#8230;&#8230;&#8230;\u2708\ufe0f<\/a><\/strong><\/p><p><strong><a href=\"https:\/\/sites.usp.br\/pme-prototipo\/outras-bolsas\/\">Outras Bolsas &#8230;&#8230;&#8230;&#8230;\ud83c\udfc5<\/a><\/strong><\/p>\t\t\t\t\t\t<\/div>\n\t\t\t\t<\/div>\n\t\t\t\t\t<\/div>\n\t\t<\/div>\n\t\t\t\t\t<\/div>\n\t\t<\/section>\n\t\t\t\t<\/div>\n\t\t","protected":false},"excerpt":{"rendered":"<p>Inicia\u00e7\u00e3o Cient\u00edfica \ud83e\uddea Est\u00e1gios&#8230;&#8230;&#8230;&#8230;&#8230;&#8230;&#8230;&#8230;\ud83d\udcbc Monitoria\u00a0 &#8230;&#8230;&#8230;&#8230;&#8230;&#8230;.\u270f\ufe0f Interc\u00e2mbio &#8230;&#8230;&#8230;&#8230;&#8230;\u2708\ufe0f Outras Bolsas &#8230;&#8230;&#8230;&#8230;\ud83c\udfc5<\/p>\n","protected":false},"author":25194,"featured_media":0,"parent":0,"menu_order":0,"comment_status":"closed","ping_status":"closed","template":"","meta":{"_monsterinsights_skip_tracking":false,"_monsterinsights_sitenote_active":false,"_monsterinsights_sitenote_note":"","_monsterinsights_sitenote_category":0,"footnotes":"","_links_to":"","_links_to_target":""},"class_list":["post-2921","page","type-page","status-publish","hentry","entry"],"_links":{"self":[{"href":"https:\/\/sites.usp.br\/pme\/wp-json\/wp\/v2\/pages\/2921","targetHints":{"allow":["GET"]}}],"collection":[{"href":"https:\/\/sites.usp.br\/pme\/wp-json\/wp\/v2\/pages"}],"about":[{"href":"https:\/\/sites.usp.br\/pme\/wp-json\/wp\/v2\/types\/page"}],"author":[{"embeddable":true,"href":"https:\/\/sites.usp.br\/pme\/wp-json\/wp\/v2\/users\/25194"}],"replies":[{"embeddable":true,"href":"https:\/\/sites.usp.br\/pme\/wp-json\/wp\/v2\/comments?post=2921"}],"version-history":[{"count":4,"href":"https:\/\/sites.usp.br\/pme\/wp-json\/wp\/v2\/pages\/2921\/revisions"}],"predecessor-version":[{"id":3507,"href":"https:\/\/sites.usp.br\/pme\/wp-json\/wp\/v2\/pages\/2921\/revisions\/3507"}],"wp:attachment":[{"href":"https:\/\/sites.usp.br\/pme\/wp-json\/wp\/v2\/media?parent=2921"}],"curies":[{"name":"wp","href":"https:\/\/api.w.org\/{rel}","templated":true}]}}