{"id":2926,"date":"2026-03-31T10:17:27","date_gmt":"2026-03-31T13:17:27","guid":{"rendered":"https:\/\/sites.usp.br\/pme-prototipo\/?page_id=2926"},"modified":"2026-05-04T12:44:43","modified_gmt":"2026-05-04T15:44:43","slug":"estagios","status":"publish","type":"page","link":"https:\/\/sites.usp.br\/pme\/estagios\/","title":{"rendered":"Est\u00e1gios"},"content":{"rendered":"\t\t<div data-elementor-type=\"wp-page\" data-elementor-id=\"2926\" class=\"elementor elementor-2926\" data-elementor-post-type=\"page\">\n\t\t\t\t\t\t<section class=\"elementor-section elementor-top-section elementor-element elementor-element-a9fa1f1 elementor-section-boxed elementor-section-height-default elementor-section-height-default\" data-id=\"a9fa1f1\" data-element_type=\"section\">\n\t\t\t\t\t\t<div class=\"elementor-container elementor-column-gap-default\">\n\t\t\t\t\t<div class=\"elementor-column elementor-col-100 elementor-top-column elementor-element elementor-element-52f5cf7\" data-id=\"52f5cf7\" data-element_type=\"column\">\n\t\t\t<div class=\"elementor-widget-wrap elementor-element-populated\">\n\t\t\t\t\t\t<div class=\"elementor-element elementor-element-f2bb431 elementor-widget elementor-widget-text-editor\" data-id=\"f2bb431\" data-element_type=\"widget\" data-widget_type=\"text-editor.default\">\n\t\t\t\t<div class=\"elementor-widget-container\">\n\t\t\t\t\t\t\t<p style=\"color: #000000; font-size: medium; font-style: normal; font-variant-ligatures: normal; font-variant-caps: normal; font-weight: 400; text-align: start;\" data-start=\"104\" data-end=\"326\">O est\u00e1gio \u00e9 uma etapa importante da forma\u00e7\u00e3o em Engenharia Mec\u00e2nica, pois aproxima o estudante da pr\u00e1tica profissional e permite a aplica\u00e7\u00e3o dos conhecimentos desenvolvidos ao longo do curso em situa\u00e7\u00f5es reais de trabalho.<\/p>\n<p style=\"color: #000000; font-size: medium; font-style: normal; font-variant-ligatures: normal; font-variant-caps: normal; font-weight: 400; text-align: start;\" data-start=\"328\" data-end=\"574\">Por meio do est\u00e1gio, o aluno tem a oportunidade de desenvolver compet\u00eancias t\u00e9cnicas, compreender a din\u00e2mica do setor produtivo, participar de projetos de engenharia e ampliar sua vis\u00e3o sobre as diferentes \u00e1reas de atua\u00e7\u00e3o do engenheiro mec\u00e2nico.<\/p>\n<p style=\"color: #000000; font-size: medium; font-style: normal; font-variant-ligatures: normal; font-variant-caps: normal; font-weight: 400; text-align: start;\" data-start=\"576\" data-end=\"854\">Os est\u00e1gios, obrigat\u00f3rios ou n\u00e3o obrigat\u00f3rios, devem estar alinhados \u00e0 forma\u00e7\u00e3o acad\u00eamica do estudante e ser realizados de acordo com a legisla\u00e7\u00e3o vigente, respeitando o calend\u00e1rio escolar, a grade de disciplinas e as normas da Universidade de S\u00e3o Paulo e da Escola Polit\u00e9cnica.<\/p>\n<p style=\"color: #000000; font-size: medium; font-style: normal; font-variant-ligatures: normal; font-variant-caps: normal; font-weight: 400; text-align: start;\" data-start=\"856\" data-end=\"1250\">A atividade de est\u00e1gio n\u00e3o caracteriza v\u00ednculo empregat\u00edcio, desde que observadas as exig\u00eancias legais, como a formaliza\u00e7\u00e3o do Termo de Compromisso, a compatibilidade entre jornada de est\u00e1gio e atividades acad\u00eamicas, o acompanhamento por supervisor e a contrata\u00e7\u00e3o de seguro contra acidentes pessoais. No caso de est\u00e1gio n\u00e3o obrigat\u00f3rio, a concess\u00e3o de bolsa e aux\u00edlio-transporte \u00e9 obrigat\u00f3ria.<\/p>\n<p style=\"color: #000000; font-size: medium; font-style: normal; font-variant-ligatures: normal; font-variant-caps: normal; font-weight: 400; text-align: start;\" data-start=\"1252\" data-end=\"1549\">No PME, a aproxima\u00e7\u00e3o entre alunos, docentes, empresas e institui\u00e7\u00f5es \u00e9 entendida como parte essencial da forma\u00e7\u00e3o em Engenharia Mec\u00e2nica. Essa intera\u00e7\u00e3o contribui para ampliar as oportunidades de est\u00e1gio, fortalecer a rela\u00e7\u00e3o com o setor produtivo e apoiar a inser\u00e7\u00e3o profissional dos estudantes.<\/p>\n<p style=\"color: #000000; font-size: medium; font-style: normal; font-variant-ligatures: normal; font-variant-caps: normal; font-weight: 400; text-align: start;\" data-start=\"1551\" data-end=\"1902\">As solicita\u00e7\u00f5es de est\u00e1gio devem ser realizadas pelo pr\u00f3prio estudante no sistema <strong data-start=\"1633\" data-end=\"1647\">e-Est\u00e1gios<\/strong>, com anteced\u00eancia m\u00ednima de <strong data-start=\"1676\" data-end=\"1693\">15 dias \u00fateis<\/strong> em rela\u00e7\u00e3o \u00e0 data de in\u00edcio do est\u00e1gio ou \u00e0 data em que a empresa precisa receber os documentos assinados, o que ocorrer primeiro. N\u00e3o s\u00e3o aceitas solicita\u00e7\u00f5es retroativas, por e-mail ou feitas por terceiros.<\/p>\n<p style=\"color: #000000; font-size: medium; font-style: normal; font-variant-ligatures: normal; font-variant-caps: normal; font-weight: 400; text-align: start;\" data-start=\"1904\" data-end=\"2170\">Antes de iniciar a solicita\u00e7\u00e3o, recomenda-se que o estudante leia atentamente as instru\u00e7\u00f5es dispon\u00edveis, verifique se h\u00e1 pend\u00eancias de est\u00e1gios anteriores e organize sua grade hor\u00e1ria considerando os limites legais de jornada e os hor\u00e1rios das atividades acad\u00eamicas.<\/p>\n<p style=\"color: #000000; font-size: medium; font-style: normal; font-variant-ligatures: normal; font-variant-caps: normal; font-weight: 400; text-align: start;\" data-start=\"2172\" data-end=\"2265\">Para d\u00favidas e orienta\u00e7\u00f5es, entre em contato com o Servi\u00e7o de Est\u00e1gios da Escola Polit\u00e9cnica:<\/p>\n<p style=\"color: #000000; font-size: medium; font-style: normal; font-variant-ligatures: normal; font-variant-caps: normal; font-weight: 400; text-align: start;\" data-start=\"2267\" data-end=\"2351\"><strong data-start=\"2267\" data-end=\"2278\">E-mail:<\/strong> <a rel=\"noopener\" data-start=\"2279\" data-end=\"2299\">estagios.poli@usp.br<\/a><br data-start=\"2299\" data-end=\"2302\"><strong data-start=\"2302\" data-end=\"2315\">Telefone:<\/strong> +55 11 3091-5776 \/ +55 11 3091-5614<\/p>\n<p style=\"text-align: start;\" data-start=\"2267\" data-end=\"2351\"><b style=\"color: rgb(0, 0, 0); font-size: medium; font-style: normal; font-variant-ligatures: normal; font-variant-caps: normal;\">Mais informa\u00e7\u00f5es:<\/b><a href=\"https:\/\/www.poli.usp.br\/ensino\/estagios\/\" target=\"_blank\">&nbsp;htt<\/a><span style=\"text-align: justify; font-size: 16px;\"><font color=\"#000000\">ps:\/\/www.poli.usp.br\/ensino\/estagios\/<\/font><\/span><\/p>\t\t\t\t\t\t<\/div>\n\t\t\t\t<\/div>\n\t\t\t\t\t<\/div>\n\t\t<\/div>\n\t\t\t\t\t<\/div>\n\t\t<\/section>\n\t\t\t\t<\/div>\n\t\t","protected":false},"excerpt":{"rendered":"<p>O est\u00e1gio \u00e9 uma etapa importante da forma\u00e7\u00e3o em Engenharia Mec\u00e2nica, pois aproxima o estudante da pr\u00e1tica profissional e permite a aplica\u00e7\u00e3o dos conhecimentos desenvolvidos ao longo do curso em situa\u00e7\u00f5es reais de trabalho. Por meio do est\u00e1gio, o aluno tem a oportunidade de desenvolver compet\u00eancias t\u00e9cnicas, compreender a din\u00e2mica do setor produtivo, participar de [&hellip;]<\/p>\n","protected":false},"author":25194,"featured_media":0,"parent":0,"menu_order":0,"comment_status":"closed","ping_status":"closed","template":"","meta":{"_monsterinsights_skip_tracking":false,"_monsterinsights_sitenote_active":false,"_monsterinsights_sitenote_note":"","_monsterinsights_sitenote_category":0,"footnotes":"","_links_to":"","_links_to_target":""},"class_list":["post-2926","page","type-page","status-publish","hentry","entry"],"_links":{"self":[{"href":"https:\/\/sites.usp.br\/pme\/wp-json\/wp\/v2\/pages\/2926","targetHints":{"allow":["GET"]}}],"collection":[{"href":"https:\/\/sites.usp.br\/pme\/wp-json\/wp\/v2\/pages"}],"about":[{"href":"https:\/\/sites.usp.br\/pme\/wp-json\/wp\/v2\/types\/page"}],"author":[{"embeddable":true,"href":"https:\/\/sites.usp.br\/pme\/wp-json\/wp\/v2\/users\/25194"}],"replies":[{"embeddable":true,"href":"https:\/\/sites.usp.br\/pme\/wp-json\/wp\/v2\/comments?post=2926"}],"version-history":[{"count":4,"href":"https:\/\/sites.usp.br\/pme\/wp-json\/wp\/v2\/pages\/2926\/revisions"}],"predecessor-version":[{"id":3963,"href":"https:\/\/sites.usp.br\/pme\/wp-json\/wp\/v2\/pages\/2926\/revisions\/3963"}],"wp:attachment":[{"href":"https:\/\/sites.usp.br\/pme\/wp-json\/wp\/v2\/media?parent=2926"}],"curies":[{"name":"wp","href":"https:\/\/api.w.org\/{rel}","templated":true}]}}