{"id":2928,"date":"2026-03-31T10:17:35","date_gmt":"2026-03-31T13:17:35","guid":{"rendered":"https:\/\/sites.usp.br\/pme-prototipo\/?page_id=2928"},"modified":"2026-04-13T10:02:11","modified_gmt":"2026-04-13T13:02:11","slug":"monitoria","status":"publish","type":"page","link":"https:\/\/sites.usp.br\/pme\/monitoria\/","title":{"rendered":"Monitoria"},"content":{"rendered":"\t\t<div data-elementor-type=\"wp-page\" data-elementor-id=\"2928\" class=\"elementor elementor-2928\" data-elementor-post-type=\"page\">\n\t\t\t\t\t\t<section class=\"elementor-section elementor-top-section elementor-element elementor-element-039fc4d elementor-section-boxed elementor-section-height-default elementor-section-height-default\" data-id=\"039fc4d\" data-element_type=\"section\">\n\t\t\t\t\t\t<div class=\"elementor-container elementor-column-gap-default\">\n\t\t\t\t\t<div class=\"elementor-column elementor-col-100 elementor-top-column elementor-element elementor-element-5dcce44\" data-id=\"5dcce44\" data-element_type=\"column\">\n\t\t\t<div class=\"elementor-widget-wrap elementor-element-populated\">\n\t\t\t\t\t\t<div class=\"elementor-element elementor-element-a0314ae elementor-widget elementor-widget-heading\" data-id=\"a0314ae\" data-element_type=\"widget\" data-widget_type=\"heading.default\">\n\t\t\t\t<div class=\"elementor-widget-container\">\n\t\t\t<h2 class=\"elementor-heading-title elementor-size-default\">O que \u00e9?<\/h2>\t\t<\/div>\n\t\t\t\t<\/div>\n\t\t\t\t\t<\/div>\n\t\t<\/div>\n\t\t\t\t\t<\/div>\n\t\t<\/section>\n\t\t\t\t<section class=\"elementor-section elementor-top-section elementor-element elementor-element-043d5ae elementor-section-boxed elementor-section-height-default elementor-section-height-default\" data-id=\"043d5ae\" data-element_type=\"section\">\n\t\t\t\t\t\t<div class=\"elementor-container elementor-column-gap-default\">\n\t\t\t\t\t<div class=\"elementor-column elementor-col-100 elementor-top-column elementor-element elementor-element-56b0575\" data-id=\"56b0575\" data-element_type=\"column\">\n\t\t\t<div class=\"elementor-widget-wrap elementor-element-populated\">\n\t\t\t\t\t\t<div class=\"elementor-element elementor-element-5e429e7 elementor-widget elementor-widget-text-editor\" data-id=\"5e429e7\" data-element_type=\"widget\" data-widget_type=\"text-editor.default\">\n\t\t\t\t<div class=\"elementor-widget-container\">\n\t\t\t\t\t\t\t<p>Monitoria \u00e9 um tipo de atividade realizada por um aluno selecionado para trabalhar em alguma mat\u00e9ria da Poli-USP. Tipicamente, o aluno pode concorrer a uma bolsa, recebendo um valor mensal pelo trabalho feito. O trabalho exercido pelo aluno pode variar de disciplina para disciplina, e pode incluir tarefas como ajudar os alunos da mat\u00e9ria com aulas de refor\u00e7o e se\u00e7\u00f5es de tira d\u00favidas, dentre outras atividades.<\/p>\t\t\t\t\t\t<\/div>\n\t\t\t\t<\/div>\n\t\t\t\t<div class=\"elementor-element elementor-element-d4ce2fc elementor-widget elementor-widget-heading\" data-id=\"d4ce2fc\" data-element_type=\"widget\" data-widget_type=\"heading.default\">\n\t\t\t\t<div class=\"elementor-widget-container\">\n\t\t\t<h2 class=\"elementor-heading-title elementor-size-default\">Bolsas<\/h2>\t\t<\/div>\n\t\t\t\t<\/div>\n\t\t\t\t\t<\/div>\n\t\t<\/div>\n\t\t\t\t\t<\/div>\n\t\t<\/section>\n\t\t\t\t<section class=\"elementor-section elementor-top-section elementor-element elementor-element-6f44bba elementor-section-boxed elementor-section-height-default elementor-section-height-default\" data-id=\"6f44bba\" data-element_type=\"section\">\n\t\t\t\t\t\t<div class=\"elementor-container elementor-column-gap-default\">\n\t\t\t\t\t<div class=\"elementor-column elementor-col-100 elementor-top-column elementor-element elementor-element-91c79f7\" data-id=\"91c79f7\" data-element_type=\"column\">\n\t\t\t<div class=\"elementor-widget-wrap elementor-element-populated\">\n\t\t\t\t\t\t<div class=\"elementor-element elementor-element-d5ec52d elementor-widget elementor-widget-text-editor\" data-id=\"d5ec52d\" data-element_type=\"widget\" data-widget_type=\"text-editor.default\">\n\t\t\t\t<div class=\"elementor-widget-container\">\n\t\t\t\t\t\t\t<p><span style=\"font-family: Poppins, sans-serif; font-size: 17px; font-style: normal; font-variant-ligatures: normal; font-variant-caps: normal; font-weight: 400;\"><strong>PEEG<\/strong>: A principal bolsa de monitoria \u00e9 a PEEG (Programa de Est\u00edmulo ao Ensino de Gradua\u00e7\u00e3o), e a inscri\u00e7\u00e3o para ela pode ser feita pelo aluno via Jupiterweb, onde o edital, a disciplina, detalhes e valores est\u00e3o tamb\u00e9m dispon\u00edveis. As atividades do aluno-monitor s\u00e3o determinadas por um plano de estudos elaborado pelo supervisor docente. As inscri\u00e7\u00f5es ocorrem semestralmente. O crit\u00e9rio para sele\u00e7\u00e3o dos alunos \u00e9 nota, podendo haver tamb\u00e9m uma entrevista com um professor da disciplina. Em 2026, o valor da bolsa PEEG foi de R$ 745,00 mensais, pagos em quatro parcelas. O edital oficial PEEG para o primeiro semestre de 2026 pode ser conferido <a href=\"https:\/\/prg.usp.br\/wp-content\/uploads\/Edital_PEEG_1_sem_2026.pdf\" target=\"_blank\" rel=\"noopener\"><em>aqui<\/em><\/a>.<\/span><\/p>\t\t\t\t\t\t<\/div>\n\t\t\t\t<\/div>\n\t\t\t\t\t<\/div>\n\t\t<\/div>\n\t\t\t\t\t<\/div>\n\t\t<\/section>\n\t\t\t\t<\/div>\n\t\t","protected":false},"excerpt":{"rendered":"<p>O que \u00e9? Monitoria \u00e9 um tipo de atividade realizada por um aluno selecionado para trabalhar em alguma mat\u00e9ria da Poli-USP. Tipicamente, o aluno pode concorrer a uma bolsa, recebendo um valor mensal pelo trabalho feito. O trabalho exercido pelo aluno pode variar de disciplina para disciplina, e pode incluir tarefas como ajudar os alunos [&hellip;]<\/p>\n","protected":false},"author":25194,"featured_media":0,"parent":0,"menu_order":0,"comment_status":"closed","ping_status":"closed","template":"","meta":{"_monsterinsights_skip_tracking":false,"_monsterinsights_sitenote_active":false,"_monsterinsights_sitenote_note":"","_monsterinsights_sitenote_category":0,"footnotes":"","_links_to":"","_links_to_target":""},"class_list":["post-2928","page","type-page","status-publish","hentry","entry"],"_links":{"self":[{"href":"https:\/\/sites.usp.br\/pme\/wp-json\/wp\/v2\/pages\/2928","targetHints":{"allow":["GET"]}}],"collection":[{"href":"https:\/\/sites.usp.br\/pme\/wp-json\/wp\/v2\/pages"}],"about":[{"href":"https:\/\/sites.usp.br\/pme\/wp-json\/wp\/v2\/types\/page"}],"author":[{"embeddable":true,"href":"https:\/\/sites.usp.br\/pme\/wp-json\/wp\/v2\/users\/25194"}],"replies":[{"embeddable":true,"href":"https:\/\/sites.usp.br\/pme\/wp-json\/wp\/v2\/comments?post=2928"}],"version-history":[{"count":4,"href":"https:\/\/sites.usp.br\/pme\/wp-json\/wp\/v2\/pages\/2928\/revisions"}],"predecessor-version":[{"id":3529,"href":"https:\/\/sites.usp.br\/pme\/wp-json\/wp\/v2\/pages\/2928\/revisions\/3529"}],"wp:attachment":[{"href":"https:\/\/sites.usp.br\/pme\/wp-json\/wp\/v2\/media?parent=2928"}],"curies":[{"name":"wp","href":"https:\/\/api.w.org\/{rel}","templated":true}]}}