{"id":2940,"date":"2026-03-31T10:19:08","date_gmt":"2026-03-31T13:19:08","guid":{"rendered":"https:\/\/sites.usp.br\/pme-prototipo\/?page_id=2940"},"modified":"2026-03-31T16:14:47","modified_gmt":"2026-03-31T19:14:47","slug":"educacao-continuada","status":"publish","type":"page","link":"https:\/\/sites.usp.br\/pme\/educacao-continuada\/","title":{"rendered":"Educa\u00e7\u00e3o Continuada"},"content":{"rendered":"<div id=\"content\" class=\"site-content\">\n<div class=\"wrap\">\n<div id=\"primary\" class=\"content-area\"><main id=\"main\" class=\"site-main\"><\/p>\n<article id=\"post-5860\" class=\"post-5860 page type-page status-publish hentry\">\n<div class=\"entry-content\">\n<div class=\"content-outer-wrapper\">\n<div class=\"content-wrapper container main \">\n<div id=\"post-50\" class=\"post-50 page type-page status-publish hentry\">\n<div class=\"page-wrapper normal-sidebar single-page \">\n<div class=\"row gdl-page-row-wrapper\">\n<div class=\"gdl-page-left mb0 twelve columns\">\n<div class=\"row\">\n<div class=\"gdl-page-item mb0 twelve columns\">\n<div class=\"row\">\n<div class=\"twelve columns mb45\">\n<div class=\"gdl-page-content\">\n<h2>Programa de Educa\u00e7\u00e3o Continuada em Engenharia (links externos):<\/h2>\n<p>Cursos de Especializa\u00e7\u00e3o<\/p>\n<ul>\n<li><a href=\"http:\/\/www.pecepoli.com.br\/PT\/GEQ\/\" target=\"_blank\" rel=\"noopener\">Gest\u00e3o e Engenharia da Qualidade MBA\/USP<\/a><\/li>\n<li><a href=\"http:\/\/www.pecepoli.com.br\/PT\/GOK\/\" target=\"_blank\" rel=\"noopener\">Engenharia e Gest\u00e3o de Opera\u00e7\u00f5es de Manufatura e Manuten\u00e7\u00e3o<\/a><\/li>\n<li><a href=\"http:\/\/www.pecepoli.com.br\/PT\/GEP\/\" target=\"_blank\" rel=\"noopener\">Gest\u00e3o e Engenharia de Produtos e Servi\u00e7os MBA\/USP<\/a><\/li>\n<li><a href=\"http:\/\/www.pecepoli.com.br\/PT\/ERG\/\" target=\"_blank\" rel=\"noopener\">Energias Renov\u00e1veis, Gera\u00e7\u00e3o Distribu\u00edda e Efici\u00eancia Energ\u00e9tica<\/a><\/li>\n<\/ul>\n<\/div>\n<\/div>\n<div class=\"clear\"><\/div>\n<\/div>\n<\/div>\n<\/div>\n<\/div>\n<\/div>\n<\/div>\n<\/div>\n<\/div>\n<\/div>\n<\/div>\n<\/article>\n<p><\/main><\/div>\n<\/div>\n<\/div>\n<footer id=\"colophon\" class=\"site-footer\">\n<div class=\"wrap\"><\/div>\n<\/footer>\n","protected":false},"excerpt":{"rendered":"<p>Programa de Educa\u00e7\u00e3o Continuada em Engenharia (links externos): Cursos de Especializa\u00e7\u00e3o Gest\u00e3o e Engenharia da Qualidade MBA\/USP Engenharia e Gest\u00e3o de Opera\u00e7\u00f5es de Manufatura e Manuten\u00e7\u00e3o Gest\u00e3o e Engenharia de Produtos e Servi\u00e7os MBA\/USP Energias Renov\u00e1veis, Gera\u00e7\u00e3o Distribu\u00edda e Efici\u00eancia Energ\u00e9tica<\/p>\n","protected":false},"author":25194,"featured_media":0,"parent":0,"menu_order":0,"comment_status":"closed","ping_status":"closed","template":"","meta":{"_monsterinsights_skip_tracking":false,"_monsterinsights_sitenote_active":false,"_monsterinsights_sitenote_note":"","_monsterinsights_sitenote_category":0,"footnotes":"","_links_to":"","_links_to_target":""},"class_list":["post-2940","page","type-page","status-publish","hentry","entry"],"_links":{"self":[{"href":"https:\/\/sites.usp.br\/pme\/wp-json\/wp\/v2\/pages\/2940","targetHints":{"allow":["GET"]}}],"collection":[{"href":"https:\/\/sites.usp.br\/pme\/wp-json\/wp\/v2\/pages"}],"about":[{"href":"https:\/\/sites.usp.br\/pme\/wp-json\/wp\/v2\/types\/page"}],"author":[{"embeddable":true,"href":"https:\/\/sites.usp.br\/pme\/wp-json\/wp\/v2\/users\/25194"}],"replies":[{"embeddable":true,"href":"https:\/\/sites.usp.br\/pme\/wp-json\/wp\/v2\/comments?post=2940"}],"version-history":[{"count":2,"href":"https:\/\/sites.usp.br\/pme\/wp-json\/wp\/v2\/pages\/2940\/revisions"}],"predecessor-version":[{"id":3201,"href":"https:\/\/sites.usp.br\/pme\/wp-json\/wp\/v2\/pages\/2940\/revisions\/3201"}],"wp:attachment":[{"href":"https:\/\/sites.usp.br\/pme\/wp-json\/wp\/v2\/media?parent=2940"}],"curies":[{"name":"wp","href":"https:\/\/api.w.org\/{rel}","templated":true}]}}