{"id":2950,"date":"2026-03-31T10:19:57","date_gmt":"2026-03-31T13:19:57","guid":{"rendered":"https:\/\/sites.usp.br\/pme-prototipo\/?page_id=2950"},"modified":"2026-03-31T16:13:41","modified_gmt":"2026-03-31T19:13:41","slug":"laboratorios","status":"publish","type":"page","link":"https:\/\/sites.usp.br\/pme\/laboratorios\/","title":{"rendered":"Laborat\u00f3rios"},"content":{"rendered":"<header class=\"entry-header\">\n<h1 class=\"entry-title\">Laborat\u00f3rios<\/h1>\n<\/header>\n<div class=\"entry-content\">\n<p>Centro de Automa\u00e7\u00e3o e Tecnologia do Projeto \u2013 CAETEC<\/p>\n<p><a href=\"https:\/\/www.automotiva-poliusp.org.br\/graduacao\/\">Centro de Engenharia Automotiva \u2013 CEA<\/a><\/p>\n<p>Grupo de Pesquisa em Refrigera\u00e7\u00e3o, Ar Condicionado e Conforto T\u00e9rmico GREAC<\/p>\n<p>Laborat\u00f3rio de Din\u00e2mica e Controle \u2013 LDC<\/p>\n<p><a href=\"https:\/\/www.bing.com\/ck\/a?!&amp;&amp;p=423f8a9f37873bbcJmltdHM9MTcyODAwMDAwMCZpZ3VpZD0yMTlmYzA4YS01NTliLTZiNjYtMjk3NS1kNTg0NTRlMjZhM2QmaW5zaWQ9NTIwOA&amp;ptn=3&amp;ver=2&amp;hsh=3&amp;fclid=219fc08a-559b-6b66-2975-d58454e26a3d&amp;psq=ldsv+usp&amp;u=a1aHR0cHM6Ly9zaXRlcy51c3AuYnIvbGRzdi8jOn46dGV4dD1PIExBQk9SQVTDk1JJTyBERSBESU7Dgk1JQ0EgRSBTSU1VTEHDh8ODTyBWRUlDVUxBUiDigJMgTERTViB0ZW0&amp;ntb=1\">Laborat\u00f3rio de Din\u00e2mica e Simula\u00e7\u00e3o Veicular \u2013 LDSV<\/a><\/p>\n<p>Laborat\u00f3rio de Engenharia Ambiental e Biom\u00e9dica \u2013 LAB<\/p>\n<p><a href=\"https:\/\/lete.poli.usp.br\/\">Laborat\u00f3rio de Engenharia T\u00e9rmica e Ambiental \u2013 LETE<\/a><\/p>\n<p>Laborat\u00f3rio de Estudos da Qualidade do Ar Interior \u2013 LEQAI<\/p>\n<p><a href=\"https:\/\/sites.usp.br\/lfs\/\">Laborat\u00f3rio de Fen\u00f4menos de Superf\u00edcies \u2013 LFS<\/a><\/p>\n<p><a href=\"https:\/\/lmo.webhostusp.sti.usp.br\/\">Laborat\u00f3rio de Mec\u00e2nica Offshore \u2013 LMO<\/a><\/p>\n<p><a href=\"http:\/\/www.usp.br\/sisea\/\">Laborat\u00f3rio de Sistemas Energ\u00e9ticos Alternativos e<\/a><br \/>\nRenov\u00e1veis \u2013 SISEA<\/p>\n<p><a href=\"https:\/\/ndf.poli.usp.br\/\">N\u00facleo de Din\u00e2mica e Fluidos \u2013 NDF<\/a><\/p>\n<\/div>\n","protected":false},"excerpt":{"rendered":"<p>Laborat\u00f3rios Centro de Automa\u00e7\u00e3o e Tecnologia do Projeto \u2013 CAETEC Centro de Engenharia Automotiva \u2013 CEA Grupo de Pesquisa em Refrigera\u00e7\u00e3o, Ar Condicionado e Conforto T\u00e9rmico GREAC Laborat\u00f3rio de Din\u00e2mica e Controle \u2013 LDC Laborat\u00f3rio de Din\u00e2mica e Simula\u00e7\u00e3o Veicular \u2013 LDSV Laborat\u00f3rio de Engenharia Ambiental e Biom\u00e9dica \u2013 LAB Laborat\u00f3rio de Engenharia T\u00e9rmica e [&hellip;]<\/p>\n","protected":false},"author":25194,"featured_media":0,"parent":0,"menu_order":0,"comment_status":"closed","ping_status":"closed","template":"","meta":{"_monsterinsights_skip_tracking":false,"_monsterinsights_sitenote_active":false,"_monsterinsights_sitenote_note":"","_monsterinsights_sitenote_category":0,"footnotes":"","_links_to":"","_links_to_target":""},"class_list":["post-2950","page","type-page","status-publish","hentry","entry"],"_links":{"self":[{"href":"https:\/\/sites.usp.br\/pme\/wp-json\/wp\/v2\/pages\/2950","targetHints":{"allow":["GET"]}}],"collection":[{"href":"https:\/\/sites.usp.br\/pme\/wp-json\/wp\/v2\/pages"}],"about":[{"href":"https:\/\/sites.usp.br\/pme\/wp-json\/wp\/v2\/types\/page"}],"author":[{"embeddable":true,"href":"https:\/\/sites.usp.br\/pme\/wp-json\/wp\/v2\/users\/25194"}],"replies":[{"embeddable":true,"href":"https:\/\/sites.usp.br\/pme\/wp-json\/wp\/v2\/comments?post=2950"}],"version-history":[{"count":2,"href":"https:\/\/sites.usp.br\/pme\/wp-json\/wp\/v2\/pages\/2950\/revisions"}],"predecessor-version":[{"id":3200,"href":"https:\/\/sites.usp.br\/pme\/wp-json\/wp\/v2\/pages\/2950\/revisions\/3200"}],"wp:attachment":[{"href":"https:\/\/sites.usp.br\/pme\/wp-json\/wp\/v2\/media?parent=2950"}],"curies":[{"name":"wp","href":"https:\/\/api.w.org\/{rel}","templated":true}]}}