{"id":2956,"date":"2026-03-31T10:20:28","date_gmt":"2026-03-31T13:20:28","guid":{"rendered":"https:\/\/sites.usp.br\/pme-prototipo\/?page_id=2956"},"modified":"2026-03-31T12:05:58","modified_gmt":"2026-03-31T15:05:58","slug":"administrativo","status":"publish","type":"page","link":"https:\/\/sites.usp.br\/pme\/administrativo\/","title":{"rendered":"Administrativo"},"content":{"rendered":"<h3><strong>Chefe de Departamento<\/strong><\/h3>\n<ul>\n<li>Prof. Dr. Guenther Carlos Krieger F.\u00ba<\/li>\n<\/ul>\n<h3><strong>Vice-chefe de Departamento<\/strong><\/h3>\n<ul>\n<li>Prof. Dr. Fl\u00e1vio Celso Trigo<\/li>\n<\/ul>\n<h3><strong>Comiss\u00f5es Permanentes<\/strong><\/h3>\n<h4>\u2013 Gradua\u00e7\u00e3o<\/h4>\n<ul>\n<li>Prof. Dr. Flavio Augusto Fiorelli<\/li>\n<li>Prof. Dr. Maur\u00edcio Silva Ferreira(Suplente)<\/li>\n<\/ul>\n<h4><\/h4>\n<h4>\u2013 P\u00f3s-gradua\u00e7\u00e3o<\/h4>\n<ul>\n<li>Prof. Dr. Bruno Souza Carmo<\/li>\n<\/ul>\n<h4><\/h4>\n<h4>\u2013 Pesquisa<\/h4>\n<ul>\n<li>Prof. Dr. Fernando Luiz Sacomano<\/li>\n<li>Prof. Dr. Roberto Ramos Jr.<\/li>\n<\/ul>\n<h4>\u2013 Cultura e Extens\u00e3o<\/h4>\n<ul>\n<li>Prof. Dr. Alberto Hernandez Neto<\/li>\n<li>Prof. Dr. Marcelo Augusto Leal Alves<\/li>\n<\/ul>\n<h3><strong>Comiss\u00f5es de Apoio<\/strong><\/h3>\n<h4>\u2013 Biblioteca<\/h4>\n<ul>\n<li>Prof. Dr. Flavius Portella Ribas Martins<\/li>\n<\/ul>\n<h3><strong>Secretaria Geral do Departamento<\/strong><\/h3>\n<ul>\n<li>Ana Maria Alves da Silva<\/li>\n<li>Vanessa Riul de Freitas Orsi<\/li>\n<\/ul>\n<p>Telefones:<br \/>\n+55 11 3091-5355 \/ 5570<br \/>\nFax: +55 11 3091-5687<\/p>\n<p><strong>Gradua\u00e7\u00e3o<\/strong><\/p>\n<ul>\n<li>Carlos Albuquerque de Lima Barbosa<\/li>\n<\/ul>\n<p>Telefone:<br \/>\n+55 11 3091-5561<\/p>\n<h3><strong>Secretaria de Mec\u00e2nica dos Fluidos<\/strong><\/h3>\n<ul>\n<li>Andreia Antunes Martins<\/li>\n<\/ul>\n<p>Telefones:<br \/>\n+55 11 3091-5476<\/p>\n<p>+55 11 3091-9646<\/p>\n<h3><strong>Secretaria da \u00c1rea T\u00e9rmica<\/strong><\/h3>\n<ul>\n<li>Ivana Margarido<\/li>\n<\/ul>\n<p>Telefones:<br \/>\n+55 11 3091-9659<\/p>\n<h3><strong>Secretaria da \u00c1rea Automotiva<\/strong><\/h3>\n<ul>\n<li>Fernando\u00a0Balbino Rosa<\/li>\n<\/ul>\n<p>Telefones:<br \/>\n+55 11 3091-5332<\/p>\n<h3><strong>Secretaria de Din\u00e2mica e Controle<\/strong><\/h3>\n<ul>\n<li><\/li>\n<\/ul>\n<p>Telefones:<br \/>\n+55 11 3091-<\/p>\n<h3><strong>Secretaria de P\u00f3s-Gradua\u00e7\u00e3o<\/strong><\/h3>\n<ul>\n<li>Marisa da Silva Amado<\/li>\n<\/ul>\n<p>Telefones:<br \/>\n+55 11 3091-5320\/9055<\/p>\n","protected":false},"excerpt":{"rendered":"<p>Chefe de Departamento Prof. Dr. Guenther Carlos Krieger F.\u00ba Vice-chefe de Departamento Prof. Dr. Fl\u00e1vio Celso Trigo Comiss\u00f5es Permanentes \u2013 Gradua\u00e7\u00e3o Prof. Dr. Flavio Augusto Fiorelli Prof. Dr. Maur\u00edcio Silva Ferreira(Suplente) \u2013 P\u00f3s-gradua\u00e7\u00e3o Prof. Dr. Bruno Souza Carmo \u2013 Pesquisa Prof. Dr. Fernando Luiz Sacomano Prof. Dr. Roberto Ramos Jr. \u2013 Cultura e Extens\u00e3o Prof. [&hellip;]<\/p>\n","protected":false},"author":25194,"featured_media":0,"parent":0,"menu_order":0,"comment_status":"closed","ping_status":"closed","template":"","meta":{"_monsterinsights_skip_tracking":false,"_monsterinsights_sitenote_active":false,"_monsterinsights_sitenote_note":"","_monsterinsights_sitenote_category":0,"footnotes":"","_links_to":"","_links_to_target":""},"class_list":["post-2956","page","type-page","status-publish","hentry","entry"],"_links":{"self":[{"href":"https:\/\/sites.usp.br\/pme\/wp-json\/wp\/v2\/pages\/2956","targetHints":{"allow":["GET"]}}],"collection":[{"href":"https:\/\/sites.usp.br\/pme\/wp-json\/wp\/v2\/pages"}],"about":[{"href":"https:\/\/sites.usp.br\/pme\/wp-json\/wp\/v2\/types\/page"}],"author":[{"embeddable":true,"href":"https:\/\/sites.usp.br\/pme\/wp-json\/wp\/v2\/users\/25194"}],"replies":[{"embeddable":true,"href":"https:\/\/sites.usp.br\/pme\/wp-json\/wp\/v2\/comments?post=2956"}],"version-history":[{"count":2,"href":"https:\/\/sites.usp.br\/pme\/wp-json\/wp\/v2\/pages\/2956\/revisions"}],"predecessor-version":[{"id":3078,"href":"https:\/\/sites.usp.br\/pme\/wp-json\/wp\/v2\/pages\/2956\/revisions\/3078"}],"wp:attachment":[{"href":"https:\/\/sites.usp.br\/pme\/wp-json\/wp\/v2\/media?parent=2956"}],"curies":[{"name":"wp","href":"https:\/\/api.w.org\/{rel}","templated":true}]}}