{"id":2960,"date":"2026-03-31T10:20:41","date_gmt":"2026-03-31T13:20:41","guid":{"rendered":"https:\/\/sites.usp.br\/pme-prototipo\/?page_id=2960"},"modified":"2026-04-12T16:29:10","modified_gmt":"2026-04-12T19:29:10","slug":"corpo-tecnico-admin","status":"publish","type":"page","link":"https:\/\/sites.usp.br\/pme\/corpo-tecnico-admin\/","title":{"rendered":"Corpo T\u00e9cnico\/Admin"},"content":{"rendered":"<header class=\"entry-header\">\n<h1 class=\"entry-title\">Corpo T\u00e9cnico\/Administrativo<\/h1>\n<\/header>\n<div class=\"entry-content\">\n<h2>Links para os emails de cada funcion\u00e1rio<\/h2>\n<h3>Se estiver ligando de fora da Universidade de S\u00e3o Paulo digite 3091 + o n\u00famero do ramal<\/h3>\n<table>\n<tbody>\n<tr>\n<td>\n<h3>Nome<\/h3>\n<\/td>\n<td>\n<h3>Ramal\/Telefone<\/h3>\n<\/td>\n<\/tr>\n<tr>\n<td>\n<h3><a href=\"mailto:amasilva@usp.br\">Ana Maria Alves da Silva<\/a>\u00a0\u2013 Secret\u00e1ria de Departamento<\/h3>\n<\/td>\n<td>\n<h3>5355<\/h3>\n<\/td>\n<\/tr>\n<tr>\n<td>\n<h3><a href=\"mailto:antoniogodoi@usp.br\">Ant\u00f4nio Carlos Bastos de Godoi<\/a>\u00a0\u2013 RCGI<\/h3>\n<\/td>\n<\/tr>\n<tr>\n<td>\n<h3><a href=\"mailto:carlos.pme@usp.br\">Carlos Albuquerque de Lima Barbosa<\/a>\u00a0\u2013 Secretaria Central<\/h3>\n<\/td>\n<td>\n<h3>5561<\/h3>\n<\/td>\n<\/tr>\n<tr>\n<td>\n<h3><a href=\"mailto:aantunes@usp.br\">Andreia Antunes Martins<\/a>\u00a0\u2013 Secret\u00e1ria da \u00c1rea de Mec\u00e2nica dos Fluidos<\/h3>\n<\/td>\n<td>\n<h3>5476\/9646<\/h3>\n<\/td>\n<\/tr>\n<tr>\n<td>\n<h3><a href=\"mailto:douglas.silva2@poli.usp.br\">Douglas Silva<\/a>\u00a0\u2013 T\u00e9cnico de Laborat\u00f3rio \u2013 Mec\u00e2nica dos Fluidos<\/h3>\n<\/td>\n<td>\n<h3>5105<\/h3>\n<\/td>\n<\/tr>\n<tr>\n<td>\n<h3><a href=\"mailto:eric.silva@poli.usp.br\">Eric Piaga Pessoa Lima da Silva<\/a>\u00a0\u2013 T\u00e9cnico de Laborat\u00f3rio \u2013 T\u00e9rmica<\/h3>\n<\/td>\n<td>\n<h3>9680<\/h3>\n<\/td>\n<\/tr>\n<tr>\n<td>\n<h3><a href=\"mailto:fernaomc@usp.br\">Fern\u00e3o de Melo Constanzo<\/a>\u2013 T\u00e9cnico de Laborat\u00f3rio \u2013 T\u00e9rmica<\/h3>\n<\/td>\n<td>\n<h3>9680<\/h3>\n<\/td>\n<\/tr>\n<tr>\n<td>\n<h3><a href=\"mailto:ivanamar@usp.br\">Ivana Margarido<\/a>\u00a0\u2013 Secret\u00e1ria da \u00c1rea de T\u00e9rmica<\/h3>\n<\/td>\n<td>\n<h3>9659<\/h3>\n<\/td>\n<\/tr>\n<tr>\n<td>\n<h3><a href=\"mailto:laercio.damascena@poli.usp.br\">La\u00e9rcio Carlos Damacena<\/a>\u00a0\u2013 T\u00e9cnico de Laborat\u00f3rio \u2013 Mec\u00e2nica dos Fluidos<\/h3>\n<\/td>\n<td>\n<h3>5105<\/h3>\n<\/td>\n<\/tr>\n<tr>\n<td>\n<h3><a href=\"mailto:lcmgomes@usp.br\">Luis Carlos Moreira Gomes<\/a>\u00a0\u2013 RCGI<\/h3>\n<\/td>\n<td>\n<h3>(11)2648-6227<\/h3>\n<\/td>\n<\/tr>\n<tr>\n<td>\n<h3><a href=\"mailto:marisa.amado@usp.br\">Marisa da Silva Amado<\/a>\u00a0\u2013 Secret\u00e1ria de P\u00f3s-Gradua\u00e7\u00e3o<\/h3>\n<\/td>\n<td>\n<h3>9055<\/h3>\n<\/td>\n<\/tr>\n<tr>\n<td>\n<h3><a href=\"mailto:faggioni@usp.br\">Paulo Faggioni F.\u00ba<\/a>\u00a0\u2013 Analista de Sistemas<\/h3>\n<\/td>\n<td>\n<h3>5510<\/h3>\n<\/td>\n<\/tr>\n<\/tbody>\n<\/table>\n<table style=\"width: 64.647%;\" width=\"744\">\n<tbody>\n<tr>\n<td style=\"width: 82.0359%;\">\n<h3><a href=\"mailto:vane@usp.br\">Vanessa Riul de Freitas Orsi<\/a>\u00a0\u2013 Secretaria Central<\/h3>\n<\/td>\n<td style=\"width: 36.2392%;\">\n<h3>5570<\/h3>\n<\/td>\n<\/tr>\n<\/tbody>\n<\/table>\n<\/div>\n","protected":false},"excerpt":{"rendered":"<p>Corpo T\u00e9cnico\/Administrativo Links para os emails de cada funcion\u00e1rio Se estiver ligando de fora da Universidade de S\u00e3o Paulo digite 3091 + o n\u00famero do ramal Nome Ramal\/Telefone Ana Maria Alves da Silva\u00a0\u2013 Secret\u00e1ria de Departamento 5355 Ant\u00f4nio Carlos Bastos de Godoi\u00a0\u2013 RCGI Carlos Albuquerque de Lima Barbosa\u00a0\u2013 Secretaria Central 5561 Andreia Antunes Martins\u00a0\u2013 Secret\u00e1ria [&hellip;]<\/p>\n","protected":false},"author":25194,"featured_media":0,"parent":0,"menu_order":0,"comment_status":"closed","ping_status":"closed","template":"","meta":{"_monsterinsights_skip_tracking":false,"_monsterinsights_sitenote_active":false,"_monsterinsights_sitenote_note":"","_monsterinsights_sitenote_category":0,"footnotes":"","_links_to":"","_links_to_target":""},"class_list":["post-2960","page","type-page","status-publish","hentry","entry"],"_links":{"self":[{"href":"https:\/\/sites.usp.br\/pme\/wp-json\/wp\/v2\/pages\/2960","targetHints":{"allow":["GET"]}}],"collection":[{"href":"https:\/\/sites.usp.br\/pme\/wp-json\/wp\/v2\/pages"}],"about":[{"href":"https:\/\/sites.usp.br\/pme\/wp-json\/wp\/v2\/types\/page"}],"author":[{"embeddable":true,"href":"https:\/\/sites.usp.br\/pme\/wp-json\/wp\/v2\/users\/25194"}],"replies":[{"embeddable":true,"href":"https:\/\/sites.usp.br\/pme\/wp-json\/wp\/v2\/comments?post=2960"}],"version-history":[{"count":3,"href":"https:\/\/sites.usp.br\/pme\/wp-json\/wp\/v2\/pages\/2960\/revisions"}],"predecessor-version":[{"id":3451,"href":"https:\/\/sites.usp.br\/pme\/wp-json\/wp\/v2\/pages\/2960\/revisions\/3451"}],"wp:attachment":[{"href":"https:\/\/sites.usp.br\/pme\/wp-json\/wp\/v2\/media?parent=2960"}],"curies":[{"name":"wp","href":"https:\/\/api.w.org\/{rel}","templated":true}]}}