{"id":3318,"date":"2026-04-06T12:56:13","date_gmt":"2026-04-06T15:56:13","guid":{"rendered":"https:\/\/sites.usp.br\/pme-prototipo\/?page_id=3318"},"modified":"2026-04-12T15:44:47","modified_gmt":"2026-04-12T18:44:47","slug":"graduacao-2","status":"publish","type":"page","link":"https:\/\/sites.usp.br\/pme\/graduacao-2\/","title":{"rendered":"Gradua\u00e7\u00e3o"},"content":{"rendered":"<p class=\"ds-markdown-paragraph\">O curso de Engenharia Mec\u00e2nica da Poli-USP \u00e9 refer\u00eancia nacional. A grade curricular foi projetada para oferecer uma forma\u00e7\u00e3o generalista, por\u00e9m aprofundada, capacitando o engenheiro a projetar, analisar e otimizar sistemas mec\u00e2nicos, t\u00e9rmicos e de manufatura.<\/p>\n<p class=\"ds-markdown-paragraph\"><strong>Estrutura Curricular:<\/strong><\/p>\n<ul>\n<li>\n<p class=\"ds-markdown-paragraph\"><strong>Ciclo B\u00e1sico (1\u00ba ao 4\u00ba semestre):<\/strong> Foco em Ci\u00eancias Exatas (C\u00e1lculo Diferencial e Integral, F\u00edsica, \u00c1lgebra Linear), Computa\u00e7\u00e3o e fundamentos da Mec\u00e2nica (Est\u00e1tica, Din\u00e2mica, Mec\u00e2nica dos S\u00f3lidos).<\/p>\n<\/li>\n<li>\n<p class=\"ds-markdown-paragraph\"><strong>Ciclo Profissionalizante (5\u00ba ao 8\u00ba semestre):<\/strong> Aprofundamento em Termodin\u00e2mica, Mec\u00e2nica dos Fluidos, Transfer\u00eancia de Calor, Elementos de M\u00e1quinas, Controle, Vibra\u00e7\u00f5es e Manufatura.<\/p>\n<\/li>\n<li>\n<p class=\"ds-markdown-paragraph\"><strong>Trabalho de Conclus\u00e3o de Curso (TCC):<\/strong> Desenvolvido nos dois \u00faltimos semestres, integrando os conhecimentos adquiridos.<\/p>\n<\/li>\n<\/ul>\n<p class=\"ds-markdown-paragraph\"><strong>Diferenciais e Atividades:<\/strong><\/p>\n<ul>\n<li>\n<p class=\"ds-markdown-paragraph\"><strong>Certifica\u00e7\u00f5es de Estudo:<\/strong>\u00a0O aluno pode obter certificados em \u00e1reas espec\u00edficas como\u00a0<strong>Manufatura, Engenharia Automobil\u00edstica, Projeto de M\u00e1quinas e Engenharia Biom\u00e9dica<\/strong> ao cumprir conjuntos espec\u00edficos de disciplinas optativas.<\/p>\n<\/li>\n<li>\n<p class=\"ds-markdown-paragraph\"><strong>Laborat\u00f3rios:<\/strong> Acesso a 23 laborat\u00f3rios especializados, incluindo ensaios mec\u00e2nicos, metrologia, usinagem e sistemas de controle.<\/p>\n<\/li>\n<li>\n<p class=\"ds-markdown-paragraph\"><strong>Extens\u00e3o:<\/strong> H\u00e1 diversas oportunidades de projetos de extens\u00e3o ligadas ao PME, incluindo participa\u00e7\u00e3o em equipes de competi\u00e7\u00e3o (F\u00f3rmula, Baja, Aero) e projetos sociais.<\/p>\n<\/li>\n<\/ul>\n<p>&nbsp;<\/p>\n<p>&nbsp;<\/p>\n<p>&nbsp;<\/p>\n","protected":false},"excerpt":{"rendered":"<p>O curso de Engenharia Mec\u00e2nica da Poli-USP \u00e9 refer\u00eancia nacional. A grade curricular foi projetada para oferecer uma forma\u00e7\u00e3o generalista, por\u00e9m aprofundada, capacitando o engenheiro a projetar, analisar e otimizar sistemas mec\u00e2nicos, t\u00e9rmicos e de manufatura. Estrutura Curricular: Ciclo B\u00e1sico (1\u00ba ao 4\u00ba semestre): Foco em Ci\u00eancias Exatas (C\u00e1lculo Diferencial e Integral, F\u00edsica, \u00c1lgebra Linear), [&hellip;]<\/p>\n","protected":false},"author":25194,"featured_media":0,"parent":0,"menu_order":0,"comment_status":"closed","ping_status":"closed","template":"","meta":{"_monsterinsights_skip_tracking":false,"_monsterinsights_sitenote_active":false,"_monsterinsights_sitenote_note":"","_monsterinsights_sitenote_category":0,"footnotes":"","_links_to":"","_links_to_target":""},"class_list":["post-3318","page","type-page","status-publish","hentry","entry"],"_links":{"self":[{"href":"https:\/\/sites.usp.br\/pme\/wp-json\/wp\/v2\/pages\/3318","targetHints":{"allow":["GET"]}}],"collection":[{"href":"https:\/\/sites.usp.br\/pme\/wp-json\/wp\/v2\/pages"}],"about":[{"href":"https:\/\/sites.usp.br\/pme\/wp-json\/wp\/v2\/types\/page"}],"author":[{"embeddable":true,"href":"https:\/\/sites.usp.br\/pme\/wp-json\/wp\/v2\/users\/25194"}],"replies":[{"embeddable":true,"href":"https:\/\/sites.usp.br\/pme\/wp-json\/wp\/v2\/comments?post=3318"}],"version-history":[{"count":4,"href":"https:\/\/sites.usp.br\/pme\/wp-json\/wp\/v2\/pages\/3318\/revisions"}],"predecessor-version":[{"id":3432,"href":"https:\/\/sites.usp.br\/pme\/wp-json\/wp\/v2\/pages\/3318\/revisions\/3432"}],"wp:attachment":[{"href":"https:\/\/sites.usp.br\/pme\/wp-json\/wp\/v2\/media?parent=3318"}],"curies":[{"name":"wp","href":"https:\/\/api.w.org\/{rel}","templated":true}]}}