{"id":3646,"date":"2026-04-14T17:36:05","date_gmt":"2026-04-14T20:36:05","guid":{"rendered":"https:\/\/sites.usp.br\/pme-prototipo\/?page_id=3646"},"modified":"2026-04-20T16:48:17","modified_gmt":"2026-04-20T19:48:17","slug":"coletivos","status":"publish","type":"page","link":"https:\/\/sites.usp.br\/pme\/coletivos\/","title":{"rendered":"Coletivos"},"content":{"rendered":"\t\t<div data-elementor-type=\"wp-page\" data-elementor-id=\"3646\" class=\"elementor elementor-3646\" data-elementor-post-type=\"page\">\n\t\t\t\t\t\t<section class=\"elementor-section elementor-top-section elementor-element elementor-element-60f813d elementor-section-boxed elementor-section-height-default elementor-section-height-default\" data-id=\"60f813d\" data-element_type=\"section\">\n\t\t\t\t\t\t<div class=\"elementor-container elementor-column-gap-default\">\n\t\t\t\t\t<div class=\"elementor-column elementor-col-100 elementor-top-column elementor-element elementor-element-2c96526\" data-id=\"2c96526\" data-element_type=\"column\">\n\t\t\t<div class=\"elementor-widget-wrap elementor-element-populated\">\n\t\t\t\t\t\t<div class=\"elementor-element elementor-element-d2bc543 elementor-widget elementor-widget-heading\" data-id=\"d2bc543\" data-element_type=\"widget\" data-widget_type=\"heading.default\">\n\t\t\t\t<div class=\"elementor-widget-container\">\n\t\t\t<h2 class=\"elementor-heading-title elementor-size-default\">Poli Negra<\/h2>\t\t<\/div>\n\t\t\t\t<\/div>\n\t\t\t\t<section class=\"elementor-section elementor-inner-section elementor-element elementor-element-2be92f0 elementor-section-boxed elementor-section-height-default elementor-section-height-default\" data-id=\"2be92f0\" data-element_type=\"section\">\n\t\t\t\t\t\t<div class=\"elementor-container elementor-column-gap-default\">\n\t\t\t\t\t<div class=\"elementor-column elementor-col-100 elementor-inner-column elementor-element elementor-element-863bacd\" data-id=\"863bacd\" data-element_type=\"column\">\n\t\t\t<div class=\"elementor-widget-wrap elementor-element-populated\">\n\t\t\t\t\t\t<div class=\"elementor-element elementor-element-eac5fca elementor-widget elementor-widget-text-editor\" data-id=\"eac5fca\" data-element_type=\"widget\" data-widget_type=\"text-editor.default\">\n\t\t\t\t<div class=\"elementor-widget-container\">\n\t\t\t\t\t\t\t<p dir=\"ltr\">A <strong data-start=\"1764\" data-end=\"1778\">Poli Negra<\/strong> \u00e9 um coletivo voltado \u00e0 valoriza\u00e7\u00e3o, representatividade e perman\u00eancia de estudantes negros na Escola Polit\u00e9cnica. Sua atua\u00e7\u00e3o envolve tanto o acolhimento e suporte \u00e0 comunidade quanto a promo\u00e7\u00e3o de debates sobre ra\u00e7a, desigualdade e acesso ao ensino superior. Por meio de eventos, discuss\u00f5es e articula\u00e7\u00e3o com outras iniciativas, o grupo busca enfrentar barreiras estruturais e fortalecer a identidade negra no ambiente acad\u00eamico, contribuindo para uma forma\u00e7\u00e3o mais plural e socialmente consciente dentro da engenharia.<\/p>\t\t\t\t\t\t<\/div>\n\t\t\t\t<\/div>\n\t\t\t\t\t<\/div>\n\t\t<\/div>\n\t\t\t\t\t<\/div>\n\t\t<\/section>\n\t\t\t\t<div class=\"elementor-element elementor-element-20c06a3 elementor-widget elementor-widget-image\" data-id=\"20c06a3\" data-element_type=\"widget\" data-widget_type=\"image.default\">\n\t\t\t\t<div class=\"elementor-widget-container\">\n\t\t\t\t\t\t\t\t\t\t\t\t\t<img decoding=\"async\" width=\"150\" height=\"150\" src=\"https:\/\/sites.usp.br\/pme\/wp-content\/uploads\/sites\/1806\/2026\/04\/coletivoPN.jpg\" class=\"attachment-thumbnail size-thumbnail wp-image-3698\" alt=\"\" srcset=\"https:\/\/sites.usp.br\/pme\/wp-content\/uploads\/sites\/1806\/2026\/04\/coletivoPN.jpg 150w, https:\/\/sites.usp.br\/pme\/wp-content\/uploads\/sites\/1806\/2026\/04\/coletivoPN-45x45.jpg 45w\" sizes=\"(max-width: 150px) 100vw, 150px\" \/>\t\t\t\t\t\t\t\t\t\t\t\t\t<\/div>\n\t\t\t\t<\/div>\n\t\t\t\t<div class=\"elementor-element elementor-element-44ce97d elementor-shape-circle elementor-grid-0 e-grid-align-center elementor-widget elementor-widget-social-icons\" data-id=\"44ce97d\" data-element_type=\"widget\" data-widget_type=\"social-icons.default\">\n\t\t\t\t<div class=\"elementor-widget-container\">\n\t\t\t\t\t<div class=\"elementor-social-icons-wrapper elementor-grid\">\n\t\t\t\t\t\t\t<span class=\"elementor-grid-item\">\n\t\t\t\t\t<a class=\"elementor-icon elementor-social-icon elementor-social-icon-instagram elementor-animation-shrink elementor-repeater-item-c3dbaf3\" href=\"https:\/\/www.instagram.com\/coletivopolinegra\/\" target=\"_blank\">\n\t\t\t\t\t\t<span class=\"elementor-screen-only\">Instagram<\/span>\n\t\t\t\t\t\t<i class=\"fab fa-instagram\"><\/i>\t\t\t\t\t<\/a>\n\t\t\t\t<\/span>\n\t\t\t\t\t\t\t<span class=\"elementor-grid-item\">\n\t\t\t\t\t<a class=\"elementor-icon elementor-social-icon elementor-social-icon-linkedin elementor-animation-shrink elementor-repeater-item-918e03f\" href=\"https:\/\/www.linkedin.com\/company\/coletivopolinegra\/\" target=\"_blank\">\n\t\t\t\t\t\t<span class=\"elementor-screen-only\">Linkedin<\/span>\n\t\t\t\t\t\t<i class=\"fab fa-linkedin\"><\/i>\t\t\t\t\t<\/a>\n\t\t\t\t<\/span>\n\t\t\t\t\t<\/div>\n\t\t\t\t<\/div>\n\t\t\t\t<\/div>\n\t\t\t\t<div class=\"elementor-element elementor-element-0fcbf96 elementor-widget-divider--view-line elementor-widget elementor-widget-divider\" data-id=\"0fcbf96\" data-element_type=\"widget\" data-widget_type=\"divider.default\">\n\t\t\t\t<div class=\"elementor-widget-container\">\n\t\t\t\t\t<div class=\"elementor-divider\">\n\t\t\t<span class=\"elementor-divider-separator\">\n\t\t\t\t\t\t<\/span>\n\t\t<\/div>\n\t\t\t\t<\/div>\n\t\t\t\t<\/div>\n\t\t\t\t\t<\/div>\n\t\t<\/div>\n\t\t\t\t\t<\/div>\n\t\t<\/section>\n\t\t\t\t<section class=\"elementor-section elementor-top-section elementor-element elementor-element-6336e5d elementor-section-boxed elementor-section-height-default elementor-section-height-default\" data-id=\"6336e5d\" data-element_type=\"section\">\n\t\t\t\t\t\t<div class=\"elementor-container elementor-column-gap-default\">\n\t\t\t\t\t<div class=\"elementor-column elementor-col-100 elementor-top-column elementor-element elementor-element-f6183bd\" data-id=\"f6183bd\" data-element_type=\"column\">\n\t\t\t<div class=\"elementor-widget-wrap elementor-element-populated\">\n\t\t\t\t\t\t<div class=\"elementor-element elementor-element-c4d6c9a elementor-widget elementor-widget-heading\" data-id=\"c4d6c9a\" data-element_type=\"widget\" data-widget_type=\"heading.default\">\n\t\t\t\t<div class=\"elementor-widget-container\">\n\t\t\t<h2 class=\"elementor-heading-title elementor-size-default\">Poli Pride<\/h2>\t\t<\/div>\n\t\t\t\t<\/div>\n\t\t\t\t<section class=\"elementor-section elementor-inner-section elementor-element elementor-element-914ea18 elementor-section-boxed elementor-section-height-default elementor-section-height-default\" data-id=\"914ea18\" data-element_type=\"section\">\n\t\t\t\t\t\t<div class=\"elementor-container elementor-column-gap-default\">\n\t\t\t\t\t<div class=\"elementor-column elementor-col-100 elementor-inner-column elementor-element elementor-element-eb4779c\" data-id=\"eb4779c\" data-element_type=\"column\">\n\t\t\t<div class=\"elementor-widget-wrap elementor-element-populated\">\n\t\t\t\t\t\t<div class=\"elementor-element elementor-element-363d4ab elementor-widget elementor-widget-text-editor\" data-id=\"363d4ab\" data-element_type=\"widget\" data-widget_type=\"text-editor.default\">\n\t\t\t\t<div class=\"elementor-widget-container\">\n\t\t\t\t\t\t\t<p dir=\"ltr\">A <strong data-start=\"2\" data-end=\"15\">PoliPride<\/strong> \u00e9 uma iniciativa de extens\u00e3o voltada \u00e0 promo\u00e7\u00e3o da diversidade e inclus\u00e3o de pessoas LGBTQIA+ no ambiente da Escola Polit\u00e9cnica. Sua atua\u00e7\u00e3o busca construir um espa\u00e7o acad\u00eamico mais seguro, acolhedor e representativo, por meio de a\u00e7\u00f5es de conscientiza\u00e7\u00e3o, suporte \u00e0 comunidade e incentivo ao di\u00e1logo sobre identidade de g\u00eanero e orienta\u00e7\u00e3o sexual. Ao longo de suas atividades, o coletivo organiza eventos, campanhas e discuss\u00f5es que conectam viv\u00eancias pessoais a reflex\u00f5es institucionais, contribuindo para a forma\u00e7\u00e3o de engenheiros mais sens\u00edveis \u00e0s dimens\u00f5es sociais e humanas da profiss\u00e3o.<\/p>\t\t\t\t\t\t<\/div>\n\t\t\t\t<\/div>\n\t\t\t\t\t<\/div>\n\t\t<\/div>\n\t\t\t\t\t<\/div>\n\t\t<\/section>\n\t\t\t\t<div class=\"elementor-element elementor-element-f852fbc elementor-widget elementor-widget-image\" data-id=\"f852fbc\" data-element_type=\"widget\" data-widget_type=\"image.default\">\n\t\t\t\t<div class=\"elementor-widget-container\">\n\t\t\t\t\t\t\t\t\t\t\t\t\t<img decoding=\"async\" width=\"150\" height=\"150\" src=\"https:\/\/sites.usp.br\/pme\/wp-content\/uploads\/sites\/1806\/2026\/04\/ColetivoPoliPride.jpg\" class=\"attachment-thumbnail size-thumbnail wp-image-3702\" alt=\"\" srcset=\"https:\/\/sites.usp.br\/pme\/wp-content\/uploads\/sites\/1806\/2026\/04\/ColetivoPoliPride.jpg 150w, https:\/\/sites.usp.br\/pme\/wp-content\/uploads\/sites\/1806\/2026\/04\/ColetivoPoliPride-45x45.jpg 45w\" sizes=\"(max-width: 150px) 100vw, 150px\" \/>\t\t\t\t\t\t\t\t\t\t\t\t\t<\/div>\n\t\t\t\t<\/div>\n\t\t\t\t<div class=\"elementor-element elementor-element-46b9a8f elementor-shape-circle elementor-grid-0 e-grid-align-center elementor-widget elementor-widget-social-icons\" data-id=\"46b9a8f\" data-element_type=\"widget\" data-widget_type=\"social-icons.default\">\n\t\t\t\t<div class=\"elementor-widget-container\">\n\t\t\t\t\t<div class=\"elementor-social-icons-wrapper elementor-grid\">\n\t\t\t\t\t\t\t<span class=\"elementor-grid-item\">\n\t\t\t\t\t<a class=\"elementor-icon elementor-social-icon elementor-social-icon-instagram elementor-animation-shrink elementor-repeater-item-c3dbaf3\" href=\"https:\/\/www.instagram.com\/coletivo.polipride\/\" target=\"_blank\">\n\t\t\t\t\t\t<span class=\"elementor-screen-only\">Instagram<\/span>\n\t\t\t\t\t\t<i class=\"fab fa-instagram\"><\/i>\t\t\t\t\t<\/a>\n\t\t\t\t<\/span>\n\t\t\t\t\t\t\t<span class=\"elementor-grid-item\">\n\t\t\t\t\t<a class=\"elementor-icon elementor-social-icon elementor-social-icon-linkedin elementor-animation-shrink elementor-repeater-item-918e03f\" href=\"https:\/\/www.linkedin.com\/company\/polipride\/?originalSubdomain=br\" target=\"_blank\">\n\t\t\t\t\t\t<span class=\"elementor-screen-only\">Linkedin<\/span>\n\t\t\t\t\t\t<i class=\"fab fa-linkedin\"><\/i>\t\t\t\t\t<\/a>\n\t\t\t\t<\/span>\n\t\t\t\t\t<\/div>\n\t\t\t\t<\/div>\n\t\t\t\t<\/div>\n\t\t\t\t<div class=\"elementor-element elementor-element-8f51f26 elementor-widget-divider--view-line elementor-widget elementor-widget-divider\" data-id=\"8f51f26\" data-element_type=\"widget\" data-widget_type=\"divider.default\">\n\t\t\t\t<div class=\"elementor-widget-container\">\n\t\t\t\t\t<div class=\"elementor-divider\">\n\t\t\t<span class=\"elementor-divider-separator\">\n\t\t\t\t\t\t<\/span>\n\t\t<\/div>\n\t\t\t\t<\/div>\n\t\t\t\t<\/div>\n\t\t\t\t\t<\/div>\n\t\t<\/div>\n\t\t\t\t\t<\/div>\n\t\t<\/section>\n\t\t\t\t<section class=\"elementor-section elementor-top-section elementor-element elementor-element-5257106 elementor-section-boxed elementor-section-height-default elementor-section-height-default\" data-id=\"5257106\" data-element_type=\"section\">\n\t\t\t\t\t\t<div class=\"elementor-container elementor-column-gap-default\">\n\t\t\t\t\t<div class=\"elementor-column elementor-col-100 elementor-top-column elementor-element elementor-element-3dda746\" data-id=\"3dda746\" data-element_type=\"column\">\n\t\t\t<div class=\"elementor-widget-wrap elementor-element-populated\">\n\t\t\t\t\t\t<div class=\"elementor-element elementor-element-5509b62 elementor-widget elementor-widget-heading\" data-id=\"5509b62\" data-element_type=\"widget\" data-widget_type=\"heading.default\">\n\t\t\t\t<div class=\"elementor-widget-container\">\n\t\t\t<h2 class=\"elementor-heading-title elementor-size-default\">Poli Gen<\/h2>\t\t<\/div>\n\t\t\t\t<\/div>\n\t\t\t\t<section class=\"elementor-section elementor-inner-section elementor-element elementor-element-cf962f6 elementor-section-boxed elementor-section-height-default elementor-section-height-default\" data-id=\"cf962f6\" data-element_type=\"section\">\n\t\t\t\t\t\t<div class=\"elementor-container elementor-column-gap-default\">\n\t\t\t\t\t<div class=\"elementor-column elementor-col-100 elementor-inner-column elementor-element elementor-element-f1f3acc\" data-id=\"f1f3acc\" data-element_type=\"column\">\n\t\t\t<div class=\"elementor-widget-wrap elementor-element-populated\">\n\t\t\t\t\t\t<div class=\"elementor-element elementor-element-5dcfab4 elementor-widget elementor-widget-text-editor\" data-id=\"5dcfab4\" data-element_type=\"widget\" data-widget_type=\"text-editor.default\">\n\t\t\t\t<div class=\"elementor-widget-container\">\n\t\t\t\t\t\t\t<p dir=\"ltr\">A <strong data-start=\"1204\" data-end=\"1215\">PoliGEN<\/strong> (Grupo de Estudos de G\u00eanero da Poli) tem como proposta central a an\u00e1lise cr\u00edtica das quest\u00f5es de g\u00eanero no contexto da engenharia e da universidade. Por meio de estudos, debates e produ\u00e7\u00e3o de conte\u00fado, o grupo explora como constru\u00e7\u00f5es sociais influenciam trajet\u00f3rias acad\u00eamicas, rela\u00e7\u00f5es de poder e oportunidades dentro do meio t\u00e9cnico-cient\u00edfico. Sua atua\u00e7\u00e3o promove a integra\u00e7\u00e3o entre conhecimento te\u00f3rico e realidade institucional, ampliando a compreens\u00e3o sobre diversidade e incentivando pr\u00e1ticas mais inclusivas no cotidiano universit\u00e1rio.<\/p>\t\t\t\t\t\t<\/div>\n\t\t\t\t<\/div>\n\t\t\t\t\t<\/div>\n\t\t<\/div>\n\t\t\t\t\t<\/div>\n\t\t<\/section>\n\t\t\t\t<div class=\"elementor-element elementor-element-4d1ff4c elementor-widget elementor-widget-image\" data-id=\"4d1ff4c\" data-element_type=\"widget\" data-widget_type=\"image.default\">\n\t\t\t\t<div class=\"elementor-widget-container\">\n\t\t\t\t\t\t\t\t\t\t\t\t\t<img decoding=\"async\" width=\"150\" height=\"150\" src=\"https:\/\/sites.usp.br\/pme\/wp-content\/uploads\/sites\/1806\/2026\/04\/coletivoPoliGen.jpg\" class=\"attachment-thumbnail size-thumbnail wp-image-3703\" alt=\"\" srcset=\"https:\/\/sites.usp.br\/pme\/wp-content\/uploads\/sites\/1806\/2026\/04\/coletivoPoliGen.jpg 150w, https:\/\/sites.usp.br\/pme\/wp-content\/uploads\/sites\/1806\/2026\/04\/coletivoPoliGen-45x45.jpg 45w\" sizes=\"(max-width: 150px) 100vw, 150px\" \/>\t\t\t\t\t\t\t\t\t\t\t\t\t<\/div>\n\t\t\t\t<\/div>\n\t\t\t\t<div class=\"elementor-element elementor-element-99898fd elementor-shape-circle elementor-grid-0 e-grid-align-center elementor-widget elementor-widget-social-icons\" data-id=\"99898fd\" data-element_type=\"widget\" data-widget_type=\"social-icons.default\">\n\t\t\t\t<div class=\"elementor-widget-container\">\n\t\t\t\t\t<div class=\"elementor-social-icons-wrapper elementor-grid\">\n\t\t\t\t\t\t\t<span class=\"elementor-grid-item\">\n\t\t\t\t\t<a class=\"elementor-icon elementor-social-icon elementor-social-icon-instagram elementor-animation-shrink elementor-repeater-item-c3dbaf3\" href=\"https:\/\/www.instagram.com\/a_poligen\/\" target=\"_blank\">\n\t\t\t\t\t\t<span class=\"elementor-screen-only\">Instagram<\/span>\n\t\t\t\t\t\t<i class=\"fab fa-instagram\"><\/i>\t\t\t\t\t<\/a>\n\t\t\t\t<\/span>\n\t\t\t\t\t<\/div>\n\t\t\t\t<\/div>\n\t\t\t\t<\/div>\n\t\t\t\t<div class=\"elementor-element elementor-element-f5715ad elementor-widget-divider--view-line elementor-widget elementor-widget-divider\" data-id=\"f5715ad\" data-element_type=\"widget\" data-widget_type=\"divider.default\">\n\t\t\t\t<div class=\"elementor-widget-container\">\n\t\t\t\t\t<div class=\"elementor-divider\">\n\t\t\t<span class=\"elementor-divider-separator\">\n\t\t\t\t\t\t<\/span>\n\t\t<\/div>\n\t\t\t\t<\/div>\n\t\t\t\t<\/div>\n\t\t\t\t\t<\/div>\n\t\t<\/div>\n\t\t\t\t\t<\/div>\n\t\t<\/section>\n\t\t\t\t<section class=\"elementor-section elementor-top-section elementor-element elementor-element-b11beae elementor-section-boxed elementor-section-height-default elementor-section-height-default\" data-id=\"b11beae\" data-element_type=\"section\">\n\t\t\t\t\t\t<div class=\"elementor-container elementor-column-gap-default\">\n\t\t\t\t\t<div class=\"elementor-column elementor-col-100 elementor-top-column elementor-element elementor-element-3d602e3\" data-id=\"3d602e3\" data-element_type=\"column\">\n\t\t\t<div class=\"elementor-widget-wrap elementor-element-populated\">\n\t\t\t\t\t\t<div class=\"elementor-element elementor-element-dafacd9 elementor-widget elementor-widget-heading\" data-id=\"dafacd9\" data-element_type=\"widget\" data-widget_type=\"heading.default\">\n\t\t\t\t<div class=\"elementor-widget-container\">\n\t\t\t<h2 class=\"elementor-heading-title elementor-size-default\">Polit\u00e9cnicas (R)existem<\/h2>\t\t<\/div>\n\t\t\t\t<\/div>\n\t\t\t\t<section class=\"elementor-section elementor-inner-section elementor-element elementor-element-efee709 elementor-section-boxed elementor-section-height-default elementor-section-height-default\" data-id=\"efee709\" data-element_type=\"section\">\n\t\t\t\t\t\t<div class=\"elementor-container elementor-column-gap-default\">\n\t\t\t\t\t<div class=\"elementor-column elementor-col-100 elementor-inner-column elementor-element elementor-element-77912fb\" data-id=\"77912fb\" data-element_type=\"column\">\n\t\t\t<div class=\"elementor-widget-wrap elementor-element-populated\">\n\t\t\t\t\t\t<div class=\"elementor-element elementor-element-8bd585f elementor-widget elementor-widget-text-editor\" data-id=\"8bd585f\" data-element_type=\"widget\" data-widget_type=\"text-editor.default\">\n\t\t\t\t<div class=\"elementor-widget-container\">\n\t\t\t\t\t\t\t<p dir=\"ltr\">O coletivo <strong data-start=\"621\" data-end=\"648\">Polit\u00e9cnicas (R)existem<\/strong> \u00e9 dedicado ao fortalecimento da presen\u00e7a feminina na engenharia, com foco na perman\u00eancia, visibilidade e valoriza\u00e7\u00e3o das mulheres dentro da Poli. A iniciativa atua no enfrentamento das desigualdades de g\u00eanero historicamente presentes na \u00e1rea, promovendo rodas de conversa, mentorias, palestras e a\u00e7\u00f5es institucionais. Ao articular experi\u00eancias individuais com debates estruturais, o grupo contribui para a constru\u00e7\u00e3o de um ambiente mais equitativo, incentivando a participa\u00e7\u00e3o ativa de mulheres em todas as etapas da forma\u00e7\u00e3o acad\u00eamica e profissional.<\/p>\t\t\t\t\t\t<\/div>\n\t\t\t\t<\/div>\n\t\t\t\t\t<\/div>\n\t\t<\/div>\n\t\t\t\t\t<\/div>\n\t\t<\/section>\n\t\t\t\t<div class=\"elementor-element elementor-element-22dd901 elementor-widget elementor-widget-image\" data-id=\"22dd901\" data-element_type=\"widget\" data-widget_type=\"image.default\">\n\t\t\t\t<div class=\"elementor-widget-container\">\n\t\t\t\t\t\t\t\t\t\t\t\t\t<img loading=\"lazy\" decoding=\"async\" width=\"150\" height=\"150\" src=\"https:\/\/sites.usp.br\/pme\/wp-content\/uploads\/sites\/1806\/2026\/04\/coletivopoliRes.jpg\" class=\"attachment-thumbnail size-thumbnail wp-image-3707\" alt=\"\" srcset=\"https:\/\/sites.usp.br\/pme\/wp-content\/uploads\/sites\/1806\/2026\/04\/coletivopoliRes.jpg 150w, https:\/\/sites.usp.br\/pme\/wp-content\/uploads\/sites\/1806\/2026\/04\/coletivopoliRes-45x45.jpg 45w\" sizes=\"(max-width: 150px) 100vw, 150px\" \/>\t\t\t\t\t\t\t\t\t\t\t\t\t<\/div>\n\t\t\t\t<\/div>\n\t\t\t\t<div class=\"elementor-element elementor-element-afeef64 elementor-shape-circle elementor-grid-0 e-grid-align-center elementor-widget elementor-widget-social-icons\" data-id=\"afeef64\" data-element_type=\"widget\" data-widget_type=\"social-icons.default\">\n\t\t\t\t<div class=\"elementor-widget-container\">\n\t\t\t\t\t<div class=\"elementor-social-icons-wrapper elementor-grid\">\n\t\t\t\t\t\t\t<span class=\"elementor-grid-item\">\n\t\t\t\t\t<a class=\"elementor-icon elementor-social-icon elementor-social-icon-instagram elementor-animation-shrink elementor-repeater-item-c3dbaf3\" href=\"https:\/\/www.instagram.com\/politecnicas.r.existem\/\" target=\"_blank\">\n\t\t\t\t\t\t<span class=\"elementor-screen-only\">Instagram<\/span>\n\t\t\t\t\t\t<i class=\"fab fa-instagram\"><\/i>\t\t\t\t\t<\/a>\n\t\t\t\t<\/span>\n\t\t\t\t\t<\/div>\n\t\t\t\t<\/div>\n\t\t\t\t<\/div>\n\t\t\t\t<div class=\"elementor-element elementor-element-a9f6144 elementor-widget-divider--view-line elementor-widget elementor-widget-divider\" data-id=\"a9f6144\" data-element_type=\"widget\" data-widget_type=\"divider.default\">\n\t\t\t\t<div class=\"elementor-widget-container\">\n\t\t\t\t\t<div class=\"elementor-divider\">\n\t\t\t<span class=\"elementor-divider-separator\">\n\t\t\t\t\t\t<\/span>\n\t\t<\/div>\n\t\t\t\t<\/div>\n\t\t\t\t<\/div>\n\t\t\t\t\t<\/div>\n\t\t<\/div>\n\t\t\t\t\t<\/div>\n\t\t<\/section>\n\t\t\t\t<\/div>\n\t\t","protected":false},"excerpt":{"rendered":"<p>Poli Negra A Poli Negra \u00e9 um coletivo voltado \u00e0 valoriza\u00e7\u00e3o, representatividade e perman\u00eancia de estudantes negros na Escola Polit\u00e9cnica. Sua atua\u00e7\u00e3o envolve tanto o acolhimento e suporte \u00e0 comunidade quanto a promo\u00e7\u00e3o de debates sobre ra\u00e7a, desigualdade e acesso ao ensino superior. Por meio de eventos, discuss\u00f5es e articula\u00e7\u00e3o com outras iniciativas, o grupo [&hellip;]<\/p>\n","protected":false},"author":25194,"featured_media":0,"parent":0,"menu_order":0,"comment_status":"closed","ping_status":"closed","template":"","meta":{"_monsterinsights_skip_tracking":false,"_monsterinsights_sitenote_active":false,"_monsterinsights_sitenote_note":"","_monsterinsights_sitenote_category":0,"footnotes":"","_links_to":"","_links_to_target":""},"class_list":["post-3646","page","type-page","status-publish","hentry","entry"],"_links":{"self":[{"href":"https:\/\/sites.usp.br\/pme\/wp-json\/wp\/v2\/pages\/3646","targetHints":{"allow":["GET"]}}],"collection":[{"href":"https:\/\/sites.usp.br\/pme\/wp-json\/wp\/v2\/pages"}],"about":[{"href":"https:\/\/sites.usp.br\/pme\/wp-json\/wp\/v2\/types\/page"}],"author":[{"embeddable":true,"href":"https:\/\/sites.usp.br\/pme\/wp-json\/wp\/v2\/users\/25194"}],"replies":[{"embeddable":true,"href":"https:\/\/sites.usp.br\/pme\/wp-json\/wp\/v2\/comments?post=3646"}],"version-history":[{"count":4,"href":"https:\/\/sites.usp.br\/pme\/wp-json\/wp\/v2\/pages\/3646\/revisions"}],"predecessor-version":[{"id":3710,"href":"https:\/\/sites.usp.br\/pme\/wp-json\/wp\/v2\/pages\/3646\/revisions\/3710"}],"wp:attachment":[{"href":"https:\/\/sites.usp.br\/pme\/wp-json\/wp\/v2\/media?parent=3646"}],"curies":[{"name":"wp","href":"https:\/\/api.w.org\/{rel}","templated":true}]}}