{"id":1685,"date":"2023-07-06T19:40:27","date_gmt":"2023-07-06T21:40:27","guid":{"rendered":"https:\/\/sites.usp.br\/pmg\/?page_id=1685"},"modified":"2023-07-17T14:55:06","modified_gmt":"2023-07-17T16:55:06","slug":"workshop-curriculo-baseado-em-competencias","status":"publish","type":"page","link":"https:\/\/sites.usp.br\/pmg\/en\/workshop-curriculo-baseado-em-competencias\/","title":{"rendered":"Workshop &#8220;Curr\u00edculo baseado em compet\u00eancias&#8221;"},"content":{"rendered":"\t\t<div data-elementor-type=\"wp-page\" data-elementor-id=\"1685\" class=\"elementor elementor-1685\" data-elementor-post-type=\"page\">\n\t\t\t\t\t\t<section class=\"elementor-section elementor-top-section elementor-element elementor-element-cecf924 elementor-section-boxed elementor-section-height-default elementor-section-height-default\" data-id=\"cecf924\" data-element_type=\"section\">\n\t\t\t\t\t\t<div class=\"elementor-container elementor-column-gap-default\">\n\t\t\t\t\t<div class=\"elementor-column elementor-col-100 elementor-top-column elementor-element elementor-element-aab7645\" data-id=\"aab7645\" data-element_type=\"column\">\n\t\t\t<div class=\"elementor-widget-wrap elementor-element-populated\">\n\t\t\t\t\t\t<div class=\"elementor-element elementor-element-07b1cce elementor-widget elementor-widget-heading\" data-id=\"07b1cce\" data-element_type=\"widget\" data-widget_type=\"heading.default\">\n\t\t\t\t<div class=\"elementor-widget-container\">\n\t\t\t<h2 class=\"elementor-heading-title elementor-size-default\">Programa\u00e7\u00e3o<\/h2>\t\t<\/div>\n\t\t\t\t<\/div>\n\t\t\t\t<div class=\"elementor-element elementor-element-9db3eb8 elementor-widget elementor-widget-text-editor\" data-id=\"9db3eb8\" data-element_type=\"widget\" data-widget_type=\"text-editor.default\">\n\t\t\t\t<div class=\"elementor-widget-container\">\n\t\t\t\t\t\t\t<p>O Workshop &#8220;Curr\u00edculo baseado em compet\u00eancias&#8221; foi realizado no dia <strong>12 de julho de 2023<\/strong>, das <strong>8h30 \u00e0s 18h00<\/strong>, no Conjunto das Qu\u00edmicas &#8211; Bloco 18 &#8211; Sala 6\/8.<\/p><p><strong><span style=\"text-decoration: underline;\"><a href=\"https:\/\/drive.google.com\/drive\/folders\/1yLQb5iteRSSyF3t1cWhFBWPhJElZ-lo2?usp=sharing\">Material completo<\/a><\/span><\/strong> |\u00a0<strong><span style=\"text-decoration: underline;\"><a href=\"https:\/\/drive.google.com\/drive\/folders\/1u7MHNu7qxmk-5KQmtqKmLmbWnDLeF-hJ?usp=drive_link\">Fotos<\/a><\/span><\/strong> |\u00a0<span style=\"color: #ff0000;\"><strong><span style=\"text-decoration: underline;\"><a style=\"color: #ff0000; text-decoration: underline;\" href=\"https:\/\/drive.google.com\/drive\/folders\/1rzbRWTZlkqtauMlcxsgP5yh039dJCyJA?usp=drive_link\">Resultados<\/a><\/span><\/strong><\/span><\/p><p>Confira a programa\u00e7\u00e3o:<\/p>\t\t\t\t\t\t<\/div>\n\t\t\t\t<\/div>\n\t\t\t\t<div class=\"elementor-element elementor-element-43a08df elementor-widget elementor-widget-html\" data-id=\"43a08df\" data-element_type=\"widget\" data-widget_type=\"html.default\">\n\t\t\t\t<div class=\"elementor-widget-container\">\n\t\t\t<table>\r\n  <tr>\r\n    <td bgcolor=\"#D3D3D3\"><center><b>Hor\u00e1rio<\/b><\/center><\/td>\r\n    <td bgcolor=\"#D3D3D3\"><b><center>Programa\u00e7\u00e3o<\/center><\/b><\/td>\r\n  <\/tr>\r\n  <tr>\r\n    <td>8:30 - 8:50<\/td>\r\n    <td>Contexto institucional - Prof. Ant\u00f4nio Seabra<\/td>\r\n  <\/tr>\r\n    <tr>\r\n    <td>8:50 - 9:50<\/td>\r\n    <td>Apresenta\u00e7\u00e3o do Curr\u00edculo do PQI em constru\u00e7\u00e3o - Prof. Marcelo Seckler<\/td>\r\n  <\/tr>\r\n    <tr>\r\n    <td>9:50 - 10:10<\/td>\r\n    <td>Proposta para atividade coletiva de constru\u00e7\u00e3o de curr\u00edculo<\/td>\r\n  <\/tr>\r\n  <tr>\r\n    <td bgcolor=\"#F5FFFA\">10:10 - 10:30<\/td>\r\n    <td bgcolor=\"#F5FFFA\"><i><font color=\"#4169E1\">Coffee Break<\/font><\/i><\/td>\r\n  <\/tr>\r\n  <tr>\r\n    <td>10:30 - 13:00<\/td>\r\n    <td>Atividade coletiva: distribui\u00e7\u00e3o de habilidades no tempo<\/td>\r\n  <\/tr>\r\n  <tr>\r\n    <td bgcolor=\"#B5D5E5\">13:00 - 14:30<\/td>\r\n    <td bgcolor=\"#B5D5E5\"><i><font color=\"#4169E1\">Almo\u00e7o<\/font><\/i><\/td>\r\n  <\/tr>\r\n    <tr>\r\n    <td>14:30 - 16:00<\/td>\r\n    <td>Atividade coletiva (continua\u00e7\u00e3o)<\/td>\r\n  <\/tr>\r\n    <tr>\r\n    <td bgcolor=\"#F5FFFA\">16:00 - 16:20<\/td>\r\n    <td bgcolor=\"#F5FFFA\"><i><font color=\"#4169E1\">Coffee Break<\/font><\/i><\/td>\r\n  <\/tr>\r\n    <\/tr>\r\n    <tr>\r\n    <td>16:20 - 17:00<\/td>\r\n    <td>Discuss\u00e3o sobre metodologias ativas em uso no PQI<\/td>\r\n  <\/tr>\r\n      <tr>\r\n    <td>17:00 - 18:00<\/td>\r\n    <td>Avalia\u00e7\u00e3o e pr\u00f3ximos passos<\/td>\r\n  <\/tr>\r\n<\/table>\t\t<\/div>\n\t\t\t\t<\/div>\n\t\t\t\t\t<\/div>\n\t\t<\/div>\n\t\t\t\t\t<\/div>\n\t\t<\/section>\n\t\t\t\t<\/div>\n\t\t","protected":false},"excerpt":{"rendered":"<p>Programa\u00e7\u00e3o O Workshop &#8220;Curr\u00edculo baseado em compet\u00eancias&#8221; foi realizado no dia 12 de julho de 2023, das 8h30 \u00e0s 18h00, no Conjunto das Qu\u00edmicas &#8211; Bloco 18 &#8211; Sala 6\/8. Material completo |\u00a0Fotos |\u00a0Resultados Confira a programa\u00e7\u00e3o: Hor\u00e1rio Programa\u00e7\u00e3o 8:30 &#8211; 8:50 Contexto institucional &#8211; Prof. Ant\u00f4nio Seabra 8:50 &#8211; 9:50 Apresenta\u00e7\u00e3o do Curr\u00edculo do [&hellip;]<\/p>\n","protected":false},"author":22917,"featured_media":0,"parent":0,"menu_order":0,"comment_status":"closed","ping_status":"closed","template":"","meta":{"_monsterinsights_skip_tracking":false,"_monsterinsights_sitenote_active":false,"_monsterinsights_sitenote_note":"","_monsterinsights_sitenote_category":0,"footnotes":"","_links_to":"","_links_to_target":""},"class_list":["post-1685","page","type-page","status-publish","hentry","entry"],"_links":{"self":[{"href":"https:\/\/sites.usp.br\/pmg\/en\/wp-json\/wp\/v2\/pages\/1685","targetHints":{"allow":["GET"]}}],"collection":[{"href":"https:\/\/sites.usp.br\/pmg\/en\/wp-json\/wp\/v2\/pages"}],"about":[{"href":"https:\/\/sites.usp.br\/pmg\/en\/wp-json\/wp\/v2\/types\/page"}],"author":[{"embeddable":true,"href":"https:\/\/sites.usp.br\/pmg\/en\/wp-json\/wp\/v2\/users\/22917"}],"replies":[{"embeddable":true,"href":"https:\/\/sites.usp.br\/pmg\/en\/wp-json\/wp\/v2\/comments?post=1685"}],"version-history":[{"count":4,"href":"https:\/\/sites.usp.br\/pmg\/en\/wp-json\/wp\/v2\/pages\/1685\/revisions"}],"predecessor-version":[{"id":1722,"href":"https:\/\/sites.usp.br\/pmg\/en\/wp-json\/wp\/v2\/pages\/1685\/revisions\/1722"}],"wp:attachment":[{"href":"https:\/\/sites.usp.br\/pmg\/en\/wp-json\/wp\/v2\/media?parent=1685"}],"curies":[{"name":"wp","href":"https:\/\/api.w.org\/{rel}","templated":true}]}}