{"id":646,"date":"2022-07-22T11:17:23","date_gmt":"2022-07-22T13:17:23","guid":{"rendered":"https:\/\/sites.usp.br\/pmg\/?page_id=646"},"modified":"2022-07-22T12:04:02","modified_gmt":"2022-07-22T14:04:02","slug":"sobre","status":"publish","type":"page","link":"https:\/\/sites.usp.br\/pmg\/en\/sobre\/","title":{"rendered":"Institucional"},"content":{"rendered":"\t\t<div data-elementor-type=\"wp-page\" data-elementor-id=\"646\" class=\"elementor elementor-646\" data-elementor-post-type=\"page\">\n\t\t\t\t\t\t<section class=\"elementor-section elementor-top-section elementor-element elementor-element-eb60dd6 elementor-section-boxed elementor-section-height-default elementor-section-height-default\" data-id=\"eb60dd6\" data-element_type=\"section\">\n\t\t\t\t\t\t<div class=\"elementor-container elementor-column-gap-default\">\n\t\t\t\t\t<div class=\"elementor-column elementor-col-100 elementor-top-column elementor-element elementor-element-187d5b9\" data-id=\"187d5b9\" data-element_type=\"column\">\n\t\t\t<div class=\"elementor-widget-wrap elementor-element-populated\">\n\t\t\t\t\t\t<div class=\"elementor-element elementor-element-cde0ba9 elementor-widget elementor-widget-accordion\" data-id=\"cde0ba9\" data-element_type=\"widget\" data-widget_type=\"accordion.default\">\n\t\t\t\t<div class=\"elementor-widget-container\">\n\t\t\t\t\t<div class=\"elementor-accordion\">\n\t\t\t\t\t\t\t<div class=\"elementor-accordion-item\">\n\t\t\t\t\t<div id=\"elementor-tab-title-2151\" class=\"elementor-tab-title\" data-tab=\"1\" role=\"button\" aria-controls=\"elementor-tab-content-2151\" aria-expanded=\"false\">\n\t\t\t\t\t\t\t\t\t\t\t\t\t<span class=\"elementor-accordion-icon elementor-accordion-icon-left\" aria-hidden=\"true\">\n\t\t\t\t\t\t\t\t\t\t\t\t\t\t\t<i class=\"elementor-accordion-icon-closed fa fa-plus-circle\"><\/i>\n\t\t\t\t\t\t\t\t<i class=\"elementor-accordion-icon-opened \"><\/i>\n\t\t\t\t\t\t\t\t\t\t\t\t\t\t<\/span>\n\t\t\t\t\t\t\t\t\t\t\t\t<a class=\"elementor-accordion-title\" tabindex=\"0\">Sobre<\/a>\n\t\t\t\t\t<\/div>\n\t\t\t\t\t<div id=\"elementor-tab-content-2151\" class=\"elementor-tab-content elementor-clearfix\" data-tab=\"1\" role=\"region\" aria-labelledby=\"elementor-tab-title-2151\"><p style=\"padding-left: 40px;\"><span style=\"font-weight: 400;\">O <strong>Projeto Institucional de Moderniza\u00e7\u00e3o<\/strong> (PIM) a ser implementado no \u00e2mbito do <strong>Programa Brasil-Estados Unidos de Moderniza\u00e7\u00e3o da Educa\u00e7\u00e3o Superior na Gradua\u00e7\u00e3o<\/strong> (PMG &#8211; EUA) tem como principal objetivo<\/span><span style=\"font-weight: 400;\"> criar um ambiente prop\u00edcio para o desenvolvimento do pensamento criativo com s\u00f3lida base te\u00f3rica, da capacidade de inova\u00e7\u00e3o e de empreendedorismo dos alunos de Gradua\u00e7\u00e3o.<\/span><\/p><p style=\"padding-left: 40px;\"><span style=\"font-weight: 400;\">A estrat\u00e9gia de desenvolvimento das atividades curriculares ser\u00e1 revista, refor\u00e7ando as pr\u00e1ticas educativas que visem n\u00e3o s\u00f3 o desenvolvimento de <em>conhecimentos<\/em> e <em>habilidades<\/em>, como tamb\u00e9m de <em>compet\u00eancias<\/em>. Isto envolve a integra\u00e7\u00e3o entre disciplinas do curso e a interdisciplinaridade na abordagem dos t\u00f3picos de aprendizado, com intensa articula\u00e7\u00e3o com setores relacionados \u00e0 engenharia qu\u00edmica, nacional e internacionalmente.<\/span><\/p><h1>\u00a0 \u00a0 \u00a0<img decoding=\"async\" class=\"\" src=\"https:\/\/ppgdip.ufms.br\/files\/2020\/01\/logo-original-capes.png\" alt=\"logo-original-capes - PPGDIP\" width=\"93\" height=\"86\" \/>\u00a0 \u00a0<img decoding=\"async\" class=\"\" src=\"https:\/\/i0.wp.com\/www.mtitecnologia.com.br\/wp-content\/uploads\/2017\/01\/Logo-Minist%C3%A9rio-da-Educa%C3%A7%C3%A3o-BR-BG-Transparente.png?fit=800%2C310&amp;ssl=1&amp;w=640\" alt=\"Logo-Minist\u00e9rio-da-Educa\u00e7\u00e3o-BR-BG-Transparente\" width=\"189\" height=\"73\" \/><img decoding=\"async\" class=\"\" src=\"http:\/\/oportunidadesinternacionais.paginas.ufsc.br\/files\/2019\/05\/Fullbright-Brasil.jpg\" alt=\"Oportunidades Internacionais\" width=\"148\" height=\"79\" \/> CNE<\/h1><\/div>\n\t\t\t\t<\/div>\n\t\t\t\t\t\t\t<div class=\"elementor-accordion-item\">\n\t\t\t\t\t<div id=\"elementor-tab-title-2152\" class=\"elementor-tab-title\" data-tab=\"2\" role=\"button\" aria-controls=\"elementor-tab-content-2152\" aria-expanded=\"false\">\n\t\t\t\t\t\t\t\t\t\t\t\t\t<span class=\"elementor-accordion-icon elementor-accordion-icon-left\" aria-hidden=\"true\">\n\t\t\t\t\t\t\t\t\t\t\t\t\t\t\t<i class=\"elementor-accordion-icon-closed fa fa-plus-circle\"><\/i>\n\t\t\t\t\t\t\t\t<i class=\"elementor-accordion-icon-opened \"><\/i>\n\t\t\t\t\t\t\t\t\t\t\t\t\t\t<\/span>\n\t\t\t\t\t\t\t\t\t\t\t\t<a class=\"elementor-accordion-title\" tabindex=\"0\">Proposta<\/a>\n\t\t\t\t\t<\/div>\n\t\t\t\t\t<div id=\"elementor-tab-content-2152\" class=\"elementor-tab-content elementor-clearfix\" data-tab=\"2\" role=\"region\" aria-labelledby=\"elementor-tab-title-2152\"><ul><li>Proposta &#8220;Curso de Engenharia Qu\u00edmica da Poli-USP&#8221; (<span style=\"text-decoration: underline;\"><a href=\"https:\/\/drive.google.com\/file\/d\/1arNYTDnjn9fi6ZGsifDE9AvTC2OT2N9B\/view?usp=sharing\">PDF<\/a><\/span>) (<span style=\"text-decoration: underline;\"><a href=\"https:\/\/docs.google.com\/document\/d\/1H63uoWtjAB4LLcQiZDaMZzoipx_AqWcU\/edit?usp=sharing&amp;ouid=109312509163393659354&amp;rtpof=true&amp;sd=true\">DOC<\/a><\/span>)<\/li><li>Detalhamento da Proposta Inicial (<span style=\"text-decoration: underline;\"><a href=\"https:\/\/drive.google.com\/drive\/folders\/1TVg9IorydpV7HRSJBXwIVNuJ8XWXrAR3?usp=sharing\">Diret\u00f3rio<\/a>)<\/span><\/li><\/ul><\/div>\n\t\t\t\t<\/div>\n\t\t\t\t\t\t\t<div class=\"elementor-accordion-item\">\n\t\t\t\t\t<div id=\"elementor-tab-title-2153\" class=\"elementor-tab-title\" data-tab=\"3\" role=\"button\" aria-controls=\"elementor-tab-content-2153\" aria-expanded=\"false\">\n\t\t\t\t\t\t\t\t\t\t\t\t\t<span class=\"elementor-accordion-icon elementor-accordion-icon-left\" aria-hidden=\"true\">\n\t\t\t\t\t\t\t\t\t\t\t\t\t\t\t<i class=\"elementor-accordion-icon-closed fa fa-plus-circle\"><\/i>\n\t\t\t\t\t\t\t\t<i class=\"elementor-accordion-icon-opened \"><\/i>\n\t\t\t\t\t\t\t\t\t\t\t\t\t\t<\/span>\n\t\t\t\t\t\t\t\t\t\t\t\t<a class=\"elementor-accordion-title\" tabindex=\"0\">Edital n\u00ba 23\/2018<\/a>\n\t\t\t\t\t<\/div>\n\t\t\t\t\t<div id=\"elementor-tab-content-2153\" class=\"elementor-tab-content elementor-clearfix\" data-tab=\"3\" role=\"region\" aria-labelledby=\"elementor-tab-title-2153\"><ul><li><a href=\"https:\/\/drive.google.com\/file\/d\/1Q6QFZxhxfCgVT0GX_PkAokHbrG4bga17\/view?usp=sharing\">Abertura do Programa Brasil-Estados Unidos de Moderniza\u00e7\u00e3o da Educa\u00e7\u00e3o Superior na Gradua\u00e7\u00e3o (CAPES-CNE-Fullbright)<\/a><\/li><li><a href=\"https:\/\/drive.google.com\/file\/d\/1eWN7cESBLoit3wbqXOz2cwCstxV5uIuO\/view?usp=sharing\">Resultado Preliminar<\/a><\/li><\/ul><\/div>\n\t\t\t\t<\/div>\n\t\t\t\t\t\t\t<div class=\"elementor-accordion-item\">\n\t\t\t\t\t<div id=\"elementor-tab-title-2154\" class=\"elementor-tab-title\" data-tab=\"4\" role=\"button\" aria-controls=\"elementor-tab-content-2154\" aria-expanded=\"false\">\n\t\t\t\t\t\t\t\t\t\t\t\t\t<span class=\"elementor-accordion-icon elementor-accordion-icon-left\" aria-hidden=\"true\">\n\t\t\t\t\t\t\t\t\t\t\t\t\t\t\t<i class=\"elementor-accordion-icon-closed fa fa-plus-circle\"><\/i>\n\t\t\t\t\t\t\t\t<i class=\"elementor-accordion-icon-opened \"><\/i>\n\t\t\t\t\t\t\t\t\t\t\t\t\t\t<\/span>\n\t\t\t\t\t\t\t\t\t\t\t\t<a class=\"elementor-accordion-title\" tabindex=\"0\">Consultoria Externa<\/a>\n\t\t\t\t\t<\/div>\n\t\t\t\t\t<div id=\"elementor-tab-content-2154\" class=\"elementor-tab-content elementor-clearfix\" data-tab=\"4\" role=\"region\" aria-labelledby=\"elementor-tab-title-2154\"><ul><li>Acesse o conte\u00fado <a href=\"https:\/\/drive.google.com\/drive\/folders\/15uqMEu5f86oSFjPSC2P94AFYI9BMWchm?usp=sharing\">aqui<\/a> (dispon\u00edvel ao p\u00fablico).<\/li><\/ul><\/div>\n\t\t\t\t<\/div>\n\t\t\t\t\t\t\t\t<\/div>\n\t\t\t\t<\/div>\n\t\t\t\t<\/div>\n\t\t\t\t\t<\/div>\n\t\t<\/div>\n\t\t\t\t\t<\/div>\n\t\t<\/section>\n\t\t\t\t<\/div>\n\t\t","protected":false},"excerpt":{"rendered":"<p>Sobre O Projeto Institucional de Moderniza\u00e7\u00e3o (PIM) a ser implementado no \u00e2mbito do Programa Brasil-Estados Unidos de Moderniza\u00e7\u00e3o da Educa\u00e7\u00e3o Superior na Gradua\u00e7\u00e3o (PMG &#8211; EUA) tem como principal objetivo criar um ambiente prop\u00edcio para o desenvolvimento do pensamento criativo com s\u00f3lida base te\u00f3rica, da capacidade de inova\u00e7\u00e3o e de empreendedorismo dos alunos de Gradua\u00e7\u00e3o. [&hellip;]<\/p>\n","protected":false},"author":22917,"featured_media":0,"parent":0,"menu_order":0,"comment_status":"closed","ping_status":"closed","template":"","meta":{"_monsterinsights_skip_tracking":false,"_monsterinsights_sitenote_active":false,"_monsterinsights_sitenote_note":"","_monsterinsights_sitenote_category":0,"footnotes":"","_links_to":"","_links_to_target":""},"class_list":["post-646","page","type-page","status-publish","hentry","entry"],"_links":{"self":[{"href":"https:\/\/sites.usp.br\/pmg\/en\/wp-json\/wp\/v2\/pages\/646","targetHints":{"allow":["GET"]}}],"collection":[{"href":"https:\/\/sites.usp.br\/pmg\/en\/wp-json\/wp\/v2\/pages"}],"about":[{"href":"https:\/\/sites.usp.br\/pmg\/en\/wp-json\/wp\/v2\/types\/page"}],"author":[{"embeddable":true,"href":"https:\/\/sites.usp.br\/pmg\/en\/wp-json\/wp\/v2\/users\/22917"}],"replies":[{"embeddable":true,"href":"https:\/\/sites.usp.br\/pmg\/en\/wp-json\/wp\/v2\/comments?post=646"}],"version-history":[{"count":4,"href":"https:\/\/sites.usp.br\/pmg\/en\/wp-json\/wp\/v2\/pages\/646\/revisions"}],"predecessor-version":[{"id":659,"href":"https:\/\/sites.usp.br\/pmg\/en\/wp-json\/wp\/v2\/pages\/646\/revisions\/659"}],"wp:attachment":[{"href":"https:\/\/sites.usp.br\/pmg\/en\/wp-json\/wp\/v2\/media?parent=646"}],"curies":[{"name":"wp","href":"https:\/\/api.w.org\/{rel}","templated":true}]}}