{"id":714,"date":"2022-07-22T13:16:59","date_gmt":"2022-07-22T15:16:59","guid":{"rendered":"https:\/\/sites.usp.br\/pmg\/?page_id=714"},"modified":"2023-06-28T17:48:23","modified_gmt":"2023-06-28T19:48:23","slug":"geral-agenda","status":"publish","type":"page","link":"https:\/\/sites.usp.br\/pmg\/en\/geral-agenda\/","title":{"rendered":"Agenda de reuni\u00f5es"},"content":{"rendered":"\t\t<div data-elementor-type=\"wp-page\" data-elementor-id=\"714\" class=\"elementor elementor-714\" data-elementor-post-type=\"page\">\n\t\t\t\t\t\t<section class=\"elementor-section elementor-top-section elementor-element elementor-element-cb65b55 elementor-section-boxed elementor-section-height-default elementor-section-height-default\" data-id=\"cb65b55\" data-element_type=\"section\">\n\t\t\t\t\t\t<div class=\"elementor-container elementor-column-gap-default\">\n\t\t\t\t\t<div class=\"elementor-column elementor-col-100 elementor-top-column elementor-element elementor-element-7e1cb1d\" data-id=\"7e1cb1d\" data-element_type=\"column\">\n\t\t\t<div class=\"elementor-widget-wrap elementor-element-populated\">\n\t\t\t\t\t\t<div class=\"elementor-element elementor-element-94ff91d elementor-widget elementor-widget-text-editor\" data-id=\"94ff91d\" data-element_type=\"widget\" data-widget_type=\"text-editor.default\">\n\t\t\t\t<div class=\"elementor-widget-container\">\n\t\t\t\t\t\t\t<h2><strong>Geral<\/strong><\/h2>\n<ul>\n<li>Toda quarta-feira (exceto feriados e eventos), das 11:00 \u00e0s 12:30.<\/li>\n<li>Reuni\u00e3o h\u00edbrida: Sala online <a href=\"https:\/\/meet.google.com\/fkq-yvtc-mgt\">aqui<\/a> ou na Sala do Conselho PQI.<\/li>\n<\/ul>\t\t\t\t\t\t<\/div>\n\t\t\t\t<\/div>\n\t\t\t\t\t<\/div>\n\t\t<\/div>\n\t\t\t\t\t<\/div>\n\t\t<\/section>\n\t\t\t\t<\/div>\n\t\t","protected":false},"excerpt":{"rendered":"<p>Geral Toda quarta-feira (exceto feriados e eventos), das 11:00 \u00e0s 12:30. Reuni\u00e3o h\u00edbrida: Sala online aqui ou na Sala do Conselho PQI.<\/p>\n","protected":false},"author":22917,"featured_media":0,"parent":0,"menu_order":0,"comment_status":"closed","ping_status":"closed","template":"","meta":{"_monsterinsights_skip_tracking":false,"_monsterinsights_sitenote_active":false,"_monsterinsights_sitenote_note":"","_monsterinsights_sitenote_category":0,"footnotes":"","_links_to":"","_links_to_target":""},"class_list":["post-714","page","type-page","status-publish","hentry","entry"],"_links":{"self":[{"href":"https:\/\/sites.usp.br\/pmg\/en\/wp-json\/wp\/v2\/pages\/714","targetHints":{"allow":["GET"]}}],"collection":[{"href":"https:\/\/sites.usp.br\/pmg\/en\/wp-json\/wp\/v2\/pages"}],"about":[{"href":"https:\/\/sites.usp.br\/pmg\/en\/wp-json\/wp\/v2\/types\/page"}],"author":[{"embeddable":true,"href":"https:\/\/sites.usp.br\/pmg\/en\/wp-json\/wp\/v2\/users\/22917"}],"replies":[{"embeddable":true,"href":"https:\/\/sites.usp.br\/pmg\/en\/wp-json\/wp\/v2\/comments?post=714"}],"version-history":[{"count":4,"href":"https:\/\/sites.usp.br\/pmg\/en\/wp-json\/wp\/v2\/pages\/714\/revisions"}],"predecessor-version":[{"id":1673,"href":"https:\/\/sites.usp.br\/pmg\/en\/wp-json\/wp\/v2\/pages\/714\/revisions\/1673"}],"wp:attachment":[{"href":"https:\/\/sites.usp.br\/pmg\/en\/wp-json\/wp\/v2\/media?parent=714"}],"curies":[{"name":"wp","href":"https:\/\/api.w.org\/{rel}","templated":true}]}}