{"id":731,"date":"2022-07-22T13:30:34","date_gmt":"2022-07-22T15:30:34","guid":{"rendered":"https:\/\/sites.usp.br\/pmg\/?page_id=731"},"modified":"2022-11-29T15:59:31","modified_gmt":"2022-11-29T17:59:31","slug":"eventos","status":"publish","type":"page","link":"https:\/\/sites.usp.br\/pmg\/en\/eventos\/","title":{"rendered":"Eventos"},"content":{"rendered":"\t\t<div data-elementor-type=\"wp-page\" data-elementor-id=\"731\" class=\"elementor elementor-731\" data-elementor-post-type=\"page\">\n\t\t\t\t\t\t<section class=\"elementor-section elementor-top-section elementor-element elementor-element-c442d91 elementor-section-boxed elementor-section-height-default elementor-section-height-default\" data-id=\"c442d91\" data-element_type=\"section\">\n\t\t\t\t\t\t<div class=\"elementor-container elementor-column-gap-default\">\n\t\t\t\t\t<div class=\"elementor-column elementor-col-100 elementor-top-column elementor-element elementor-element-9501b51\" data-id=\"9501b51\" data-element_type=\"column\">\n\t\t\t<div class=\"elementor-widget-wrap elementor-element-populated\">\n\t\t\t\t\t\t<div class=\"elementor-element elementor-element-63d296e elementor-widget elementor-widget-heading\" data-id=\"63d296e\" data-element_type=\"widget\" data-widget_type=\"heading.default\">\n\t\t\t\t<div class=\"elementor-widget-container\">\n\t\t\t<h2 class=\"elementor-heading-title elementor-size-default\">Pr\u00f3ximos eventos<\/h2>\t\t<\/div>\n\t\t\t\t<\/div>\n\t\t\t\t<div class=\"elementor-element elementor-element-98c81c7 elementor-widget elementor-widget-toggle\" data-id=\"98c81c7\" data-element_type=\"widget\" data-widget_type=\"toggle.default\">\n\t\t\t\t<div class=\"elementor-widget-container\">\n\t\t\t\t\t<div class=\"elementor-toggle\">\n\t\t\t\t\t\t\t<div class=\"elementor-toggle-item\">\n\t\t\t\t\t<div id=\"elementor-tab-title-1601\" class=\"elementor-tab-title\" data-tab=\"1\" role=\"button\" aria-controls=\"elementor-tab-content-1601\" aria-expanded=\"false\">\n\t\t\t\t\t\t\t\t\t\t\t\t<span class=\"elementor-toggle-icon elementor-toggle-icon-left\" aria-hidden=\"true\">\n\t\t\t\t\t\t\t\t\t\t\t\t\t\t\t<i class=\"elementor-toggle-icon-closed fa fa-caret-right\"><\/i>\n\t\t\t\t\t\t\t\t<i class=\"elementor-toggle-icon-opened fa fa-caret-up\"><\/i>\n\t\t\t\t\t\t\t\t\t\t\t\t\t<\/span>\n\t\t\t\t\t\t\t\t\t\t\t\t<a class=\"elementor-toggle-title\" tabindex=\"0\">(Em breve)<\/a>\n\t\t\t\t\t<\/div>\n\n\t\t\t\t\t<div id=\"elementor-tab-content-1601\" class=\"elementor-tab-content elementor-clearfix\" data-tab=\"1\" role=\"region\" aria-labelledby=\"elementor-tab-title-1601\"><\/div>\n\t\t\t\t<\/div>\n\t\t\t\t\t\t\t\t<\/div>\n\t\t\t\t<\/div>\n\t\t\t\t<\/div>\n\t\t\t\t<div class=\"elementor-element elementor-element-d412b7f elementor-widget elementor-widget-spacer\" data-id=\"d412b7f\" data-element_type=\"widget\" data-widget_type=\"spacer.default\">\n\t\t\t\t<div class=\"elementor-widget-container\">\n\t\t\t\t\t<div class=\"elementor-spacer\">\n\t\t\t<div class=\"elementor-spacer-inner\"><\/div>\n\t\t<\/div>\n\t\t\t\t<\/div>\n\t\t\t\t<\/div>\n\t\t\t\t\t<\/div>\n\t\t<\/div>\n\t\t\t\t\t<\/div>\n\t\t<\/section>\n\t\t\t\t<section class=\"elementor-section elementor-top-section elementor-element elementor-element-5ce7bf6 elementor-section-boxed elementor-section-height-default elementor-section-height-default\" data-id=\"5ce7bf6\" data-element_type=\"section\">\n\t\t\t\t\t\t<div class=\"elementor-container elementor-column-gap-default\">\n\t\t\t\t\t<div class=\"elementor-column elementor-col-100 elementor-top-column elementor-element elementor-element-c85389e\" data-id=\"c85389e\" data-element_type=\"column\">\n\t\t\t<div class=\"elementor-widget-wrap elementor-element-populated\">\n\t\t\t\t\t\t<div class=\"elementor-element elementor-element-1771570 elementor-widget elementor-widget-heading\" data-id=\"1771570\" data-element_type=\"widget\" data-widget_type=\"heading.default\">\n\t\t\t\t<div class=\"elementor-widget-container\">\n\t\t\t<h2 class=\"elementor-heading-title elementor-size-default\">Eventos passados<\/h2>\t\t<\/div>\n\t\t\t\t<\/div>\n\t\t\t\t<div class=\"elementor-element elementor-element-de8f05c elementor-widget elementor-widget-toggle\" data-id=\"de8f05c\" data-element_type=\"widget\" data-widget_type=\"toggle.default\">\n\t\t\t\t<div class=\"elementor-widget-container\">\n\t\t\t\t\t<div class=\"elementor-toggle\">\n\t\t\t\t\t\t\t<div class=\"elementor-toggle-item\">\n\t\t\t\t\t<div id=\"elementor-tab-title-2331\" class=\"elementor-tab-title\" data-tab=\"1\" role=\"button\" aria-controls=\"elementor-tab-content-2331\" aria-expanded=\"false\">\n\t\t\t\t\t\t\t\t\t\t\t\t<span class=\"elementor-toggle-icon elementor-toggle-icon-left\" aria-hidden=\"true\">\n\t\t\t\t\t\t\t\t\t\t\t\t\t\t\t<i class=\"elementor-toggle-icon-closed fa fa-caret-right\"><\/i>\n\t\t\t\t\t\t\t\t<i class=\"elementor-toggle-icon-opened fa fa-caret-up\"><\/i>\n\t\t\t\t\t\t\t\t\t\t\t\t\t<\/span>\n\t\t\t\t\t\t\t\t\t\t\t\t<a class=\"elementor-toggle-title\" tabindex=\"0\">IV SBAAEE - Simp\u00f3sio Brasileiro de Aprendizagem Ativa na Educa\u00e7\u00e3o em Engenharia (18\/11\/2022)<\/a>\n\t\t\t\t\t<\/div>\n\n\t\t\t\t\t<div id=\"elementor-tab-content-2331\" class=\"elementor-tab-content elementor-clearfix\" data-tab=\"1\" role=\"region\" aria-labelledby=\"elementor-tab-title-2331\"><ul><li><strong>Sobre o evento:<\/strong><\/li><\/ul><p style=\"padding-left: 40px;\"><em>Como fazer da sua sala de aula um espa\u00e7o de pesquisa sobre aprendizagem ativa na educa\u00e7\u00e3o em Engenharia?<\/em><\/p><p style=\"padding-left: 40px;\">Nesse simp\u00f3sio, a palestrante Natascha van Hattum-Janssen, doutora pelo Instituto de Educa\u00e7\u00e3o da Universidade do Minho, propiciar\u00e1 um f\u00f3rum de discuss\u00e3o e atualiza\u00e7\u00e3o em Aprendizagem Ativa na Educa\u00e7\u00e3o em Engenharia, contribuindo com o panorama da forma\u00e7\u00e3o continuada de professores de Engenharia.<\/p><ul><li>O evento ser\u00e1 online, transmitido via <strong>Youtube<\/strong>, <strong>das 14:00 \u00e0s 16:00<\/strong>. A nova data dispon\u00edvel no site foi alterada para o dia <strong>18\/11\/2022<\/strong>.<\/li><li><strong><a href=\"https:\/\/www.sympla.com.br\/evento-online\/iv-sbaaee-simposio-brasileiro-de-aprendizagem-ativa-na-educacao-em-engenharia\/1664859\">Inscri\u00e7\u00f5es aqui<\/a>.<\/strong><\/li><\/ul><\/div>\n\t\t\t\t<\/div>\n\t\t\t\t\t\t\t<div class=\"elementor-toggle-item\">\n\t\t\t\t\t<div id=\"elementor-tab-title-2332\" class=\"elementor-tab-title\" data-tab=\"2\" role=\"button\" aria-controls=\"elementor-tab-content-2332\" aria-expanded=\"false\">\n\t\t\t\t\t\t\t\t\t\t\t\t<span class=\"elementor-toggle-icon elementor-toggle-icon-left\" aria-hidden=\"true\">\n\t\t\t\t\t\t\t\t\t\t\t\t\t\t\t<i class=\"elementor-toggle-icon-closed fa fa-caret-right\"><\/i>\n\t\t\t\t\t\t\t\t<i class=\"elementor-toggle-icon-opened fa fa-caret-up\"><\/i>\n\t\t\t\t\t\t\t\t\t\t\t\t\t<\/span>\n\t\t\t\t\t\t\t\t\t\t\t\t<a class=\"elementor-toggle-title\" tabindex=\"0\">Rodas de Conversa \u2013 Construindo um Curr\u00edculo Baseado em Compet\u00eancias (27\/09\/2022)<\/a>\n\t\t\t\t\t<\/div>\n\n\t\t\t\t\t<div id=\"elementor-tab-content-2332\" class=\"elementor-tab-content elementor-clearfix\" data-tab=\"2\" role=\"region\" aria-labelledby=\"elementor-tab-title-2332\"><ul><li><strong>Sobre o evento:<\/strong><\/li><\/ul><p style=\"padding-left: 40px;\">Neste encontro, abordaremos as principais diferen\u00e7as entre um curr\u00edculo baseado em conte\u00fado e um curr\u00edculo baseado em compet\u00eancias e habilidades. Ser\u00e1 apresentada uma metodologia top-down para a constru\u00e7\u00e3o de curr\u00edculos baseados em compet\u00eancias, partindo da defini\u00e7\u00e3o do perfil do egresso, passando pela constitui\u00e7\u00e3o das compet\u00eancias e das trilhas de aprendizagem, chegando ao desenho macro do curr\u00edculo e \u00e0 concep\u00e7\u00e3o das componentes curriculares subjacentes. Ser\u00e3o discutidos aspectos sobre metodologias de ensino e estrat\u00e9gias de avalia\u00e7\u00e3o. Quest\u00f5es relacionadas aos desafios de implanta\u00e7\u00e3o de um curr\u00edculo baseado em compet\u00eancias tamb\u00e9m ser\u00e3o discutidas, apresentando o caso da constru\u00e7\u00e3o do novo curr\u00edculo dos cursos de Engenharia Qu\u00edmica da Unicamp.<\/p><p style=\"padding-left: 40px;\">Palestrantes: Profs. Luis Franco (FEQ) e Raphael Suppino (FEQ).<\/p><p><strong><a href=\"https:\/\/www.ea2.unicamp.br\/events\/event\/rodas-de-conversa-construindo-um-curriculo-baseado-em-competencias\/\">Clique para saber mais.<\/a><\/strong><\/p><ul><li>O evento ser\u00e1 online e presencial, transmitido no <strong><a href=\"https:\/\/us06web.zoom.us\/j\/83702443172\">Zoom<\/a><\/strong>, <b>no dia 27 de setembro de 2022, a partir das 14h00<\/b>.<\/li><li><strong><a href=\"https:\/\/forms.gle\/em9vs8s8o5mH4Kjn6\">Inscri\u00e7\u00f5es aqui<\/a>.<\/strong><\/li><\/ul><\/div>\n\t\t\t\t<\/div>\n\t\t\t\t\t\t\t<div class=\"elementor-toggle-item\">\n\t\t\t\t\t<div id=\"elementor-tab-title-2333\" class=\"elementor-tab-title\" data-tab=\"3\" role=\"button\" aria-controls=\"elementor-tab-content-2333\" aria-expanded=\"false\">\n\t\t\t\t\t\t\t\t\t\t\t\t<span class=\"elementor-toggle-icon elementor-toggle-icon-left\" aria-hidden=\"true\">\n\t\t\t\t\t\t\t\t\t\t\t\t\t\t\t<i class=\"elementor-toggle-icon-closed fa fa-caret-right\"><\/i>\n\t\t\t\t\t\t\t\t<i class=\"elementor-toggle-icon-opened fa fa-caret-up\"><\/i>\n\t\t\t\t\t\t\t\t\t\t\t\t\t<\/span>\n\t\t\t\t\t\t\t\t\t\t\t\t<a class=\"elementor-toggle-title\" tabindex=\"0\">V SBPEA - Semin\u00e1rio de Boas Pr\u00e1ticas de Ensino e Aprendizagem (09\/09\/2022)<\/a>\n\t\t\t\t\t<\/div>\n\n\t\t\t\t\t<div id=\"elementor-tab-content-2333\" class=\"elementor-tab-content elementor-clearfix\" data-tab=\"3\" role=\"region\" aria-labelledby=\"elementor-tab-title-2333\"><ul><li><strong>Sobre o evento:<\/strong><\/li><\/ul><p style=\"font-weight: 400; padding-left: 40px;\">O objetivo do Semin\u00e1rio de Boas Pr\u00e1ticas de Ensino e Aprendizagem (SBPEA) \u00e9 compartilhar experi\u00eancias e promover reflex\u00f5es sobre boas pr\u00e1ticas nos processos de ensino e aprendizagem.<\/p><p style=\"font-weight: 400; padding-left: 40px;\">Assim, espera-se que o SBPEA proporcione aos docentes participantes um ambiente adequado para exposi\u00e7\u00f5es, discuss\u00f5es e reflex\u00f5es.<\/p><ul><li>O evento ser\u00e1 realizado no formato h\u00edbrido (presencial e online), no dia <strong>09\/09\/2022, das 9:00 \u00e0s 22:30<\/strong>.<\/li><\/ul><p style=\"padding-left: 40px;\"><strong>Presencial<\/strong>: Escola de Engenharia de Lorena &#8211; \u00c1rea I &#8211; Lorena &#8211; S\u00e3o Paulo &#8211; Brasil<\/p><p style=\"padding-left: 40px;\"><strong>Online<\/strong>: Transmitido via <strong>Youtube.<\/strong><\/p><ul><li><strong><a href=\"https:\/\/www.even3.com.br\/sbpea2022\/\">Inscri\u00e7\u00f5es encerradas<\/a><\/strong><\/li><li><strong>V\u00eddeos dispon\u00edveis:<\/strong><\/li><\/ul><p style=\"text-align: center;\">Parte I<\/p><p style=\"text-align: center;\"><iframe title=\"YouTube video player\" src=\"https:\/\/www.youtube.com\/embed\/F-jF76znkR4\" width=\"560\" height=\"315\" frameborder=\"0\" allowfullscreen=\"allowfullscreen\"><\/iframe><\/p><p style=\"text-align: center;\">Parte II<iframe title=\"YouTube video player\" src=\"https:\/\/www.youtube.com\/embed\/BPntKsKp4kE\" width=\"560\" height=\"315\" frameborder=\"0\" allowfullscreen=\"allowfullscreen\"><\/iframe><\/p><p style=\"text-align: center;\">Parte III<iframe title=\"YouTube video player\" src=\"https:\/\/www.youtube.com\/embed\/dTMAyjR6_kw\" width=\"560\" height=\"315\" frameborder=\"0\" allowfullscreen=\"allowfullscreen\"><\/iframe><\/p><\/div>\n\t\t\t\t<\/div>\n\t\t\t\t\t\t\t<div class=\"elementor-toggle-item\">\n\t\t\t\t\t<div id=\"elementor-tab-title-2334\" class=\"elementor-tab-title\" data-tab=\"4\" role=\"button\" aria-controls=\"elementor-tab-content-2334\" aria-expanded=\"false\">\n\t\t\t\t\t\t\t\t\t\t\t\t<span class=\"elementor-toggle-icon elementor-toggle-icon-left\" aria-hidden=\"true\">\n\t\t\t\t\t\t\t\t\t\t\t\t\t\t\t<i class=\"elementor-toggle-icon-closed fa fa-caret-right\"><\/i>\n\t\t\t\t\t\t\t\t<i class=\"elementor-toggle-icon-opened fa fa-caret-up\"><\/i>\n\t\t\t\t\t\t\t\t\t\t\t\t\t<\/span>\n\t\t\t\t\t\t\t\t\t\t\t\t<a class=\"elementor-toggle-title\" tabindex=\"0\">Master Class \u201cEduca\u00e7\u00e3o 4.0\u201d (27\/07\/2022)<\/a>\n\t\t\t\t\t<\/div>\n\n\t\t\t\t\t<div id=\"elementor-tab-content-2334\" class=\"elementor-tab-content elementor-clearfix\" data-tab=\"4\" role=\"region\" aria-labelledby=\"elementor-tab-title-2334\"><ul><li><strong>Sobre o evento:<\/strong><\/li><\/ul><p style=\"padding-left: 40px;\">Para onde caminha a educa\u00e7\u00e3o hoje? Depois do per\u00edodo remoto, a tecnologia continuar\u00e1 dentro da sala de aula?\u00a0Para pensarmos sobre essas quest\u00f5es, a PUC-PR convida voc\u00ea para <b>a\u00a0<i>Master Class<\/i>\u00a0\u201cEduca\u00e7\u00e3o 4.0\u201d<\/b>, com o\u00a0<b>Professor Doutor Tarliz Li\u00e3o<\/b>\u00a0(UNIRIO\/UFSC\/UTFPR).<\/p><p style=\"padding-left: 40px;\">Nesse evento, o professor Li\u00e3o conversar\u00e1 sobre o cen\u00e1rio Educacional Tecnol\u00f3gico atual, sobre o porqu\u00ea de ensinar com Tecnologias Digitais e contar sobre alguns percursos metodol\u00f3gicos.<\/p><ul><li>A\u00a0<i>master class<\/i> ser\u00e1 transmitida <strong>remotamente<\/strong> e tamb\u00e9m de forma <strong>presencial<\/strong>, a partir das 14:00 do dia 27\/07\/2022.<\/li><li><strong><a href=\"https:\/\/eventum.pucpr.br\/master-class-remota-master-class-remota-cafe-creare-27-07-2022\">Encerrado<\/a>.<\/strong><\/li><\/ul><\/div>\n\t\t\t\t<\/div>\n\t\t\t\t\t\t\t\t<\/div>\n\t\t\t\t<\/div>\n\t\t\t\t<\/div>\n\t\t\t\t\t<\/div>\n\t\t<\/div>\n\t\t\t\t\t<\/div>\n\t\t<\/section>\n\t\t\t\t<\/div>\n\t\t","protected":false},"excerpt":{"rendered":"<p>Pr\u00f3ximos eventos (Em breve) Eventos passados IV SBAAEE &#8211; Simp\u00f3sio Brasileiro de Aprendizagem Ativa na Educa\u00e7\u00e3o em Engenharia (18\/11\/2022) Sobre o evento: Como fazer da sua sala de aula um espa\u00e7o de pesquisa sobre aprendizagem ativa na educa\u00e7\u00e3o em Engenharia? Nesse simp\u00f3sio, a palestrante Natascha van Hattum-Janssen, doutora pelo Instituto de Educa\u00e7\u00e3o da Universidade do [&hellip;]<\/p>\n","protected":false},"author":22917,"featured_media":0,"parent":0,"menu_order":0,"comment_status":"closed","ping_status":"closed","template":"","meta":{"_monsterinsights_skip_tracking":false,"_monsterinsights_sitenote_active":false,"_monsterinsights_sitenote_note":"","_monsterinsights_sitenote_category":0,"footnotes":"","_links_to":"","_links_to_target":""},"class_list":["post-731","page","type-page","status-publish","hentry","entry"],"_links":{"self":[{"href":"https:\/\/sites.usp.br\/pmg\/en\/wp-json\/wp\/v2\/pages\/731","targetHints":{"allow":["GET"]}}],"collection":[{"href":"https:\/\/sites.usp.br\/pmg\/en\/wp-json\/wp\/v2\/pages"}],"about":[{"href":"https:\/\/sites.usp.br\/pmg\/en\/wp-json\/wp\/v2\/types\/page"}],"author":[{"embeddable":true,"href":"https:\/\/sites.usp.br\/pmg\/en\/wp-json\/wp\/v2\/users\/22917"}],"replies":[{"embeddable":true,"href":"https:\/\/sites.usp.br\/pmg\/en\/wp-json\/wp\/v2\/comments?post=731"}],"version-history":[{"count":4,"href":"https:\/\/sites.usp.br\/pmg\/en\/wp-json\/wp\/v2\/pages\/731\/revisions"}],"predecessor-version":[{"id":1486,"href":"https:\/\/sites.usp.br\/pmg\/en\/wp-json\/wp\/v2\/pages\/731\/revisions\/1486"}],"wp:attachment":[{"href":"https:\/\/sites.usp.br\/pmg\/en\/wp-json\/wp\/v2\/media?parent=731"}],"curies":[{"name":"wp","href":"https:\/\/api.w.org\/{rel}","templated":true}]}}