{"id":826,"date":"2022-07-26T16:48:17","date_gmt":"2022-07-26T18:48:17","guid":{"rendered":"https:\/\/sites.usp.br\/pmg\/?page_id=826"},"modified":"2022-07-26T18:22:25","modified_gmt":"2022-07-26T20:22:25","slug":"entrevistas","status":"publish","type":"page","link":"https:\/\/sites.usp.br\/pmg\/en\/entrevistas\/","title":{"rendered":"Entrevistas"},"content":{"rendered":"\t\t<div data-elementor-type=\"wp-page\" data-elementor-id=\"826\" class=\"elementor elementor-826\" data-elementor-post-type=\"page\">\n\t\t\t\t\t\t<section class=\"elementor-section elementor-top-section elementor-element elementor-element-faa1ca0 elementor-section-boxed elementor-section-height-default elementor-section-height-default\" data-id=\"faa1ca0\" data-element_type=\"section\">\n\t\t\t\t\t\t<div class=\"elementor-container elementor-column-gap-default\">\n\t\t\t\t\t<div class=\"elementor-column elementor-col-100 elementor-top-column elementor-element elementor-element-d034d3d\" data-id=\"d034d3d\" data-element_type=\"column\">\n\t\t\t<div class=\"elementor-widget-wrap elementor-element-populated\">\n\t\t\t\t\t\t<div class=\"elementor-element elementor-element-f9c1ee0 elementor-widget elementor-widget-text-editor\" data-id=\"f9c1ee0\" data-element_type=\"widget\" data-widget_type=\"text-editor.default\">\n\t\t\t\t<div class=\"elementor-widget-container\">\n\t\t\t\t\t\t\t<p>Nas entrevistas indicadas abaixo s\u00e3o relatadas as experi\u00eancias e perspectivas de diferentes profissionais em rela\u00e7\u00e3o \u00e0 Moderniza\u00e7\u00e3o da Educa\u00e7\u00e3o em Engenharia.<\/p>\t\t\t\t\t\t<\/div>\n\t\t\t\t<\/div>\n\t\t\t\t<div class=\"elementor-element elementor-element-c279f9a elementor-widget elementor-widget-toggle\" data-id=\"c279f9a\" data-element_type=\"widget\" data-widget_type=\"toggle.default\">\n\t\t\t\t<div class=\"elementor-widget-container\">\n\t\t\t\t\t<div class=\"elementor-toggle\">\n\t\t\t\t\t\t\t<div class=\"elementor-toggle-item\">\n\t\t\t\t\t<div id=\"elementor-tab-title-2031\" class=\"elementor-tab-title\" data-tab=\"1\" role=\"button\" aria-controls=\"elementor-tab-content-2031\" aria-expanded=\"false\">\n\t\t\t\t\t\t\t\t\t\t\t\t<span class=\"elementor-toggle-icon elementor-toggle-icon-left\" aria-hidden=\"true\">\n\t\t\t\t\t\t\t\t\t\t\t\t\t\t\t<i class=\"elementor-toggle-icon-closed fa fa-caret-right\"><\/i>\n\t\t\t\t\t\t\t\t<i class=\"elementor-toggle-icon-opened fa fa-caret-up\"><\/i>\n\t\t\t\t\t\t\t\t\t\t\t\t\t<\/span>\n\t\t\t\t\t\t\t\t\t\t\t\t<a class=\"elementor-toggle-title\" tabindex=\"0\">Apresenta\u00e7\u00e3o da CDEN (20\/04\/2021)<\/a>\n\t\t\t\t\t<\/div>\n\n\t\t\t\t\t<div id=\"elementor-tab-content-2031\" class=\"elementor-tab-content elementor-clearfix\" data-tab=\"1\" role=\"region\" aria-labelledby=\"elementor-tab-title-2031\"><p>A Engenharia El\u00e9trica da Escola Polit\u00e9cnica da USP convida <strong>Vanderli Fava de Oliveira<\/strong>, coordenador da CDEN e presidente da ABENGE, para compartilhar sobre a experi\u00eancia na implementa\u00e7\u00e3o do curr\u00edculo baseado em compet\u00eancias. <strong><a href=\"https:\/\/drive.google.com\/file\/d\/1jFblzqqFzZWnT5hcmhFVzApEfEW7vVBy\/view?usp=sharing\">Assista ao v\u00eddeo.<\/a><\/strong><\/p><p>Data: 20 de abril de 2021.<\/p><\/div>\n\t\t\t\t<\/div>\n\t\t\t\t\t\t\t<div class=\"elementor-toggle-item\">\n\t\t\t\t\t<div id=\"elementor-tab-title-2032\" class=\"elementor-tab-title\" data-tab=\"2\" role=\"button\" aria-controls=\"elementor-tab-content-2032\" aria-expanded=\"false\">\n\t\t\t\t\t\t\t\t\t\t\t\t<span class=\"elementor-toggle-icon elementor-toggle-icon-left\" aria-hidden=\"true\">\n\t\t\t\t\t\t\t\t\t\t\t\t\t\t\t<i class=\"elementor-toggle-icon-closed fa fa-caret-right\"><\/i>\n\t\t\t\t\t\t\t\t<i class=\"elementor-toggle-icon-opened fa fa-caret-up\"><\/i>\n\t\t\t\t\t\t\t\t\t\t\t\t\t<\/span>\n\t\t\t\t\t\t\t\t\t\t\t\t<a class=\"elementor-toggle-title\" tabindex=\"0\">Apresenta\u00e7\u00e3o da UFRJ (19\/04\/2021)<\/a>\n\t\t\t\t\t<\/div>\n\n\t\t\t\t\t<div id=\"elementor-tab-content-2032\" class=\"elementor-tab-content elementor-clearfix\" data-tab=\"2\" role=\"region\" aria-labelledby=\"elementor-tab-title-2032\"><p>A convite da Engenharia El\u00e9trica da Escola Polit\u00e9cnica da USP, o <strong>Prof. M\u00e1rcio Nogueira de Souza<\/strong>, professor da URFJ e membro do projeto PMG, participou da elabora\u00e7\u00e3o do curso de Engenharia Ambiental baseado em compet\u00eancias. Nesta reuni\u00e3o \u00e9 apresentada sobre o processo da implementa\u00e7\u00e3o do projeto. <strong><a href=\"https:\/\/drive.google.com\/file\/d\/1LsYSLXLdlu41pZWBKjIGBtqBpqrkWqkE\/view?usp=sharing\">Assista ao v\u00eddeo.<\/a><\/strong><\/p><p>Data: 19 de abril de 2021.<\/p><\/div>\n\t\t\t\t<\/div>\n\t\t\t\t\t\t\t<div class=\"elementor-toggle-item\">\n\t\t\t\t\t<div id=\"elementor-tab-title-2033\" class=\"elementor-tab-title\" data-tab=\"3\" role=\"button\" aria-controls=\"elementor-tab-content-2033\" aria-expanded=\"false\">\n\t\t\t\t\t\t\t\t\t\t\t\t<span class=\"elementor-toggle-icon elementor-toggle-icon-left\" aria-hidden=\"true\">\n\t\t\t\t\t\t\t\t\t\t\t\t\t\t\t<i class=\"elementor-toggle-icon-closed fa fa-caret-right\"><\/i>\n\t\t\t\t\t\t\t\t<i class=\"elementor-toggle-icon-opened fa fa-caret-up\"><\/i>\n\t\t\t\t\t\t\t\t\t\t\t\t\t<\/span>\n\t\t\t\t\t\t\t\t\t\t\t\t<a class=\"elementor-toggle-title\" tabindex=\"0\">Apresenta\u00e7\u00e3o da PUC-PR (15\/04\/2021)<\/a>\n\t\t\t\t\t<\/div>\n\n\t\t\t\t\t<div id=\"elementor-tab-content-2033\" class=\"elementor-tab-content elementor-clearfix\" data-tab=\"3\" role=\"region\" aria-labelledby=\"elementor-tab-title-2033\"><p>A Engenharia El\u00e9trica da Escola Polit\u00e9cnica da USP convida o <strong>Prof.<\/strong> <strong>Ricardo Diogo<\/strong>, da PUC-PR, para compartilhar sobre sua experi\u00eancia no processo de moderniza\u00e7\u00e3o curricular da universidade. <strong><a href=\"https:\/\/drive.google.com\/file\/d\/1vSCzqArtrbW6MH5PW2u5_p0WK7LBnjKK\/view?usp=sharing\">Assista ao v\u00eddeo.<\/a><\/strong><\/p><p>Data: 15 de abril de 2021.<\/p><p>Acesso ao site do<strong> Plano de Desenvolvimento da Gradua\u00e7\u00e3o <a href=\"https:\/\/www.pucpr.br\/estatico\/pdg\/#!\/profissionais-competentes\">aqui<\/a><\/strong>.<\/p><\/div>\n\t\t\t\t<\/div>\n\t\t\t\t\t\t\t<div class=\"elementor-toggle-item\">\n\t\t\t\t\t<div id=\"elementor-tab-title-2034\" class=\"elementor-tab-title\" data-tab=\"4\" role=\"button\" aria-controls=\"elementor-tab-content-2034\" aria-expanded=\"false\">\n\t\t\t\t\t\t\t\t\t\t\t\t<span class=\"elementor-toggle-icon elementor-toggle-icon-left\" aria-hidden=\"true\">\n\t\t\t\t\t\t\t\t\t\t\t\t\t\t\t<i class=\"elementor-toggle-icon-closed fa fa-caret-right\"><\/i>\n\t\t\t\t\t\t\t\t<i class=\"elementor-toggle-icon-opened fa fa-caret-up\"><\/i>\n\t\t\t\t\t\t\t\t\t\t\t\t\t<\/span>\n\t\t\t\t\t\t\t\t\t\t\t\t<a class=\"elementor-toggle-title\" tabindex=\"0\">Apresenta\u00e7\u00e3o sobre Educa\u00e7\u00e3o em Engenharia sob perspectiva empresarial (14\/04\/2021)<\/a>\n\t\t\t\t\t<\/div>\n\n\t\t\t\t\t<div id=\"elementor-tab-content-2034\" class=\"elementor-tab-content elementor-clearfix\" data-tab=\"4\" role=\"region\" aria-labelledby=\"elementor-tab-title-2034\"><p>A Engenharia El\u00e9trica da Escola Polit\u00e9cnica da USP convida <strong>Idenilza Moreira de Miranda<\/strong>, da Confedera\u00e7\u00e3o Nacional da Ind\u00fastria &#8211; CNI e representada pela Mobiliza\u00e7\u00e3o Empresarial pela Inova\u00e7\u00e3o &#8211; MEI\/CNI, para compartilhar sobre as discuss\u00f5es acerca das novas diretrizes das DCNs e do curr\u00edculo baseado em compet\u00eancias nos cursos de Engenharia sob perspectiva empresarial. <strong><a href=\"https:\/\/drive.google.com\/file\/d\/16gP17nC0FaNOIO6vFWYbNk8FoXGfOUIS\/view?usp=sharing\">Assista ao v\u00eddeo.<\/a><\/strong><\/p><p>Data: 14 de abril de 2021.<\/p><\/div>\n\t\t\t\t<\/div>\n\t\t\t\t\t\t\t<div class=\"elementor-toggle-item\">\n\t\t\t\t\t<div id=\"elementor-tab-title-2035\" class=\"elementor-tab-title\" data-tab=\"5\" role=\"button\" aria-controls=\"elementor-tab-content-2035\" aria-expanded=\"false\">\n\t\t\t\t\t\t\t\t\t\t\t\t<span class=\"elementor-toggle-icon elementor-toggle-icon-left\" aria-hidden=\"true\">\n\t\t\t\t\t\t\t\t\t\t\t\t\t\t\t<i class=\"elementor-toggle-icon-closed fa fa-caret-right\"><\/i>\n\t\t\t\t\t\t\t\t<i class=\"elementor-toggle-icon-opened fa fa-caret-up\"><\/i>\n\t\t\t\t\t\t\t\t\t\t\t\t\t<\/span>\n\t\t\t\t\t\t\t\t\t\t\t\t<a class=\"elementor-toggle-title\" tabindex=\"0\">Apresenta\u00e7\u00e3o da Faculdade de Educa\u00e7\u00e3o da USP (04\/04\/2021)<\/a>\n\t\t\t\t\t<\/div>\n\n\t\t\t\t\t<div id=\"elementor-tab-content-2035\" class=\"elementor-tab-content elementor-clearfix\" data-tab=\"5\" role=\"region\" aria-labelledby=\"elementor-tab-title-2035\"><p>A convite da Engenharia El\u00e9trica da Escola Polit\u00e9cnica da USP, o <strong>Prof. Nilson Jos\u00e9 Machado<\/strong>, da Faculdade de Educa\u00e7\u00e3o da USP, compartilhou sua vis\u00e3o e experi\u00eancias a respeito do curr\u00edculo baseado em compet\u00eancias. <strong><a href=\"https:\/\/drive.google.com\/file\/d\/1jE79mjwU06nbE9u3fOTiysGHnb5fa-6-\/view?usp=sharing\">Assista ao v\u00eddeo.<\/a><\/strong><\/p><p>Data: 04 de abril de 2021.<\/p><\/div>\n\t\t\t\t<\/div>\n\t\t\t\t\t\t\t\t<\/div>\n\t\t\t\t<\/div>\n\t\t\t\t<\/div>\n\t\t\t\t\t<\/div>\n\t\t<\/div>\n\t\t\t\t\t<\/div>\n\t\t<\/section>\n\t\t\t\t<\/div>\n\t\t","protected":false},"excerpt":{"rendered":"<p>Nas entrevistas indicadas abaixo s\u00e3o relatadas as experi\u00eancias e perspectivas de diferentes profissionais em rela\u00e7\u00e3o \u00e0 Moderniza\u00e7\u00e3o da Educa\u00e7\u00e3o em Engenharia. Apresenta\u00e7\u00e3o da CDEN (20\/04\/2021) A Engenharia El\u00e9trica da Escola Polit\u00e9cnica da USP convida Vanderli Fava de Oliveira, coordenador da CDEN e presidente da ABENGE, para compartilhar sobre a experi\u00eancia na implementa\u00e7\u00e3o do curr\u00edculo baseado [&hellip;]<\/p>\n","protected":false},"author":22917,"featured_media":0,"parent":0,"menu_order":0,"comment_status":"closed","ping_status":"closed","template":"","meta":{"_monsterinsights_skip_tracking":false,"_monsterinsights_sitenote_active":false,"_monsterinsights_sitenote_note":"","_monsterinsights_sitenote_category":0,"footnotes":"","_links_to":"","_links_to_target":""},"class_list":["post-826","page","type-page","status-publish","hentry","entry"],"_links":{"self":[{"href":"https:\/\/sites.usp.br\/pmg\/en\/wp-json\/wp\/v2\/pages\/826","targetHints":{"allow":["GET"]}}],"collection":[{"href":"https:\/\/sites.usp.br\/pmg\/en\/wp-json\/wp\/v2\/pages"}],"about":[{"href":"https:\/\/sites.usp.br\/pmg\/en\/wp-json\/wp\/v2\/types\/page"}],"author":[{"embeddable":true,"href":"https:\/\/sites.usp.br\/pmg\/en\/wp-json\/wp\/v2\/users\/22917"}],"replies":[{"embeddable":true,"href":"https:\/\/sites.usp.br\/pmg\/en\/wp-json\/wp\/v2\/comments?post=826"}],"version-history":[{"count":4,"href":"https:\/\/sites.usp.br\/pmg\/en\/wp-json\/wp\/v2\/pages\/826\/revisions"}],"predecessor-version":[{"id":866,"href":"https:\/\/sites.usp.br\/pmg\/en\/wp-json\/wp\/v2\/pages\/826\/revisions\/866"}],"wp:attachment":[{"href":"https:\/\/sites.usp.br\/pmg\/en\/wp-json\/wp\/v2\/media?parent=826"}],"curies":[{"name":"wp","href":"https:\/\/api.w.org\/{rel}","templated":true}]}}