{"id":739,"date":"2022-07-22T13:35:22","date_gmt":"2022-07-22T15:35:22","guid":{"rendered":"https:\/\/sites.usp.br\/pmg\/?page_id=739"},"modified":"2022-07-22T13:41:35","modified_gmt":"2022-07-22T15:41:35","slug":"dcns","status":"publish","type":"page","link":"https:\/\/sites.usp.br\/pmg\/dcns\/","title":{"rendered":"DCNs"},"content":{"rendered":"\t\t<div data-elementor-type=\"wp-page\" data-elementor-id=\"739\" class=\"elementor elementor-739\" data-elementor-post-type=\"page\">\n\t\t\t\t\t\t<section class=\"elementor-section elementor-top-section elementor-element elementor-element-bddd418 elementor-section-boxed elementor-section-height-default elementor-section-height-default\" data-id=\"bddd418\" data-element_type=\"section\">\n\t\t\t\t\t\t<div class=\"elementor-container elementor-column-gap-default\">\n\t\t\t\t\t<div class=\"elementor-column elementor-col-100 elementor-top-column elementor-element elementor-element-fea29e8\" data-id=\"fea29e8\" data-element_type=\"column\">\n\t\t\t<div class=\"elementor-widget-wrap elementor-element-populated\">\n\t\t\t\t\t\t<div class=\"elementor-element elementor-element-c79ac18 elementor-widget elementor-widget-toggle\" data-id=\"c79ac18\" data-element_type=\"widget\" data-widget_type=\"toggle.default\">\n\t\t\t\t<div class=\"elementor-widget-container\">\n\t\t\t\t\t<div class=\"elementor-toggle\">\n\t\t\t\t\t\t\t<div class=\"elementor-toggle-item\">\n\t\t\t\t\t<div id=\"elementor-tab-title-2091\" class=\"elementor-tab-title\" data-tab=\"1\" role=\"button\" aria-controls=\"elementor-tab-content-2091\" aria-expanded=\"false\">\n\t\t\t\t\t\t\t\t\t\t\t\t<span class=\"elementor-toggle-icon elementor-toggle-icon-left\" aria-hidden=\"true\">\n\t\t\t\t\t\t\t\t\t\t\t\t\t\t\t<i class=\"elementor-toggle-icon-closed fa fa-caret-right\"><\/i>\n\t\t\t\t\t\t\t\t<i class=\"elementor-toggle-icon-opened fa fa-caret-up\"><\/i>\n\t\t\t\t\t\t\t\t\t\t\t\t\t<\/span>\n\t\t\t\t\t\t\t\t\t\t\t\t<a class=\"elementor-toggle-title\" tabindex=\"0\">Relat\u00f3rios<\/a>\n\t\t\t\t\t<\/div>\n\n\t\t\t\t\t<div id=\"elementor-tab-content-2091\" class=\"elementor-tab-content elementor-clearfix\" data-tab=\"1\" role=\"region\" aria-labelledby=\"elementor-tab-title-2091\"><ul><li><strong>Relat\u00f3rio de S\u00edntese<\/strong> &#8211; Comiss\u00e3o Nacional para Implanta\u00e7\u00e3o das Novas Diretrizes Curriculares Nacionais do Curso de Gradua\u00e7\u00e3o em Engenharia (CN-DCNs) (<strong><a href=\"https:\/\/drive.google.com\/file\/d\/12H1XbDfqr2Jjg-FZ7tXSOj0h2BUq49tz\/view?usp=sharing\">PDF<\/a><\/strong>)<\/li><\/ul><\/div>\n\t\t\t\t<\/div>\n\t\t\t\t\t\t\t<div class=\"elementor-toggle-item\">\n\t\t\t\t\t<div id=\"elementor-tab-title-2092\" class=\"elementor-tab-title\" data-tab=\"2\" role=\"button\" aria-controls=\"elementor-tab-content-2092\" aria-expanded=\"false\">\n\t\t\t\t\t\t\t\t\t\t\t\t<span class=\"elementor-toggle-icon elementor-toggle-icon-left\" aria-hidden=\"true\">\n\t\t\t\t\t\t\t\t\t\t\t\t\t\t\t<i class=\"elementor-toggle-icon-closed fa fa-caret-right\"><\/i>\n\t\t\t\t\t\t\t\t<i class=\"elementor-toggle-icon-opened fa fa-caret-up\"><\/i>\n\t\t\t\t\t\t\t\t\t\t\t\t\t<\/span>\n\t\t\t\t\t\t\t\t\t\t\t\t<a class=\"elementor-toggle-title\" tabindex=\"0\">Resolu\u00e7\u00f5es<\/a>\n\t\t\t\t\t<\/div>\n\n\t\t\t\t\t<div id=\"elementor-tab-content-2092\" class=\"elementor-tab-content elementor-clearfix\" data-tab=\"2\" role=\"region\" aria-labelledby=\"elementor-tab-title-2092\"><ul><li><strong>Resolu\u00e7\u00e3o n\u00ba 2, de 18\/06\/2007<\/strong> &#8211; Disp\u00f5e sobre carga hor\u00e1ria m\u00ednima e procedimentos relativos \u00e0 integraliza\u00e7\u00e3o e dura\u00e7\u00e3o dos cursos de gradua\u00e7\u00e3o, bacharelados, na modalidade presencial (<strong><a href=\"https:\/\/drive.google.com\/file\/d\/1ZPZ214z1OZn6WmUCwuAjumwDj4-m5TOl\/view?usp=sharing\">PDF<\/a><\/strong>)<\/li><li><strong>Resolu\u00e7\u00e3o n\u00ba 2, de 24\/04\/2019<\/strong> &#8211; Institui as Diretrizes Curriculares Nacionais do Curso de Gradua\u00e7\u00e3o em Engenharia\u00a0(<strong><a href=\"https:\/\/drive.google.com\/file\/d\/1wnjJBs35eJ10vzbweh2pr0u2GmGJc-Qy\/view?usp=sharing\">PDF<\/a><\/strong>)<\/li><\/ul><\/div>\n\t\t\t\t<\/div>\n\t\t\t\t\t\t\t\t<\/div>\n\t\t\t\t<\/div>\n\t\t\t\t<\/div>\n\t\t\t\t\t<\/div>\n\t\t<\/div>\n\t\t\t\t\t<\/div>\n\t\t<\/section>\n\t\t\t\t<\/div>\n\t\t","protected":false},"excerpt":{"rendered":"<p>Relat\u00f3rios Relat\u00f3rio de S\u00edntese &#8211; Comiss\u00e3o Nacional para Implanta\u00e7\u00e3o das Novas Diretrizes Curriculares Nacionais do Curso de Gradua\u00e7\u00e3o em Engenharia (CN-DCNs) (PDF) Resolu\u00e7\u00f5es Resolu\u00e7\u00e3o n\u00ba 2, de 18\/06\/2007 &#8211; Disp\u00f5e sobre carga hor\u00e1ria m\u00ednima e procedimentos relativos \u00e0 integraliza\u00e7\u00e3o e dura\u00e7\u00e3o dos cursos de gradua\u00e7\u00e3o, bacharelados, na modalidade presencial (PDF) Resolu\u00e7\u00e3o n\u00ba 2, de 24\/04\/2019 [&hellip;]<\/p>\n","protected":false},"author":22917,"featured_media":0,"parent":0,"menu_order":0,"comment_status":"closed","ping_status":"closed","template":"","meta":{"_monsterinsights_skip_tracking":false,"_monsterinsights_sitenote_active":false,"_monsterinsights_sitenote_note":"","_monsterinsights_sitenote_category":0,"footnotes":"","_links_to":"","_links_to_target":""},"class_list":["post-739","page","type-page","status-publish","hentry","entry"],"_links":{"self":[{"href":"https:\/\/sites.usp.br\/pmg\/wp-json\/wp\/v2\/pages\/739","targetHints":{"allow":["GET"]}}],"collection":[{"href":"https:\/\/sites.usp.br\/pmg\/wp-json\/wp\/v2\/pages"}],"about":[{"href":"https:\/\/sites.usp.br\/pmg\/wp-json\/wp\/v2\/types\/page"}],"author":[{"embeddable":true,"href":"https:\/\/sites.usp.br\/pmg\/wp-json\/wp\/v2\/users\/22917"}],"replies":[{"embeddable":true,"href":"https:\/\/sites.usp.br\/pmg\/wp-json\/wp\/v2\/comments?post=739"}],"version-history":[{"count":3,"href":"https:\/\/sites.usp.br\/pmg\/wp-json\/wp\/v2\/pages\/739\/revisions"}],"predecessor-version":[{"id":742,"href":"https:\/\/sites.usp.br\/pmg\/wp-json\/wp\/v2\/pages\/739\/revisions\/742"}],"wp:attachment":[{"href":"https:\/\/sites.usp.br\/pmg\/wp-json\/wp\/v2\/media?parent=739"}],"curies":[{"name":"wp","href":"https:\/\/api.w.org\/{rel}","templated":true}]}}