{"id":743,"date":"2022-07-22T13:42:51","date_gmt":"2022-07-22T15:42:51","guid":{"rendered":"https:\/\/sites.usp.br\/pmg\/?page_id=743"},"modified":"2022-07-22T13:55:17","modified_gmt":"2022-07-22T15:55:17","slug":"unicamp","status":"publish","type":"page","link":"https:\/\/sites.usp.br\/pmg\/unicamp\/","title":{"rendered":"UNICAMP"},"content":{"rendered":"\t\t<div data-elementor-type=\"wp-page\" data-elementor-id=\"743\" class=\"elementor elementor-743\" data-elementor-post-type=\"page\">\n\t\t\t\t\t\t<section class=\"elementor-section elementor-top-section elementor-element elementor-element-b9f5c18 elementor-section-boxed elementor-section-height-default elementor-section-height-default\" data-id=\"b9f5c18\" data-element_type=\"section\">\n\t\t\t\t\t\t<div class=\"elementor-container elementor-column-gap-default\">\n\t\t\t\t\t<div class=\"elementor-column elementor-col-100 elementor-top-column elementor-element elementor-element-927055e\" data-id=\"927055e\" data-element_type=\"column\">\n\t\t\t<div class=\"elementor-widget-wrap elementor-element-populated\">\n\t\t\t\t\t\t<div class=\"elementor-element elementor-element-94de472 elementor-widget elementor-widget-toggle\" data-id=\"94de472\" data-element_type=\"widget\" data-widget_type=\"toggle.default\">\n\t\t\t\t<div class=\"elementor-widget-container\">\n\t\t\t\t\t<div class=\"elementor-toggle\">\n\t\t\t\t\t\t\t<div class=\"elementor-toggle-item\">\n\t\t\t\t\t<div id=\"elementor-tab-title-1561\" class=\"elementor-tab-title\" data-tab=\"1\" role=\"button\" aria-controls=\"elementor-tab-content-1561\" aria-expanded=\"false\">\n\t\t\t\t\t\t\t\t\t\t\t\t<span class=\"elementor-toggle-icon elementor-toggle-icon-left\" aria-hidden=\"true\">\n\t\t\t\t\t\t\t\t\t\t\t\t\t\t\t<i class=\"elementor-toggle-icon-closed fa fa-caret-right\"><\/i>\n\t\t\t\t\t\t\t\t<i class=\"elementor-toggle-icon-opened fa fa-caret-up\"><\/i>\n\t\t\t\t\t\t\t\t\t\t\t\t\t<\/span>\n\t\t\t\t\t\t\t\t\t\t\t\t<a class=\"elementor-toggle-title\" tabindex=\"0\">Curso Baseado em Compet\u00eancias<\/a>\n\t\t\t\t\t<\/div>\n\n\t\t\t\t\t<div id=\"elementor-tab-content-1561\" class=\"elementor-tab-content elementor-clearfix\" data-tab=\"1\" role=\"region\" aria-labelledby=\"elementor-tab-title-1561\"><ul><li><b>Proposta de Reformula\u00e7\u00e3o Curricular FEQ &#8211; UNICAMP<\/b> (<strong><span style=\"text-decoration: underline;\"><a href=\"https:\/\/efontes2.wixsite.com\/site-nde\">Acesso ao site<\/a><\/span><\/strong>)<\/li><\/ul><\/div>\n\t\t\t\t<\/div>\n\t\t\t\t\t\t\t<div class=\"elementor-toggle-item\">\n\t\t\t\t\t<div id=\"elementor-tab-title-1562\" class=\"elementor-tab-title\" data-tab=\"2\" role=\"button\" aria-controls=\"elementor-tab-content-1562\" aria-expanded=\"false\">\n\t\t\t\t\t\t\t\t\t\t\t\t<span class=\"elementor-toggle-icon elementor-toggle-icon-left\" aria-hidden=\"true\">\n\t\t\t\t\t\t\t\t\t\t\t\t\t\t\t<i class=\"elementor-toggle-icon-closed fa fa-caret-right\"><\/i>\n\t\t\t\t\t\t\t\t<i class=\"elementor-toggle-icon-opened fa fa-caret-up\"><\/i>\n\t\t\t\t\t\t\t\t\t\t\t\t\t<\/span>\n\t\t\t\t\t\t\t\t\t\t\t\t<a class=\"elementor-toggle-title\" tabindex=\"0\">Ementas da Engenharia Qu\u00edmica<\/a>\n\t\t\t\t\t<\/div>\n\n\t\t\t\t\t<div id=\"elementor-tab-content-1562\" class=\"elementor-tab-content elementor-clearfix\" data-tab=\"2\" role=\"region\" aria-labelledby=\"elementor-tab-title-1562\"><ul><li><strong>EQ211 &#8211; Balan\u00e7os Microsc\u00f3picos (<a href=\"https:\/\/drive.google.com\/file\/d\/1TZtwFBZ7XlHg4M6-YlqHRGMV9YS20IOw\/view?usp=sharing\">PDF<\/a>)<\/strong><\/li><\/ul><p style=\"padding-left: 40px;\">Balan\u00e7os Macrosc\u00f3picos de Energia e Entropia. Propriedades Termodin\u00e2micas. An\u00e1lise de Efici\u00eancia.<\/p><ul><li><strong>EQ213 &#8211; Modelos Termodin\u00e2micos e Cin\u00e9ticos <\/strong>(<strong><a href=\"https:\/\/drive.google.com\/file\/d\/1oit0I8SSTxcW9cH9uaIAG4ZFu_RzHElR\/view?usp=sharing\">PDF<\/a><\/strong>)<\/li><\/ul><p style=\"padding-left: 40px;\">Modelos termodin\u00e2micos para c\u00e1lculo de propriedades. Modelos cin\u00e9ticos de rea\u00e7\u00f5es qu\u00edmicas, bioqu\u00edmicas e eletroqu\u00edmicas.\u00a0<\/p><ul><li><strong>EQ215 &#8211; Materiais e suas aplica\u00e7\u00f5es<\/strong> (<strong><a href=\"https:\/\/drive.google.com\/file\/d\/17z2bXxvGpxiJesWnUTV5uIFcKrGBLJIs\/view?usp=sharing\">PDF<\/a><\/strong>)<\/li><\/ul><p style=\"padding-left: 40px;\">Estruturas, propriedades e aplica\u00e7\u00f5es de materiais cer\u00e2micos, met\u00e1licos e polim\u00e9ricos.<\/p><ul><li><strong>EQ216 &#8211; Balan\u00e7os Microsc\u00f3picos 1<\/strong> (<strong><a href=\"https:\/\/drive.google.com\/file\/d\/1njEOYdyqO0tFjyNcMCynQ9RMlvyxMsCW\/view?usp=sharing\">PDF<\/a><\/strong>)<\/li><\/ul><p style=\"padding-left: 40px;\">Balan\u00e7o Microsc\u00f3pico de Momento. Mec\u00e2nica dos meios cont\u00ednuos.<\/p><ul><li><strong>EQ250 &#8211; Projeto de Processos 1<\/strong> (<strong><a href=\"https:\/\/drive.google.com\/file\/d\/1CWly7F_gPNV1WRv2QcqN-np4WmEQJXCM\/view?usp=sharing\">PDF<\/a><\/strong>)<\/li><\/ul><p style=\"padding-left: 40px;\">Introdu\u00e7\u00e3o \u00e0 Engenharia de Processos. Projeto e dimensionamento de sistemas reativos industriais.<\/p><ul><li><strong>EQ270 &#8211; Simula\u00e7\u00e3o de Processos<\/strong> (<strong><a href=\"https:\/\/drive.google.com\/file\/d\/1EpSfybfRw43xNimN7FzUNCL-_zkZlVf4\/view?usp=sharing\">PDF<\/a><\/strong>)<\/li><\/ul><p style=\"padding-left: 40px;\">Estrat\u00e9gias e ferramentas de simula\u00e7\u00e3o de processos industriais.\u00a0<\/p><ul><li><strong>EQ280 &#8211; Engenharia e Sustentabilidade 1<\/strong> (<strong><a href=\"https:\/\/drive.google.com\/file\/d\/1STIGsyWDLOQcK4e5R9f8f4SGULISjIVM\/view?usp=sharing\">PDF<\/a><\/strong>)<\/li><\/ul><p style=\"padding-left: 40px;\">Conceitos e ferramentas de engenharia ambiental.\u00a0<\/p><p style=\"padding-left: 40px;\">\u00a0<\/p><\/div>\n\t\t\t\t<\/div>\n\t\t\t\t\t\t\t\t<\/div>\n\t\t\t\t<\/div>\n\t\t\t\t<\/div>\n\t\t\t\t\t<\/div>\n\t\t<\/div>\n\t\t\t\t\t<\/div>\n\t\t<\/section>\n\t\t\t\t<\/div>\n\t\t","protected":false},"excerpt":{"rendered":"<p>Curso Baseado em Compet\u00eancias Proposta de Reformula\u00e7\u00e3o Curricular FEQ &#8211; UNICAMP (Acesso ao site) Ementas da Engenharia Qu\u00edmica EQ211 &#8211; Balan\u00e7os Microsc\u00f3picos (PDF) Balan\u00e7os Macrosc\u00f3picos de Energia e Entropia. Propriedades Termodin\u00e2micas. An\u00e1lise de Efici\u00eancia. EQ213 &#8211; Modelos Termodin\u00e2micos e Cin\u00e9ticos (PDF) Modelos termodin\u00e2micos para c\u00e1lculo de propriedades. Modelos cin\u00e9ticos de rea\u00e7\u00f5es qu\u00edmicas, bioqu\u00edmicas e eletroqu\u00edmicas.\u00a0 [&hellip;]<\/p>\n","protected":false},"author":22917,"featured_media":0,"parent":0,"menu_order":0,"comment_status":"closed","ping_status":"closed","template":"","meta":{"_monsterinsights_skip_tracking":false,"_monsterinsights_sitenote_active":false,"_monsterinsights_sitenote_note":"","_monsterinsights_sitenote_category":0,"footnotes":"","_links_to":"","_links_to_target":""},"class_list":["post-743","page","type-page","status-publish","hentry","entry"],"_links":{"self":[{"href":"https:\/\/sites.usp.br\/pmg\/wp-json\/wp\/v2\/pages\/743","targetHints":{"allow":["GET"]}}],"collection":[{"href":"https:\/\/sites.usp.br\/pmg\/wp-json\/wp\/v2\/pages"}],"about":[{"href":"https:\/\/sites.usp.br\/pmg\/wp-json\/wp\/v2\/types\/page"}],"author":[{"embeddable":true,"href":"https:\/\/sites.usp.br\/pmg\/wp-json\/wp\/v2\/users\/22917"}],"replies":[{"embeddable":true,"href":"https:\/\/sites.usp.br\/pmg\/wp-json\/wp\/v2\/comments?post=743"}],"version-history":[{"count":3,"href":"https:\/\/sites.usp.br\/pmg\/wp-json\/wp\/v2\/pages\/743\/revisions"}],"predecessor-version":[{"id":746,"href":"https:\/\/sites.usp.br\/pmg\/wp-json\/wp\/v2\/pages\/743\/revisions\/746"}],"wp:attachment":[{"href":"https:\/\/sites.usp.br\/pmg\/wp-json\/wp\/v2\/media?parent=743"}],"curies":[{"name":"wp","href":"https:\/\/api.w.org\/{rel}","templated":true}]}}