{"id":2539,"date":"2021-12-03T15:56:02","date_gmt":"2021-12-03T18:56:02","guid":{"rendered":"https:\/\/sites.usp.br\/padrao8\/?page_id=2539"},"modified":"2025-08-27T13:13:18","modified_gmt":"2025-08-27T16:13:18","slug":"manual","status":"publish","type":"page","link":"https:\/\/sites.usp.br\/pmlog\/manual\/","title":{"rendered":"Bolsa"},"content":{"rendered":"\t\t<div data-elementor-type=\"wp-page\" data-elementor-id=\"2539\" class=\"elementor elementor-2539\" data-elementor-post-type=\"page\">\n\t\t\t\t\t\t<section class=\"elementor-section elementor-top-section elementor-element elementor-element-978724e elementor-section-boxed elementor-section-height-default elementor-section-height-default\" data-id=\"978724e\" data-element_type=\"section\">\n\t\t\t\t\t\t<div class=\"elementor-container elementor-column-gap-default\">\n\t\t\t\t\t<div class=\"elementor-column elementor-col-100 elementor-top-column elementor-element elementor-element-a514ccd\" data-id=\"a514ccd\" data-element_type=\"column\">\n\t\t\t<div class=\"elementor-widget-wrap elementor-element-populated\">\n\t\t\t\t\t\t<div class=\"elementor-element elementor-element-20f00e6 elementor-widget elementor-widget-image\" data-id=\"20f00e6\" data-element_type=\"widget\" data-widget_type=\"image.default\">\n\t\t\t\t<div class=\"elementor-widget-container\">\n\t\t\t\t\t\t\t\t\t\t\t\t\t<img decoding=\"async\" src=\"https:\/\/sites.usp.br\/pmlog\/wp-content\/uploads\/sites\/1695\/elementor\/thumbs\/Identidade_Visual_CAPES-rasby30kyk2cr3s0xfzlpdkyjr7owo9jvdklpv93o2.png\" title=\"Identidade_Visual_CAPES\" alt=\"Identidade_Visual_CAPES\" loading=\"lazy\" \/>\t\t\t\t\t\t\t\t\t\t\t\t\t<\/div>\n\t\t\t\t<\/div>\n\t\t\t\t<div class=\"elementor-element elementor-element-a15cdcc elementor-widget__width-initial e-transform elementor-widget elementor-widget-heading\" data-id=\"a15cdcc\" data-element_type=\"widget\" data-settings=\"{&quot;_transform_translateX_effect&quot;:{&quot;unit&quot;:&quot;px&quot;,&quot;size&quot;:&quot;&quot;,&quot;sizes&quot;:[]},&quot;_transform_translateX_effect_tablet&quot;:{&quot;unit&quot;:&quot;px&quot;,&quot;size&quot;:&quot;&quot;,&quot;sizes&quot;:[]},&quot;_transform_translateX_effect_mobile&quot;:{&quot;unit&quot;:&quot;px&quot;,&quot;size&quot;:&quot;&quot;,&quot;sizes&quot;:[]},&quot;_transform_translateY_effect&quot;:{&quot;unit&quot;:&quot;px&quot;,&quot;size&quot;:&quot;&quot;,&quot;sizes&quot;:[]},&quot;_transform_translateY_effect_tablet&quot;:{&quot;unit&quot;:&quot;px&quot;,&quot;size&quot;:&quot;&quot;,&quot;sizes&quot;:[]},&quot;_transform_translateY_effect_mobile&quot;:{&quot;unit&quot;:&quot;px&quot;,&quot;size&quot;:&quot;&quot;,&quot;sizes&quot;:[]}}\" data-widget_type=\"heading.default\">\n\t\t\t\t<div class=\"elementor-widget-container\">\n\t\t\t<h2 class=\"elementor-heading-title elementor-size-default\"><br><h3 style=\"margin-bottom: 14px;font-style: normal;font-size: 24px;line-height: 1.3em;font-family: Titillium, Arial, sans-serif;letter-spacing: -0.5px\"><span style=\"font-size: inherit\">PROGRAMA DE DEMANDA SOCIAL (DS) CAPES<\/span><\/h3><\/h2>\t\t<\/div>\n\t\t\t\t<\/div>\n\t\t\t\t<div class=\"elementor-element elementor-element-af5ecc3 elementor-widget__width-initial elementor-widget elementor-widget-text-editor\" data-id=\"af5ecc3\" data-element_type=\"widget\" data-widget_type=\"text-editor.default\">\n\t\t\t\t<div class=\"elementor-widget-container\">\n\t\t\t\t\t\t\t<p><strong>Candidatos(as) aprovados(as) no processo seletivo do PMLog-USP podem pleitear bolsas oferecidas por ag\u00eancias de fomento, mediante disponibilidade.<\/strong><\/p><p>Anualmente, o Programa \u00e9 contemplado com uma quota de bolsas de Mestrado pela Capes. A sele\u00e7\u00e3o dos bolsistas \u00e9 baseada no resultado do exame de ingresso e do desempenho no curso.<\/p><p>A bolsa \u00e9 renovada anualmente, em fun\u00e7\u00e3o do desempenho acad\u00eamico do aluno. As bolsas de Mestrado t\u00eam dura\u00e7\u00e3o de at\u00e9 dois anos<\/p><ul><li><span style=\"color: #000080;\"><a style=\"color: #000080;\" href=\"https:\/\/drive.google.com\/file\/d\/192lLXX2KKLIPX2UQDQK30OsqAWW5voCV\/view?usp=sharing\">Novas Regras para Prorroga\u00e7\u00e3o de Bolsas de Estudo em Caso de Licen\u00e7a Maternidade<\/a><\/span><\/li><\/ul>\t\t\t\t\t\t<\/div>\n\t\t\t\t<\/div>\n\t\t\t\t\t<\/div>\n\t\t<\/div>\n\t\t\t\t\t<\/div>\n\t\t<\/section>\n\t\t\t\t<section class=\"elementor-section elementor-top-section elementor-element elementor-element-184343a elementor-section-boxed elementor-section-height-default elementor-section-height-default\" data-id=\"184343a\" data-element_type=\"section\">\n\t\t\t\t\t\t<div class=\"elementor-container elementor-column-gap-default\">\n\t\t\t\t\t<div class=\"elementor-column elementor-col-100 elementor-top-column elementor-element elementor-element-23d2bc2\" data-id=\"23d2bc2\" data-element_type=\"column\">\n\t\t\t<div class=\"elementor-widget-wrap elementor-element-populated\">\n\t\t\t\t\t\t<div class=\"elementor-element elementor-element-4fc30c6 elementor-widget elementor-widget-text-editor\" data-id=\"4fc30c6\" data-element_type=\"widget\" data-widget_type=\"text-editor.default\">\n\t\t\t\t<div class=\"elementor-widget-container\">\n\t\t\t\t\t\t\t<p><strong>Formul\u00e1rios para implementa\u00e7\u00e3o:<\/strong><\/p><ul><li><a href=\"https:\/\/sites.usp.br\/pmlog\/wp-content\/uploads\/sites\/1695\/2025\/08\/Formulario-Cadastro-de-bolsistaMLog-1.xls\">Formul\u00e1rio de cadastro de Bolsista da CAPES<\/a><a href=\"https:\/\/sites.usp.br\/ppget\/wp-content\/uploads\/sites\/1532\/2025\/05\/Formulario-Cadastro-de-bolsista.xlsx\">;<\/a><\/li><li><a href=\"https:\/\/sites.usp.br\/pmlog\/wp-content\/uploads\/sites\/1695\/2025\/08\/TermodeCompromissoDS-1-1-1.docx\">Termo de Compromisso;<\/a><\/li><li><a href=\"https:\/\/sites.usp.br\/ppget\/wp-content\/uploads\/sites\/1532\/2025\/05\/Declaracao-de-Acumulos_DeclaraodeAcmulos1_Web-em-02_10_2023.docx\">Declara\u00e7\u00e3o de ac\u00famulo;<\/a><\/li><\/ul>\t\t\t\t\t\t<\/div>\n\t\t\t\t<\/div>\n\t\t\t\t\t<\/div>\n\t\t<\/div>\n\t\t\t\t\t<\/div>\n\t\t<\/section>\n\t\t\t\t<section class=\"elementor-section elementor-top-section elementor-element elementor-element-f38ba15 elementor-section-boxed elementor-section-height-default elementor-section-height-default\" data-id=\"f38ba15\" data-element_type=\"section\">\n\t\t\t\t\t\t<div class=\"elementor-container elementor-column-gap-default\">\n\t\t\t\t\t<div class=\"elementor-column elementor-col-100 elementor-top-column elementor-element elementor-element-e5086b8\" data-id=\"e5086b8\" data-element_type=\"column\">\n\t\t\t<div class=\"elementor-widget-wrap elementor-element-populated\">\n\t\t\t\t\t\t<div class=\"elementor-element elementor-element-33ed42b elementor-widget elementor-widget-text-editor\" data-id=\"33ed42b\" data-element_type=\"widget\" data-widget_type=\"text-editor.default\">\n\t\t\t\t<div class=\"elementor-widget-container\">\n\t\t\t\t\t\t\t<p><strong>Formul\u00e1rios para Suspens\u00e3o ou Cancelamento:<\/strong><\/p><ul><li><a href=\"https:\/\/sites.usp.br\/pmlog\/wp-content\/uploads\/sites\/1695\/2025\/08\/FormularioSuspensaodebolsaMLog.xls\">Formul\u00e1rio de Suspens\u00e3o;<\/a><\/li><li><a href=\"https:\/\/sites.usp.br\/pmlog\/wp-content\/uploads\/sites\/1695\/2025\/08\/Formulario-de-Cancelamento-de-bolsa_MLog.xlsx\">Formul\u00e1rio de Cancelamento de bolsa;<\/a><\/li><\/ul>\t\t\t\t\t\t<\/div>\n\t\t\t\t<\/div>\n\t\t\t\t\t<\/div>\n\t\t<\/div>\n\t\t\t\t\t<\/div>\n\t\t<\/section>\n\t\t\t\t<section class=\"elementor-section elementor-top-section elementor-element elementor-element-6360249 elementor-section-boxed elementor-section-height-default elementor-section-height-default\" data-id=\"6360249\" data-element_type=\"section\">\n\t\t\t\t\t\t<div class=\"elementor-container elementor-column-gap-default\">\n\t\t\t\t\t<div class=\"elementor-column elementor-col-100 elementor-top-column elementor-element elementor-element-20ced92\" data-id=\"20ced92\" data-element_type=\"column\">\n\t\t\t<div class=\"elementor-widget-wrap elementor-element-populated\">\n\t\t\t\t\t\t<div class=\"elementor-element elementor-element-f730bdc elementor-widget elementor-widget-text-editor\" data-id=\"f730bdc\" data-element_type=\"widget\" data-widget_type=\"text-editor.default\">\n\t\t\t\t<div class=\"elementor-widget-container\">\n\t\t\t\t\t\t\t<p><strong>Regulamento:<\/strong><\/p><ul><li><a href=\"https:\/\/cad.capes.gov.br\/ato-administrativo-detalhar?idAtoAdmElastic=741#anchor\">Portaria n\u00ba 76, de 14 de Abril de 2010<\/a><\/li><\/ul><p><strong>Aplicativo Bolsista CAPES:<\/strong><\/p><ul><li><p>O app permite que bolsistas e ex-bolsistas visualizem os dados de bolsas em andamento e finalizadas, bem como o hist\u00f3rico de pagamentos.<\/p><p>Dispon\u00edvel em: https:\/\/www.gov.br\/pt-br\/apps\/bolsista-capes<\/p><\/li><\/ul>\t\t\t\t\t\t<\/div>\n\t\t\t\t<\/div>\n\t\t\t\t\t<\/div>\n\t\t<\/div>\n\t\t\t\t\t<\/div>\n\t\t<\/section>\n\t\t\t\t<section class=\"elementor-section elementor-top-section elementor-element elementor-element-caca734 elementor-section-boxed elementor-section-height-default elementor-section-height-default\" data-id=\"caca734\" data-element_type=\"section\">\n\t\t\t\t\t\t<div class=\"elementor-container elementor-column-gap-default\">\n\t\t\t\t\t<div class=\"elementor-column elementor-col-100 elementor-top-column elementor-element elementor-element-905b156\" data-id=\"905b156\" data-element_type=\"column\">\n\t\t\t<div class=\"elementor-widget-wrap elementor-element-populated\">\n\t\t\t\t\t\t<div class=\"elementor-element elementor-element-d195cfc elementor-widget elementor-widget-text-editor\" data-id=\"d195cfc\" data-element_type=\"widget\" data-widget_type=\"text-editor.default\">\n\t\t\t\t<div class=\"elementor-widget-container\">\n\t\t\t\t\t\t\t<p><span style=\"color: #0000ff;\"><strong>Informa\u00e7\u00f5es do site oficial:<\/strong><\/span><\/p><ul><li><a href=\"https:\/\/www.gov.br\/capes\/pt-br\/acesso-a-informacao\/acoes-e-programas\/bolsas\/bolsas-no-pais\/programa-de-demanda-social-ds\">Programa de Demanda Social (DS) \u2014 CAPES<\/a><\/li><\/ul>\t\t\t\t\t\t<\/div>\n\t\t\t\t<\/div>\n\t\t\t\t\t<\/div>\n\t\t<\/div>\n\t\t\t\t\t<\/div>\n\t\t<\/section>\n\t\t\t\t<\/div>\n\t\t","protected":false},"excerpt":{"rendered":"<p>PROGRAMA DE DEMANDA SOCIAL (DS) CAPES Candidatos(as) aprovados(as) no processo seletivo do PMLog-USP podem pleitear bolsas oferecidas por ag\u00eancias de fomento, mediante disponibilidade. Anualmente, o Programa \u00e9 contemplado com uma quota de bolsas de Mestrado pela Capes. A sele\u00e7\u00e3o dos bolsistas \u00e9 baseada no resultado do exame de ingresso e do desempenho no curso. A [&hellip;]<\/p>\n","protected":false},"author":22641,"featured_media":0,"parent":0,"menu_order":0,"comment_status":"closed","ping_status":"closed","template":"","meta":{"_monsterinsights_skip_tracking":false,"_monsterinsights_sitenote_active":false,"_monsterinsights_sitenote_note":"","_monsterinsights_sitenote_category":0,"footnotes":"","_links_to":"","_links_to_target":""},"class_list":["post-2539","page","type-page","status-publish","hentry","entry"],"_links":{"self":[{"href":"https:\/\/sites.usp.br\/pmlog\/wp-json\/wp\/v2\/pages\/2539","targetHints":{"allow":["GET"]}}],"collection":[{"href":"https:\/\/sites.usp.br\/pmlog\/wp-json\/wp\/v2\/pages"}],"about":[{"href":"https:\/\/sites.usp.br\/pmlog\/wp-json\/wp\/v2\/types\/page"}],"author":[{"embeddable":true,"href":"https:\/\/sites.usp.br\/pmlog\/wp-json\/wp\/v2\/users\/22641"}],"replies":[{"embeddable":true,"href":"https:\/\/sites.usp.br\/pmlog\/wp-json\/wp\/v2\/comments?post=2539"}],"version-history":[{"count":4,"href":"https:\/\/sites.usp.br\/pmlog\/wp-json\/wp\/v2\/pages\/2539\/revisions"}],"predecessor-version":[{"id":3740,"href":"https:\/\/sites.usp.br\/pmlog\/wp-json\/wp\/v2\/pages\/2539\/revisions\/3740"}],"wp:attachment":[{"href":"https:\/\/sites.usp.br\/pmlog\/wp-json\/wp\/v2\/media?parent=2539"}],"curies":[{"name":"wp","href":"https:\/\/api.w.org\/{rel}","templated":true}]}}