{"id":3019,"date":"2025-07-11T09:15:23","date_gmt":"2025-07-11T12:15:23","guid":{"rendered":"https:\/\/sites.usp.br\/pmlog\/?page_id=3019"},"modified":"2025-08-27T13:31:15","modified_gmt":"2025-08-27T16:31:15","slug":"comissao-coordenadora-do-programa","status":"publish","type":"page","link":"https:\/\/sites.usp.br\/pmlog\/home\/comissao-coordenadora-do-programa\/","title":{"rendered":"Comiss\u00e3o Coordenadora do Programa"},"content":{"rendered":"\t\t<div data-elementor-type=\"wp-page\" data-elementor-id=\"3019\" class=\"elementor elementor-3019\" data-elementor-post-type=\"page\">\n\t\t\t\t\t\t<section class=\"elementor-section elementor-top-section elementor-element elementor-element-a99c303 elementor-section-boxed elementor-section-height-default elementor-section-height-default\" data-id=\"a99c303\" data-element_type=\"section\">\n\t\t\t\t\t\t<div class=\"elementor-container elementor-column-gap-default\">\n\t\t\t\t\t<div class=\"elementor-column elementor-col-100 elementor-top-column elementor-element elementor-element-5426c4d\" data-id=\"5426c4d\" data-element_type=\"column\">\n\t\t\t<div class=\"elementor-widget-wrap elementor-element-populated\">\n\t\t\t\t\t\t<div class=\"elementor-element elementor-element-607ac1d elementor-invisible elementor-widget elementor-widget-heading\" data-id=\"607ac1d\" data-element_type=\"widget\" data-settings=\"{&quot;_animation&quot;:&quot;fadeIn&quot;}\" data-widget_type=\"heading.default\">\n\t\t\t\t<div class=\"elementor-widget-container\">\n\t\t\t<h2 class=\"elementor-heading-title elementor-size-default\">Comiss\u00e3o Coordenadora do Programa<\/h2>\t\t<\/div>\n\t\t\t\t<\/div>\n\t\t\t\t\t<\/div>\n\t\t<\/div>\n\t\t\t\t\t<\/div>\n\t\t<\/section>\n\t\t\t\t<section class=\"elementor-section elementor-top-section elementor-element elementor-element-acba43d elementor-section-boxed elementor-section-height-default elementor-section-height-default\" data-id=\"acba43d\" data-element_type=\"section\">\n\t\t\t\t\t\t<div class=\"elementor-container elementor-column-gap-default\">\n\t\t\t\t\t<div class=\"elementor-column elementor-col-100 elementor-top-column elementor-element elementor-element-42b6978b\" data-id=\"42b6978b\" data-element_type=\"column\">\n\t\t\t<div class=\"elementor-widget-wrap elementor-element-populated\">\n\t\t\t\t\t\t<div class=\"elementor-element elementor-element-5003ff8a elementor-widget elementor-widget-text-editor\" data-id=\"5003ff8a\" data-element_type=\"widget\" data-widget_type=\"text-editor.default\">\n\t\t\t\t<div class=\"elementor-widget-container\">\n\t\t\t\t\t\t\t<p>Cada Programa de P\u00f3s-Gradua\u00e7\u00e3o conta com uma Comiss\u00e3o Coordenadora de Programa (CCP) constitu\u00edda pelo Coordenador do Programa e seu Suplente, pelo menos mais um docente credenciado como orientador no Programa e pela representa\u00e7\u00e3o discente do Programa.<\/p><p>As compet\u00eancias da CCP est\u00e3o elencadas no artigo 35 do Regimento de P\u00f3s-Gradua\u00e7\u00e3o da USP (<a href=\"http:\/\/www.leginf.usp.br\/?resolucao=resolucao-no-7493-de-27-de-marco-de-2018\">Resol.\u00a07493, de 27 .03.2018<\/a>)<\/p>\t\t\t\t\t\t<\/div>\n\t\t\t\t<\/div>\n\t\t\t\t\t<\/div>\n\t\t<\/div>\n\t\t\t\t\t<\/div>\n\t\t<\/section>\n\t\t\t\t<section class=\"elementor-section elementor-top-section elementor-element elementor-element-141a299 elementor-section-boxed elementor-section-height-default elementor-section-height-default\" data-id=\"141a299\" data-element_type=\"section\">\n\t\t\t\t\t\t<div class=\"elementor-container elementor-column-gap-default\">\n\t\t\t\t\t<div class=\"elementor-column elementor-col-100 elementor-top-column elementor-element elementor-element-45a83ec\" data-id=\"45a83ec\" data-element_type=\"column\">\n\t\t\t<div class=\"elementor-widget-wrap elementor-element-populated\">\n\t\t\t\t\t\t<div class=\"elementor-element elementor-element-13e3908 elementor-widget elementor-widget-heading\" data-id=\"13e3908\" data-element_type=\"widget\" data-widget_type=\"heading.default\">\n\t\t\t\t<div class=\"elementor-widget-container\">\n\t\t\t<h2 class=\"elementor-heading-title elementor-size-default\">Membros Titulares<\/h2>\t\t<\/div>\n\t\t\t\t<\/div>\n\t\t\t\t\t<\/div>\n\t\t<\/div>\n\t\t\t\t\t<\/div>\n\t\t<\/section>\n\t\t\t\t<section class=\"elementor-section elementor-top-section elementor-element elementor-element-ee2d35d elementor-section-boxed elementor-section-height-default elementor-section-height-default\" data-id=\"ee2d35d\" data-element_type=\"section\">\n\t\t\t\t\t\t<div class=\"elementor-container elementor-column-gap-default\">\n\t\t\t\t\t<div class=\"elementor-column elementor-col-100 elementor-top-column elementor-element elementor-element-008dbff\" data-id=\"008dbff\" data-element_type=\"column\">\n\t\t\t<div class=\"elementor-widget-wrap elementor-element-populated\">\n\t\t\t\t\t\t<div class=\"elementor-element elementor-element-bee3602 elementor-widget elementor-widget-text-editor\" data-id=\"bee3602\" data-element_type=\"widget\" data-widget_type=\"text-editor.default\">\n\t\t\t\t<div class=\"elementor-widget-container\">\n\t\t\t\t\t\t\t<p><strong><span style=\"color: #0000ff;\">Prof. Dr. Claudio Barbieri da Cunha<\/span><\/strong>\u00a0<em> (Coordenador) \u2013\u00a0\u00a0<\/em><a href=\"mailto:cbcunha@usp.br\">cbcunha@usp.br<\/a><\/p><p><strong><span style=\"color: #0000ff;\">Prof. Dr. Carlos Eduardo Cugnasca<\/span> <\/strong>(<em>Vice-Coordenador)\u00a0<\/em>\u2013<a href=\"mailto:Carlos.cugnasca@usp.br\">\u00a0<u>Carlos.cugnasca@usp.br<\/u><\/a><\/p><p><span style=\"color: #0000ff;\"><strong>Prof. Dr. Andr\u00e9 Bergsten Mendes<\/strong><\/span><em> (membro docente) \u2013<\/em><a href=\"mailto:andbergs@usp.br\">\u00a0<u>andbergs@usp.br<\/u><\/a><\/p><p><span style=\"color: #0000ff;\"><strong>Lucca Matheus Achterberg dos Santos<\/strong><\/span> <em>(representante discente- mandato de 22\/04\/2025\u00a0a 21\/04\/2026) \u2013<\/em>\u00a0<a href=\"mailto:lucca.santos@usp.br\">lucca.santos@usp.br<\/a><\/p>\t\t\t\t\t\t<\/div>\n\t\t\t\t<\/div>\n\t\t\t\t\t<\/div>\n\t\t<\/div>\n\t\t\t\t\t<\/div>\n\t\t<\/section>\n\t\t\t\t<section class=\"elementor-section elementor-top-section elementor-element elementor-element-c54cf9a elementor-section-boxed elementor-section-height-default elementor-section-height-default\" data-id=\"c54cf9a\" data-element_type=\"section\">\n\t\t\t\t\t\t<div class=\"elementor-container elementor-column-gap-default\">\n\t\t\t\t\t<div class=\"elementor-column elementor-col-100 elementor-top-column elementor-element elementor-element-c1d7f97\" data-id=\"c1d7f97\" data-element_type=\"column\">\n\t\t\t<div class=\"elementor-widget-wrap elementor-element-populated\">\n\t\t\t\t\t\t<div class=\"elementor-element elementor-element-db4ef16 elementor-widget elementor-widget-spacer\" data-id=\"db4ef16\" data-element_type=\"widget\" data-widget_type=\"spacer.default\">\n\t\t\t\t<div class=\"elementor-widget-container\">\n\t\t\t\t\t<div class=\"elementor-spacer\">\n\t\t\t<div class=\"elementor-spacer-inner\"><\/div>\n\t\t<\/div>\n\t\t\t\t<\/div>\n\t\t\t\t<\/div>\n\t\t\t\t\t<\/div>\n\t\t<\/div>\n\t\t\t\t\t<\/div>\n\t\t<\/section>\n\t\t\t\t<section class=\"elementor-section elementor-top-section elementor-element elementor-element-1d45b27 elementor-section-boxed elementor-section-height-default elementor-section-height-default\" data-id=\"1d45b27\" data-element_type=\"section\">\n\t\t\t\t\t\t<div class=\"elementor-container elementor-column-gap-default\">\n\t\t\t\t\t<div class=\"elementor-column elementor-col-100 elementor-top-column elementor-element elementor-element-687e1de\" data-id=\"687e1de\" data-element_type=\"column\">\n\t\t\t<div class=\"elementor-widget-wrap elementor-element-populated\">\n\t\t\t\t\t\t<div class=\"elementor-element elementor-element-29e4e0d elementor-widget elementor-widget-heading\" data-id=\"29e4e0d\" data-element_type=\"widget\" data-widget_type=\"heading.default\">\n\t\t\t\t<div class=\"elementor-widget-container\">\n\t\t\t<h2 class=\"elementor-heading-title elementor-size-default\">Membros Suplentes<\/h2>\t\t<\/div>\n\t\t\t\t<\/div>\n\t\t\t\t\t<\/div>\n\t\t<\/div>\n\t\t\t\t\t<\/div>\n\t\t<\/section>\n\t\t\t\t<section class=\"elementor-section elementor-top-section elementor-element elementor-element-7b24098 elementor-section-boxed elementor-section-height-default elementor-section-height-default\" data-id=\"7b24098\" data-element_type=\"section\">\n\t\t\t\t\t\t<div class=\"elementor-container elementor-column-gap-default\">\n\t\t\t\t\t<div class=\"elementor-column elementor-col-100 elementor-top-column elementor-element elementor-element-2437c4c\" data-id=\"2437c4c\" data-element_type=\"column\">\n\t\t\t<div class=\"elementor-widget-wrap elementor-element-populated\">\n\t\t\t\t\t\t<div class=\"elementor-element elementor-element-cfc2931 elementor-widget elementor-widget-text-editor\" data-id=\"cfc2931\" data-element_type=\"widget\" data-widget_type=\"text-editor.default\">\n\t\t\t\t<div class=\"elementor-widget-container\">\n\t\t\t\t\t\t\t<p><span style=\"color: #0000ff;\"><strong>Prof. Dr. Luiz Paulo Lopes F\u00e1vero<\/strong><\/span> (Suplente) <em>(Suplente da Prof. Dr. Claudio Barbieri da Cunha) \u2013<\/em>\u00a0<a href=\"mailto:lpfavero@usp.br\"><u>lpfavero@usp.br<\/u><\/a><\/p><p><span style=\"color: #0000ff;\"><strong>Profa. Dra. D\u00e9bora Pretti Ronconi<\/strong><\/span>\u00a0<em>(Suplente da Prof. Dr. Carlos Eduardo Cugnasca)<\/em>\u00a0<em>\u2013 <\/em><a href=\"mailto:dronconi@usp.br\">dronconi@usp.br<\/a><\/p><p><span style=\"color: #0000ff;\"><strong>Prof. Dr. Daniel de Oliveira Mota<\/strong><\/span>\u00a0<em>(Suplente do Prof. Dr. Andr\u00e9 Bergten Menedes)<\/em> \u2013\u00a0<a href=\"mailto:danielmota@usp.br\"><u>danielmota@usp.br<\/u><\/a><\/p><p><span style=\"color: #0000ff;\"><strong>Thiago Rodrigues de Almeida<\/strong><\/span>\u00a0<em>(Suplente da representante discente \u2013 mandato de 22\/04\/2025\u00a0a 21\/04\/2026) \u2013<\/em><a href=\"mailto:thiago.almeida@usp.br\">\u00a0<u>thiago.almeida@usp.br<\/u><strong>\u00a0<\/strong><\/a><\/p>\t\t\t\t\t\t<\/div>\n\t\t\t\t<\/div>\n\t\t\t\t\t<\/div>\n\t\t<\/div>\n\t\t\t\t\t<\/div>\n\t\t<\/section>\n\t\t\t\t<section class=\"elementor-section elementor-top-section elementor-element elementor-element-6f55f38 elementor-section-boxed elementor-section-height-default elementor-section-height-default\" data-id=\"6f55f38\" data-element_type=\"section\">\n\t\t\t\t\t\t<div class=\"elementor-container elementor-column-gap-default\">\n\t\t\t\t\t<div class=\"elementor-column elementor-col-100 elementor-top-column elementor-element elementor-element-64eebd8\" data-id=\"64eebd8\" data-element_type=\"column\">\n\t\t\t<div class=\"elementor-widget-wrap elementor-element-populated\">\n\t\t\t\t\t\t<div class=\"elementor-element elementor-element-2c2569d elementor-widget elementor-widget-text-editor\" data-id=\"2c2569d\" data-element_type=\"widget\" data-widget_type=\"text-editor.default\">\n\t\t\t\t<div class=\"elementor-widget-container\">\n\t\t\t\t\t\t\t<p><strong>Organiza\u00e7\u00e3o<\/strong><\/p><p><strong>Secret\u00e1ria:\u00a0<\/strong> Fabiana \u2013 <a href=\"mailto:sislog@usp.br\">sislog@usp.br<\/a><\/p><p><a href=\"https:\/\/www.poli.usp.br\/ensino\/pos-graduacao\">SPG \u2013 Servi\u00e7o de P\u00f3s-Gradua\u00e7\u00e3o da EPUSP<\/a><\/p><p><a href=\"https:\/\/www.poli.usp.br\/calendario-de-reunioes-da-comissao-de-pos-graduacao\">CPG \u2013 Comiss\u00e3o de P\u00f3s-Gradua\u00e7\u00e3o da EPUSP<\/a><\/p><p><a href=\"https:\/\/www.prpg.usp.br\/pt-br\/\">Pr\u00f3-reitoria de P\u00f3s-Gradua\u00e7\u00e3o da USP<\/a><\/p>\t\t\t\t\t\t<\/div>\n\t\t\t\t<\/div>\n\t\t\t\t\t<\/div>\n\t\t<\/div>\n\t\t\t\t\t<\/div>\n\t\t<\/section>\n\t\t\t\t<\/div>\n\t\t","protected":false},"excerpt":{"rendered":"<p>Comiss\u00e3o Coordenadora do Programa Cada Programa de P\u00f3s-Gradua\u00e7\u00e3o conta com uma Comiss\u00e3o Coordenadora de Programa (CCP) constitu\u00edda pelo Coordenador do Programa e seu Suplente, pelo menos mais um docente credenciado como orientador no Programa e pela representa\u00e7\u00e3o discente do Programa. As compet\u00eancias da CCP est\u00e3o elencadas no artigo 35 do Regimento de P\u00f3s-Gradua\u00e7\u00e3o da USP [&hellip;]<\/p>\n","protected":false},"author":24793,"featured_media":0,"parent":440,"menu_order":0,"comment_status":"closed","ping_status":"closed","template":"","meta":{"_monsterinsights_skip_tracking":false,"_monsterinsights_sitenote_active":false,"_monsterinsights_sitenote_note":"","_monsterinsights_sitenote_category":0,"footnotes":"","_links_to":"","_links_to_target":""},"class_list":["post-3019","page","type-page","status-publish","hentry","entry"],"_links":{"self":[{"href":"https:\/\/sites.usp.br\/pmlog\/wp-json\/wp\/v2\/pages\/3019","targetHints":{"allow":["GET"]}}],"collection":[{"href":"https:\/\/sites.usp.br\/pmlog\/wp-json\/wp\/v2\/pages"}],"about":[{"href":"https:\/\/sites.usp.br\/pmlog\/wp-json\/wp\/v2\/types\/page"}],"author":[{"embeddable":true,"href":"https:\/\/sites.usp.br\/pmlog\/wp-json\/wp\/v2\/users\/24793"}],"replies":[{"embeddable":true,"href":"https:\/\/sites.usp.br\/pmlog\/wp-json\/wp\/v2\/comments?post=3019"}],"version-history":[{"count":4,"href":"https:\/\/sites.usp.br\/pmlog\/wp-json\/wp\/v2\/pages\/3019\/revisions"}],"predecessor-version":[{"id":3746,"href":"https:\/\/sites.usp.br\/pmlog\/wp-json\/wp\/v2\/pages\/3019\/revisions\/3746"}],"up":[{"embeddable":true,"href":"https:\/\/sites.usp.br\/pmlog\/wp-json\/wp\/v2\/pages\/440"}],"wp:attachment":[{"href":"https:\/\/sites.usp.br\/pmlog\/wp-json\/wp\/v2\/media?parent=3019"}],"curies":[{"name":"wp","href":"https:\/\/api.w.org\/{rel}","templated":true}]}}