{"id":3145,"date":"2025-08-01T15:17:08","date_gmt":"2025-08-01T18:17:08","guid":{"rendered":"https:\/\/sites.usp.br\/pmlog\/?page_id=3145"},"modified":"2025-12-01T09:26:15","modified_gmt":"2025-12-01T12:26:15","slug":"matricula-regular","status":"publish","type":"page","link":"https:\/\/sites.usp.br\/pmlog\/home\/matricula-regular\/","title":{"rendered":"Matr\u00edcula"},"content":{"rendered":"<div class=\"elementor-element elementor-element-7c67eca elementor-widget elementor-widget-heading\" data-id=\"7c67eca\" data-element_type=\"widget\" data-widget_type=\"heading.default\">\n<div class=\"elementor-widget-container\">\n<h2 class=\"elementor-heading-title elementor-size-default\">Matr\u00edcula:<\/h2>\n<\/div>\n<\/div>\n<div class=\"elementor-element elementor-element-132ef15 elementor-widget elementor-widget-text-editor\" data-id=\"132ef15\" data-element_type=\"widget\" data-widget_type=\"text-editor.default\">\n<div class=\"elementor-widget-container\">\n<p>Aluno aprovado em processo seletivo de ingresso pode solicitar a primeira matr\u00edcula como aluno regular dentro da validade do resultado do processo seletivo. A primeira matr\u00edcula deve ser feita em papel na secretaria do MLog. Disciplinas podem ser inclu\u00eddas somente nas datas de \u201cMatr\u00edcula dos alunos regulares novos e alunos especiais (fora da internet)\u201d. Fora destas datas \u00e9 permitida apenas a \u201cmatr\u00edcula de acompanhamento\u201d.<\/p>\n<p>Para primeira matr\u00edcula, entregar na secretaria do MLog-EPUSP:<br \/>\n\u2013\u00a0<a href=\"https:\/\/sites.usp.br\/pmlog\/wp-content\/uploads\/sites\/1695\/2025\/12\/REQUERIMENTO-DE-MATRICULA.doc\">Requerimento\u00a0de matr\u00edcula<\/a>.<br \/>\n\u2013 <a href=\"https:\/\/sites.usp.br\/pmlog\/wp-content\/uploads\/sites\/1695\/2025\/08\/Modelo_Plano_de_Trabalho.doc\">Plano de Atividades (modelo)<\/a>.<br \/>\n\u2013 Documentos que n\u00e3o tenham sido entregues na inscri\u00e7\u00e3o do processo seletivo: a) Certificados de conclus\u00e3o de gradua\u00e7\u00e3o e\/ou de mestrado; b) Para estrangeiros, c\u00f3pia do passaporte com visto.<\/p>\n<p>Ap\u00f3s a primeira matr\u00edcula, o aluno ser\u00e1 inserido no Sistema Janus e far\u00e1 as matr\u00edculas seguintes, seja em disciplinas ou de acompanhamento, eletronicamente de acordo com as datas para \u201cPr\u00e9-matr\u00edcula dos alunos regulares (pela internet)\u201d no\u00a0Calend\u00e1rio\u00a0Escolar P\u00f3s-gradua\u00e7\u00e3o EPUSP.<\/p>\n<\/div>\n<\/div>\n","protected":false},"excerpt":{"rendered":"<p>Matr\u00edcula: Aluno aprovado em processo seletivo de ingresso pode solicitar a primeira matr\u00edcula como aluno regular dentro da validade do resultado do processo seletivo. A primeira matr\u00edcula deve ser feita em papel na secretaria do MLog. Disciplinas podem ser inclu\u00eddas somente nas datas de \u201cMatr\u00edcula dos alunos regulares novos e alunos especiais (fora da internet)\u201d. [&hellip;]<\/p>\n","protected":false},"author":24793,"featured_media":0,"parent":440,"menu_order":0,"comment_status":"closed","ping_status":"closed","template":"","meta":{"_monsterinsights_skip_tracking":false,"_monsterinsights_sitenote_active":false,"_monsterinsights_sitenote_note":"","_monsterinsights_sitenote_category":0,"footnotes":"","_links_to":"","_links_to_target":""},"class_list":["post-3145","page","type-page","status-publish","hentry","entry"],"_links":{"self":[{"href":"https:\/\/sites.usp.br\/pmlog\/wp-json\/wp\/v2\/pages\/3145","targetHints":{"allow":["GET"]}}],"collection":[{"href":"https:\/\/sites.usp.br\/pmlog\/wp-json\/wp\/v2\/pages"}],"about":[{"href":"https:\/\/sites.usp.br\/pmlog\/wp-json\/wp\/v2\/types\/page"}],"author":[{"embeddable":true,"href":"https:\/\/sites.usp.br\/pmlog\/wp-json\/wp\/v2\/users\/24793"}],"replies":[{"embeddable":true,"href":"https:\/\/sites.usp.br\/pmlog\/wp-json\/wp\/v2\/comments?post=3145"}],"version-history":[{"count":4,"href":"https:\/\/sites.usp.br\/pmlog\/wp-json\/wp\/v2\/pages\/3145\/revisions"}],"predecessor-version":[{"id":4049,"href":"https:\/\/sites.usp.br\/pmlog\/wp-json\/wp\/v2\/pages\/3145\/revisions\/4049"}],"up":[{"embeddable":true,"href":"https:\/\/sites.usp.br\/pmlog\/wp-json\/wp\/v2\/pages\/440"}],"wp:attachment":[{"href":"https:\/\/sites.usp.br\/pmlog\/wp-json\/wp\/v2\/media?parent=3145"}],"curies":[{"name":"wp","href":"https:\/\/api.w.org\/{rel}","templated":true}]}}