{"id":3198,"date":"2025-08-05T15:25:14","date_gmt":"2025-08-05T18:25:14","guid":{"rendered":"https:\/\/sites.usp.br\/pmlog\/?page_id=3198"},"modified":"2025-08-05T15:25:14","modified_gmt":"2025-08-05T18:25:14","slug":"disciplinas","status":"publish","type":"page","link":"https:\/\/sites.usp.br\/pmlog\/disciplinas\/","title":{"rendered":"Disciplinas"},"content":{"rendered":"<div class=\"elementor-element elementor-element-63e699c elementor-widget elementor-widget-heading\" data-id=\"63e699c\" data-element_type=\"widget\" data-widget_type=\"heading.default\">\n<div class=\"elementor-widget-container\">\n<h2 class=\"elementor-heading-title elementor-size-default\">Disciplinas Oferecidas<\/h2>\n<\/div>\n<\/div>\n<div class=\"elementor-element elementor-element-fc21243 elementor-widget elementor-widget-text-editor\" data-id=\"fc21243\" data-element_type=\"widget\" data-widget_type=\"text-editor.default\">\n<div class=\"elementor-widget-container\">\n<p>O sistema\u00a0<a href=\"https:\/\/uspdigital.usp.br\/janus\/componente\/disciplinasOferecidasInicial.jsf?action=1&amp;tipo=T&amp;codcpg=3\" target=\"_blank\" rel=\"noopener noreferrer\">Janus<\/a>\u00a0\u00e9 o sistema de gest\u00e3o administrativa e de informa\u00e7\u00e3o da p\u00f3s-gradua\u00e7\u00e3o da USP.<\/p>\n<p>Informa\u00e7\u00f5es de disciplinas por todos os programas da USP pode ser pesquisadas neste\u00a0<a href=\"http:\/\/uspdigital.usp.br\/janus\/componente\/catalogoDisciplinasInicial.jsf\" target=\"_blank\" rel=\"noopener noreferrer\">link<\/a>.<\/p>\n<\/div>\n<\/div>\n","protected":false},"excerpt":{"rendered":"<p>Disciplinas Oferecidas O sistema\u00a0Janus\u00a0\u00e9 o sistema de gest\u00e3o administrativa e de informa\u00e7\u00e3o da p\u00f3s-gradua\u00e7\u00e3o da USP. Informa\u00e7\u00f5es de disciplinas por todos os programas da USP pode ser pesquisadas neste\u00a0link.<\/p>\n","protected":false},"author":24793,"featured_media":0,"parent":0,"menu_order":0,"comment_status":"closed","ping_status":"closed","template":"","meta":{"_monsterinsights_skip_tracking":false,"_monsterinsights_sitenote_active":false,"_monsterinsights_sitenote_note":"","_monsterinsights_sitenote_category":0,"footnotes":"","_links_to":"","_links_to_target":""},"class_list":["post-3198","page","type-page","status-publish","hentry","entry"],"_links":{"self":[{"href":"https:\/\/sites.usp.br\/pmlog\/wp-json\/wp\/v2\/pages\/3198","targetHints":{"allow":["GET"]}}],"collection":[{"href":"https:\/\/sites.usp.br\/pmlog\/wp-json\/wp\/v2\/pages"}],"about":[{"href":"https:\/\/sites.usp.br\/pmlog\/wp-json\/wp\/v2\/types\/page"}],"author":[{"embeddable":true,"href":"https:\/\/sites.usp.br\/pmlog\/wp-json\/wp\/v2\/users\/24793"}],"replies":[{"embeddable":true,"href":"https:\/\/sites.usp.br\/pmlog\/wp-json\/wp\/v2\/comments?post=3198"}],"version-history":[{"count":1,"href":"https:\/\/sites.usp.br\/pmlog\/wp-json\/wp\/v2\/pages\/3198\/revisions"}],"predecessor-version":[{"id":3200,"href":"https:\/\/sites.usp.br\/pmlog\/wp-json\/wp\/v2\/pages\/3198\/revisions\/3200"}],"wp:attachment":[{"href":"https:\/\/sites.usp.br\/pmlog\/wp-json\/wp\/v2\/media?parent=3198"}],"curies":[{"name":"wp","href":"https:\/\/api.w.org\/{rel}","templated":true}]}}