{"id":3258,"date":"2025-08-08T10:34:00","date_gmt":"2025-08-08T13:34:00","guid":{"rendered":"https:\/\/sites.usp.br\/pmlog\/?page_id=3258"},"modified":"2026-03-19T11:05:34","modified_gmt":"2026-03-19T14:05:34","slug":"deposito-digital","status":"publish","type":"page","link":"https:\/\/sites.usp.br\/pmlog\/home\/deposito-digital\/","title":{"rendered":"Dep\u00f3sito digital"},"content":{"rendered":"\t\t<div data-elementor-type=\"wp-page\" data-elementor-id=\"3258\" class=\"elementor elementor-3258\" data-elementor-post-type=\"page\">\n\t\t\t\t\t\t<section class=\"elementor-section elementor-top-section elementor-element elementor-element-138242a elementor-section-boxed elementor-section-height-default elementor-section-height-default\" data-id=\"138242a\" data-element_type=\"section\">\n\t\t\t\t\t\t<div class=\"elementor-container elementor-column-gap-default\">\n\t\t\t\t\t<div class=\"elementor-column elementor-col-100 elementor-top-column elementor-element elementor-element-a2be3c1\" data-id=\"a2be3c1\" data-element_type=\"column\">\n\t\t\t<div class=\"elementor-widget-wrap elementor-element-populated\">\n\t\t\t\t\t\t<div class=\"elementor-element elementor-element-13509be elementor-widget elementor-widget-text-editor\" data-id=\"13509be\" data-element_type=\"widget\" data-widget_type=\"text-editor.default\">\n\t\t\t\t<div class=\"elementor-widget-container\">\n\t\t\t\t\t\t\t<h1 style=\"text-align: center;\"><strong><span style=\"color: #0000ff;\">DEP\u00d3SITO DIGITAL &#8211; PELO SISTEMA JANUS<\/span><\/strong><\/h1>\t\t\t\t\t\t<\/div>\n\t\t\t\t<\/div>\n\t\t\t\t\t<\/div>\n\t\t<\/div>\n\t\t\t\t\t<\/div>\n\t\t<\/section>\n\t\t\t\t<section class=\"elementor-section elementor-top-section elementor-element elementor-element-d596e18 elementor-section-boxed elementor-section-height-default elementor-section-height-default\" data-id=\"d596e18\" data-element_type=\"section\">\n\t\t\t\t\t\t<div class=\"elementor-container elementor-column-gap-default\">\n\t\t\t\t\t<div class=\"elementor-column elementor-col-100 elementor-top-column elementor-element elementor-element-1a7c321\" data-id=\"1a7c321\" data-element_type=\"column\">\n\t\t\t<div class=\"elementor-widget-wrap elementor-element-populated\">\n\t\t\t\t\t\t<div class=\"elementor-element elementor-element-b8ba657 elementor-widget elementor-widget-heading\" data-id=\"b8ba657\" data-element_type=\"widget\" data-widget_type=\"heading.default\">\n\t\t\t\t<div class=\"elementor-widget-container\">\n\t\t\t<h2 class=\"elementor-heading-title elementor-size-default\">Aten\u00e7\u00e3o: Recomenda-se que o(a) aluno(a) reserve pelo menos 5 dias de anteced\u00eancia para depositar. Afinal, imprevistos podem acontecer\u2026<\/h2>\t\t<\/div>\n\t\t\t\t<\/div>\n\t\t\t\t\t<\/div>\n\t\t<\/div>\n\t\t\t\t\t<\/div>\n\t\t<\/section>\n\t\t\t\t<section class=\"elementor-section elementor-top-section elementor-element elementor-element-21f02e2 elementor-section-boxed elementor-section-height-default elementor-section-height-default\" data-id=\"21f02e2\" data-element_type=\"section\">\n\t\t\t\t\t\t<div class=\"elementor-container elementor-column-gap-default\">\n\t\t\t\t\t<div class=\"elementor-column elementor-col-100 elementor-top-column elementor-element elementor-element-11720b3\" data-id=\"11720b3\" data-element_type=\"column\">\n\t\t\t<div class=\"elementor-widget-wrap elementor-element-populated\">\n\t\t\t\t\t\t<div class=\"elementor-element elementor-element-b1d859a elementor-widget elementor-widget-text-editor\" data-id=\"b1d859a\" data-element_type=\"widget\" data-widget_type=\"text-editor.default\">\n\t\t\t\t<div class=\"elementor-widget-container\">\n\t\t\t\t\t\t\t<ul><li>A Disserta\u00e7\u00e3o\/Tese deve seguir as \u201cDiretrizes\u00a0 para\u00a0 Apresenta\u00e7\u00e3o\u00a0 de\u00a0 Disserta\u00e7\u00f5es\u00a0 e\u00a0 Teses\u00a0 da\u00a0 USP\u201d\u00a0 \u2013\u00a0<a href=\"https:\/\/www.livrosabertos.sibi.usp.br\/portaldelivrosUSP\/catalog\/view\/111\/95\/491-1\">https:\/\/www.livrosabertos.sibi.usp.br\/portaldelivrosUSP\/catalog\/view\/111\/95\/491-1<\/a><\/li><li>Envie a Disserta\u00e7\u00e3o\/Tese para a confer\u00eancia da Biblioteca de Engenharia Civil e Produ\u00e7\u00e3o \u201cProf. Tel\u00eamaco Van Langendonck\u201d (EPECP): biblioteca.civil.poli@usp.br<\/li><li>A ficha catalogr\u00e1fica \u00e9<strong>\u00a0obrigat\u00f3ria<\/strong>\u00a0\u2013 voc\u00ea deve gerar no site:\u00a0<a href=\"https:\/\/www.poli.usp.br\/bibliotecas\/servicos\/catalogacao-na-publicacao\">https:\/\/www.poli.usp.br\/bibliotecas\/servicos\/catalogacao-na-publicacao<\/a><\/li><li>A men\u00e7\u00e3o\u00a0<b>\u201cVers\u00e3o original\u201d<\/b>\u00a0tamb\u00e9m \u00e9\u00a0<strong>obrigat\u00f3ria<\/strong>. Veja o modelo dispon\u00edvel na p\u00e1gina da Escola Polit\u00e9cnica\u00a0<a href=\"https:\/\/www.poli.usp.br\/ensino\/pos-graduacao\/deposito-de-dissertacao-ou-tese\">https:\/\/www.poli.usp.br\/ensino\/pos-graduacao\/deposito-de-dissertacao-ou-tese<\/a><\/li><li>\u00c1rea de Concentra\u00e7\u00e3o: Verificar com o orientador<\/li><li>Se tiver Coorientador(a), este deve estar na ficha do Janus. Se n\u00e3o estiver, significa que n\u00e3o foi oficializado e n\u00e3o deve ser inserido no documento.<\/li><li>Verificar na ficha do Janus sob qual Regimento est\u00e1 matriculado(a). A informa\u00e7\u00e3o est\u00e1 localizada no rodap\u00e9 da ficha.<\/li><li><p><b>AGRADECIMENTO \u00c0 CAPES:\u00a0<\/b>caso tenha recebido bolsa da CAPES ou apoio da verba do PROAP, conforme a\u00a0<a href=\"https:\/\/pesquisa.in.gov.br\/imprensa\/jsp\/visualiza\/index.jsp?data=05\/09\/2018&amp;jornal=515&amp;pagina=22\">Portaria CAPES n\u00ba 206 de 4 de setembro de 2018<\/a>, artigo 1\u00ba: \u201cOs trabalhos produzidos ou publicados, em qualquer m\u00eddia, que decorram de atividades financiadas, integral ou parcialmente, pela CAPES, dever\u00e3o, obrigatoriamente, fazer refer\u00eancia ao apoio recebido\u201d.\u00a0<\/p><p>Agradecimento em portugu\u00eas: \u201cO presente trabalho foi realizado com apoio da Coordena\u00e7\u00e3o de Aperfei\u00e7oamento de Pessoal de N\u00edvel Superior \u2013 Brasil (CAPES) \u2013 C\u00f3digo de Financiamento 001\u201d<\/p><p>Agradecimento em ingl\u00eas: \u201cThis study was financed in part by the Coordena\u00e7\u00e3o de Aperfei\u00e7oamento de Pessoal de N\u00edvel Superior \u2013 Brasil (CAPES) \u2013 Finance Code 001\u201d<\/p><\/li><\/ul>\t\t\t\t\t\t<\/div>\n\t\t\t\t<\/div>\n\t\t\t\t\t<\/div>\n\t\t<\/div>\n\t\t\t\t\t<\/div>\n\t\t<\/section>\n\t\t\t\t<section class=\"elementor-section elementor-top-section elementor-element elementor-element-14274a3 elementor-section-boxed elementor-section-height-default elementor-section-height-default\" data-id=\"14274a3\" data-element_type=\"section\">\n\t\t\t\t\t\t<div class=\"elementor-container elementor-column-gap-default\">\n\t\t\t\t\t<div class=\"elementor-column elementor-col-100 elementor-top-column elementor-element elementor-element-b36a811\" data-id=\"b36a811\" data-element_type=\"column\">\n\t\t\t<div class=\"elementor-widget-wrap elementor-element-populated\">\n\t\t\t\t\t\t<div class=\"elementor-element elementor-element-3bcdd43 elementor-widget elementor-widget-heading\" data-id=\"3bcdd43\" data-element_type=\"widget\" data-widget_type=\"heading.default\">\n\t\t\t\t<div class=\"elementor-widget-container\">\n\t\t\t<h2 class=\"elementor-heading-title elementor-size-default\">DOCUMENTOS NECESS\u00c1RIOS <\/h2>\t\t<\/div>\n\t\t\t\t<\/div>\n\t\t\t\t\t<\/div>\n\t\t<\/div>\n\t\t\t\t\t<\/div>\n\t\t<\/section>\n\t\t\t\t<section class=\"elementor-section elementor-top-section elementor-element elementor-element-c1e7f56 elementor-section-boxed elementor-section-height-default elementor-section-height-default\" data-id=\"c1e7f56\" data-element_type=\"section\">\n\t\t\t\t\t\t<div class=\"elementor-container elementor-column-gap-default\">\n\t\t\t\t\t<div class=\"elementor-column elementor-col-100 elementor-top-column elementor-element elementor-element-427beb0\" data-id=\"427beb0\" data-element_type=\"column\">\n\t\t\t<div class=\"elementor-widget-wrap elementor-element-populated\">\n\t\t\t\t\t\t<div class=\"elementor-element elementor-element-7bf58ad elementor-widget elementor-widget-text-editor\" data-id=\"7bf58ad\" data-element_type=\"widget\" data-widget_type=\"text-editor.default\">\n\t\t\t\t<div class=\"elementor-widget-container\">\n\t\t\t\t\t\t\t<p>Alunos(as) de\u00a0<strong>mestrado<\/strong>\u00a0matriculados(as) sob o Regimento da P\u00f3s-gradua\u00e7\u00e3o de\u00a0<strong>2018<\/strong>\u00a0(Resolu\u00e7\u00e3o n\u00ba 7493 em vigor a partir de 29\/03\/2018)<b>:<\/b><\/p>\t\t\t\t\t\t<\/div>\n\t\t\t\t<\/div>\n\t\t\t\t\t<\/div>\n\t\t<\/div>\n\t\t\t\t\t<\/div>\n\t\t<\/section>\n\t\t\t\t<section class=\"elementor-section elementor-top-section elementor-element elementor-element-0fe57f4 elementor-section-boxed elementor-section-height-default elementor-section-height-default\" data-id=\"0fe57f4\" data-element_type=\"section\">\n\t\t\t\t\t\t<div class=\"elementor-container elementor-column-gap-default\">\n\t\t\t\t\t<div class=\"elementor-column elementor-col-100 elementor-top-column elementor-element elementor-element-b257bf0\" data-id=\"b257bf0\" data-element_type=\"column\">\n\t\t\t<div class=\"elementor-widget-wrap elementor-element-populated\">\n\t\t\t\t\t\t<div class=\"elementor-element elementor-element-00ff458 elementor-widget__width-initial elementor-widget elementor-widget-text-editor\" data-id=\"00ff458\" data-element_type=\"widget\" data-widget_type=\"text-editor.default\">\n\t\t\t\t<div class=\"elementor-widget-container\">\n\t\t\t\t\t\t\t<h3><span style=\"color: #ff0000;\">1a etapa:\u00a0Solicitar autoriza\u00e7\u00e3o de dep\u00f3sito para a CCP<\/span><\/h3><p style=\"text-align: justify;\"><strong>Autoriza\u00e7\u00e3o de Dep\u00f3sito pela CCP:<\/strong> Encaminhar o documento preenchido e assinado (pelo(a) aluno(a) e orienador(a), junto com a(s) c\u00f3pia(s) do(s) artigo(s) e comprovante(s) pelo formul\u00e1rio para anu\u00eancia da CCP-MLog: <a href=\"https:\/\/sites.usp.br\/pmlog\/wp-content\/uploads\/sites\/1695\/2026\/03\/Autorizacao-de-Deposito-pela-CCP-PPMLog-Mestrado-Reg-PG-2018.docx\"><strong>Formul\u00e1rio de autoriza\u00e7\u00e3o de dep\u00f3sito assinado pela CCP<\/strong><\/a><\/p><p style=\"text-align: justify;\"><strong><a href=\"https:\/\/forms.gle\/bicx8Rry7C4XpVXZ9\">Formul\u00e1rio de ODS de autoriza\u00e7\u00e3o para dep\u00f3sito preenchido e assinado<\/a><\/strong><\/p><p style=\"text-align: justify;\"><span style=\"color: #ff0000;\"><strong>2a etapa:\u00a0Realizar o dep\u00f3sito no sistema Janus<\/strong><\/span><\/p><p>Com a devolu\u00e7\u00e3o pela secretaria do formul\u00e1rio de dep\u00f3sito assinado pelo representante de \u00e1rea (resultado da 1a etapa), fa\u00e7a o dep\u00f3sito diretamente no sistema Janus. A lista de documentos a serem anexados no dep\u00f3sito digital pode ser encontrada no link:<\/p><p style=\"text-align: justify;\"><span style=\"text-decoration: underline;\"><a href=\"https:\/\/www.poli.usp.br\/ensino\/pos-graduacao\/deposito-de-dissertacao-ou-tese\"><strong>https:\/\/www.poli.usp.br\/ensino\/pos-graduacao\/deposito-de-dissertacao-ou-tese<\/strong><\/a><\/span><\/p><p style=\"text-align: justify;\">O dep\u00f3sito dever\u00e1 ser submetido com anteced\u00eancia no sistema Janus, pois caso seja necess\u00e1rio<br \/>(se um documento estiver errado) o processo poder\u00e1 ser devolvido para corre\u00e7\u00e3o. N\u00e3o deixe para<br \/>efetuar o dep\u00f3sito no \u00faltimo dia. Recomendamos efetuar o dep\u00f3sito no sistema Janus com uma<br \/>semana de anteced\u00eancia do prazo informado na sua ficha de aluno.<\/p><p style=\"text-align: justify;\">Voc\u00ea far\u00e1 a submiss\u00e3o da documenta\u00e7\u00e3o online, diretamente no sistema Janus, \u201cDep\u00f3sito Digital\u201d no<br \/>menu no canto esquerdo da tela, e ap\u00f3s a confer\u00eancia de toda a documenta\u00e7\u00e3o, n\u00e3o havendo nenhuma<br \/>pend\u00eancia, a CCP dever\u00e1 aprovar o dep\u00f3sito (deferir no sistema Janus).<\/p><p style=\"text-align: justify;\"><strong>Observa\u00e7\u00f5es:<\/strong><\/p><ul style=\"text-align: justify;\"><li>Sugere-se enviar antes o arquivo em formato PDF da disserta\u00e7\u00e3o para confer\u00eancia da bibliotec\u00e1ria (biblioteca.poli@usp.br).<\/li><li>O nome pr\u00f3prio do autor (aluno) na Disserta\u00e7\u00e3o e nos demais documentos devem estar com a acentua\u00e7\u00e3o correta e de acordo com o documento de identifica\u00e7\u00e3o.<\/li><li><strong>Documentos de identifica\u00e7\u00e3o devem ter sido emitidos h\u00e1 menos de 10 anos.<\/strong><\/li><\/ul><p><strong>C\u00f3pia do RG ou RNE:\u00a0<\/strong>SOMENTE RG, n\u00e3o pode ser outro documento.<\/p><p><strong>Ficha Cadastral \u2013 dados pessoais:\u00a0<\/strong>Pedimos que informe um e-mail que n\u00e3o seja o da USP para contato futuro.<\/p><p><strong>Acentua\u00e7\u00e3o do nome pr\u00f3prio:<\/strong>\u00a0C\u00f3pia da certid\u00e3o de nascimento ou casamento em caso do nome ser passivo de acentua\u00e7\u00e3o<strong><br \/><\/strong><\/p><p><strong>Comprovante de submiss\u00e3o de artigo:\u00a0<\/strong>O aluno de Mestrado dever\u00e1 entregar \u00e0 CCP documenta\u00e7\u00e3o que comprove publica\u00e7\u00e3o de pelo menos 1 (um) artigo cient\u00edfico completo em anais de evento ou a submiss\u00e3o de pelo menos 1 (um) artigo em peri\u00f3dico cient\u00edfico em coautoria com o orientador, no tema desenvolvido na disserta\u00e7\u00e3o e submetido durante o per\u00edodo em que o aluno est\u00e1 regularmente matriculado no MLog.<\/p><p><strong>Diploma de Gradua\u00e7\u00e3o:\u00a0<\/strong>C\u00f3pia digital do original frente e verso<\/p><p><strong>Diploma de Mestrado:\u00a0<\/strong>C\u00f3pia digital do original frente e verso (exceto Doutorado Direto)<\/p><p><strong>Relat\u00f3rio de Pl\u00e1gio:\u00a0<\/strong>Idem ao Termo de originalidade<\/p><p><strong>Termo de entrega das vers\u00f5es impressas:<\/strong>\u00a0Orienta\u00e7\u00e3o do Servi\u00e7o de P\u00f3s-gradua\u00e7\u00e3o (SPG): Apenas preencher e enviar o termo pelo Dep\u00f3sito Digital, sem a necessidade de entrega do material impresso. Caso seja solicitado pela PRPG, o SPG entrar\u00e1 em contato.<\/p><p><strong>Sugest\u00e3o de banca<\/strong>\u00a0no Janus\u00a0<strong>n\u00e3o<\/strong> \u00e9 obrigat\u00f3ria. A proposta deve ser enviada pelo(a) orientador(a) para o e-mail sislog@usp.br<\/p>\t\t\t\t\t\t<\/div>\n\t\t\t\t<\/div>\n\t\t\t\t\t<\/div>\n\t\t<\/div>\n\t\t\t\t\t<\/div>\n\t\t<\/section>\n\t\t\t\t<section class=\"elementor-section elementor-top-section elementor-element elementor-element-ad0f2ac elementor-section-boxed elementor-section-height-default elementor-section-height-default\" data-id=\"ad0f2ac\" data-element_type=\"section\">\n\t\t\t\t\t\t<div class=\"elementor-container elementor-column-gap-default\">\n\t\t\t\t\t<div class=\"elementor-column elementor-col-100 elementor-top-column elementor-element elementor-element-803783d\" data-id=\"803783d\" data-element_type=\"column\">\n\t\t\t<div class=\"elementor-widget-wrap elementor-element-populated\">\n\t\t\t\t\t\t<div class=\"elementor-element elementor-element-d7d5b89 elementor-widget elementor-widget-toggle\" data-id=\"d7d5b89\" data-element_type=\"widget\" data-widget_type=\"toggle.default\">\n\t\t\t\t<div class=\"elementor-widget-container\">\n\t\t\t\t\t<div class=\"elementor-toggle\">\n\t\t\t\t\t\t\t<div class=\"elementor-toggle-item\">\n\t\t\t\t\t<div id=\"elementor-tab-title-2261\" class=\"elementor-tab-title\" data-tab=\"1\" role=\"button\" aria-controls=\"elementor-tab-content-2261\" aria-expanded=\"false\">\n\t\t\t\t\t\t\t\t\t\t\t\t<span class=\"elementor-toggle-icon elementor-toggle-icon-left\" aria-hidden=\"true\">\n\t\t\t\t\t\t\t\t\t\t\t\t\t\t\t<span class=\"elementor-toggle-icon-closed\"><i class=\"fas fa-caret-right\"><\/i><\/span>\n\t\t\t\t\t\t\t\t<span class=\"elementor-toggle-icon-opened\"><i class=\"elementor-toggle-icon-opened fas fa-caret-up\"><\/i><\/span>\n\t\t\t\t\t\t\t\t\t\t\t\t\t<\/span>\n\t\t\t\t\t\t\t\t\t\t\t\t<a class=\"elementor-toggle-title\" tabindex=\"0\">OUTRAS INFORMA\u00c7\u00d5ES<\/a>\n\t\t\t\t\t<\/div>\n\n\t\t\t\t\t<div id=\"elementor-tab-content-2261\" class=\"elementor-tab-content elementor-clearfix\" data-tab=\"1\" role=\"region\" aria-labelledby=\"elementor-tab-title-2261\"><p><strong>PRAZO PARA APROVA\u00c7\u00c3O DA BANCA<\/strong><\/p><p>A banca deve ser enviada para a aprova\u00e7\u00e3o da CCP-MLog em at\u00e9 20 dias ap\u00f3s o dep\u00f3sito. Se aprovada, ser\u00e1 enviada para aprova\u00e7\u00e3o da CPG que aprovar\u00e1 na data m\u00e1xima que est\u00e1 na ficha do aluno no Janus. O(a) orientador(a) poder\u00e1 agendar a defesa a partir da aprova\u00e7\u00e3o da banca pela CCP-MLog.\u00a0<\/p><p><strong>DEFESA:\u00a0<\/strong><\/p><ul><li>A defesa dever\u00e1 ser realizada\u00a0<strong>em at\u00e9 105 dias contados<\/strong>\u00a0a partir da data de aprova\u00e7\u00e3o da banca pela CPG;<\/li><li>Informar a data e o hor\u00e1rio com pelo\u00a0<strong>menos 30 dias de anteced\u00eancia<\/strong> para a secretaria do MLog <a href=\"mailto:sislog@usp.br\">sislog@usp.br<\/a>).\u00a0<\/li><li>Preencher o formul\u00e1rio:\u00a0<a href=\"https:\/\/docs.google.com\/document\/d\/1YhSo1Zp7kxKKmSIgDt0ofLH0R48r6cqd\/edit?usp=drive_link&amp;ouid=100791862976354112732&amp;rtpof=true&amp;sd=true\" data-wplink-edit=\"true\"><span data-rich-links=\"{&quot;fple-t&quot;:&quot;Declara\u00e7\u00e3o de Participa\u00e7\u00e3o - MODALIDADE DE DEFESA .docx&quot;,&quot;fple-u&quot;:&quot;https:\/\/docs.google.com\/document\/d\/1YhSo1Zp7kxKKmSIgDt0ofLH0R48r6cqd\/edit?usp=drive_link&amp;ouid=100791862976354112732&amp;rtpof=true&amp;sd=true&quot;,&quot;fple-mt&quot;:&quot;application\/vnd.openxmlformats-officedocument.wordprocessingml.document&quot;,&quot;type&quot;:&quot;first-party-link&quot;}\">Declara\u00e7\u00e3o de Participa\u00e7\u00e3o \u2013 MODALIDADE DE DEFESA .docx<\/span><\/a>\u00a0e enviar junto \u00e0 informa\u00e7\u00e3o de agendamento.<\/li><li>EVITAR OS DOIS \u00daLTIMOS DIAS DO M\u00caS para n\u00e3o comprometer o pagamento dos membros externos \u00e0 Poli.<\/li><li>Segundo o Regimento da P\u00f3s-gradua\u00e7\u00e3o da USP \u2013 Orientador(a) e aluno(a) devem estar obrigatoriamente na Unidade.\u00a0<\/li><li>Para Defesa Remota \u2013 \u00c9 necess\u00e1rio um pedido justificado \u00e0 CCP-MLog. Modelo dispon\u00edvel em Formul\u00e1rios (Colocar o link da p\u00e1gina)<\/li><\/ul><p><strong>VERS\u00c3O CORRIGIDA<\/strong><\/p><ul><li>Deve ser enviada pelo Janus em at\u00e9 60 dias a partir da data da defesa.<\/li><li>O(A) orientador(a) ser\u00e1 notificado por e-mail para avalizar no Sistema Janus.\u00a0<\/li><li><strong>ATEN\u00c7\u00c3O!<\/strong>\u00a0A p\u00e1gina de rosto dever\u00e1 mencionar\u00a0<strong>\u201cVers\u00e3o corrigida\u201d<\/strong>. Veja todos procedimentos na p\u00e1gina:\u00a0<a href=\"https:\/\/www.poli.usp.br\/ensino\/pos-graduacao\/procedimentos-para-a-edicao-revisada-de-teses-e-dissertacoes\">https:\/\/www.poli.usp.br\/ensino\/pos-graduacao\/procedimentos-para-a-edicao-revisada-de-teses-e-dissertacoes<\/a><\/li><\/ul><p><strong>DIPLOMA:<\/strong>\u00a0O(a) aluno(a) poder\u00e1 acompanhar se o diploma impresso est\u00e1 dispon\u00edvel pelo link:\u00a0<a href=\"https:\/\/www.poli.usp.br\/ensino\/pos-graduacao\/diplomas\">https:\/\/www.poli.usp.br\/ensino\/pos-graduacao\/diplomas<\/a><\/p><\/div>\n\t\t\t\t<\/div>\n\t\t\t\t\t\t\t<div class=\"elementor-toggle-item\">\n\t\t\t\t\t<div id=\"elementor-tab-title-2262\" class=\"elementor-tab-title\" data-tab=\"2\" role=\"button\" aria-controls=\"elementor-tab-content-2262\" aria-expanded=\"false\">\n\t\t\t\t\t\t\t\t\t\t\t\t<span class=\"elementor-toggle-icon elementor-toggle-icon-left\" aria-hidden=\"true\">\n\t\t\t\t\t\t\t\t\t\t\t\t\t\t\t<span class=\"elementor-toggle-icon-closed\"><i class=\"fas fa-caret-right\"><\/i><\/span>\n\t\t\t\t\t\t\t\t<span class=\"elementor-toggle-icon-opened\"><i class=\"elementor-toggle-icon-opened fas fa-caret-up\"><\/i><\/span>\n\t\t\t\t\t\t\t\t\t\t\t\t\t<\/span>\n\t\t\t\t\t\t\t\t\t\t\t\t<a class=\"elementor-toggle-title\" tabindex=\"0\">IMPORTANTE<\/a>\n\t\t\t\t\t<\/div>\n\n\t\t\t\t\t<div id=\"elementor-tab-content-2262\" class=\"elementor-tab-content elementor-clearfix\" data-tab=\"2\" role=\"region\" aria-labelledby=\"elementor-tab-title-2262\"><p style=\"text-align: justify;\"><strong>Aten\u00e7\u00e3o: Recomenda-se que o(a) aluno(a) reserve pelo menos 5 dias de anteced\u00eancia para depositar. N\u00e3o deixe para o \u00faltimo momento, imprevistos podem acontecer\u2026<\/strong><\/p><ul><li>A Disserta\u00e7\u00e3o\/Tese deve seguir as \u201cDiretrizes\u00a0 para\u00a0 Apresenta\u00e7\u00e3o\u00a0 de\u00a0 Disserta\u00e7\u00f5es\u00a0 e\u00a0 Teses\u00a0 da\u00a0 USP\u201d\u00a0 \u2013\u00a0<a href=\"https:\/\/www.livrosabertos.sibi.usp.br\/portaldelivrosUSP\/catalog\/view\/111\/95\/491-1\">https:\/\/www.livrosabertos.sibi.usp.br\/portaldelivrosUSP\/catalog\/view\/111\/95\/491-1<\/a><\/li><li>Envie a Disserta\u00e7\u00e3o\/Tese para a confer\u00eancia da Biblioteca de Engenharia Civil e Produ\u00e7\u00e3o \u201cProf. Tel\u00eamaco Van Langendonck\u201d (EPECP): biblioteca.civil.poli@usp.br<\/li><li>A ficha catalogr\u00e1fica \u00e9<strong>\u00a0obrigat\u00f3ria<\/strong>\u00a0\u2013 voc\u00ea deve gerar no site:\u00a0<a href=\"https:\/\/www.poli.usp.br\/bibliotecas\/servicos\/catalogacao-na-publicacao\">https:\/\/www.poli.usp.br\/bibliotecas\/servicos\/catalogacao-na-publicacao<\/a><\/li><li>A men\u00e7\u00e3o\u00a0<b>\u201cVers\u00e3o original\u201d<\/b>\u00a0tamb\u00e9m \u00e9\u00a0<strong>obrigat\u00f3ria<\/strong>. Veja a documenta\u00e7\u00e3o obrigat\u00f3ria e o modelo dispon\u00edvel na p\u00e1gina da Escola Polit\u00e9cnica\u00a0<a href=\"https:\/\/www.poli.usp.br\/ensino\/pos-graduacao\/deposito-de-dissertacao-ou-tese\">https:\/\/www.poli.usp.br\/ensino\/pos-graduacao\/deposito-de-dissertacao-ou-tese<\/a><\/li><li>\u00c1rea de Concentra\u00e7\u00e3o:\u00a0<b>Verifique com a biblioteca ou secretaria do programa<\/b><\/li><li>Se tiver Coorientador(a), este deve estar na ficha do Janus. Se n\u00e3o estiver, significa que n\u00e3o foi oficializado e n\u00e3o deve ser inserido no documento.<\/li><li>Verificar na ficha do Janus sob qual Regimento est\u00e1 matriculado(a). A informa\u00e7\u00e3o est\u00e1 localizada no rodap\u00e9 da ficha.<\/li><li><p><b>AGRADECIMENTO \u00c0 CAPES:\u00a0<\/b>caso tenha recebido bolsa da CAPES ou apoio da verba do PROAP, conforme a\u00a0<a href=\"https:\/\/pesquisa.in.gov.br\/imprensa\/jsp\/visualiza\/index.jsp?data=05\/09\/2018&amp;jornal=515&amp;pagina=22\">Portaria CAPES n\u00ba 206 de 4 de setembro de 2018<\/a>, artigo 1\u00ba: \u201cOs trabalhos produzidos ou publicados, em qualquer m\u00eddia, que decorram de atividades financiadas, integral ou parcialmente, pela CAPES, dever\u00e3o, obrigatoriamente, fazer refer\u00eancia ao apoio recebido\u201d.\u00a0<\/p><p>Agradecimento em portugu\u00eas: \u201cO presente trabalho foi realizado com apoio da Coordena\u00e7\u00e3o de Aperfei\u00e7oamento de Pessoal de N\u00edvel Superior \u2013 Brasil (CAPES) \u2013 C\u00f3digo de Financiamento 001\u201d<\/p><p>Agradecimento em ingl\u00eas: \u201cThis study was financed in part by the Coordena\u00e7\u00e3o de Aperfei\u00e7oamento de Pessoal de N\u00edvel Superior \u2013 Brasil (CAPES) \u2013 Finance Code 001\u201d<\/p><\/li><\/ul><\/div>\n\t\t\t\t<\/div>\n\t\t\t\t\t\t\t\t<\/div>\n\t\t\t\t<\/div>\n\t\t\t\t<\/div>\n\t\t\t\t\t<\/div>\n\t\t<\/div>\n\t\t\t\t\t<\/div>\n\t\t<\/section>\n\t\t\t\t<\/div>\n\t\t","protected":false},"excerpt":{"rendered":"<p>DEP\u00d3SITO DIGITAL &#8211; PELO SISTEMA JANUS Aten\u00e7\u00e3o: Recomenda-se que o(a) aluno(a) reserve pelo menos 5 dias de anteced\u00eancia para depositar. Afinal, imprevistos podem acontecer\u2026 A Disserta\u00e7\u00e3o\/Tese deve seguir as \u201cDiretrizes\u00a0 para\u00a0 Apresenta\u00e7\u00e3o\u00a0 de\u00a0 Disserta\u00e7\u00f5es\u00a0 e\u00a0 Teses\u00a0 da\u00a0 USP\u201d\u00a0 \u2013\u00a0https:\/\/www.livrosabertos.sibi.usp.br\/portaldelivrosUSP\/catalog\/view\/111\/95\/491-1 Envie a Disserta\u00e7\u00e3o\/Tese para a confer\u00eancia da Biblioteca de Engenharia Civil e Produ\u00e7\u00e3o \u201cProf. Tel\u00eamaco Van [&hellip;]<\/p>\n","protected":false},"author":24793,"featured_media":0,"parent":440,"menu_order":0,"comment_status":"closed","ping_status":"closed","template":"","meta":{"_monsterinsights_skip_tracking":false,"_monsterinsights_sitenote_active":false,"_monsterinsights_sitenote_note":"","_monsterinsights_sitenote_category":0,"footnotes":"","_links_to":"","_links_to_target":""},"class_list":["post-3258","page","type-page","status-publish","hentry","entry"],"_links":{"self":[{"href":"https:\/\/sites.usp.br\/pmlog\/wp-json\/wp\/v2\/pages\/3258","targetHints":{"allow":["GET"]}}],"collection":[{"href":"https:\/\/sites.usp.br\/pmlog\/wp-json\/wp\/v2\/pages"}],"about":[{"href":"https:\/\/sites.usp.br\/pmlog\/wp-json\/wp\/v2\/types\/page"}],"author":[{"embeddable":true,"href":"https:\/\/sites.usp.br\/pmlog\/wp-json\/wp\/v2\/users\/24793"}],"replies":[{"embeddable":true,"href":"https:\/\/sites.usp.br\/pmlog\/wp-json\/wp\/v2\/comments?post=3258"}],"version-history":[{"count":4,"href":"https:\/\/sites.usp.br\/pmlog\/wp-json\/wp\/v2\/pages\/3258\/revisions"}],"predecessor-version":[{"id":4316,"href":"https:\/\/sites.usp.br\/pmlog\/wp-json\/wp\/v2\/pages\/3258\/revisions\/4316"}],"up":[{"embeddable":true,"href":"https:\/\/sites.usp.br\/pmlog\/wp-json\/wp\/v2\/pages\/440"}],"wp:attachment":[{"href":"https:\/\/sites.usp.br\/pmlog\/wp-json\/wp\/v2\/media?parent=3258"}],"curies":[{"name":"wp","href":"https:\/\/api.w.org\/{rel}","templated":true}]}}