{"id":3722,"date":"2025-08-27T11:45:22","date_gmt":"2025-08-27T14:45:22","guid":{"rendered":"https:\/\/sites.usp.br\/pmlog\/?page_id=3722"},"modified":"2025-08-27T13:08:46","modified_gmt":"2025-08-27T16:08:46","slug":"egressos","status":"publish","type":"page","link":"https:\/\/sites.usp.br\/pmlog\/egressos\/","title":{"rendered":"Egressos"},"content":{"rendered":"\t\t<div data-elementor-type=\"wp-page\" data-elementor-id=\"3722\" class=\"elementor elementor-3722\" data-elementor-post-type=\"page\">\n\t\t\t\t\t\t<section class=\"elementor-section elementor-top-section elementor-element elementor-element-4e02486 elementor-section-boxed elementor-section-height-default elementor-section-height-default\" data-id=\"4e02486\" data-element_type=\"section\">\n\t\t\t\t\t\t<div class=\"elementor-container elementor-column-gap-default\">\n\t\t\t\t\t<div class=\"elementor-column elementor-col-100 elementor-top-column elementor-element elementor-element-bef618e\" data-id=\"bef618e\" data-element_type=\"column\">\n\t\t\t<div class=\"elementor-widget-wrap elementor-element-populated\">\n\t\t\t\t\t\t<div class=\"elementor-element elementor-element-2e57b72 elementor-widget elementor-widget-image\" data-id=\"2e57b72\" data-element_type=\"widget\" data-widget_type=\"image.default\">\n\t\t\t\t<div class=\"elementor-widget-container\">\n\t\t\t\t\t\t\t\t\t\t<figure class=\"wp-caption\">\n\t\t\t\t\t\t\t\t\t\t\t<a href=\"https:\/\/www.alumni.usp.br\/\">\n\t\t\t\t\t\t\t<img decoding=\"async\" width=\"323\" height=\"77\" src=\"https:\/\/sites.usp.br\/pmlog\/wp-content\/uploads\/sites\/1695\/2025\/08\/alumni-logo.png\" class=\"attachment-large size-large wp-image-3725\" alt=\"\" srcset=\"https:\/\/sites.usp.br\/pmlog\/wp-content\/uploads\/sites\/1695\/2025\/08\/alumni-logo.png 323w, https:\/\/sites.usp.br\/pmlog\/wp-content\/uploads\/sites\/1695\/2025\/08\/alumni-logo-300x72.png 300w\" sizes=\"(max-width: 323px) 100vw, 323px\" \/>\t\t\t\t\t\t\t\t<\/a>\n\t\t\t\t\t\t\t\t\t\t\t<figcaption class=\"widget-image-caption wp-caption-text\">A plataforma tem como objetivo reunir e preservar informa\u00e7\u00f5es relevantes sobre a atua\u00e7\u00e3o profissional de nossos ex-alunos na sociedade.<\/figcaption>\n\t\t\t\t\t\t\t\t\t\t<\/figure>\n\t\t\t\t\t\t\t<\/div>\n\t\t\t\t<\/div>\n\t\t\t\t\t<\/div>\n\t\t<\/div>\n\t\t\t\t\t<\/div>\n\t\t<\/section>\n\t\t\t\t<section class=\"elementor-section elementor-top-section elementor-element elementor-element-667fc3b elementor-section-boxed elementor-section-height-default elementor-section-height-default\" data-id=\"667fc3b\" data-element_type=\"section\">\n\t\t\t\t\t\t<div class=\"elementor-container elementor-column-gap-default\">\n\t\t\t\t\t<div class=\"elementor-column elementor-col-100 elementor-top-column elementor-element elementor-element-d2f8eb5\" data-id=\"d2f8eb5\" data-element_type=\"column\">\n\t\t\t<div class=\"elementor-widget-wrap elementor-element-populated\">\n\t\t\t\t\t\t<div class=\"elementor-element elementor-element-bb18d54 elementor-widget elementor-widget-heading\" data-id=\"bb18d54\" data-element_type=\"widget\" data-widget_type=\"heading.default\">\n\t\t\t\t<div class=\"elementor-widget-container\">\n\t\t\t<h2 class=\"elementor-heading-title elementor-size-default\">Egressos do MLog\/Poli-USP<\/h2>\t\t<\/div>\n\t\t\t\t<\/div>\n\t\t\t\t\t<\/div>\n\t\t<\/div>\n\t\t\t\t\t<\/div>\n\t\t<\/section>\n\t\t\t\t<section class=\"elementor-section elementor-top-section elementor-element elementor-element-657b082 elementor-section-boxed elementor-section-height-default elementor-section-height-default\" data-id=\"657b082\" data-element_type=\"section\">\n\t\t\t\t\t\t<div class=\"elementor-container elementor-column-gap-default\">\n\t\t\t\t\t<div class=\"elementor-column elementor-col-100 elementor-top-column elementor-element elementor-element-45b0d53\" data-id=\"45b0d53\" data-element_type=\"column\">\n\t\t\t<div class=\"elementor-widget-wrap elementor-element-populated\">\n\t\t\t\t\t\t<div class=\"elementor-element elementor-element-6b24676 elementor-widget elementor-widget-text-editor\" data-id=\"6b24676\" data-element_type=\"widget\" data-widget_type=\"text-editor.default\">\n\t\t\t\t<div class=\"elementor-widget-container\">\n\t\t\t\t\t\t\t<p data-start=\"115\" data-end=\"445\">Os egressos do Programa de Mestrado em Engenharia de Sistemas Log\u00edsticos da Escola Polit\u00e9cnica da USP s\u00e3o um elo essencial entre a universidade e a sociedade. Sua atua\u00e7\u00e3o em empresas, \u00f3rg\u00e3os p\u00fablicos, organiza\u00e7\u00f5es internacionais e institui\u00e7\u00f5es de ensino evidencia a qualidade da forma\u00e7\u00e3o recebida e amplia o impacto do Programa.<\/p><p data-start=\"447\" data-end=\"695\">A trajet\u00f3ria desses profissionais refor\u00e7a a reputa\u00e7\u00e3o do MLog, aplicando conhecimentos de sala de aula e pesquisa para enfrentar desafios reais em transporte, cadeias de suprimentos, log\u00edstica humanit\u00e1ria, sustentabilidade e inova\u00e7\u00e3o tecnol\u00f3gica.<\/p><p data-start=\"697\" data-end=\"751\"><strong data-start=\"697\" data-end=\"749\">Abaixo, apresentamos a lista de nossos egressos:<\/strong><\/p>\t\t\t\t\t\t<\/div>\n\t\t\t\t<\/div>\n\t\t\t\t\t<\/div>\n\t\t<\/div>\n\t\t\t\t\t<\/div>\n\t\t<\/section>\n\t\t\t\t<section class=\"elementor-section elementor-top-section elementor-element elementor-element-c5321c2 elementor-section-boxed elementor-section-height-default elementor-section-height-default\" data-id=\"c5321c2\" data-element_type=\"section\">\n\t\t\t\t\t\t<div class=\"elementor-container elementor-column-gap-default\">\n\t\t\t\t\t<div class=\"elementor-column elementor-col-50 elementor-top-column elementor-element elementor-element-8e052c0\" data-id=\"8e052c0\" data-element_type=\"column\">\n\t\t\t<div class=\"elementor-widget-wrap elementor-element-populated\">\n\t\t\t\t\t\t<div class=\"elementor-element elementor-element-ed4eb82 elementor-widget elementor-widget-text-editor\" data-id=\"ed4eb82\" data-element_type=\"widget\" data-widget_type=\"text-editor.default\">\n\t\t\t\t<div class=\"elementor-widget-container\">\n\t\t\t\t\t\t\t<h4>Adriana Kanashiro Da Costa Oest Moller<br \/>Abner Matheus Joao<br \/>Adriano Buran Moala<br \/>Afonso Henrique Rodrigues Silva<br \/>Alexandre Duarte<br \/>Alexandre Font Juli\u00e1 Andr\u00e9<br \/>Alarcon de Almeida Prado<br \/>Andr\u00e9 Koide da Silva<br \/>Antonio Carlos Bonassa<br \/>Antonio Celio Pereira de Mesquita<br \/>Arthur Quint\u00e3o de Andrade<br \/>Augusto Otto Molke<br \/>Auro Castiglia Raduan<br \/>Bianca de Cassia Romero<br \/>Bruno Ribeiro Hellmuth<br \/>Carla Deguirmendjian Rosa Carvalho<br \/>Carlos Alberto Quintero Massuh<br \/>Carlos Eduardo Di Giacomo Araujo<br \/>Celso Junior Roseghini Lopes<br \/>Clicia Soriano C\u00f4rtes<br \/>Connie Tenin Su<br \/>Daniel Lu\u00eds Pinheiro da Costa<br \/>Daniel Pimentel Custodio Novo<br \/>\u00c9den de Rezende Carvalho<br \/>Edmilson Roberto Rodrigues<br \/>Edson Felipe Capovilla Trevisan<br \/>Emily Carolina Redigolo Pond\u00e9<br \/>Erick Seiji Fugiwara<br \/>Fabiana Takebayashi<br \/>Fabiano Gadini Stringher<br \/>Fabio Gasparotto Boaventura<br \/>F\u00e1bio Polola Mamede<br \/>Felipe Enne Mendes Ribeiro<br \/>Felipe Vizzoto<br \/>Fernanda Karoline Silva<br \/>Fernando Pauli de Bastiani<br \/>Filipe Aecio Alves De Andrade Santos<br \/>Filipe Costa Barros<br \/>Fl\u00e1vio de Almeida Galv\u00e3o Junior<br \/>Frederico Abou Mourad<br \/>Gabriel Feriancic<br \/>Gabriel Ozi Silva Tambelli<br \/>Gabriel Rossoni Silva<br \/>Guilherme Bandones Correa<br \/>Hugo Estevan Mancini Cia<br \/>Irineu de Brito Junior<br \/>Janaina Carli De Freitas<br \/>Javier Antonio Timana Alamo<br \/>Jeferson Dutra de Carvalho<br \/>Jo\u00e3o Ferreira Netto<br \/>Jo\u00e3o Umbiru\u00e7u Campos Mundim<br \/>Johann Da Paz Lauterbach<br \/>Joice Cavalheiro Ribeiro Giacon<br \/>Jos\u00e9 Renato Gir\u00e3o Pellon<br \/>Joyce Milanez Zampirolli<br \/>Kaique Doratiotto<br \/>Katia Cristina Garcia Nunes de Souza<br \/>Klaus Dieter Holzhey<br \/>Laherce Ribeiro de Castro Neto<br \/>Larissa Limongi Aguiar<\/h4>\t\t\t\t\t\t<\/div>\n\t\t\t\t<\/div>\n\t\t\t\t\t<\/div>\n\t\t<\/div>\n\t\t\t\t<div class=\"elementor-column elementor-col-50 elementor-top-column elementor-element elementor-element-1b5610c\" data-id=\"1b5610c\" data-element_type=\"column\">\n\t\t\t<div class=\"elementor-widget-wrap elementor-element-populated\">\n\t\t\t\t\t\t<div class=\"elementor-element elementor-element-8e90070 elementor-widget elementor-widget-text-editor\" data-id=\"8e90070\" data-element_type=\"widget\" data-widget_type=\"text-editor.default\">\n\t\t\t\t<div class=\"elementor-widget-container\">\n\t\t\t\t\t\t\t<h4>Leandro Falconi Filippi<br \/>Leandro Maciel Turi<br \/>Leonardo Guerin<br \/>Luis Eduardo Wilbert Albernaz Andrade<br \/>Lu\u00edsa Brand\u00e3o Cavalcanti<br \/>Luiz Augusto Canito Gallego de Andrade<br \/>Luiz Augusto Gago Franzese<br \/>Luiz Caccalano<br \/>Manoel Roman Filho<br \/>Marcello Cuoco<br \/>Marcelo Mattos de Castro de Arag\u00e3o<br \/>M\u00e1rcia Lorena da Silva Fraz\u00e3o<br \/>Marcos Miura<br \/>Marcos Simas Magalh\u00e3es<br \/>Mariana Bergmann da Silva<br \/>Mariana De Oliveira Flora<br \/>Mariana Martins De Brito Sousa<br \/>Mario Tonizza Pereira<br \/>Maristela Alves Ferreira<br \/>Matheus Lodi Oliveira<br \/>Michel Camacho Roulet<br \/>Natasha Roberta Galv\u00e3o da Silva<br \/>Nathalia de Castro Zambuzi<br \/>Newton Almeida de Souza Junior<br \/>Ot\u00e1vio Augusto Fernandes Costa<br \/>Patr\u00edcia Dias Barboza<br \/>Patricia Faias Laranjeiro De Andrade<br \/>Paula Caldo Montilha Oliveira<br \/>Paula Naomi Muniz Dos Santos<br \/>Paulo Kenji Matsuo<br \/>Pedro Augusto Parente Dias<br \/>Pedro Gabriel Villani<br \/>Plinio Rillo Carraro<br \/>Rachel Jardim Medeiros da Silva<br \/>Rafael Alzuguir Rosin<br \/>Rafael Buback Teixeira<br \/>Rafael Motta Rapp<br \/>Raquel Froese Buzogany<br \/>Raul Arellano Caldeira Franco<br \/>Renan Sallai Iwayama<br \/>Renata Carolina Barreiro Rodrigues<br \/>Rhandal De Freitas Masteguim<br \/>Ricardo Basile Pucci<br \/>Ricardo Hamad<br \/>Roberto Fray da Silva<br \/>Rodrigo Spessoto Aranda<br \/>Rodrigo da Silva Lima<br \/>Samuel Da Silva Neto<br \/>Tabata Rejane Bertazzo<br \/>Talyta Castro Abichabki<br \/>Tatiana de Campos Tempel<br \/>Thiago Barros Brito<br \/>Thiago Guilherme P\u00e9ra<br \/>Thiago Pires<br \/>Thomas Pinto Ribeiro<br \/>Tiago Novaes Mathias<br \/>Vin\u00edcius Rebonato Rosi<br \/>Vivian Cristina Velloso Metzner<br \/>Wellington Rodrigo Aparecido Ceciliano<br \/>Wesley Jose Nogueira Medeiros<\/h4>\t\t\t\t\t\t<\/div>\n\t\t\t\t<\/div>\n\t\t\t\t\t<\/div>\n\t\t<\/div>\n\t\t\t\t\t<\/div>\n\t\t<\/section>\n\t\t\t\t<\/div>\n\t\t","protected":false},"excerpt":{"rendered":"<p>A plataforma tem como objetivo reunir e preservar informa\u00e7\u00f5es relevantes sobre a atua\u00e7\u00e3o profissional de nossos ex-alunos na sociedade. Egressos do MLog\/Poli-USP Os egressos do Programa de Mestrado em Engenharia de Sistemas Log\u00edsticos da Escola Polit\u00e9cnica da USP s\u00e3o um elo essencial entre a universidade e a sociedade. Sua atua\u00e7\u00e3o em empresas, \u00f3rg\u00e3os p\u00fablicos, organiza\u00e7\u00f5es [&hellip;]<\/p>\n","protected":false},"author":24793,"featured_media":0,"parent":0,"menu_order":0,"comment_status":"closed","ping_status":"closed","template":"","meta":{"_monsterinsights_skip_tracking":false,"_monsterinsights_sitenote_active":false,"_monsterinsights_sitenote_note":"","_monsterinsights_sitenote_category":0,"footnotes":"","_links_to":"","_links_to_target":""},"class_list":["post-3722","page","type-page","status-publish","hentry","entry"],"_links":{"self":[{"href":"https:\/\/sites.usp.br\/pmlog\/wp-json\/wp\/v2\/pages\/3722","targetHints":{"allow":["GET"]}}],"collection":[{"href":"https:\/\/sites.usp.br\/pmlog\/wp-json\/wp\/v2\/pages"}],"about":[{"href":"https:\/\/sites.usp.br\/pmlog\/wp-json\/wp\/v2\/types\/page"}],"author":[{"embeddable":true,"href":"https:\/\/sites.usp.br\/pmlog\/wp-json\/wp\/v2\/users\/24793"}],"replies":[{"embeddable":true,"href":"https:\/\/sites.usp.br\/pmlog\/wp-json\/wp\/v2\/comments?post=3722"}],"version-history":[{"count":5,"href":"https:\/\/sites.usp.br\/pmlog\/wp-json\/wp\/v2\/pages\/3722\/revisions"}],"predecessor-version":[{"id":3864,"href":"https:\/\/sites.usp.br\/pmlog\/wp-json\/wp\/v2\/pages\/3722\/revisions\/3864"}],"wp:attachment":[{"href":"https:\/\/sites.usp.br\/pmlog\/wp-json\/wp\/v2\/media?parent=3722"}],"curies":[{"name":"wp","href":"https:\/\/api.w.org\/{rel}","templated":true}]}}